{"id":22,"date":"2024-02-23T11:17:41","date_gmt":"2024-02-23T14:17:41","guid":{"rendered":"https:\/\/congresos.unlp.edu.ar\/a2b2c2024\/?page_id=22"},"modified":"2024-10-02T21:58:00","modified_gmt":"2024-10-03T00:58:00","slug":"comites","status":"publish","type":"page","link":"https:\/\/congresos.unlp.edu.ar\/a2b2c2024\/comites\/","title":{"rendered":"Comit\u00e9s"},"content":{"rendered":"<div id=\"pl-22\"  class=\"panel-layout\" ><div id=\"pg-22-0\"  class=\"panel-grid panel-no-style\" ><div id=\"pgc-22-0-0\"  class=\"panel-grid-cell\" ><div id=\"panel-22-0-0-0\" class=\"so-panel widget widget_text panel-first-child\" data-index=\"0\" ><h3 class=\"widget-title\">Comit\u00e9 Organizador<\/h3>\t\t\t<div class=\"textwidget\"><ul class=\"commitee-list\">\n<li>Luciana Rodriguez Sawicki | Universidad Nacional de La Plata<\/li>\n<li>Agustina Nardo | Universidad Nacional de La Plata<\/li>\n<li>Ana Julia Velez Rueda | CONICET &#8211; UNQ<\/li>\n<li>Nicol\u00e1s Palopoli | Universidad Nacional de Quilmes<\/li>\n<li>Luc\u00eda Chemes | Universidad Nacional de San Mart\u00edn<\/li>\n<\/ul>\n<\/div>\n\t\t<\/div><div id=\"panel-22-0-0-1\" class=\"so-panel widget widget_text\" data-index=\"1\" ><h3 class=\"widget-title\">Comit\u00e9 Cient\u00edfico<\/h3>\t\t\t<div class=\"textwidget\"><ul class=\"commitee-list\">\n<li>\n<div>Patricia Sarag\u00fceta | IBYME-CONICET<\/div>\n<\/li>\n<li>Leandro Bugnon | SINC(i), FICH-UNL\/CONICET<\/li>\n<li>Monica Pickholz | UBA \u2013 CONICET<\/li>\n<li>Ana Julia Velez Rueda |\u00a0 CONICET &#8211; UNQ<\/li>\n<\/ul>\n<\/div>\n\t\t<\/div><div id=\"panel-22-0-0-2\" class=\"so-panel widget widget_text panel-last-child\" data-index=\"2\" ><h3 class=\"widget-title\">Comit\u00e9 Evaluador<\/h3>\t\t\t<div class=\"textwidget\"><div>\n<div>\n<ul>\n<li>Dra. Julia Marchetti<\/li>\n<li>Dr. Flavio Spetale<\/li>\n<li>Dr. Leandro Sommese<\/li>\n<li>Dr. Santiago Di Lella<\/li>\n<li>Dr. Tadeo Enrique Salda\u00f1o<\/li>\n<li>Dra. Maria Marta Branda<\/li>\n<li>Dr. Guillermo Ben\u00edtez<\/li>\n<li>Dr. Sergio Pantano<\/li>\n<li>Dr. Luis Diambra<\/li>\n<li>Dr. Alejandro Manuel Ferreiro<\/li>\n<li>Dr. Juan Bizzotto<\/li>\n<li>Dr. Andr\u00e9s Alonso<\/li>\n<li>Dr. Luis Jaramillo Valverde<\/li>\n<li>Dra. Georgina Stegmayer<\/li>\n<li>Dr. Santiago Di Lella<\/li>\n<li>Dr. Flavio Spetale<\/li>\n<li>Dr. Alejandro Manuel Ferreiro<\/li>\n<li>Dra. Esmeralda Escobar Muci\u00f1o<\/li>\n<li>Dr. Sebastian Fernandez Alberti<\/li>\n<li>Dr. Francisco Pisciottano<\/li>\n<li>Dra. Luciana Rodriguez Sawicki<\/li>\n<li>Dra. Monica Pickholz<\/li>\n<li>Dr. Leandro Bugnon<\/li>\n<li>Dra. Patricia Sarag\u00fceta<\/li>\n<li>Dra. Juliana Glavina<\/li>\n<li>Dr. Matias Gerard<\/li>\n<\/ul>\n<\/div>\n<\/div>\n<\/div>\n\t\t<\/div><\/div><\/div><\/div>","protected":false},"excerpt":{"rendered":"<p>Luciana Rodriguez Sawicki | Universidad Nacional de La Plata Agustina Nardo | Universidad Nacional de La Plata Ana Julia Velez Rueda | CONICET &#8211; UNQ Nicol\u00e1s Palopoli | Universidad Nacional de Quilmes Luc\u00eda Chemes | Universidad Nacional de San Mart\u00edn Patricia Sarag\u00fceta | IBYME-CONICET Leandro Bugnon | SINC(i), FICH-UNL\/CONICET Monica Pickholz | UBA \u2013 CONICET [&hellip;]<\/p>\n","protected":false},"author":202,"featured_media":0,"parent":0,"menu_order":0,"comment_status":"closed","ping_status":"closed","template":"","meta":{"advgb_blocks_editor_width":"","advgb_blocks_columns_visual_guide":"","footnotes":""},"class_list":["post-22","page","type-page","status-publish","hentry","post"],"aioseo_notices":[],"coauthors":[],"author_meta":{"author_link":"https:\/\/congresos.unlp.edu.ar\/a2b2c2024\/author\/ssoler\/","display_name":"ssoler"},"relative_dates":{"created":"Publicado 2 a\u00f1os hace","modified":"Actualizado 2 a\u00f1os hace"},"absolute_dates":{"created":"Publicado el 23 febrero, 2024","modified":"Actualizado el 2 octubre, 2024"},"absolute_dates_time":{"created":"Publicado el 23 febrero, 2024 11:17 am","modified":"Actualizado el 2 octubre, 2024 9:58 pm"},"featured_img_caption":"","featured_img":false,"series_order":"","_links":{"self":[{"href":"https:\/\/congresos.unlp.edu.ar\/a2b2c2024\/wp-json\/wp\/v2\/pages\/22","targetHints":{"allow":["GET"]}}],"collection":[{"href":"https:\/\/congresos.unlp.edu.ar\/a2b2c2024\/wp-json\/wp\/v2\/pages"}],"about":[{"href":"https:\/\/congresos.unlp.edu.ar\/a2b2c2024\/wp-json\/wp\/v2\/types\/page"}],"author":[{"embeddable":true,"href":"https:\/\/congresos.unlp.edu.ar\/a2b2c2024\/wp-json\/wp\/v2\/users\/202"}],"replies":[{"embeddable":true,"href":"https:\/\/congresos.unlp.edu.ar\/a2b2c2024\/wp-json\/wp\/v2\/comments?post=22"}],"version-history":[{"count":0,"href":"https:\/\/congresos.unlp.edu.ar\/a2b2c2024\/wp-json\/wp\/v2\/pages\/22\/revisions"}],"wp:attachment":[{"href":"https:\/\/congresos.unlp.edu.ar\/a2b2c2024\/wp-json\/wp\/v2\/media?parent=22"}],"curies":[{"name":"wp","href":"https:\/\/api.w.org\/{rel}","templated":true}]}}