{"id":21,"date":"2024-02-23T11:17:41","date_gmt":"2024-02-23T14:17:41","guid":{"rendered":"https:\/\/congresos.unlp.edu.ar\/a2b2c2024\/?page_id=21"},"modified":"2024-11-07T09:27:25","modified_gmt":"2024-11-07T12:27:25","slug":"bienvenida","status":"publish","type":"page","link":"https:\/\/congresos.unlp.edu.ar\/a2b2c2024\/bienvenida\/","title":{"rendered":"Bienvenida"},"content":{"rendered":"<div id=\"pl-21\"  class=\"panel-layout\" ><div id=\"pg-21-0\"  class=\"panel-grid panel-no-style\" ><div id=\"pgc-21-0-0\"  class=\"panel-grid-cell\" ><div id=\"panel-21-0-0-0\" class=\"so-panel widget widget_text panel-first-child panel-last-child\" data-index=\"0\" ><h3 class=\"widget-title\">XIV Congreso de la Asociaci\u00f3n Argentina de Bioinform\u00e1tica y Biolog\u00eda Computacional<\/h3>\t\t\t<div class=\"textwidget\"><p><span style=\"font-weight: 400\">El XIV Congreso de la Asociaci\u00f3n Argentina de Bioinform\u00e1tica y Biolog\u00eda Computacional se desarrollar\u00e1 en la ciudad de La Plata (Buenos Aires, Argentina) entre el 6 y el 8 de noviembre de 2024.\u00a0<\/span><\/p>\n<p><span style=\"font-weight: 400\">Las conferencias plenarias, mesas redondas y presentaciones de trabajos comprender\u00e1n diversos aspectos que nuclean a las ramas de la bioinform\u00e1tica y biolog\u00eda computacional tales como:<\/span><\/p>\n<ul>\n<li>Prote\u00f3mica, Estructura y Funci\u00f3n de Prote\u00ednas<\/li>\n<li>Gen\u00f3mica Evolutiva, Comparativa y de Poblaciones<\/li>\n<li>Gen\u00f3mica, Transcript\u00f3mica, Metagen\u00f3mica y \u00d3micas Biom\u00e9dicas<\/li>\n<li>Bases de Datos Biol\u00f3gicas, Bioimagen y Aprendizaje Autom\u00e1tico<\/li>\n<li>Educaci\u00f3n<\/li>\n<\/ul>\n<p><span style=\"font-weight: 400\">Se pretende ofrecer un marco que estimule el intercambio de experiencias e iniciativas entre las\/los profesionales, t\u00e9cnicas\/os, investigadoras\/es, sector privado, empresas\/emprendedores, docentes y estudiantes que desarrollen actividades involucradas con la tem\u00e1tica.<\/span><\/p>\n<p><span style=\"font-weight: 400\"><strong>Modalidad:<\/strong> presencial<\/span><\/p>\n<p>&nbsp;<\/p>\n<\/div>\n\t\t<\/div><\/div><\/div><\/div>","protected":false},"excerpt":{"rendered":"<p>El XIV Congreso de la Asociaci\u00f3n Argentina de Bioinform\u00e1tica y Biolog\u00eda Computacional se desarrollar\u00e1 en la ciudad de La Plata (Buenos Aires, Argentina) entre el 6 y el 8 de noviembre de 2024.\u00a0 Las conferencias plenarias, mesas redondas y presentaciones de trabajos comprender\u00e1n diversos aspectos que nuclean a las ramas de la bioinform\u00e1tica y biolog\u00eda [&hellip;]<\/p>\n","protected":false},"author":202,"featured_media":0,"parent":0,"menu_order":0,"comment_status":"closed","ping_status":"closed","template":"","meta":{"advgb_blocks_editor_width":"","advgb_blocks_columns_visual_guide":"","footnotes":""},"class_list":["post-21","page","type-page","status-publish","hentry","post"],"aioseo_notices":[],"coauthors":[],"author_meta":{"author_link":"https:\/\/congresos.unlp.edu.ar\/a2b2c2024\/author\/ssoler\/","display_name":"ssoler"},"relative_dates":{"created":"Publicado 2 a\u00f1os hace","modified":"Actualizado 1 a\u00f1o hace"},"absolute_dates":{"created":"Publicado el 23 febrero, 2024","modified":"Actualizado el 7 noviembre, 2024"},"absolute_dates_time":{"created":"Publicado el 23 febrero, 2024 11:17 am","modified":"Actualizado el 7 noviembre, 2024 9:27 am"},"featured_img_caption":"","featured_img":false,"series_order":"","_links":{"self":[{"href":"https:\/\/congresos.unlp.edu.ar\/a2b2c2024\/wp-json\/wp\/v2\/pages\/21","targetHints":{"allow":["GET"]}}],"collection":[{"href":"https:\/\/congresos.unlp.edu.ar\/a2b2c2024\/wp-json\/wp\/v2\/pages"}],"about":[{"href":"https:\/\/congresos.unlp.edu.ar\/a2b2c2024\/wp-json\/wp\/v2\/types\/page"}],"author":[{"embeddable":true,"href":"https:\/\/congresos.unlp.edu.ar\/a2b2c2024\/wp-json\/wp\/v2\/users\/202"}],"replies":[{"embeddable":true,"href":"https:\/\/congresos.unlp.edu.ar\/a2b2c2024\/wp-json\/wp\/v2\/comments?post=21"}],"version-history":[{"count":0,"href":"https:\/\/congresos.unlp.edu.ar\/a2b2c2024\/wp-json\/wp\/v2\/pages\/21\/revisions"}],"wp:attachment":[{"href":"https:\/\/congresos.unlp.edu.ar\/a2b2c2024\/wp-json\/wp\/v2\/media?parent=21"}],"curies":[{"name":"wp","href":"https:\/\/api.w.org\/{rel}","templated":true}]}}