{"id":20,"date":"2024-02-23T11:17:41","date_gmt":"2024-02-23T14:17:41","guid":{"rendered":"https:\/\/congresos.unlp.edu.ar\/a2b2c2024\/?page_id=20"},"modified":"2025-06-30T11:57:02","modified_gmt":"2025-06-30T14:57:02","slug":"novedades","status":"publish","type":"page","link":"https:\/\/congresos.unlp.edu.ar\/a2b2c2024\/novedades\/","title":{"rendered":"Novedades"},"content":{"rendered":"<div id=\"pl-20\"  class=\"panel-layout\" ><div id=\"pg-20-0\"  class=\"panel-grid panel-no-style\" ><div id=\"pgc-20-0-0\"  class=\"panel-grid-cell\" ><div id=\"panel-20-0-0-0\" class=\"so-panel widget widget_text panel-first-child panel-last-child\" data-index=\"0\" ><h3 class=\"widget-title\">Book Of Abstracts<\/h3>\t\t\t<div class=\"textwidget\"><p>Ya se encuentra disponible <a href=\"https:\/\/drive.google.com\/file\/d\/1ylbwTBsTLncA0DanuOGkLXPcdDG3RTiw\/view?usp=drive_link\">aqu\u00ed<\/a> la versi\u00f3n preliminar del libro de Abstracts\u00a0 (ISBN en tramite).<\/p>\n<p>&nbsp;<\/p>\n<\/div>\n\t\t<\/div><\/div><\/div><div id=\"pg-20-1\"  class=\"panel-grid panel-no-style\" ><div id=\"pgc-20-1-0\"  class=\"panel-grid-cell\" ><div id=\"panel-20-1-0-0\" class=\"so-panel widget widget_text panel-first-child panel-last-child\" data-index=\"1\" ><h3 class=\"widget-title\">Nueva sede del evento<\/h3>\t\t\t<div class=\"textwidget\"><p>Como miembros de la comunidad cient\u00edfica y acad\u00e9mica de Argentina, apoyamos firmemente la educaci\u00f3n p\u00fablica, gratuita y de calidad. En el marco de las acciones de lucha del sector universitario, a las cuales adherimos y acompa\u00f1amos, hemos decidido modificar el lugar de realizaci\u00f3n de las actividades del Congreso y se llevar\u00e1 a cabo en el <strong>Edificio de CONICET La Plata<\/strong> (<a href=\"https:\/\/maps.app.goo.gl\/d7vvmro5geM7tbB3A\">calle 8 entre 62 y 63 N\u00b0 1467<\/a>). Este cambio se ha realizado para garantizar la realizaci\u00f3n del evento, pero debido a la compleja situaci\u00f3n que tambi\u00e9n atraviesa el sector cient\u00edfico-tecnol\u00f3gico, tuvimos que reducir el cronograma para adaptarnos a un lugar acorde a los costos que el evento conlleva.<\/p>\n<p>Agradecemos su comprensi\u00f3n y apoyo en este contexto<\/p>\n<p>&nbsp;<\/p>\n<\/div>\n\t\t<\/div><\/div><\/div><div id=\"pg-20-2\"  class=\"panel-grid panel-no-style\" ><div id=\"pgc-20-2-0\"  class=\"panel-grid-cell\" ><div id=\"panel-20-2-0-0\" class=\"so-panel widget widget_text panel-first-child panel-last-child\" data-index=\"2\" ><h3 class=\"widget-title\">Reglamento de Becas<\/h3>\t\t\t<div class=\"textwidget\"><p>Se invita a estudiantes de posgrado y posdoctorado con trabajos de investigaci\u00f3n aceptados en el XIV CAB2C, ya sea en formato de p\u00f3ster o charla corta, a postularse para becas de apoyo. Estas becas cubrir\u00e1n parcialmente los costos de viaje y estad\u00eda, promoviendo la participaci\u00f3n activa en el congreso.<\/p>\n<p>El proceso de <a href=\"https:\/\/docs.google.com\/forms\/d\/e\/1FAIpQLSe_7B3Zio6eFoovaLxGnft0PDeJtIJ_2icbTLrQPuK_tr0_Dg\/viewform?vc=0&amp;c=0&amp;w=1&amp;flr=0\">postulaci\u00f3n<\/a> estar\u00e1 abierto del 30 de septiembre al 10 de octubre de 2024. Los interesados deber\u00e1n completar el formulario de inscripci\u00f3n y proporcionar un resumen del trabajo, junto con la documentaci\u00f3n que acredite su condici\u00f3n acad\u00e9mica. S\u00f3lo aquellas personas que presenten trabajos antes del 15 de Septiembre ser\u00e1n elegibles para la beca.<\/p>\n<p><a href=\"https:\/\/drive.google.com\/file\/d\/1Haj7FTaSQXAJSbI4sV38-zjx21tU-tBi\/view?usp=sharing\">+Info<\/a><\/p>\n<p>* <a href=\"https:\/\/docs.google.com\/forms\/d\/e\/1FAIpQLSe_7B3Zio6eFoovaLxGnft0PDeJtIJ_2icbTLrQPuK_tr0_Dg\/viewform?vc=0&amp;c=0&amp;w=1&amp;flr=0\">Formulario de presentaci\u00f3n<\/a><\/p>\n<\/div>\n\t\t<\/div><\/div><\/div><\/div>","protected":false},"excerpt":{"rendered":"<p>Ya se encuentra disponible aqu\u00ed la versi\u00f3n preliminar del libro de Abstracts\u00a0 (ISBN en tramite). &nbsp; Como miembros de la comunidad cient\u00edfica y acad\u00e9mica de Argentina, apoyamos firmemente la educaci\u00f3n p\u00fablica, gratuita y de calidad. En el marco de las acciones de lucha del sector universitario, a las cuales adherimos y acompa\u00f1amos, hemos decidido modificar [&hellip;]<\/p>\n","protected":false},"author":202,"featured_media":0,"parent":0,"menu_order":0,"comment_status":"closed","ping_status":"closed","template":"","meta":{"advgb_blocks_editor_width":"","advgb_blocks_columns_visual_guide":"","footnotes":""},"class_list":["post-20","page","type-page","status-publish","hentry","post"],"aioseo_notices":[],"coauthors":[],"author_meta":{"author_link":"https:\/\/congresos.unlp.edu.ar\/a2b2c2024\/author\/ssoler\/","display_name":"ssoler"},"relative_dates":{"created":"Publicado 2 a\u00f1os hace","modified":"Actualizado 10 meses hace"},"absolute_dates":{"created":"Publicado el 23 febrero, 2024","modified":"Actualizado el 30 junio, 2025"},"absolute_dates_time":{"created":"Publicado el 23 febrero, 2024 11:17 am","modified":"Actualizado el 30 junio, 2025 11:57 am"},"featured_img_caption":"","featured_img":false,"series_order":"","_links":{"self":[{"href":"https:\/\/congresos.unlp.edu.ar\/a2b2c2024\/wp-json\/wp\/v2\/pages\/20","targetHints":{"allow":["GET"]}}],"collection":[{"href":"https:\/\/congresos.unlp.edu.ar\/a2b2c2024\/wp-json\/wp\/v2\/pages"}],"about":[{"href":"https:\/\/congresos.unlp.edu.ar\/a2b2c2024\/wp-json\/wp\/v2\/types\/page"}],"author":[{"embeddable":true,"href":"https:\/\/congresos.unlp.edu.ar\/a2b2c2024\/wp-json\/wp\/v2\/users\/202"}],"replies":[{"embeddable":true,"href":"https:\/\/congresos.unlp.edu.ar\/a2b2c2024\/wp-json\/wp\/v2\/comments?post=20"}],"version-history":[{"count":0,"href":"https:\/\/congresos.unlp.edu.ar\/a2b2c2024\/wp-json\/wp\/v2\/pages\/20\/revisions"}],"wp:attachment":[{"href":"https:\/\/congresos.unlp.edu.ar\/a2b2c2024\/wp-json\/wp\/v2\/media?parent=20"}],"curies":[{"name":"wp","href":"https:\/\/api.w.org\/{rel}","templated":true}]}}