{"id":82,"date":"2024-02-23T11:17:41","date_gmt":"2024-02-23T14:17:41","guid":{"rendered":"https:\/\/congresos.unlp.edu.ar\/a2b2c2024\/tourist-information\/"},"modified":"2024-03-04T10:33:05","modified_gmt":"2024-03-04T13:33:05","slug":"informacion-turistica","status":"publish","type":"page","link":"https:\/\/congresos.unlp.edu.ar\/a2b2c2024\/en\/informacion-turistica\/","title":{"rendered":"Tourist information"},"content":{"rendered":"<div id=\"pl-82\"  class=\"panel-layout\" ><div id=\"pg-82-0\"  class=\"panel-grid panel-no-style\" ><div id=\"pgc-82-0-0\"  class=\"panel-grid-cell\" ><div id=\"panel-82-0-0-0\" class=\"so-panel widget widget_text panel-first-child\" data-index=\"0\" ><h3 class=\"widget-title\">Sobre turismo y otras Yerbas \ud83e\uddc9<\/h3>\t\t\t<div class=\"textwidget\"><p><strong>\u00bfC\u00f3mo llegar hasta La Plata y qu\u00e9 hacer?<\/strong> Viaje en Tren y curiosidades de las estaciones intermedias. <a href=\"https:\/\/youtu.be\/fqUXJBiibAY?si=mJWvq1XUZaqVVB7L\"><strong>+Info Aqu\u00ed<\/strong><\/a><\/p>\n<p><strong>\u00a1Antes de viajar! <\/strong>Todo lo que necesitas saber para preparar tu viaje <a href=\"https:\/\/youtu.be\/fqUXJBiibAY?si=RWvSw2FSa39BPG7J\">aqu\u00ed<\/a><\/p>\n<\/div>\n\t\t<\/div><div id=\"panel-82-0-0-1\" class=\"so-panel widget widget_media_video panel-last-child\" data-index=\"1\" ><h3 class=\"widget-title\">Argentina es para quien la quiera disfrutar<\/h3><div style=\"width:100%;\" class=\"wp-video\"><!--[if lt IE 9]><script>document.createElement('video');<\/script><![endif]-->\n<video class=\"wp-video-shortcode\" id=\"video-82-1\" preload=\"metadata\" controls=\"controls\"><source type=\"video\/youtube\" src=\"https:\/\/youtu.be\/57waq1HdllQ?si=Xb8wMo4ias5MPMc0&#038;_=1\" \/><a href=\"https:\/\/youtu.be\/57waq1HdllQ?si=Xb8wMo4ias5MPMc0\">https:\/\/youtu.be\/57waq1HdllQ?si=Xb8wMo4ias5MPMc0<\/a><\/video><\/div><\/div><\/div><\/div><\/div>","protected":false},"excerpt":{"rendered":"<p>\u00bfC\u00f3mo llegar hasta La Plata y qu\u00e9 hacer? Viaje en Tren y curiosidades de las estaciones intermedias. +Info Aqu\u00ed \u00a1Antes de viajar! Todo lo que necesitas saber para preparar tu viaje aqu\u00ed<\/p>\n","protected":false},"author":202,"featured_media":0,"parent":0,"menu_order":0,"comment_status":"closed","ping_status":"closed","template":"","meta":{"advgb_blocks_editor_width":"","advgb_blocks_columns_visual_guide":"","footnotes":""},"class_list":["post-82","page","type-page","status-publish","hentry","post"],"aioseo_notices":[],"coauthors":[],"author_meta":{"author_link":"https:\/\/congresos.unlp.edu.ar\/a2b2c2024\/en\/author\/ssoler\/","display_name":"ssoler"},"relative_dates":{"created":"Posted 2 years ago","modified":"Updated 2 years ago"},"absolute_dates":{"created":"Posted on 23 February, 2024","modified":"Updated on 4 March, 2024"},"absolute_dates_time":{"created":"Posted on 23 February, 2024 11:17 am","modified":"Updated on 4 March, 2024 10:33 am"},"featured_img_caption":"","featured_img":false,"series_order":"","_links":{"self":[{"href":"https:\/\/congresos.unlp.edu.ar\/a2b2c2024\/en\/wp-json\/wp\/v2\/pages\/82","targetHints":{"allow":["GET"]}}],"collection":[{"href":"https:\/\/congresos.unlp.edu.ar\/a2b2c2024\/en\/wp-json\/wp\/v2\/pages"}],"about":[{"href":"https:\/\/congresos.unlp.edu.ar\/a2b2c2024\/en\/wp-json\/wp\/v2\/types\/page"}],"author":[{"embeddable":true,"href":"https:\/\/congresos.unlp.edu.ar\/a2b2c2024\/en\/wp-json\/wp\/v2\/users\/202"}],"replies":[{"embeddable":true,"href":"https:\/\/congresos.unlp.edu.ar\/a2b2c2024\/en\/wp-json\/wp\/v2\/comments?post=82"}],"version-history":[{"count":0,"href":"https:\/\/congresos.unlp.edu.ar\/a2b2c2024\/en\/wp-json\/wp\/v2\/pages\/82\/revisions"}],"wp:attachment":[{"href":"https:\/\/congresos.unlp.edu.ar\/a2b2c2024\/en\/wp-json\/wp\/v2\/media?parent=82"}],"curies":[{"name":"wp","href":"https:\/\/api.w.org\/{rel}","templated":true}]}}