{"id":79,"date":"2024-02-23T11:17:41","date_gmt":"2024-02-23T14:17:41","guid":{"rendered":"https:\/\/congresos.unlp.edu.ar\/a2b2c2024\/committees\/"},"modified":"2024-05-29T20:39:00","modified_gmt":"2024-05-29T23:39:00","slug":"comites","status":"publish","type":"page","link":"https:\/\/congresos.unlp.edu.ar\/a2b2c2024\/en\/comites\/","title":{"rendered":"Committees"},"content":{"rendered":"<div id=\"pl-79\"  class=\"panel-layout\" ><div id=\"pg-79-0\"  class=\"panel-grid panel-no-style\" ><div id=\"pgc-79-0-0\"  class=\"panel-grid-cell\" ><div id=\"panel-79-0-0-0\" class=\"so-panel widget widget_text panel-first-child\" data-index=\"0\" ><h3 class=\"widget-title\">Comit\u00e9 Organizador<\/h3>\t\t\t<div class=\"textwidget\"><ul class=\"commitee-list\">\n<li>Luciana Rodriguez Sawicki | Universidad Nacional de La Plata<\/li>\n<li>Agustina Nardo | Universidad Nacional de La Plata<\/li>\n<li>Ana Julia Velez Rueda | CONICET &#8211; UNQ<\/li>\n<li>Nicol\u00e1s Palopoli | Universidad Nacional de Quilmes<\/li>\n<li>Luc\u00eda Chemes | Universidad Nacional de San Mart\u00edn<\/li>\n<\/ul>\n<\/div>\n\t\t<\/div><div id=\"panel-79-0-0-1\" class=\"so-panel widget widget_text panel-last-child\" data-index=\"1\" ><h3 class=\"widget-title\">Comit\u00e9 Cient\u00edfico<\/h3>\t\t\t<div class=\"textwidget\"><ul class=\"commitee-list\">\n<li>\n<div>Patricia Sarag\u00fceta | IBYME-CONICET<\/div>\n<\/li>\n<li>Leandro Bugnon | SINC(i), FICH-UNL\/CONICET<\/li>\n<li>Monica Pickholz | UBA &#8211; CONICET<\/li>\n<li>Ana Julia Velez Rueda | UNQ &#8211; CONICET<\/li>\n<\/ul>\n<\/div>\n\t\t<\/div><\/div><\/div><\/div>","protected":false},"excerpt":{"rendered":"<p>Luciana Rodriguez Sawicki | Universidad Nacional de La Plata Agustina Nardo | Universidad Nacional de La Plata Ana Julia Velez Rueda | CONICET &#8211; UNQ Nicol\u00e1s Palopoli | Universidad Nacional de Quilmes Luc\u00eda Chemes | Universidad Nacional de San Mart\u00edn Patricia Sarag\u00fceta | IBYME-CONICET Leandro Bugnon | SINC(i), FICH-UNL\/CONICET Monica Pickholz | UBA &#8211; CONICET [&hellip;]<\/p>\n","protected":false},"author":202,"featured_media":0,"parent":0,"menu_order":0,"comment_status":"closed","ping_status":"closed","template":"","meta":{"advgb_blocks_editor_width":"","advgb_blocks_columns_visual_guide":"","footnotes":""},"class_list":["post-79","page","type-page","status-publish","hentry","post"],"aioseo_notices":[],"coauthors":[],"author_meta":{"author_link":"https:\/\/congresos.unlp.edu.ar\/a2b2c2024\/en\/author\/ssoler\/","display_name":"ssoler"},"relative_dates":{"created":"Posted 2 years ago","modified":"Updated 2 years ago"},"absolute_dates":{"created":"Posted on 23 February, 2024","modified":"Updated on 29 May, 2024"},"absolute_dates_time":{"created":"Posted on 23 February, 2024 11:17 am","modified":"Updated on 29 May, 2024 8:39 pm"},"featured_img_caption":"","featured_img":false,"series_order":"","_links":{"self":[{"href":"https:\/\/congresos.unlp.edu.ar\/a2b2c2024\/en\/wp-json\/wp\/v2\/pages\/79","targetHints":{"allow":["GET"]}}],"collection":[{"href":"https:\/\/congresos.unlp.edu.ar\/a2b2c2024\/en\/wp-json\/wp\/v2\/pages"}],"about":[{"href":"https:\/\/congresos.unlp.edu.ar\/a2b2c2024\/en\/wp-json\/wp\/v2\/types\/page"}],"author":[{"embeddable":true,"href":"https:\/\/congresos.unlp.edu.ar\/a2b2c2024\/en\/wp-json\/wp\/v2\/users\/202"}],"replies":[{"embeddable":true,"href":"https:\/\/congresos.unlp.edu.ar\/a2b2c2024\/en\/wp-json\/wp\/v2\/comments?post=79"}],"version-history":[{"count":0,"href":"https:\/\/congresos.unlp.edu.ar\/a2b2c2024\/en\/wp-json\/wp\/v2\/pages\/79\/revisions"}],"wp:attachment":[{"href":"https:\/\/congresos.unlp.edu.ar\/a2b2c2024\/en\/wp-json\/wp\/v2\/media?parent=79"}],"curies":[{"name":"wp","href":"https:\/\/api.w.org\/{rel}","templated":true}]}}