{"id":56,"date":"2021-04-23T11:56:46","date_gmt":"2021-04-23T14:56:46","guid":{"rendered":"https:\/\/congresos.unlp.edu.ar\/encuentrocerpicensud2021\/?page_id=56"},"modified":"2023-07-10T12:05:21","modified_gmt":"2023-07-10T15:05:21","slug":"formalidades-de-presentacion","status":"publish","type":"page","link":"https:\/\/congresos.unlp.edu.ar\/EncuentroCerpiCensud2023\/formalidades-de-presentacion\/","title":{"rendered":"Formalidades de presentaci\u00f3n"},"content":{"rendered":"<p>Los trabajos definitivos deben presentarse de acuerdo a las siguientes normas de dise\u00f1o:<\/p>\n<p>1. La extensi\u00f3n de los trabajos no podr\u00e1 ser menor a 12 p\u00e1ginas ni mayor de 25 a espacio y medio en\u00a0Times (Times New Roman) cuerpo 12; en papel tama\u00f1o\u00a0A4, con numeraci\u00f3n consecutiva de todas las p\u00e1ginas incluyendo la portada y bibliograf\u00eda.\u00a0M\u00e1rgenes: 1,5 cm derecha. 2,5 cm izquierda. 2,5 cm superior, 2 cm inferior.<\/p>\n<p>2. Al comienzo de la rese\u00f1a se especificar\u00e1 la referencia bibliogr\u00e1fica completa del libro a rese\u00f1ar (autor, t\u00edtulo, editorial, lugar y fecha de publicaci\u00f3n, cantidad de p\u00e1ginas).<\/p>\n<p>3. Las\u00a0citas bibliogr\u00e1ficas\u00a0deber\u00e1n integrarse\u00a0en el cuerpo del art\u00edculo\u00a0a trav\u00e9s del siguiente formato: (Autor\/es, a\u00f1o: p\u00e1gina). En caso de haber varias referencias a los\/las mismos autores\/as, en el mismo a\u00f1o, la distinci\u00f3n se har\u00e1 de la siguiente forma: Primer texto: (Autor\/es, a\u00f1o a: p\u00e1ginas); Segundo texto: (Autor\/es, a\u00f1o b: p\u00e1ginas); Tercer texto: (Autor\/es, a\u00f1o c: p\u00e1ginas). Las citas de Internet deben mencionar autor (en caso de tenerlo), a\u00f1o: p\u00e1gina; en su defecto la p\u00e1gina web y la fecha de consulta. Para referir informaci\u00f3n sin autor, contenida en prensa, debe ir de la siguiente manera: peri\u00f3dico, fecha abreviada, p\u00e1gina y secci\u00f3n.<\/p>\n<p>4. La bibliograf\u00eda correspondiente a las citas bibliogr\u00e1ficas deber\u00e1 incluirse al final del texto, respetando el siguiente formato:<\/p>\n<p>Libros:\u00a0Autor\/es (a\u00f1o de publicaci\u00f3n), T\u00edtulo, lugar de edici\u00f3n, editorial, p\u00e1ginas.<br \/>\nCap\u00edtulos en obras colectivas:\u00a0Autor\/es (a\u00f1o de publicaci\u00f3n), \u201cT\u00edtulo\u201d, en, (compilador\/es o editor\/es), T\u00edtulo de la obra colectiva, lugar de edici\u00f3n, editorial, p\u00e1ginas del cap\u00edtulo.<br \/>\nArt\u00edculos en revistas:\u00a0Autor\/es (a\u00f1o de edici\u00f3n), \u201cT\u00edtulo\u201d, nombre de la revista, lugar de edici\u00f3n, volumen o tomo, n\u00famero, p\u00e1ginas del art\u00edculo.<br \/>\nVolumen se escribir\u00e1:\u00a0v.; tomo: t.; n\u00famero: n\u00ba; p\u00e1gina\/as: p.\/pp.\u00a0Las fuentes de Internet deben mencionar autor (en caso de tenerlo), la p\u00e1gina web y la fecha de consulta. Cuando se refiere a informaci\u00f3n de peri\u00f3dicos que no tenga autor, se debe realizar de la siguiente manera: Nombre del peri\u00f3dico, fecha abreviada, T\u00edtulo del trabajo, Ciudad, Pa\u00eds. Cuando se trata de un autor institucional colocar: Nombre completo de la Instituci\u00f3n, siglas si es muy conocida, (A\u00f1o), T\u00edtulo y Pa\u00eds.<\/p>\n<p>5. Las citas textuales situadas en el cuerpo del texto y de una extensi\u00f3n mayor a cinco l\u00edneas (extra\u00eddas de libros, revistas, peri\u00f3dicos, documentos, testimonios de informantes, entrevistas, etc.) ser\u00e1n en cuerpo 10, en p\u00e1rrafo con sangr\u00eda a la izquierda de 1 cm y\u00a0sangr\u00eda a la derecha de 1 cm.<\/p>\n","protected":false},"excerpt":{"rendered":"<p>Los trabajos definitivos deben presentarse de acuerdo a las siguientes normas de dise\u00f1o: 1. La extensi\u00f3n de los trabajos no podr\u00e1 ser menor a 12 p\u00e1ginas ni mayor de 25 a espacio y medio en\u00a0Times (Times New Roman) cuerpo 12; en papel tama\u00f1o\u00a0A4, con numeraci\u00f3n consecutiva de todas las p\u00e1ginas incluyendo la portada y bibliograf\u00eda.\u00a0M\u00e1rgenes: [&hellip;]<\/p>\n","protected":false},"author":92,"featured_media":0,"parent":0,"menu_order":0,"comment_status":"closed","ping_status":"closed","template":"","meta":{"advgb_blocks_editor_width":"","advgb_blocks_columns_visual_guide":"","footnotes":""},"class_list":["post-56","page","type-page","status-publish","hentry","post"],"aioseo_notices":[],"coauthors":[],"author_meta":{"author_link":"https:\/\/congresos.unlp.edu.ar\/EncuentroCerpiCensud2023\/author\/juana\/","display_name":"juana"},"relative_dates":{"created":"Posted 5 a\u00f1os ago","modified":"Updated 3 a\u00f1os ago"},"absolute_dates":{"created":"Posted on 23 abril, 2021","modified":"Updated on 10 julio, 2023"},"absolute_dates_time":{"created":"Posted on 23 abril, 2021 11:56 am","modified":"Updated on 10 julio, 2023 12:05 pm"},"featured_img_caption":"","featured_img":false,"series_order":"","_links":{"self":[{"href":"https:\/\/congresos.unlp.edu.ar\/EncuentroCerpiCensud2023\/wp-json\/wp\/v2\/pages\/56","targetHints":{"allow":["GET"]}}],"collection":[{"href":"https:\/\/congresos.unlp.edu.ar\/EncuentroCerpiCensud2023\/wp-json\/wp\/v2\/pages"}],"about":[{"href":"https:\/\/congresos.unlp.edu.ar\/EncuentroCerpiCensud2023\/wp-json\/wp\/v2\/types\/page"}],"author":[{"embeddable":true,"href":"https:\/\/congresos.unlp.edu.ar\/EncuentroCerpiCensud2023\/wp-json\/wp\/v2\/users\/92"}],"replies":[{"embeddable":true,"href":"https:\/\/congresos.unlp.edu.ar\/EncuentroCerpiCensud2023\/wp-json\/wp\/v2\/comments?post=56"}],"version-history":[{"count":0,"href":"https:\/\/congresos.unlp.edu.ar\/EncuentroCerpiCensud2023\/wp-json\/wp\/v2\/pages\/56\/revisions"}],"wp:attachment":[{"href":"https:\/\/congresos.unlp.edu.ar\/EncuentroCerpiCensud2023\/wp-json\/wp\/v2\/media?parent=56"}],"curies":[{"name":"wp","href":"https:\/\/api.w.org\/{rel}","templated":true}]}}