{"id":277,"date":"2025-06-26T14:26:37","date_gmt":"2025-06-26T17:26:37","guid":{"rendered":"https:\/\/congresos.unlp.edu.ar\/EncuentroCerpiCensud2023\/?page_id=277"},"modified":"2025-06-26T14:28:58","modified_gmt":"2025-06-26T17:28:58","slug":"circular-no-2-2025","status":"publish","type":"page","link":"https:\/\/congresos.unlp.edu.ar\/EncuentroCerpiCensud2023\/circular-no-2-2025\/","title":{"rendered":"Circular N\u00ba 2\/2025"},"content":{"rendered":"<p>El Instituto de Relaciones Internacionales (IRI), de la Universidad Nacional de La Plata (UNLP) convoca a Ustedes a participar en el XII Encuentro del CERPI y en la X Jornada del CENSUD \u201cArgentina y la regi\u00f3n en un mundo sin reglas\u201d, que se desarrollar\u00e1 el jueves 25 de septiembre de 2025, en formato virtual.<br \/>\nEn ambos eventos se presentar\u00e1n trabajos in\u00e9ditos referidos tanto a la pol\u00edtica exterior argentina como a las pol\u00edticas sudamericanas en sus diversos aspectos (general, bilateral o multilateral, pol\u00edtico-diplom\u00e1tico, estrat\u00e9gico-militar y econ\u00f3mico).<br \/>\nEstar\u00e1 abierto a todas las disciplinas vinculadas con la tem\u00e1tica por lo cual tendr\u00e1 un car\u00e1cter diverso (Ciencia Pol\u00edtica, Historia, Ciencia Jur\u00eddica, Epistemolog\u00eda, Metodolog\u00eda, Econom\u00eda, etc.).<br \/>\nLa presentaci\u00f3n de ponencias convoca a todos los miembros de la comunidad acad\u00e9mica tanto del pa\u00eds como del exterior.<br \/>\nEl Centro de Reflexi\u00f3n en Pol\u00edtica Internacional (CERPI) y el Centro de Estudios Sudamericanos (CENSUD) oficiar\u00e1n como Comit\u00e9 Organizador y conjuntamente con un Comit\u00e9 de Evaluaci\u00f3n formado por profesores destacados en cada especialidad, dictaminar\u00e1n sobre los trabajos presentados para luego proceder a la confecci\u00f3n de un programa tentativo.<\/p>\n<p><strong>La fecha l\u00edmite de entrega de los res\u00famenes es el d\u00eda 14 de julio; mientras que la fecha para el env\u00edo de los trabajos finales est\u00e1 pautada para el 11 de septiembre del corriente a\u00f1o.<\/strong> <\/p>\n<p>Los requisitos formales para la presentaci\u00f3n de res\u00famenes y ponencias son los siguientes:<br \/>\nRes\u00famenes:<br \/>\nPara la presentaci\u00f3n de res\u00famenes, se debe redactar en Microsoft Word, en papel tama\u00f1o A4 con letra Times New Roman (tama\u00f1o 12), a espacio simple, con una extensi\u00f3n no mayor a 500 palabras.<br \/>\nLos mismos deber\u00e1n contar con una portada con las siguientes caracter\u00edsticas:<br \/>\n\u2022 Referencia al XII Encuentro del CERPI y en la X Jornada del CENSUD \u201cArgentina y la regi\u00f3n en un mundo sin reglas\u201d.<br \/>\n\u2022 T\u00edtulo de la Ponencia<br \/>\n\u2022 Nombre y Apellido de los autores.<br \/>\n\u2022 Instituci\u00f3n a la cual pertenecen.<br \/>\n\u2022 Correo electr\u00f3nico de los autores.<br \/>\nPonencias:<br \/>\nLas ponencias deber\u00e1n contar con una portada con las siguientes caracter\u00edsticas:<br \/>\n\u2022 XII Encuentro del CERPI y en la X Jornada del CENSUD \u201cArgentina y la regi\u00f3n en un mundo sin reglas\u201d.<br \/>\n\u2022 T\u00edtulo de la ponencia.<br \/>\n\u2022 Nombre y Apellido de los autores.<br \/>\n\u2022 Instituci\u00f3n a la cual pertenecen.<br \/>\n\u2022 Correo electr\u00f3nico de los autores.<\/p>\n<p>Los trabajos definitivos deben presentarse de acuerdo con las siguientes normas de dise\u00f1o:<br \/>\n1.\tLa extensi\u00f3n de los trabajos no podr\u00e1 ser menor a 12 p\u00e1ginas ni mayor de 25 a espacio y medio en Times (Times New Roman) cuerpo 12; en papel tama\u00f1o A4, con numeraci\u00f3n consecutiva de todas las p\u00e1ginas incluyendo la portada y bibliograf\u00eda. M\u00e1rgenes: 1,5 derecha. 2,5 izquierda. 2,5 superior. 2 inferior.<br \/>\n2.\tAl comienzo de la rese\u00f1a se especificar\u00e1 la referencia bibliogr\u00e1fica completa del libro a rese\u00f1ar (autor, t\u00edtulo, editorial, lugar y fecha de publicaci\u00f3n, cantidad de p\u00e1ginas).<br \/>\n3.\tLas citas bibliogr\u00e1ficas deber\u00e1n integrarse en el cuerpo del art\u00edculo a trav\u00e9s del siguiente formato: (Autor\/es, a\u00f1o: p\u00e1gina). En caso de haber varias referencias a los\/las mismos autores\/as, en el mismo a\u00f1o, la distinci\u00f3n se har\u00e1 de la siguiente forma: Primer texto: (Autor\/es, a\u00f1o a: p\u00e1ginas); Segundo texto: (Autor\/es, a\u00f1o b: p\u00e1ginas); Tercer texto: (Autor\/es, a\u00f1o c: p\u00e1ginas). Las citas de Internet deben mencionar autor (en caso de tenerlo), a\u00f1o: p\u00e1gina; en su defecto la p\u00e1gina web y la fecha de consulta. Para referir informaci\u00f3n sin autor, contenida en prensa, debe ir de la siguiente manera: peri\u00f3dico, fecha abreviada, p\u00e1gina y secci\u00f3n.<br \/>\n4.\tLa bibliograf\u00eda correspondiente a las citas bibliogr\u00e1ficas deber\u00e1 incluirse al final del texto, respetando el siguiente formato:<br \/>\n\u2022\tLibros: Autor\/es (a\u00f1o de publicaci\u00f3n), T\u00edtulo, lugar de edici\u00f3n, editorial, p\u00e1ginas.<br \/>\nCap\u00edtulos en obras colectivas: Autor\/es (a\u00f1o de publicaci\u00f3n), \u201cT\u00edtulo\u201d, en, (compilador\/es o editor\/es), T\u00edtulo de la obra colectiva, lugar de edici\u00f3n, editorial, p\u00e1ginas del cap\u00edtulo.<br \/>\n\u2022\tArt\u00edculos en revistas: Autor\/es (a\u00f1o de edici\u00f3n), \u201cT\u00edtulo\u201d, nombre de la revista, lugar de edici\u00f3n, volumen o tomo, n\u00famero, p\u00e1ginas del art\u00edculo.<br \/>\n\u2022\tVolumen se escribir\u00e1: v.; tomo: t.; n\u00famero: n\u00ba; p\u00e1gina\/as: p.\/pp.<br \/>\n\u2022\tLas fuentes de Internet deben mencionar autor (en caso de tenerlo), la p\u00e1gina web y la fecha de consulta.<br \/>\n\u2022\tCuando se refiere a informaci\u00f3n de peri\u00f3dicos que no tenga autor, se debe realizar de la siguiente manera:<br \/>\n\u2022\tNombre del peri\u00f3dico, fecha abreviada, T\u00edtulo del trabajo, Ciudad, Pa\u00eds. Cuando se trata de un autor institucional colocar: Nombre completo de la Instituci\u00f3n, siglas si es muy conocida, (A\u00f1o), T\u00edtulo y Pa\u00eds.<br \/>\n5.\tLas citas textuales situadas en el cuerpo del texto y de una extensi\u00f3n mayor a cinco l\u00edneas (extra\u00eddas de libros, revistas, peri\u00f3dicos, documentos, testimonios de informantes, entrevistas, etc.) ser\u00e1n en cuerpo 10, en p\u00e1rrafo con sangr\u00eda 1 cm<br \/>\nSe admitir\u00e1 un m\u00e1ximo de dos trabajos por participante<\/p>\n<p>La <strong>inscripci\u00f3n<\/strong><em> de los ponentes y el env\u00edo de los res\u00famenes y trabajos se realizar\u00e1 a trav\u00e9s del correo electr\u00f3nico del evento: <a href=\"mailto:cerpi.censud@iri.edu.ar\">cerpi.censud@iri.edu.ar<\/a><\/p>\n<p>Para <strong>m\u00e1s informaci\u00f3n<\/strong> solicitamos nos env\u00ede un e-mail a <a href=\"mailto:cerpi.censud@iri.edu.ar\">cerpi.censud@iri.edu.ar<\/a>, colocando en Asunto: Encuentro 2025.<\/p>\n<p>Realizaremos una compilaci\u00f3n impresa de los abstracts aprobados que oficiar\u00e1 de Actas del Encuentro.<br \/>\nEsperando contar con su participaci\u00f3n, y agradeciendo desde ya la difusi\u00f3n de este importante evento.<\/p>\n<p>Junio de 2025<\/p>\n","protected":false},"excerpt":{"rendered":"<p>El Instituto de Relaciones Internacionales (IRI), de la Universidad Nacional de La Plata (UNLP) convoca a Ustedes a participar en el XII Encuentro del CERPI y en la X Jornada del CENSUD \u201cArgentina y la regi\u00f3n en un mundo sin reglas\u201d, que se desarrollar\u00e1 el jueves 25 de septiembre de 2025, en formato virtual. En [&hellip;]<\/p>\n","protected":false},"author":92,"featured_media":0,"parent":0,"menu_order":0,"comment_status":"closed","ping_status":"closed","template":"","meta":{"advgb_blocks_editor_width":"","advgb_blocks_columns_visual_guide":"","footnotes":""},"class_list":["post-277","page","type-page","status-publish","hentry","post"],"aioseo_notices":[],"coauthors":[],"author_meta":{"author_link":"https:\/\/congresos.unlp.edu.ar\/EncuentroCerpiCensud2023\/author\/juana\/","display_name":"juana"},"relative_dates":{"created":"Posted 10 meses ago","modified":"Updated 10 meses ago"},"absolute_dates":{"created":"Posted on 26 junio, 2025","modified":"Updated on 26 junio, 2025"},"absolute_dates_time":{"created":"Posted on 26 junio, 2025 2:26 pm","modified":"Updated on 26 junio, 2025 2:28 pm"},"featured_img_caption":"","featured_img":false,"series_order":"","_links":{"self":[{"href":"https:\/\/congresos.unlp.edu.ar\/EncuentroCerpiCensud2023\/wp-json\/wp\/v2\/pages\/277","targetHints":{"allow":["GET"]}}],"collection":[{"href":"https:\/\/congresos.unlp.edu.ar\/EncuentroCerpiCensud2023\/wp-json\/wp\/v2\/pages"}],"about":[{"href":"https:\/\/congresos.unlp.edu.ar\/EncuentroCerpiCensud2023\/wp-json\/wp\/v2\/types\/page"}],"author":[{"embeddable":true,"href":"https:\/\/congresos.unlp.edu.ar\/EncuentroCerpiCensud2023\/wp-json\/wp\/v2\/users\/92"}],"replies":[{"embeddable":true,"href":"https:\/\/congresos.unlp.edu.ar\/EncuentroCerpiCensud2023\/wp-json\/wp\/v2\/comments?post=277"}],"version-history":[{"count":0,"href":"https:\/\/congresos.unlp.edu.ar\/EncuentroCerpiCensud2023\/wp-json\/wp\/v2\/pages\/277\/revisions"}],"wp:attachment":[{"href":"https:\/\/congresos.unlp.edu.ar\/EncuentroCerpiCensud2023\/wp-json\/wp\/v2\/media?parent=277"}],"curies":[{"name":"wp","href":"https:\/\/api.w.org\/{rel}","templated":true}]}}