{"id":266,"date":"2025-05-26T14:20:22","date_gmt":"2025-05-26T17:20:22","guid":{"rendered":"https:\/\/congresos.unlp.edu.ar\/EncuentroCerpiCensud2023\/?page_id=266"},"modified":"2025-06-19T10:47:28","modified_gmt":"2025-06-19T13:47:28","slug":"circular-no-1-2025","status":"publish","type":"page","link":"https:\/\/congresos.unlp.edu.ar\/EncuentroCerpiCensud2023\/circular-no-1-2025\/","title":{"rendered":"Circular N\u00ba 1\/2025"},"content":{"rendered":"<p>El Instituto de Relaciones Internacionales (IRI-UNLP) convoca a participar en el XII Encuentro del CERPI y en la X Jornada del CENSUD \u201cArgentina y la regi\u00f3n en un mundo sin reglas\u201d que se desarrollar\u00e1 el <strong>jueves 25 de septiembre de 2025<\/strong>, en formato virtual. En ambos eventos se presentar\u00e1n trabajos in\u00e9ditos referidos tanto a la pol\u00edtica exterior argentina como a las pol\u00edticas sudamericanas en sus diversos aspectos (general, bilateral o multilateral, pol\u00edtico-diplom\u00e1tico, estrat\u00e9gico-militar y econ\u00f3mico).<br \/>\nEstar\u00e1 abierto a todas las disciplinas vinculadas con la tem\u00e1tica por lo cual tendr\u00e1 un car\u00e1cter diverso (Ciencia Pol\u00edtica, Historia, Ciencia Jur\u00eddica, Epistemolog\u00eda, Metodolog\u00eda, Econom\u00eda, etc.). La presentaci\u00f3n de ponencias est\u00e1 abierta a todos los miembros de la comunidad acad\u00e9mica tanto del pa\u00eds como del exterior.<br \/>\nEl Centro de Reflexi\u00f3n en Pol\u00edtica Internacional (CERPI) y el Centro de Estudios Sudamericanos (CENSUD) oficiar\u00e1n como Comit\u00e9 Organizador y tendr\u00e1n a su cargo la creaci\u00f3n de un Comit\u00e9 de Evaluaci\u00f3n formado por profesores destacados en cada especialidad. \u00c9ste dictaminar\u00e1 sobre los trabajos presentados para luego proceder a la confecci\u00f3n de un programa tentativo.<br \/>\nRealizaremos una compilaci\u00f3n impresa de los abstracts aprobados que oficiar\u00e1 de Actas del Encuentro.<br \/>\nPara m\u00e1s informaci\u00f3n solicitamos nos env\u00ede un e-mail a cerpi.censud@iri.edu.ar, colocando en Asunto: Encuentro 2025.<br \/>\nLa fecha l\u00edmite de entrega de los res\u00famenes es el d\u00eda 14 de julio, mientras que la fecha l\u00edmite para el env\u00edo de los trabajos finales est\u00e1 pautada para el 11 de septiembre del corriente a\u00f1o.<br \/>\nEsperamos contar con su participaci\u00f3n, y agradecemos la difusi\u00f3n de este importante evento.<\/p>\n<p>8 de mayo de 2025<br \/>\n<strong>Dr. Alejandro Simonoff<\/strong><br \/>\nCentro de Reflexi\u00f3n en Pol\u00edtica Internacional<br \/>\n<strong>Dra. Laura Bogado Bordazar<\/strong><br \/>\n<strong>Mag. Laura Maira Bono<\/strong><br \/>\nCentro de Estudios Sudamericanos<\/p>\n","protected":false},"excerpt":{"rendered":"<p>El Instituto de Relaciones Internacionales (IRI-UNLP) convoca a participar en el XII Encuentro del CERPI y en la X Jornada del CENSUD \u201cArgentina y la regi\u00f3n en un mundo sin reglas\u201d que se desarrollar\u00e1 el jueves 25 de septiembre de 2025, en formato virtual. En ambos eventos se presentar\u00e1n trabajos in\u00e9ditos referidos tanto a la [&hellip;]<\/p>\n","protected":false},"author":92,"featured_media":0,"parent":0,"menu_order":0,"comment_status":"closed","ping_status":"closed","template":"","meta":{"advgb_blocks_editor_width":"","advgb_blocks_columns_visual_guide":"","footnotes":""},"class_list":["post-266","page","type-page","status-publish","hentry","post"],"aioseo_notices":[],"coauthors":[],"author_meta":{"author_link":"https:\/\/congresos.unlp.edu.ar\/EncuentroCerpiCensud2023\/author\/juana\/","display_name":"juana"},"relative_dates":{"created":"Posted 11 meses ago","modified":"Updated 10 meses ago"},"absolute_dates":{"created":"Posted on 26 mayo, 2025","modified":"Updated on 19 junio, 2025"},"absolute_dates_time":{"created":"Posted on 26 mayo, 2025 2:20 pm","modified":"Updated on 19 junio, 2025 10:47 am"},"featured_img_caption":"","featured_img":false,"series_order":"","_links":{"self":[{"href":"https:\/\/congresos.unlp.edu.ar\/EncuentroCerpiCensud2023\/wp-json\/wp\/v2\/pages\/266","targetHints":{"allow":["GET"]}}],"collection":[{"href":"https:\/\/congresos.unlp.edu.ar\/EncuentroCerpiCensud2023\/wp-json\/wp\/v2\/pages"}],"about":[{"href":"https:\/\/congresos.unlp.edu.ar\/EncuentroCerpiCensud2023\/wp-json\/wp\/v2\/types\/page"}],"author":[{"embeddable":true,"href":"https:\/\/congresos.unlp.edu.ar\/EncuentroCerpiCensud2023\/wp-json\/wp\/v2\/users\/92"}],"replies":[{"embeddable":true,"href":"https:\/\/congresos.unlp.edu.ar\/EncuentroCerpiCensud2023\/wp-json\/wp\/v2\/comments?post=266"}],"version-history":[{"count":0,"href":"https:\/\/congresos.unlp.edu.ar\/EncuentroCerpiCensud2023\/wp-json\/wp\/v2\/pages\/266\/revisions"}],"wp:attachment":[{"href":"https:\/\/congresos.unlp.edu.ar\/EncuentroCerpiCensud2023\/wp-json\/wp\/v2\/media?parent=266"}],"curies":[{"name":"wp","href":"https:\/\/api.w.org\/{rel}","templated":true}]}}