{"id":9,"date":"2019-05-20T14:17:05","date_gmt":"2019-05-20T17:17:05","guid":{"rendered":"https:\/\/congresos.unlp.edu.ar\/7scii\/?page_id=9"},"modified":"2019-08-16T15:03:34","modified_gmt":"2019-08-16T18:03:34","slug":"ejes-tematicos","status":"publish","type":"page","link":"https:\/\/congresos.unlp.edu.ar\/7ciip\/ejes-tematicos\/","title":{"rendered":"Ejes Tem\u00e1ticos"},"content":{"rendered":"\r\n<ol class=\"wp-block-list\">\r\n<li>Historia de la Psicolog\u00eda. Epistemolog\u00eda y Filosof\u00eda de la ciencia.<\/li>\r\n<li>Metodolog\u00eda de la investigaci\u00f3n en Psicolog\u00eda.<\/li>\r\n<li>Psicoan\u00e1lisis. Psicolog\u00eda cl\u00ednica y Psicopatolog\u00eda. Cuerpo, \u00e9poca y presentaciones sintom\u00e1ticas actuales.<\/li>\r\n<li>Psicolog\u00eda del desarrollo, enfoques y producciones en el devenir subjetivo.<\/li>\r\n<li>PSicolog\u00eda del trabajo. Salud laboral y Trabajo.<\/li>\r\n<li>Psicolog\u00eda Educacional. Orientaci\u00f3n Vocacional y Ocupacional.<\/li>\r\n<li>Estudios de g\u00e9nero. Feminismos. Diversidades. G\u00e9neros y Sexualidades.<\/li>\r\n<li>Psicolog\u00eda Jur\u00eddico-Forense. Criminolog\u00eda. Victimolog\u00eda. Violencias. Promoci\u00f3n y Protecci\u00f3n de Derechos.<\/li>\r\n<li>Psicolog\u00eda Preventiva. Salud Mental Comunitaria. Salud p\u00fablica y Salud Colectiva.<\/li>\r\n<li>Evaluaci\u00f3n psicol\u00f3gica y T\u00e9cnicas y fundamentos de la Exploraci\u00f3n Psicol\u00f3gica.<\/li>\r\n<li>Psicolog\u00eda Institucional y Psicolog\u00eda Social- Comunitaria.<\/li>\r\n<li>Psicolog\u00eda Pol\u00edtica y Decolonialidad.<\/li>\r\n<li>Derechos Humanos, \u00c9tica y Deontolog\u00eda en Psicolog\u00eda.<\/li>\r\n<li>Formaci\u00f3n Profesional y Ense\u00f1anza de la Psicolog\u00eda. Pr\u00e1cticas profesionalizantes.<\/li>\r\n<li>Psicolog\u00eda y nuevos \u00e1mbitos de intervenci\u00f3n profesional.<\/li>\r\n<\/ol>\r\n","protected":false},"excerpt":{"rendered":"<p>Historia de la Psicolog\u00eda. Epistemolog\u00eda y Filosof\u00eda de la ciencia. Metodolog\u00eda de la investigaci\u00f3n en Psicolog\u00eda. Psicoan\u00e1lisis. Psicolog\u00eda cl\u00ednica y Psicopatolog\u00eda. Cuerpo, \u00e9poca y presentaciones sintom\u00e1ticas actuales. Psicolog\u00eda del desarrollo, enfoques y producciones en el devenir subjetivo. PSicolog\u00eda del trabajo. Salud laboral y Trabajo. Psicolog\u00eda Educacional. Orientaci\u00f3n Vocacional y Ocupacional. Estudios de g\u00e9nero. Feminismos. Diversidades. [&hellip;]<\/p>\n","protected":false},"author":2,"featured_media":0,"parent":0,"menu_order":0,"comment_status":"closed","ping_status":"closed","template":"","meta":{"advgb_blocks_editor_width":"","advgb_blocks_columns_visual_guide":"","footnotes":""},"class_list":["post-9","page","type-page","status-publish","hentry","post"],"aioseo_notices":[],"coauthors":[],"author_meta":{"author_link":"https:\/\/congresos.unlp.edu.ar\/7ciip\/author\/congresos\/","display_name":"congresos"},"relative_dates":{"created":"Posted 7 a\u00f1os ago","modified":"Updated 7 a\u00f1os ago"},"absolute_dates":{"created":"Posted on 20 mayo, 2019","modified":"Updated on 16 agosto, 2019"},"absolute_dates_time":{"created":"Posted on 20 mayo, 2019 2:17 pm","modified":"Updated on 16 agosto, 2019 3:03 pm"},"featured_img_caption":"","featured_img":false,"series_order":"","_links":{"self":[{"href":"https:\/\/congresos.unlp.edu.ar\/7ciip\/wp-json\/wp\/v2\/pages\/9","targetHints":{"allow":["GET"]}}],"collection":[{"href":"https:\/\/congresos.unlp.edu.ar\/7ciip\/wp-json\/wp\/v2\/pages"}],"about":[{"href":"https:\/\/congresos.unlp.edu.ar\/7ciip\/wp-json\/wp\/v2\/types\/page"}],"author":[{"embeddable":true,"href":"https:\/\/congresos.unlp.edu.ar\/7ciip\/wp-json\/wp\/v2\/users\/2"}],"replies":[{"embeddable":true,"href":"https:\/\/congresos.unlp.edu.ar\/7ciip\/wp-json\/wp\/v2\/comments?post=9"}],"version-history":[{"count":0,"href":"https:\/\/congresos.unlp.edu.ar\/7ciip\/wp-json\/wp\/v2\/pages\/9\/revisions"}],"wp:attachment":[{"href":"https:\/\/congresos.unlp.edu.ar\/7ciip\/wp-json\/wp\/v2\/media?parent=9"}],"curies":[{"name":"wp","href":"https:\/\/api.w.org\/{rel}","templated":true}]}}