{"id":8,"date":"2019-05-20T14:40:44","date_gmt":"2019-05-20T17:40:44","guid":{"rendered":"https:\/\/congresos.unlp.edu.ar\/7scii\/?page_id=8"},"modified":"2019-12-03T11:17:06","modified_gmt":"2019-12-03T14:17:06","slug":"aranceles","status":"publish","type":"page","link":"https:\/\/congresos.unlp.edu.ar\/7ciip\/aranceles\/","title":{"rendered":"Aranceles"},"content":{"rendered":"\r\n<h5 class=\"wp-block-heading\"><strong>La inscripci\u00f3n\u00a0 para los y las estudiantes asistentes y\/o expositores\u00a0 es sin arancel<\/strong><\/h5>\r\n\r\n\r\n\r\n<h5 class=\"wp-block-heading\">El arancel corresponde a la fecha efectiva del pago, no a la preinscripci\u00f3n.<\/h5>\r\n\r\n\r\n\r\n<table class=\"wp-block-advgb-table advgb-table-frontend\">\r\n<tbody>\r\n<tr>\r\n<td style=\"background-color: #abb8c3;border-width: 1px;vertical-align: middle;text-align: center;color: #313131;border-color: #313131\" data-border-color=\"#313131\"><strong>Categor\u00edas<\/strong><\/td>\r\n<td style=\"border-bottom-color: #313131;border-width: 1px\" data-border-color=\"#313131\">\u00a0<\/td>\r\n<td style=\"border-bottom-color: #313131;border-width: 1px\" data-border-color=\"#313131\">\u00a0<\/td>\r\n<\/tr>\r\n<tr>\r\n<td style=\"background-color: #abb8c3;border-width: 1px;vertical-align: middle;text-align: center;color: #313131;border-color: #313131\" data-border-color=\"#313131\"><strong>Expositores\/as<\/strong><\/td>\r\n<td style=\"background-color: #abb8c3;border-width: 1px;vertical-align: middle;text-align: center;color: #313131;border-color: #313131\" data-border-color=\"#313131\"><strong>Hasta el 31 de agosto<\/strong><\/td>\r\n<td style=\"background-color: #abb8c3;border-width: 1px;vertical-align: middle;text-align: center;color: #313131;border-color: #313131\" data-border-color=\"#313131\"><strong>Desde el 1\u00ba de septiembre<\/strong><\/td>\r\n<\/tr>\r\n<tr>\r\n<td style=\"background-color: #eeeeee;border-width: 1px;vertical-align: middle;text-align: center;border-color: #313131\" data-border-color=\"#313131\">Estudiantes UNLP y AUAPsi<\/td>\r\n<td style=\"background-color: #eeeeee;border-width: 1px;vertical-align: middle;text-align: center;border-color: #313131\">Sin arancel<\/td>\r\n<td style=\"background-color: #eeeeee;vertical-align: middle;text-align: center;border: 1px solid #313131\" data-border-color=\"#313131\">Sin arancel<\/td>\r\n<\/tr>\r\n<tr>\r\n<td style=\"background-color: #eeeeee;border-width: 1px;vertical-align: middle;text-align: center;border-color: #313131\" data-border-color=\"#313131\">Estudiantes UNLP y AUAPsi, con materiales<\/td>\r\n<td style=\"background-color: #eeeeee;border-width: 1px;vertical-align: middle;text-align: center;border-color: #313131\" data-border-color=\"#313131\">$ 300,00<\/td>\r\n<td style=\"background-color: #eeeeee;border-width: 1px;vertical-align: middle;text-align: center;border-color: #313131\" data-border-color=\"#313131\">$ 300,00<\/td>\r\n<\/tr>\r\n<tr>\r\n<td style=\"background-color: #eeeeee;border-width: 1px;vertical-align: middle;text-align: center;border-color: #313131\" data-border-color=\"#313131\">Adscriptos\/as graduados\/as<\/td>\r\n<td style=\"background-color: #eeeeee;border-width: 1px;vertical-align: middle;text-align: center;border-color: #313131\" data-border-color=\"#313131\">$ 650,00<\/td>\r\n<td style=\"background-color: #eeeeee;border-width: 1px;vertical-align: middle;text-align: center;border-color: #313131\" data-border-color=\"#313131\">$ 750,00<\/td>\r\n<\/tr>\r\n<tr>\r\n<td style=\"background-color: #eeeeee;border-width: 1px;vertical-align: middle;text-align: center;border-color: #313131\" data-border-color=\"#313131\">Docentes UNLP y AUAPsi,<br \/>Becarios\/as Investigaci\u00f3n<br \/>y Residentes de Psicolog\u00eda<br \/>con Resoluci\u00f3n<\/td>\r\n<td style=\"background-color: #eeeeee;border-width: 1px;vertical-align: middle;text-align: center;border-color: #313131\" data-border-color=\"#313131\">$ 1.000,00<\/td>\r\n<td style=\"background-color: #eeeeee;border-width: 1px;vertical-align: middle;text-align: center;border-color: #313131\" data-border-color=\"#313131\">$ 1.200,00<\/td>\r\n<\/tr>\r\n<tr>\r\n<td style=\"background-color: #eeeeee;border-width: 1px;vertical-align: middle;text-align: center;border-color: #313131\" data-border-color=\"#313131\">Graduados\/as UNLP y AUAPsi<br \/>(menos de 5 a\u00f1os)<\/td>\r\n<td style=\"background-color: #eeeeee;border-width: 1px;vertical-align: middle;text-align: center;border-color: #313131\" data-border-color=\"#313131\">$ 1.200,00<\/td>\r\n<td style=\"background-color: #eeeeee;border-width: 1px;vertical-align: middle;text-align: center;border-color: #313131\" data-border-color=\"#313131\">$ 1.400,00<\/td>\r\n<\/tr>\r\n<tr>\r\n<td style=\"background-color: #eeeeee;border-width: 1px;vertical-align: middle;text-align: center;border-color: #313131\" data-border-color=\"#313131\">Otros\/as docentes, investigadores\/as<br \/>y profesionales nacionales<\/td>\r\n<td style=\"background-color: #eeeeee;border-width: 1px;vertical-align: middle;text-align: center;border-color: #313131\" data-border-color=\"#313131\">$ 1.200,00<\/td>\r\n<td style=\"background-color: #eeeeee;border-width: 1px;vertical-align: middle;text-align: center;border-color: #313131\" data-border-color=\"#313131\">$ 1.400,00<\/td>\r\n<\/tr>\r\n<tr>\r\n<td style=\"background-color: #eeeeee;border-width: 1px;vertical-align: middle;text-align: center;border-color: #313131\" data-border-color=\"#313131\">Investigadores\/as del exterior<\/td>\r\n<td style=\"background-color: #eeeeee;border-width: 1px;vertical-align: middle;text-align: center;border-color: #313131\" data-border-color=\"#313131\">U$S 100, equivalente a la cotizaci\u00f3n<br \/>en pesos argentinos del d\u00eda de cobro.<\/td>\r\n<td style=\"background-color: #eeeeee;border-width: 1px;vertical-align: middle;text-align: center;border-color: #313131\" data-border-color=\"#313131\">U$S 120, equivalente a la cotizaci\u00f3n<br \/>en pesos argentinos del d\u00eda de cobro.<\/td>\r\n<\/tr>\r\n<tr>\r\n<td style=\"background-color: #abb8c3;border-width: 1px;vertical-align: middle;text-align: center;color: #313131;border-color: #313131\" data-border-color=\"#313131\"><strong>Asistentes<\/strong><\/td>\r\n<td style=\"background-color: #abb8c3;border-width: 1px;vertical-align: middle;text-align: center;color: #313131;border-color: #313131\" data-border-color=\"#313131\"><strong>Hasta el 31 de agosto<\/strong><\/td>\r\n<td style=\"background-color: #abb8c3;border-width: 1px;vertical-align: middle;text-align: center;color: #313131;border-color: #313131\" data-border-color=\"#313131\"><strong>Desde el 1\u00ba de septiembre<\/strong><\/td>\r\n<\/tr>\r\n<tr>\r\n<td style=\"background-color: #eeeeee;border-width: 1px;vertical-align: middle;text-align: center;border-color: #313131\" data-border-color=\"#313131\">Asistentes<\/td>\r\n<td style=\"background-color: #eeeeee;border-width: 1px;vertical-align: middle;text-align: center;border-color: #313131\" data-border-color=\"#313131\">$ 750,00<\/td>\r\n<td style=\"background-color: #eeeeee;border-width: 1px;vertical-align: middle;text-align: center;border-color: #313131\" data-border-color=\"#313131\">$ 750,00<\/td>\r\n<\/tr>\r\n<tr>\r\n<td style=\"background-color: #eeeeee;border-width: 1px;vertical-align: middle;text-align: center;border-color: #313131\" data-border-color=\"#313131\">Estudiantes<\/td>\r\n<td style=\"background-color: #eeeeee;border-width: 1px;vertical-align: middle;text-align: center;border-color: #313131\" data-border-color=\"#313131\">Sin arancel<\/td>\r\n<td style=\"background-color: #eeeeee;vertical-align: middle;text-align: center;border: 1px solid #313131\" data-border-color=\"#313131\">Sin arancel<\/td>\r\n<\/tr>\r\n<\/tbody>\r\n<\/table>\r\n\r\n\r\n<hr \/>\r\n<p style=\"text-align: center\"><span style=\"color: #800080\"><strong>EL PAGO DE LA INSCRIPCI\u00d3N INCLUIR\u00c1 EL MATERIAL COMPLETO HASTA EL 20 DE NOVIEMBRE DEL 2019 INCLUSIVE<\/strong><\/span><\/p>\r\n<hr \/>\r\n<p>El pago de la inscripci\u00f3n puede realizarse de acuerdo a las siguientes modalidades: :<\/p>\r\n\r\n\r\n\r\n<ol class=\"wp-block-list\">\r\n<li><strong>PRESENCIALMENTE: EN EFECTIVO O CON TARJETA DE CR\u00c9DITO\/ D\u00c9BITO <\/strong><\/li>\r\n<\/ol>\r\n\r\n\r\n\r\n<p>Abonando en el Departamento de Tesorer\u00eda de la Facultad de Psicolog\u00eda de Calle 51 entre 123 y 124 (ENSENADA), 3\u00ba PISO, de lunes a viernes de 9 a 15 hs.<\/p>\r\n\r\n\r\n\r\n\r\n\r\n\r\n\r\n\r\n\r\n<p>&nbsp;<\/p>\r\n<p style=\"text-align: left\"><strong>CONFECCI\u00d3N DEL RECIBO OFICIAL DE PAGO<\/strong><\/p>\r\n\r\n\r\n\r\n<p>En caso de necesitar el recibo correspondiente a su inscripci\u00f3n <strong>deber\u00e1 enviarnos <\/strong>junto con el comprobante bancario los siguientes datos:<\/p>\r\n\r\n\r\n\r\n<p>NOMBRE Y APELLIDO\/ DNI\/ DOMICILIO\/ CATEGOR\u00cdA DE INSCRIPCI\u00d3N \/ TITULO DEL TRABAJO A EXPONER<\/p>\r\n\r\n\r\n\r\n<p>En caso de necesitar el recibo a nombre de una instituci\u00f3n, enviar adem\u00e1s:<\/p>\r\n\r\n\r\n\r\n<p>NOMBRE COMPLETO DE LA INSTITUCI\u00d3N\/ CUIT\/ DOMICILIO INSTITUCIONAL\/ CONDICI\u00d3N DE IVA<\/p>\r\n\r\n\r\n\r\n<p style=\"text-align: center\"><em>Tener en cuenta que una vez realizado el recibo de pago NO se podr\u00e1 modificar y el mismo se deber\u00e1 retirar por Tesorer\u00eda de lunes a viernes de 9 a 15 hs o durante los d\u00edas del Congreso, al momento de la acreditaci\u00f3n<\/em><\/p>\r\n<p>&nbsp;<\/p>\r\n\r\n\r\n\r\n<p>*<strong>Los Asistentes o Expositores del exterior <\/strong>deber\u00e1n abonar la inscripci\u00f3n personalmente al momento de su arribo al Congreso. Se deber\u00e1 abonar en pesos ($) seg\u00fan la cotizaci\u00f3n al d\u00eda del Banco de la Naci\u00f3n Argentina.<\/p>\r\n","protected":false},"excerpt":{"rendered":"<p>La inscripci\u00f3n\u00a0 para los y las estudiantes asistentes y\/o expositores\u00a0 es sin arancel El arancel corresponde a la fecha efectiva del pago, no a la preinscripci\u00f3n. EL PAGO DE LA INSCRIPCI\u00d3N INCLUIR\u00c1 EL MATERIAL COMPLETO HASTA EL 20 DE NOVIEMBRE DEL 2019 INCLUSIVE El pago de la inscripci\u00f3n puede realizarse de acuerdo a las siguientes [&hellip;]<\/p>\n","protected":false},"author":2,"featured_media":0,"parent":0,"menu_order":0,"comment_status":"closed","ping_status":"closed","template":"","meta":{"advgb_blocks_editor_width":"","advgb_blocks_columns_visual_guide":"","footnotes":""},"class_list":["post-8","page","type-page","status-publish","hentry","post"],"aioseo_notices":[],"coauthors":[],"author_meta":{"author_link":"https:\/\/congresos.unlp.edu.ar\/7ciip\/author\/congresos\/","display_name":"congresos"},"relative_dates":{"created":"Posted 7 a\u00f1os ago","modified":"Updated 6 a\u00f1os ago"},"absolute_dates":{"created":"Posted on 20 mayo, 2019","modified":"Updated on 3 diciembre, 2019"},"absolute_dates_time":{"created":"Posted on 20 mayo, 2019 2:40 pm","modified":"Updated on 3 diciembre, 2019 11:17 am"},"featured_img_caption":"","featured_img":false,"series_order":"","_links":{"self":[{"href":"https:\/\/congresos.unlp.edu.ar\/7ciip\/wp-json\/wp\/v2\/pages\/8","targetHints":{"allow":["GET"]}}],"collection":[{"href":"https:\/\/congresos.unlp.edu.ar\/7ciip\/wp-json\/wp\/v2\/pages"}],"about":[{"href":"https:\/\/congresos.unlp.edu.ar\/7ciip\/wp-json\/wp\/v2\/types\/page"}],"author":[{"embeddable":true,"href":"https:\/\/congresos.unlp.edu.ar\/7ciip\/wp-json\/wp\/v2\/users\/2"}],"replies":[{"embeddable":true,"href":"https:\/\/congresos.unlp.edu.ar\/7ciip\/wp-json\/wp\/v2\/comments?post=8"}],"version-history":[{"count":0,"href":"https:\/\/congresos.unlp.edu.ar\/7ciip\/wp-json\/wp\/v2\/pages\/8\/revisions"}],"wp:attachment":[{"href":"https:\/\/congresos.unlp.edu.ar\/7ciip\/wp-json\/wp\/v2\/media?parent=8"}],"curies":[{"name":"wp","href":"https:\/\/api.w.org\/{rel}","templated":true}]}}