{"id":6,"date":"2019-05-20T13:50:04","date_gmt":"2019-05-20T16:50:04","guid":{"rendered":"https:\/\/congresos.unlp.edu.ar\/7scii\/?page_id=6"},"modified":"2019-07-18T10:30:46","modified_gmt":"2019-07-18T13:30:46","slug":"comite-cientifico","status":"publish","type":"page","link":"https:\/\/congresos.unlp.edu.ar\/7ciip\/comite-cientifico\/","title":{"rendered":"Comit\u00e9 Cient\u00edfico Acad\u00e9mico"},"content":{"rendered":"\r\n<p><strong>Comit\u00e9 Cient\u00edfico Acad\u00e9mico de la Primera Promoci\u00f3n de la Carrera de Psicolog\u00eda<\/strong><\/p>\r\n<p>Delucca, Norma Edith<\/p>\r\n<p>Durantini, Marta<\/p>\r\n<p>Rib\u00e9, Juan Carlos<\/p>\r\n<p>Videla Mirta<\/p>\r\n<p>&nbsp;<\/p>\r\n<p><strong>Comit\u00e9 Cient\u00edfico Acad\u00e9mico<\/strong><\/p>\r\n<p>Aleman, Fatima;<\/p>\r\n<p>Almagro, Florencia<\/p>\r\n<p>Archenti, Adriana<\/p>\r\n<p>Attademo, Silvia<\/p>\r\n<p>Borzi, Sonia;<\/p>\r\n<p>Bravetti, Gabriela<\/p>\r\n<p>De Battista, Julieta<\/p>\r\n<p>Delucca, Norma<\/p>\r\n<p>Canal, Marina<\/p>\r\n<p>Carbone, Nora Cecilia<\/p>\r\n<p>Card\u00f3s, Paula Daniela<\/p>\r\n<p>Castignani, Mar\u00eda Laura<\/p>\r\n<p>Damiano, Jos\u00e9<\/p>\r\n<p>De Casas, Claudia<\/p>\r\n<p>Del Cueto, Julio<\/p>\r\n<p>Di\u00a0 Meglio, Mariela<\/p>\r\n<p>Dom\u00ednguez Lostal\u00f3, Juan Carlos<\/p>\r\n<p>Elias, Diana<\/p>\r\n<p>Erausquin, Cristina<\/p>\r\n<p>Fatelevich, Marisa<\/p>\r\n<p>Ferrer, Carina del Carmen<\/p>\r\n<p>Gaudio Roxana<\/p>\r\n<p>Garay, Carlos<\/p>\r\n<p>Gavil\u00e1n, Mirta<\/p>\r\n<p>Luis, Mar\u00eda Antonia<\/p>\r\n<p>Lunazzi, Helena<\/p>\r\n<p>Luque, Adriana<\/p>\r\n<p>Maglio, Norma<\/p>\r\n<p>Malagrina, Julieta<\/p>\r\n<p>Mirc, Andrea<\/p>\r\n<p>Napolitano, Graziela<\/p>\r\n<p>Peresson, Flavio Juan<\/p>\r\n<p>P\u00e9rez, Edith Alba<\/p>\r\n<p>Piacente, Telma<\/p>\r\n<p>Piazze, Gast\u00f3n<\/p>\r\n<p>Piro, Mar\u00eda Cristina<\/p>\r\n<p>Quiles, Cristina<\/p>\r\n<p>Ringuelet, Roberto<\/p>\r\n<p>Rossi Cas\u00e9, Lilia<\/p>\r\n<p>Salva, Mar\u00eda Cristina<\/p>\r\n<p>S\u00e1nchez V\u00e1zquez, Mar\u00eda Jos\u00e9<\/p>\r\n<p>Suarez, Nestor Eduardo<\/p>\r\n<p>Talak, Ana Mar\u00eda<\/p>\r\n<p>Tejo, Mabel<\/p>\r\n<p>Urrutia, Mar\u00eda In\u00e9s<\/p>\r\n<p>Vidal, Iara Vanina<\/p>\r\n<p>Viguera, Ariel<\/p>\r\n<p>Vilches, Alfredo<\/p>\r\n<p>Villalva, Adriana<\/p>\r\n<p>Volta, Luis<\/p>\r\n<p>Weingast, Diana<\/p>\r\n<p>Zabaleta, Ver\u00f3nica<\/p>\r\n<p>Zelaschi, Mar\u00eda Constanza<\/p>\r\n<p>Zolkower, Mart\u00edn<\/p>\r\n<p>&nbsp;<\/p>\r\n<p>&nbsp;<\/p>\r\n","protected":false},"excerpt":{"rendered":"<p>Comit\u00e9 Cient\u00edfico Acad\u00e9mico de la Primera Promoci\u00f3n de la Carrera de Psicolog\u00eda Delucca, Norma Edith Durantini, Marta Rib\u00e9, Juan Carlos Videla Mirta &nbsp; Comit\u00e9 Cient\u00edfico Acad\u00e9mico Aleman, Fatima; Almagro, Florencia Archenti, Adriana Attademo, Silvia Borzi, Sonia; Bravetti, Gabriela De Battista, Julieta Delucca, Norma Canal, Marina Carbone, Nora Cecilia Card\u00f3s, Paula Daniela Castignani, Mar\u00eda Laura Damiano, [&hellip;]<\/p>\n","protected":false},"author":2,"featured_media":0,"parent":0,"menu_order":0,"comment_status":"closed","ping_status":"closed","template":"","meta":{"advgb_blocks_editor_width":"","advgb_blocks_columns_visual_guide":"","footnotes":""},"class_list":["post-6","page","type-page","status-publish","hentry","post"],"aioseo_notices":[],"coauthors":[],"author_meta":{"author_link":"https:\/\/congresos.unlp.edu.ar\/7ciip\/author\/congresos\/","display_name":"congresos"},"relative_dates":{"created":"Posted 7 a\u00f1os ago","modified":"Updated 7 a\u00f1os ago"},"absolute_dates":{"created":"Posted on 20 mayo, 2019","modified":"Updated on 18 julio, 2019"},"absolute_dates_time":{"created":"Posted on 20 mayo, 2019 1:50 pm","modified":"Updated on 18 julio, 2019 10:30 am"},"featured_img_caption":"","featured_img":false,"series_order":"","_links":{"self":[{"href":"https:\/\/congresos.unlp.edu.ar\/7ciip\/wp-json\/wp\/v2\/pages\/6","targetHints":{"allow":["GET"]}}],"collection":[{"href":"https:\/\/congresos.unlp.edu.ar\/7ciip\/wp-json\/wp\/v2\/pages"}],"about":[{"href":"https:\/\/congresos.unlp.edu.ar\/7ciip\/wp-json\/wp\/v2\/types\/page"}],"author":[{"embeddable":true,"href":"https:\/\/congresos.unlp.edu.ar\/7ciip\/wp-json\/wp\/v2\/users\/2"}],"replies":[{"embeddable":true,"href":"https:\/\/congresos.unlp.edu.ar\/7ciip\/wp-json\/wp\/v2\/comments?post=6"}],"version-history":[{"count":0,"href":"https:\/\/congresos.unlp.edu.ar\/7ciip\/wp-json\/wp\/v2\/pages\/6\/revisions"}],"wp:attachment":[{"href":"https:\/\/congresos.unlp.edu.ar\/7ciip\/wp-json\/wp\/v2\/media?parent=6"}],"curies":[{"name":"wp","href":"https:\/\/api.w.org\/{rel}","templated":true}]}}