{"id":54,"date":"2019-05-21T12:57:16","date_gmt":"2019-05-21T15:57:16","guid":{"rendered":"http:\/\/congresos.unlp.edu.ar\/7ciip\/?page_id=54"},"modified":"2019-07-02T13:03:27","modified_gmt":"2019-07-02T16:03:27","slug":"autoridades","status":"publish","type":"page","link":"https:\/\/congresos.unlp.edu.ar\/7ciip\/autoridades\/","title":{"rendered":"Autoridades"},"content":{"rendered":"<p><strong>DE LA UNIVERSIDAD NACIONAL DE LA PLATA<\/strong><\/p>\n<p>Presidente Dr. Fernando Alfredo Tauber<br \/>\nVicepresidente del \u00c1rea Acad\u00e9mica Mg. Mart\u00edn L\u00f3pez Armengol<br \/>\nVicepresidente del \u00c1rea Institucional Ing. Marcos Actis<br \/>\nSecretario General Patricio Lorente<br \/>\nSecretaria de Asuntos Acad\u00e9micos Dr. Anibal Omar Viguera<br \/>\nSecretario de Ciencia y T\u00e9cnica Dr. Marcelo Caball\u00e9<\/p>\n<p><strong>DE LA FACULTAD<\/strong><\/p>\n<p>Decano Lic. Xavier O\u00f1ativia<br \/>\nVicedecana Lic. Mar\u00eda Cristina Piro<br \/>\nSecretaria Acad\u00e9mica Lic. Claudia Elena de Casas<br \/>\nProsecretaria Acad\u00e9mica Lic. Elisa Urtubey<br \/>\nSecretaria de Investigaci\u00f3n Prof. Alejandra Valentino<br \/>\nProsecretaria de Investigaci\u00f3n Dra. Agustina Mar\u00eda Edna D`Agostino<br \/>\nSecretar\u00eda de Extensi\u00f3n Lic. Adriana Aurora Villalva<br \/>\nSecretaria de Posgrado Dra. Mar\u00eda Constanza Zelaschi<br \/>\nProsecretaria de Posgrado Lic. Iara Vanina Vidal<br \/>\nSecretaria de Salud mental y Derechos Humanos Lic. Claudia Susana Orleans<br \/>\nSecretaria Administrativa Lic. Daniela A. Pappalardo<br \/>\nProsecretaria de Asuntos Institucionales Lic. Mariana Velasco<br \/>\nProsecretaria de Asuntos Financieros Cra. M. Gabriela Mart\u00ednez<br \/>\nProsecretaria de Estudiantiles Lic. Mar\u00eda Soledad Casanovas<\/p>\n<p><strong>AUTORIDADES DEL CONGRESO<\/strong><\/p>\n<p><strong>PRESIDENTE HONORARIO<\/strong><br \/>\nLic. Xavier O\u00f1ativia<\/p>\n<p><strong>COORDINADORAS GENERALES<\/strong><br \/>\nProf. Alejandra Valentino<br \/>\nDra. Agustina Mar\u00eda Edna D\u00b4Agostino<\/p>\n","protected":false},"excerpt":{"rendered":"<p>DE LA UNIVERSIDAD NACIONAL DE LA PLATA Presidente Dr. Fernando Alfredo Tauber Vicepresidente del \u00c1rea Acad\u00e9mica Mg. Mart\u00edn L\u00f3pez Armengol Vicepresidente del \u00c1rea Institucional Ing. Marcos Actis Secretario General Patricio Lorente Secretaria de Asuntos Acad\u00e9micos Dr. Anibal Omar Viguera Secretario de Ciencia y T\u00e9cnica Dr. Marcelo Caball\u00e9 DE LA FACULTAD Decano Lic. Xavier O\u00f1ativia Vicedecana [&hellip;]<\/p>\n","protected":false},"author":2,"featured_media":0,"parent":0,"menu_order":0,"comment_status":"closed","ping_status":"closed","template":"","meta":{"advgb_blocks_editor_width":"","advgb_blocks_columns_visual_guide":"","footnotes":""},"class_list":["post-54","page","type-page","status-publish","hentry","post"],"aioseo_notices":[],"coauthors":[],"author_meta":{"author_link":"https:\/\/congresos.unlp.edu.ar\/7ciip\/author\/congresos\/","display_name":"congresos"},"relative_dates":{"created":"Posted 7 a\u00f1os ago","modified":"Updated 7 a\u00f1os ago"},"absolute_dates":{"created":"Posted on 21 mayo, 2019","modified":"Updated on 2 julio, 2019"},"absolute_dates_time":{"created":"Posted on 21 mayo, 2019 12:57 pm","modified":"Updated on 2 julio, 2019 1:03 pm"},"featured_img_caption":"","featured_img":false,"series_order":"","_links":{"self":[{"href":"https:\/\/congresos.unlp.edu.ar\/7ciip\/wp-json\/wp\/v2\/pages\/54","targetHints":{"allow":["GET"]}}],"collection":[{"href":"https:\/\/congresos.unlp.edu.ar\/7ciip\/wp-json\/wp\/v2\/pages"}],"about":[{"href":"https:\/\/congresos.unlp.edu.ar\/7ciip\/wp-json\/wp\/v2\/types\/page"}],"author":[{"embeddable":true,"href":"https:\/\/congresos.unlp.edu.ar\/7ciip\/wp-json\/wp\/v2\/users\/2"}],"replies":[{"embeddable":true,"href":"https:\/\/congresos.unlp.edu.ar\/7ciip\/wp-json\/wp\/v2\/comments?post=54"}],"version-history":[{"count":0,"href":"https:\/\/congresos.unlp.edu.ar\/7ciip\/wp-json\/wp\/v2\/pages\/54\/revisions"}],"wp:attachment":[{"href":"https:\/\/congresos.unlp.edu.ar\/7ciip\/wp-json\/wp\/v2\/media?parent=54"}],"curies":[{"name":"wp","href":"https:\/\/api.w.org\/{rel}","templated":true}]}}