{"id":401,"date":"2019-12-01T17:22:23","date_gmt":"2019-12-01T20:22:23","guid":{"rendered":"https:\/\/congresos.unlp.edu.ar\/7ciip\/?page_id=401"},"modified":"2019-12-02T13:02:50","modified_gmt":"2019-12-02T16:02:50","slug":"cursos","status":"publish","type":"page","link":"https:\/\/congresos.unlp.edu.ar\/7ciip\/cursos\/","title":{"rendered":"Cursos"},"content":{"rendered":"<p><strong>CURSO CONGRESO 1<\/strong>:\u00a0 <em>Manejo de la cohesi\u00f3n grupal para incrementar la inclusi\u00f3n educativa. El contexto escolar como espacio de transformaci\u00f3n social. Desaf\u00edos y perspectivas desde la Psicolog\u00eda Social y la Psicolog\u00eda Educativa.<\/em><\/p>\n<p>Profesor: Jorge Torralbas. Universidad de La Habana<br \/>\nFecha del evento: <strong>Martes 3 de diciembre de 2019 <\/strong><br \/>\n<strong>Horario: 10.30 a 14.30. AULA 206<\/strong><\/p>\n<p>Direcci\u00f3n del evento: FACULTAD DE PSICOLOG\u00cdA. UNIVERSIDAD NACIONAL DE LA PLATA<br \/>\nCalle 51 entre 123 y 124. Ensenada (CP 1925)<br \/>\nSecretar\u00eda de Investigaci\u00f3n- VII Congreso internacional de Investigaci\u00f3n<br \/>\ninvestigacion@psico.unlp.edu.ar<\/p>\n<p>Gratuito<br \/>\nDestinatarios: Docentes, estudiantes avanzados, equipos de investigaci\u00f3n, graduadas\/os, nodocentes<\/p>\n<p>&nbsp;<\/p>\n<p><img loading=\"lazy\" decoding=\"async\" class=\"alignnone size-medium wp-image-371\" src=\"https:\/\/congresos.unlp.edu.ar\/7ciip\/wp-content\/uploads\/sites\/4\/2019\/11\/Jorge-enrique-torralba-osle-300x300.jpg\" alt=\"\" width=\"300\" height=\"300\" srcset=\"https:\/\/congresos.unlp.edu.ar\/7ciip\/wp-content\/uploads\/sites\/4\/2019\/11\/Jorge-enrique-torralba-osle-300x300.jpg 300w, https:\/\/congresos.unlp.edu.ar\/7ciip\/wp-content\/uploads\/sites\/4\/2019\/11\/Jorge-enrique-torralba-osle-150x150.jpg 150w, https:\/\/congresos.unlp.edu.ar\/7ciip\/wp-content\/uploads\/sites\/4\/2019\/11\/Jorge-enrique-torralba-osle.jpg 640w\" sizes=\"auto, (max-width: 300px) 100vw, 300px\" \/><\/p>\n<p>&nbsp;<\/p>\n<p><a href=\"https:\/\/docs.google.com\/forms\/d\/e\/1FAIpQLSfhh082gx5hSPMsy5luDg8fKw5V7NlCTwnZcg4OdFcKEz3d-g\/viewform\">FORMULARIO DE INSCRIPCI\u00d3N<\/a><\/p>\n<p><strong>CURSO CONGRESO 2 <\/strong>\u00a0<em>Archivos, manuscritos y fuentes primarias: estudios hist\u00f3ricos de Piaget basados en los Estudios Sociales de la Ciencia <\/em><\/p>\n<p>Docente: Andr\u00e9 Elias Morelli Ribeiro- Universidad Federal Fluminense (R\u00edo de Janeiro, Brasil)<br \/>\nFecha del evento: <strong>S\u00c1BADO 7 de diciembre 2019<\/strong><br \/>\n<strong>Horario: 9 a 13hrs. AULA 302<\/strong><\/p>\n<p>Direcci\u00f3n del evento: FACULTAD DE PSICOLOG\u00cdA. UNIVERSIDAD NACIONAL DE LA PLATA<br \/>\nCalle 51 entre 123 y 124. Ensenada (CP 1925)<br \/>\nSecretar\u00eda de Investigaci\u00f3n- VII Congreso internacional de Investigaci\u00f3n<br \/>\ninvestigacion@psico.unlp.edu.ar<\/p>\n<p>Libre y gratuito<br \/>\nDestinado a p\u00fablico en general<\/p>\n<p>&nbsp;<\/p>\n<p><img loading=\"lazy\" decoding=\"async\" class=\"alignnone size-full wp-image-369\" src=\"https:\/\/congresos.unlp.edu.ar\/7ciip\/wp-content\/uploads\/sites\/4\/2019\/11\/Andr\u00e9-Elias-Morelli-Ribeiro.jpg\" alt=\"\" width=\"200\" height=\"200\" srcset=\"https:\/\/congresos.unlp.edu.ar\/7ciip\/wp-content\/uploads\/sites\/4\/2019\/11\/Andr\u00e9-Elias-Morelli-Ribeiro.jpg 200w, https:\/\/congresos.unlp.edu.ar\/7ciip\/wp-content\/uploads\/sites\/4\/2019\/11\/Andr\u00e9-Elias-Morelli-Ribeiro-150x150.jpg 150w\" sizes=\"auto, (max-width: 200px) 100vw, 200px\" \/><\/p>\n<p><a href=\"https:\/\/forms.gle\/AgoRnZ1zShnSLcs9A\">FORMULARIO DE INSCRIPCI\u00d3N<\/a><\/p>\n","protected":false},"excerpt":{"rendered":"<p>CURSO CONGRESO 1:\u00a0 Manejo de la cohesi\u00f3n grupal para incrementar la inclusi\u00f3n educativa. El contexto escolar como espacio de transformaci\u00f3n social. Desaf\u00edos y perspectivas desde la Psicolog\u00eda Social y la Psicolog\u00eda Educativa. Profesor: Jorge Torralbas. Universidad de La Habana Fecha del evento: Martes 3 de diciembre de 2019 Horario: 10.30 a 14.30. AULA 206 Direcci\u00f3n [&hellip;]<\/p>\n","protected":false},"author":9,"featured_media":0,"parent":0,"menu_order":0,"comment_status":"closed","ping_status":"closed","template":"","meta":{"advgb_blocks_editor_width":"","advgb_blocks_columns_visual_guide":"","footnotes":""},"class_list":["post-401","page","type-page","status-publish","hentry","post"],"aioseo_notices":[],"coauthors":[],"author_meta":{"author_link":"https:\/\/congresos.unlp.edu.ar\/7ciip\/author\/investigacionpsico\/","display_name":"investigacionpsico"},"relative_dates":{"created":"Posted 6 a\u00f1os ago","modified":"Updated 6 a\u00f1os ago"},"absolute_dates":{"created":"Posted on 1 diciembre, 2019","modified":"Updated on 2 diciembre, 2019"},"absolute_dates_time":{"created":"Posted on 1 diciembre, 2019 5:22 pm","modified":"Updated on 2 diciembre, 2019 1:02 pm"},"featured_img_caption":"","featured_img":false,"series_order":"","_links":{"self":[{"href":"https:\/\/congresos.unlp.edu.ar\/7ciip\/wp-json\/wp\/v2\/pages\/401","targetHints":{"allow":["GET"]}}],"collection":[{"href":"https:\/\/congresos.unlp.edu.ar\/7ciip\/wp-json\/wp\/v2\/pages"}],"about":[{"href":"https:\/\/congresos.unlp.edu.ar\/7ciip\/wp-json\/wp\/v2\/types\/page"}],"author":[{"embeddable":true,"href":"https:\/\/congresos.unlp.edu.ar\/7ciip\/wp-json\/wp\/v2\/users\/9"}],"replies":[{"embeddable":true,"href":"https:\/\/congresos.unlp.edu.ar\/7ciip\/wp-json\/wp\/v2\/comments?post=401"}],"version-history":[{"count":0,"href":"https:\/\/congresos.unlp.edu.ar\/7ciip\/wp-json\/wp\/v2\/pages\/401\/revisions"}],"wp:attachment":[{"href":"https:\/\/congresos.unlp.edu.ar\/7ciip\/wp-json\/wp\/v2\/media?parent=401"}],"curies":[{"name":"wp","href":"https:\/\/api.w.org\/{rel}","templated":true}]}}