{"id":219,"date":"2019-07-02T10:54:59","date_gmt":"2019-07-02T13:54:59","guid":{"rendered":"https:\/\/congresos.unlp.edu.ar\/7ciip\/?page_id=219"},"modified":"2020-03-16T10:14:04","modified_gmt":"2020-03-16T13:14:04","slug":"pautas-para-la-presentacion-de-trabajos","status":"publish","type":"page","link":"https:\/\/congresos.unlp.edu.ar\/7ciip\/pautas-para-la-presentacion-de-trabajos\/","title":{"rendered":"Pautas para la presentaci\u00f3n de res\u00famenes"},"content":{"rendered":"<p>Podr\u00e1 cargar el res\u00famen ingresando al sitio web:\u00a0<\/p>\r\n<p><strong><a href=\"https:\/\/backend.congresos.unlp.edu.ar\/7ciip\">https:\/\/backend.congresos.unlp.edu.ar\/7ciip<\/a>\u00a0<\/strong><\/p>\r\n<p><em>El trabajo ser\u00e1 evaluado por la Comisi\u00f3n Evaluadora una vez realizada la inscripci\u00f3n, adjuntando el comprobante de pago correspondiente<\/em>.\u00a0<\/p>\r\n<p><strong>FECHA L\u00ccMITE PARA EL ENV\u00cdO DE PROPUESTAS: 15 DE SEPTIEMBRE DE 2019<\/strong><\/p>\r\n<p>Se puede ser autor\/coautor de hasta dos presentaciones m\u00e1ximo, en cualquiera de las modalidades propuestas. En caso de contar con m\u00e1s de una autor\u00eda, el trabajo deber\u00e1 ser enviado solo por uno de los autores.<\/p>\r\n<!-- \/wp:post-content -->\r\n\r\n<!-- wp:paragraph -->\r\n<p><strong>INSTRUCTIVO PARA LA PRESENTACI\u00d3N DE RES\u00daMENES<\/strong> Los trabajos deber\u00e1n ser in\u00e9ditos. Se admitir\u00e1 un m\u00e1ximo de 4 (cuatro) autores por trabajo, SIN EXCEPCI\u00d3N. Todas las presentaciones deber\u00e1n ser en fomato Word.<\/p>\r\n<!-- \/wp:paragraph -->\r\n\r\n<!-- wp:paragraph -->\r\n<p>\u2b9a La extensi\u00f3n de los res\u00famenes ser\u00e1 entre 600 y 750 palabras y deber\u00e1 presentarse en espa\u00f1ol e ingl\u00e9s.<\/p>\r\n<!-- \/wp:paragraph -->\r\n\r\n<!-- wp:paragraph -->\r\n<p>\u2b9a T\u00edtulo en espa\u00f1ol e ingl\u00e9s. M\u00e1ximo de 15 palabras. Arial en negrita. May\u00fascula. Centrado.<\/p>\r\n<!-- \/wp:paragraph -->\r\n\r\n<!-- wp:paragraph -->\r\n<p>\u2b9a Subt\u00edtulo: Arial 12 en negrita. May\u00fascula. Centrado.<\/p>\r\n<!-- \/wp:paragraph -->\r\n\r\n<!-- wp:paragraph -->\r\n<p>\u2b9a Apellido y nombre completo del\/los autor\/es: alineaci\u00f3n a la derecha. Arial 12. Mayor t\u00edtulo acad\u00e9mico obtenido de cada uno de ellos.<\/p>\r\n<!-- \/wp:paragraph -->\r\n\r\n<!-- wp:paragraph -->\r\n<p>\u2b9a E-mail: del primer autor. Alineaci\u00f3n a la derecha. Arial 12. Nombre y direcci\u00f3n electr\u00f3nica del autor con quien se deba mantener correspondencia.<\/p>\r\n<!-- \/wp:paragraph -->\r\n\r\n<!-- wp:paragraph -->\r\n<p>\u2b9a Nombre de la Instituci\u00f3n que acredita o financia la investigaci\u00f3n. Alineaci\u00f3n a la derecha. Arial 12. Cursiva.<\/p>\r\n<!-- \/wp:paragraph -->\r\n\r\n<!-- wp:paragraph -->\r\n<p>\u2b9a Eje en el que se incluye el trabajo. Cursiva.<\/p>\r\n<!-- \/wp:paragraph -->\r\n\r\n<!-- wp:paragraph -->\r\n<p>\u2b9a Modalidad de presentaci\u00f3n. Cursiva.<\/p>\r\n<!-- \/wp:paragraph -->\r\n\r\n<!-- wp:paragraph -->\r\n<p>\u2b9a Cuerpo del trabajo: Arial 12; Alineaci\u00f3n; justificada; Interlineado: 1.5.<\/p>\r\n<!-- \/wp:paragraph -->\r\n\r\n<!-- wp:paragraph -->\r\n<p>\u2b9a Formato de p\u00e1gina: hoja A4, margen superior, inferior, derecho e izquierdo de 2.5 cm., orientaci\u00f3n vertical.<\/p>\r\n<!-- \/wp:paragraph -->\r\n\r\n<!-- wp:paragraph -->\r\n<p>\u2b9a P\u00e1rrafos: sin dejar sangr\u00eda y sin corte de palabras.<\/p>\r\n<!-- \/wp:paragraph -->\r\n\r\n<!-- wp:paragraph -->\r\n<p>\u2b9a El resumen deber\u00e1 dar cuenta de los siguientes \u00edtems: problema que se investiga y los objetivos del trabajo; metodolog\u00eda utilizada para abordarlo; resultados obtenidos; discusi\u00f3n y conclusiones;<\/p>\r\n<!-- \/wp:paragraph -->\r\n\r\n<!-- wp:paragraph -->\r\n<p>\u2b9a Palabras claves en espa\u00f1ol y en ingl\u00e9s 3 (tres).<\/p>\r\n<!-- \/wp:paragraph -->\r\n\r\n<!-- wp:paragraph -->\r\n<p>\u2b9a Referencias Bibliogr\u00e1ficas, por orden alfab\u00e9tico, al final y numeradas en el texto, seg\u00fan normas de estilo APA (http:\/\/normasapa.com\/).<\/p>\r\n<!-- \/wp:paragraph -->\r\n\r\n<!-- wp:paragraph -->\r\n<p><strong>PRESENTACI\u00d3N DE TRABAJO COMPLETO<\/strong> Los trabajos completos podr\u00e1n ser presentados con fecha posterior a la finalizaci\u00f3n del Congreso<\/p>","protected":false},"excerpt":{"rendered":"<p>Podr\u00e1 cargar el res\u00famen ingresando al sitio web:\u00a0 https:\/\/backend.congresos.unlp.edu.ar\/7ciip\u00a0 El trabajo ser\u00e1 evaluado por la Comisi\u00f3n Evaluadora una vez realizada la inscripci\u00f3n, adjuntando el comprobante de pago correspondiente.\u00a0 FECHA L\u00ccMITE PARA EL ENV\u00cdO DE PROPUESTAS: 15 DE SEPTIEMBRE DE 2019 Se puede ser autor\/coautor de hasta dos presentaciones m\u00e1ximo, en cualquiera de las modalidades propuestas. [&hellip;]<\/p>\n","protected":false},"author":2,"featured_media":0,"parent":0,"menu_order":0,"comment_status":"closed","ping_status":"closed","template":"","meta":{"advgb_blocks_editor_width":"","advgb_blocks_columns_visual_guide":"","footnotes":""},"class_list":["post-219","page","type-page","status-publish","hentry","post"],"aioseo_notices":[],"coauthors":[],"author_meta":{"author_link":"https:\/\/congresos.unlp.edu.ar\/7ciip\/author\/congresos\/","display_name":"congresos"},"relative_dates":{"created":"Posted 7 a\u00f1os ago","modified":"Updated 6 a\u00f1os ago"},"absolute_dates":{"created":"Posted on 2 julio, 2019","modified":"Updated on 16 marzo, 2020"},"absolute_dates_time":{"created":"Posted on 2 julio, 2019 10:54 am","modified":"Updated on 16 marzo, 2020 10:14 am"},"featured_img_caption":"","featured_img":false,"series_order":"","_links":{"self":[{"href":"https:\/\/congresos.unlp.edu.ar\/7ciip\/wp-json\/wp\/v2\/pages\/219","targetHints":{"allow":["GET"]}}],"collection":[{"href":"https:\/\/congresos.unlp.edu.ar\/7ciip\/wp-json\/wp\/v2\/pages"}],"about":[{"href":"https:\/\/congresos.unlp.edu.ar\/7ciip\/wp-json\/wp\/v2\/types\/page"}],"author":[{"embeddable":true,"href":"https:\/\/congresos.unlp.edu.ar\/7ciip\/wp-json\/wp\/v2\/users\/2"}],"replies":[{"embeddable":true,"href":"https:\/\/congresos.unlp.edu.ar\/7ciip\/wp-json\/wp\/v2\/comments?post=219"}],"version-history":[{"count":0,"href":"https:\/\/congresos.unlp.edu.ar\/7ciip\/wp-json\/wp\/v2\/pages\/219\/revisions"}],"wp:attachment":[{"href":"https:\/\/congresos.unlp.edu.ar\/7ciip\/wp-json\/wp\/v2\/media?parent=219"}],"curies":[{"name":"wp","href":"https:\/\/api.w.org\/{rel}","templated":true}]}}