{"id":15,"date":"2019-05-22T13:37:21","date_gmt":"2019-05-22T16:37:21","guid":{"rendered":"https:\/\/congresos.unlp.edu.ar\/7scii\/?page_id=15"},"modified":"2019-12-01T18:38:59","modified_gmt":"2019-12-01T21:38:59","slug":"conferencias","status":"publish","type":"page","link":"https:\/\/congresos.unlp.edu.ar\/7ciip\/programa\/conferencias\/","title":{"rendered":"Conferencias"},"content":{"rendered":"<p><b>PANEL DE APERTURA. Feminismos\/<i>G\u00e9nero y producci\u00f3n de conocimiento<\/i> Dora Barrancos, Alicia Stolkiner<\/b><\/p>\n<p><b>MI\u00c9RCOLES 4 de diciembre a las 18.30 hrs. AUDITORIO<\/b><\/p>\n<p>Coordinaci\u00f3n a cargo del Sr. Decano de la Facultad de Psicolog\u00eda de la UNLP\u00a0 Xavier O\u00f1ativia<\/p>\n<p><img loading=\"lazy\" decoding=\"async\" class=\"alignnone size-medium wp-image-345\" src=\"https:\/\/congresos.unlp.edu.ar\/7ciip\/wp-content\/uploads\/sites\/4\/2019\/11\/foto-barrancos-300x198.png\" alt=\"\" width=\"300\" height=\"198\" srcset=\"https:\/\/congresos.unlp.edu.ar\/7ciip\/wp-content\/uploads\/sites\/4\/2019\/11\/foto-barrancos-300x198.png 300w, https:\/\/congresos.unlp.edu.ar\/7ciip\/wp-content\/uploads\/sites\/4\/2019\/11\/foto-barrancos-768x508.png 768w, https:\/\/congresos.unlp.edu.ar\/7ciip\/wp-content\/uploads\/sites\/4\/2019\/11\/foto-barrancos-1024x677.png 1024w, https:\/\/congresos.unlp.edu.ar\/7ciip\/wp-content\/uploads\/sites\/4\/2019\/11\/foto-barrancos.png 1150w\" sizes=\"auto, (max-width: 300px) 100vw, 300px\" \/><img loading=\"lazy\" decoding=\"async\" class=\"alignnone  wp-image-348\" src=\"https:\/\/congresos.unlp.edu.ar\/7ciip\/wp-content\/uploads\/sites\/4\/2019\/11\/foto-alicia-300x166.jpg\" alt=\"\" width=\"356\" height=\"197\" srcset=\"https:\/\/congresos.unlp.edu.ar\/7ciip\/wp-content\/uploads\/sites\/4\/2019\/11\/foto-alicia-300x166.jpg 300w, https:\/\/congresos.unlp.edu.ar\/7ciip\/wp-content\/uploads\/sites\/4\/2019\/11\/foto-alicia-768x424.jpg 768w, https:\/\/congresos.unlp.edu.ar\/7ciip\/wp-content\/uploads\/sites\/4\/2019\/11\/foto-alicia-1024x565.jpg 1024w, https:\/\/congresos.unlp.edu.ar\/7ciip\/wp-content\/uploads\/sites\/4\/2019\/11\/foto-alicia.jpg 1920w\" sizes=\"auto, (max-width: 356px) 100vw, 356px\" \/><\/p>\n<p>&nbsp;<\/p>\n<p><strong>CONFERENCIA. <em>Sociedades nuevas, escuelas nuevas. Claves para transformar los espacios escolares.<\/em><\/strong><\/p>\n<p><strong>JUEVES 5 de diciembre\u00a0 a las\u00a0 11 hrs.<\/strong><\/p>\n<p><strong>Jorge Torralbas. Universidad de La Habana<\/strong><\/p>\n<p><span style=\"font-weight: 400\">Presentaci\u00f3n a cargo\u00a0 de\u00a0 Flavio Peresson\u00a0<\/span><\/p>\n<p><img loading=\"lazy\" decoding=\"async\" class=\"alignnone size-medium wp-image-371\" src=\"https:\/\/congresos.unlp.edu.ar\/7ciip\/wp-content\/uploads\/sites\/4\/2019\/11\/Jorge-enrique-torralba-osle-300x300.jpg\" alt=\"\" width=\"300\" height=\"300\" srcset=\"https:\/\/congresos.unlp.edu.ar\/7ciip\/wp-content\/uploads\/sites\/4\/2019\/11\/Jorge-enrique-torralba-osle-300x300.jpg 300w, https:\/\/congresos.unlp.edu.ar\/7ciip\/wp-content\/uploads\/sites\/4\/2019\/11\/Jorge-enrique-torralba-osle-150x150.jpg 150w, https:\/\/congresos.unlp.edu.ar\/7ciip\/wp-content\/uploads\/sites\/4\/2019\/11\/Jorge-enrique-torralba-osle.jpg 640w\" sizes=\"auto, (max-width: 300px) 100vw, 300px\" \/><\/p>\n<p>&nbsp;<\/p>\n<p><strong>CONFERENCIA. <i>Responsabilidad \u00e9tica para la psicolog\u00eda de entender que la Am\u00e9rica Profunda busca su sujeto<\/i><\/strong><\/p>\n<p><strong>JUEVES 5 de diciembre\u00a0 a las\u00a0 18.30 hrs.<\/strong><\/p>\n<p><strong>Carlos Cullen. Universidad de Buenos Aires<\/strong><\/p>\n<p><span style=\"font-weight: 400\">Presentaci\u00f3n a cargo de Mar\u00eda Jos\u00e9 S\u00e1nchez V\u00e1zquez\u00a0\u00a0\u00a0\u00a0\u00a0\u00a0<\/span><\/p>\n<p><img loading=\"lazy\" decoding=\"async\" class=\"alignnone size-medium wp-image-367\" src=\"https:\/\/congresos.unlp.edu.ar\/7ciip\/wp-content\/uploads\/sites\/4\/2019\/11\/Carlos-cullen-300x242.jpg\" alt=\"\" width=\"300\" height=\"242\" srcset=\"https:\/\/congresos.unlp.edu.ar\/7ciip\/wp-content\/uploads\/sites\/4\/2019\/11\/Carlos-cullen-300x242.jpg 300w, https:\/\/congresos.unlp.edu.ar\/7ciip\/wp-content\/uploads\/sites\/4\/2019\/11\/Carlos-cullen.jpg 400w\" sizes=\"auto, (max-width: 300px) 100vw, 300px\" \/><\/p>\n<p><span style=\"font-weight: 400\"><strong>CONFERENCIA<\/strong>\u00a0 <\/span><strong><i>Psicoan\u00e1lisis-\u00e9poca-pol\u00edtica<\/i><\/strong><\/p>\n<p><strong>JUEVES 5 de diciembre\u00a0 a las\u00a0 18.30 hrs.<\/strong><\/p>\n<p><strong>An\u00edbal Leserre. EOL- AMP<\/strong><\/p>\n<p><span style=\"font-weight: 400\">Presentaci\u00f3n a cargo de Flavio Peresson y Mat\u00edas Dambrosio<\/span><\/p>\n<p><img loading=\"lazy\" decoding=\"async\" class=\"alignnone size-medium wp-image-386\" src=\"https:\/\/congresos.unlp.edu.ar\/7ciip\/wp-content\/uploads\/sites\/4\/2019\/11\/Foto-de-Ale-Valentino-169x300.jpg\" alt=\"\" width=\"169\" height=\"300\" srcset=\"https:\/\/congresos.unlp.edu.ar\/7ciip\/wp-content\/uploads\/sites\/4\/2019\/11\/Foto-de-Ale-Valentino-169x300.jpg 169w, https:\/\/congresos.unlp.edu.ar\/7ciip\/wp-content\/uploads\/sites\/4\/2019\/11\/Foto-de-Ale-Valentino-575x1024.jpg 575w, https:\/\/congresos.unlp.edu.ar\/7ciip\/wp-content\/uploads\/sites\/4\/2019\/11\/Foto-de-Ale-Valentino.jpg 719w\" sizes=\"auto, (max-width: 169px) 100vw, 169px\" \/><\/p>\n<p><strong>CONFERENCIA <i>Neoliberalismo y subjetividad<\/i><\/strong><\/p>\n<p><strong>Nora Merlin\u00a0<\/strong><\/p>\n<p><strong>VIERNES 6 de diciembre\u00a0 a las\u00a0 18.30 hrs.<\/strong><\/p>\n<p><span style=\"font-weight: 400\">Presentaci\u00f3n a cargo de\u00a0 Flavio Peresson y Juan Cruz Mart\u00ednez Methol<\/span><\/p>\n<p>&nbsp;<\/p>\n<p><img loading=\"lazy\" decoding=\"async\" class=\"alignnone size-medium wp-image-368\" src=\"https:\/\/congresos.unlp.edu.ar\/7ciip\/wp-content\/uploads\/sites\/4\/2019\/11\/Nora-Merlin-300x300.jpg\" alt=\"\" width=\"300\" height=\"300\" srcset=\"https:\/\/congresos.unlp.edu.ar\/7ciip\/wp-content\/uploads\/sites\/4\/2019\/11\/Nora-Merlin-300x300.jpg 300w, https:\/\/congresos.unlp.edu.ar\/7ciip\/wp-content\/uploads\/sites\/4\/2019\/11\/Nora-Merlin-150x150.jpg 150w, https:\/\/congresos.unlp.edu.ar\/7ciip\/wp-content\/uploads\/sites\/4\/2019\/11\/Nora-Merlin-768x768.jpg 768w, https:\/\/congresos.unlp.edu.ar\/7ciip\/wp-content\/uploads\/sites\/4\/2019\/11\/Nora-Merlin.jpg 960w\" sizes=\"auto, (max-width: 300px) 100vw, 300px\" \/><\/p>\n<p>&nbsp;<\/p>\n<p><b>PANEL DE CIERRE.<\/b><strong><i> Latinoam\u00e9rica en sus Encrucijadas. NEOLIBERALISMO: procesos\u00a0 decoloniales, discursos y producci\u00f3n de subjetividad. Hacia una descolonizaci\u00f3n de la subjetividad moderno-burgu\u00e9s- capitalista.\u00a0<\/i><\/strong><\/p>\n<p><strong>VIERNES 6 de diciembre\u00a0 a las\u00a0 18.30 hrs. AUDITORIO<\/strong><\/p>\n<p><strong>Bautista Rafael y\u00a0 Marcelo Vi\u00f1ar<\/strong><\/p>\n<p><span style=\"font-weight: 400\">\u00a0Coordinaci\u00f3n a cargo de la Vice Decana de la Facultad de Psicolog\u00eda de la UNLP\u00a0 Mar\u00eda Cristina Piro<\/span><\/p>\n<p><img loading=\"lazy\" decoding=\"async\" class=\"alignnone  wp-image-365\" src=\"https:\/\/congresos.unlp.edu.ar\/7ciip\/wp-content\/uploads\/sites\/4\/2019\/11\/Rafael-Bautista-300x200.jpg\" alt=\"\" width=\"297\" height=\"198\" srcset=\"https:\/\/congresos.unlp.edu.ar\/7ciip\/wp-content\/uploads\/sites\/4\/2019\/11\/Rafael-Bautista-300x200.jpg 300w, https:\/\/congresos.unlp.edu.ar\/7ciip\/wp-content\/uploads\/sites\/4\/2019\/11\/Rafael-Bautista-1024x683.jpg 1024w, https:\/\/congresos.unlp.edu.ar\/7ciip\/wp-content\/uploads\/sites\/4\/2019\/11\/Rafael-Bautista-768x512.jpg 768w, https:\/\/congresos.unlp.edu.ar\/7ciip\/wp-content\/uploads\/sites\/4\/2019\/11\/Rafael-Bautista-272x182.jpg 272w, https:\/\/congresos.unlp.edu.ar\/7ciip\/wp-content\/uploads\/sites\/4\/2019\/11\/Rafael-Bautista.jpg 1440w\" sizes=\"auto, (max-width: 297px) 100vw, 297px\" \/><img loading=\"lazy\" decoding=\"async\" class=\"alignnone  wp-image-372\" src=\"https:\/\/congresos.unlp.edu.ar\/7ciip\/wp-content\/uploads\/sites\/4\/2019\/11\/Marcelo-Vi\u00f1ar-169x300.png\" alt=\"\" width=\"168\" height=\"296\" \/><\/p>\n","protected":false},"excerpt":{"rendered":"<p>PANEL DE APERTURA. Feminismos\/G\u00e9nero y producci\u00f3n de conocimiento Dora Barrancos, Alicia Stolkiner MI\u00c9RCOLES 4 de diciembre a las 18.30 hrs. AUDITORIO Coordinaci\u00f3n a cargo del Sr. Decano de la Facultad de Psicolog\u00eda de la UNLP\u00a0 Xavier O\u00f1ativia &nbsp; CONFERENCIA. Sociedades nuevas, escuelas nuevas. Claves para transformar los espacios escolares. JUEVES 5 de diciembre\u00a0 a las\u00a0 [&hellip;]<\/p>\n","protected":false},"author":2,"featured_media":0,"parent":100,"menu_order":0,"comment_status":"closed","ping_status":"closed","template":"","meta":{"advgb_blocks_editor_width":"","advgb_blocks_columns_visual_guide":"","footnotes":""},"class_list":["post-15","page","type-page","status-publish","hentry","post"],"aioseo_notices":[],"coauthors":[],"author_meta":{"author_link":"https:\/\/congresos.unlp.edu.ar\/7ciip\/author\/congresos\/","display_name":"congresos"},"relative_dates":{"created":"Posted 7 a\u00f1os ago","modified":"Updated 6 a\u00f1os ago"},"absolute_dates":{"created":"Posted on 22 mayo, 2019","modified":"Updated on 1 diciembre, 2019"},"absolute_dates_time":{"created":"Posted on 22 mayo, 2019 1:37 pm","modified":"Updated on 1 diciembre, 2019 6:38 pm"},"featured_img_caption":"","featured_img":false,"series_order":"","_links":{"self":[{"href":"https:\/\/congresos.unlp.edu.ar\/7ciip\/wp-json\/wp\/v2\/pages\/15","targetHints":{"allow":["GET"]}}],"collection":[{"href":"https:\/\/congresos.unlp.edu.ar\/7ciip\/wp-json\/wp\/v2\/pages"}],"about":[{"href":"https:\/\/congresos.unlp.edu.ar\/7ciip\/wp-json\/wp\/v2\/types\/page"}],"author":[{"embeddable":true,"href":"https:\/\/congresos.unlp.edu.ar\/7ciip\/wp-json\/wp\/v2\/users\/2"}],"replies":[{"embeddable":true,"href":"https:\/\/congresos.unlp.edu.ar\/7ciip\/wp-json\/wp\/v2\/comments?post=15"}],"version-history":[{"count":0,"href":"https:\/\/congresos.unlp.edu.ar\/7ciip\/wp-json\/wp\/v2\/pages\/15\/revisions"}],"up":[{"embeddable":true,"href":"https:\/\/congresos.unlp.edu.ar\/7ciip\/wp-json\/wp\/v2\/pages\/100"}],"wp:attachment":[{"href":"https:\/\/congresos.unlp.edu.ar\/7ciip\/wp-json\/wp\/v2\/media?parent=15"}],"curies":[{"name":"wp","href":"https:\/\/api.w.org\/{rel}","templated":true}]}}