{"id":10,"date":"2019-05-20T14:17:14","date_gmt":"2019-05-20T17:17:14","guid":{"rendered":"https:\/\/congresos.unlp.edu.ar\/7scii\/?page_id=10"},"modified":"2020-03-16T10:18:47","modified_gmt":"2020-03-16T13:18:47","slug":"modalidades","status":"publish","type":"page","link":"https:\/\/congresos.unlp.edu.ar\/7ciip\/modalidades\/","title":{"rendered":"Modalidades de Trabajos"},"content":{"rendered":"\r\n<p><strong>MODALIDADES DE PRESENTACI\u00d3N DE TRABAJOS<\/strong><\/p>\r\n\r\n\r\n\r\n<p>1.<strong>Mesas de Trabajos Libres<\/strong><br \/>Las Mesas de Trabajos Libres estar\u00e1n conformadas por trabajos in\u00e9ditos propuestos por los autores con el prop\u00f3sito de dar cuenta de los avances y\/o resultados de sus diferentes producciones cient\u00edficas. La exposici\u00f3n de cada trabajo tendr\u00e1 una duraci\u00f3n m\u00e1xima de 10 minutos, se recomienda especialmente que sea realizada en forma oral con el objetivo de promover el intercambio. Cada Mesa de Trabajo contar\u00e1 con una coordinaci\u00f3n propuesta desde la organizaci\u00f3n del Congreso<\/p>\r\n\r\n\r\n\r\n<p>&nbsp;<\/p>\r\n\r\n\r\n\r\n<p>2. <strong>P\u00f3ster<\/strong> Los contenidos a presentar en la modalidad de P\u00f3ster estar\u00e1n abiertos a cualquier \u00e1rea relacionada con los Ejes Tem\u00e1ticos del Congreso. Los P\u00f3ster deber\u00e1n tener un tama\u00f1o de 0.90 x 1.20 cm con orientaci\u00f3n vertical y ser\u00e1n entregados al Comit\u00e9 Organizador con anterioridad al inicio del Congreso para que puedan ser debidamente ubicados en el lugar designado para la exposici\u00f3n. Se solicitar\u00e1 el env\u00edo anticipado del Poster en formato JPG o PDF.<\/p>\r\n\r\n\r\n\r\n<p>3. <strong>Sesi\u00f3n de Presentaci\u00f3n de Libro<\/strong><br \/>Los autores de libros podr\u00e1n presentar sus m\u00e1s recientes producciones y contar\u00e1n con un tiempo de 60 minutos para su exposici\u00f3n.<\/p>\r\n\r\n\r\n\r\n<p>4. <strong>Taller <\/strong><br \/>La propuesta de Taller en un espacio formativo con modalidad participativa relacionada con los Ejes Tem\u00e1ticos del Congreso que admite hasta 4 (cuatro) coordinadores y prev\u00e9 una duraci\u00f3n de 90 minutos.<\/p>\r\n\r\n\r\n\r\n<p>Todas las presentaciones para las diferentes modalidades de trabajos ser\u00e1n evaluadas por el Comit\u00e9 Cient\u00edfico Acad\u00e9mico.<\/p>\r\n\r\n\r\n\r\n<p>&nbsp;<\/p>\r\n","protected":false},"excerpt":{"rendered":"<p>MODALIDADES DE PRESENTACI\u00d3N DE TRABAJOS 1.Mesas de Trabajos LibresLas Mesas de Trabajos Libres estar\u00e1n conformadas por trabajos in\u00e9ditos propuestos por los autores con el prop\u00f3sito de dar cuenta de los avances y\/o resultados de sus diferentes producciones cient\u00edficas. La exposici\u00f3n de cada trabajo tendr\u00e1 una duraci\u00f3n m\u00e1xima de 10 minutos, se recomienda especialmente que sea [&hellip;]<\/p>\n","protected":false},"author":2,"featured_media":0,"parent":0,"menu_order":0,"comment_status":"closed","ping_status":"closed","template":"","meta":{"advgb_blocks_editor_width":"","advgb_blocks_columns_visual_guide":"","footnotes":""},"class_list":["post-10","page","type-page","status-publish","hentry","post"],"aioseo_notices":[],"coauthors":[],"author_meta":{"author_link":"https:\/\/congresos.unlp.edu.ar\/7ciip\/author\/congresos\/","display_name":"congresos"},"relative_dates":{"created":"Posted 7 a\u00f1os ago","modified":"Updated 6 a\u00f1os ago"},"absolute_dates":{"created":"Posted on 20 mayo, 2019","modified":"Updated on 16 marzo, 2020"},"absolute_dates_time":{"created":"Posted on 20 mayo, 2019 2:17 pm","modified":"Updated on 16 marzo, 2020 10:18 am"},"featured_img_caption":"","featured_img":false,"series_order":"","_links":{"self":[{"href":"https:\/\/congresos.unlp.edu.ar\/7ciip\/wp-json\/wp\/v2\/pages\/10","targetHints":{"allow":["GET"]}}],"collection":[{"href":"https:\/\/congresos.unlp.edu.ar\/7ciip\/wp-json\/wp\/v2\/pages"}],"about":[{"href":"https:\/\/congresos.unlp.edu.ar\/7ciip\/wp-json\/wp\/v2\/types\/page"}],"author":[{"embeddable":true,"href":"https:\/\/congresos.unlp.edu.ar\/7ciip\/wp-json\/wp\/v2\/users\/2"}],"replies":[{"embeddable":true,"href":"https:\/\/congresos.unlp.edu.ar\/7ciip\/wp-json\/wp\/v2\/comments?post=10"}],"version-history":[{"count":0,"href":"https:\/\/congresos.unlp.edu.ar\/7ciip\/wp-json\/wp\/v2\/pages\/10\/revisions"}],"wp:attachment":[{"href":"https:\/\/congresos.unlp.edu.ar\/7ciip\/wp-json\/wp\/v2\/media?parent=10"}],"curies":[{"name":"wp","href":"https:\/\/api.w.org\/{rel}","templated":true}]}}