{"id":36,"date":"2021-04-21T10:50:00","date_gmt":"2021-04-21T13:50:00","guid":{"rendered":"https:\/\/congresos.unlp.edu.ar\/5jonicer\/?page_id=36"},"modified":"2022-11-04T11:42:53","modified_gmt":"2022-11-04T14:42:53","slug":"fechas-importantes","status":"publish","type":"page","link":"https:\/\/congresos.unlp.edu.ar\/5jonicer\/fechas-importantes\/","title":{"rendered":"Aranceles"},"content":{"rendered":"<pre><strong>                             Hasta el 1ro de agosto\u00a0 \u00a0A partir del 2 de agosto<\/strong>\r\n\r\n<strong>Profesional \/ Investigador\u00a0 \u00a0 \u00a0 \u00a0 \u00a0 $ 8.000\u00a0 \u00a0 \u00a0 \u00a0 \u00a0 \u00a0 \u00a0 \u00a0 \u00a0 $ 12.000\u00a0 \u00a0 \u00a0 \u00a0  <\/strong>\r\n\r\n<strong>Estudiante de posgrado\u00a0 \u00a0 \u00a0 \u00a0 \u00a0 \u00a0 \u00a0 $ 4.000\u00a0 \u00a0 \u00a0 \u00a0 \u00a0 \u00a0 \u00a0 \u00a0 \u00a0 $ 6.000<\/strong>\r\n\r\n<strong>Estudiante de grado (autor)*\u00a0 \u00a0 \u00a0 \u00a0 $ 2.000\u00a0 \u00a0 \u00a0 \u00a0 \u00a0 \u00a0 \u00a0 \u00a0 \u00a0 $ 3.000<\/strong><\/pre>\n<p>*La participaci\u00f3n del estudiante de grado como <em>asistente<\/em> al evento sin presentaci\u00f3n de trabajo es gratuita.<\/p>\n<hr \/>\n<h6><strong>Recordamos que se podr\u00e1 solicitar en el formulario de inscripci\u00f3n una beca para cubrir la inscripci\u00f3n.<\/strong><\/h6>\n<blockquote>\n<div lang=\"EN-US\">\n<h6><strong><span style=\"color: #000000\">Datos para realizar la transferencia:<\/span><\/strong><\/h6>\n<ul>\n<li>\n<h6><span style=\"color: #000000\">Banco Santander Rio<\/span><\/h6>\n<\/li>\n<li>\n<h6><span style=\"color: #000000\">CBU : 0720500220000000008404<\/span><\/h6>\n<\/li>\n<li>\n<h6><span style=\"color: #000000\">CUIT : 30-64667942-3<\/span><\/h6>\n<\/li>\n<\/ul>\n<h6><span style=\"color: #000000\"><span style=\"font-weight: 400\">Una vez realizada la transferencia, adjuntar el comprobante v\u00eda correo electr\u00f3nico, <\/span><span style=\"font-weight: 400\">a <\/span><a style=\"color: #000000\" href=\"mailto:5jonicer@gmail.com\"><span style=\"font-weight: 400\">5jonicer@gmail.com<\/span><\/a><span style=\"font-weight: 400\"> . <\/span>Adem\u00e1s, para realizar la factura del pago de inscripci\u00f3n enviar: raz\u00f3n social\/nombre, cuit y tipo de factura. O n\u00famero de DNI (o CUIL), seg\u00fan corresponda.<\/span><\/h6>\n<\/div>\n<\/blockquote>\n","protected":false},"excerpt":{"rendered":"<p>Hasta el 1ro de agosto\u00a0 \u00a0A partir del 2 de agosto Profesional \/ Investigador\u00a0 \u00a0 \u00a0 \u00a0 \u00a0 $ 8.000\u00a0 \u00a0 \u00a0 \u00a0 \u00a0 \u00a0 \u00a0 \u00a0 \u00a0 $ 12.000\u00a0 \u00a0 \u00a0 \u00a0 Estudiante de posgrado\u00a0 \u00a0 \u00a0 \u00a0 \u00a0 \u00a0 \u00a0 $ 4.000\u00a0 \u00a0 \u00a0 \u00a0 \u00a0 \u00a0 \u00a0 \u00a0 \u00a0 $ 6.000 Estudiante [&hellip;]<\/p>\n","protected":false},"author":2,"featured_media":0,"parent":0,"menu_order":0,"comment_status":"closed","ping_status":"closed","template":"","meta":{"advgb_blocks_editor_width":"","advgb_blocks_columns_visual_guide":"","footnotes":""},"class_list":["post-36","page","type-page","status-publish","hentry","post"],"aioseo_notices":[],"coauthors":[],"author_meta":{"author_link":"https:\/\/congresos.unlp.edu.ar\/5jonicer\/author\/congresos\/","display_name":"congresos"},"relative_dates":{"created":"Posted 5 a\u00f1os ago","modified":"Updated 3 a\u00f1os ago"},"absolute_dates":{"created":"Posted on 21 abril, 2021","modified":"Updated on 4 noviembre, 2022"},"absolute_dates_time":{"created":"Posted on 21 abril, 2021 10:50 am","modified":"Updated on 4 noviembre, 2022 11:42 am"},"featured_img_caption":"","featured_img":false,"series_order":"","_links":{"self":[{"href":"https:\/\/congresos.unlp.edu.ar\/5jonicer\/wp-json\/wp\/v2\/pages\/36","targetHints":{"allow":["GET"]}}],"collection":[{"href":"https:\/\/congresos.unlp.edu.ar\/5jonicer\/wp-json\/wp\/v2\/pages"}],"about":[{"href":"https:\/\/congresos.unlp.edu.ar\/5jonicer\/wp-json\/wp\/v2\/types\/page"}],"author":[{"embeddable":true,"href":"https:\/\/congresos.unlp.edu.ar\/5jonicer\/wp-json\/wp\/v2\/users\/2"}],"replies":[{"embeddable":true,"href":"https:\/\/congresos.unlp.edu.ar\/5jonicer\/wp-json\/wp\/v2\/comments?post=36"}],"version-history":[{"count":0,"href":"https:\/\/congresos.unlp.edu.ar\/5jonicer\/wp-json\/wp\/v2\/pages\/36\/revisions"}],"wp:attachment":[{"href":"https:\/\/congresos.unlp.edu.ar\/5jonicer\/wp-json\/wp\/v2\/media?parent=36"}],"curies":[{"name":"wp","href":"https:\/\/api.w.org\/{rel}","templated":true}]}}