{"id":30,"date":"2021-04-21T10:49:13","date_gmt":"2021-04-21T13:49:13","guid":{"rendered":"https:\/\/congresos.unlp.edu.ar\/5jonicer\/?page_id=30"},"modified":"2022-11-14T10:40:32","modified_gmt":"2022-11-14T13:40:32","slug":"cronograma","status":"publish","type":"page","link":"https:\/\/congresos.unlp.edu.ar\/5jonicer\/cronograma\/","title":{"rendered":"Cronograma"},"content":{"rendered":"<h3><span style=\"color: #000000\"><b>MI\u00c9RCOLES 16<\/b><\/span><\/h3>\n<p><span style=\"color: #000000\"><b>Lugar: Centro de Posgrado Karakachoff y lugares a visitar<\/b><\/span><\/p>\n<p><span style=\"color: #ff0000\"><a style=\"color: #ff0000\" title=\"C\u00f3mo llegar\" href=\"https:\/\/congresos.unlp.edu.ar\/5jonicer\/como-llegar\/\" target=\"_blank\" rel=\"noopener\">C\u00f3mo llegar<\/a><\/span><\/p>\n<p><span style=\"font-weight: 400;color: #000000\"><strong>8:30-10:30 hs<\/strong>\u00a0Acreditaciones a las Jornadas en el Centro de Posgrado<\/span><\/p>\n<p><span style=\"font-weight: 400;color: #000000\"><strong>10:30-12:30 hs<\/strong> Visitas al Museo de Ciencias Naturales y a la F\u00e1brica Ctibor (cupos limitados)<\/span><\/p>\n<p><span style=\"color: #000000\"><strong>12:30-14:00 hs <\/strong><em><span style=\"font-weight: 400\">Pausa almuerzo libre<\/span><\/em><\/span><\/p>\n<p><span style=\"font-weight: 400;color: #000000\"><strong>14:00-17:00 hs<\/strong> Visitas al Museo de Ciencias Naturales<\/span><\/p>\n<p><span style=\"font-weight: 400;color: #000000\"><strong>18:00-20:00 hs<\/strong>\u00a0Visita al Museo del Ladrillo\u00a0<\/span><\/p>\n<p><span style=\"font-weight: 400;color: #000000\">\u00a0 \u00a0 \u00a0 \u00a0 \u00a0 \u00a0 \u00a0 \u00a0 \u00a0 \u00a0 \u00a0 \u00a0 \u00a0 Muestra<em> &#8220;Explosiones flotantes&#8221;<\/em> de <\/span><span style=\"font-weight: 400;color: #000000\">la artista Marcela Cabutti<\/span><\/p>\n<p><span style=\"font-weight: 400;color: #000000\">\u00a0 \u00a0 \u00a0 \u00a0 \u00a0 \u00a0 \u00a0 \u00a0 \u00a0 \u00a0 \u00a0 \u00a0 \u00a0 C\u00f3ctel de bienvenida\u00a0<\/span><\/p>\n<hr \/>\n<h3><span style=\"color: #000000\"><b>JUEVES 17\u00a0<\/b><\/span><\/h3>\n<p><span style=\"color: #000000\"><b>Lugar: Centro de Posgrado Karakachoff<\/b><\/span><\/p>\n<p><span style=\"color: #ff0000\"><a style=\"color: #ff0000\" title=\"C\u00f3mo llegar\" href=\"https:\/\/congresos.unlp.edu.ar\/5jonicer\/como-llegar\/\" target=\"_blank\" rel=\"noopener\">C\u00f3mo llegar<\/a><\/span><\/p>\n<p><span style=\"font-weight: 400;color: #000000\"><strong>8:30 hs<\/strong> Acreditaciones a las Jornadas, recepci\u00f3n de p\u00f3sters del d\u00eda<\/span><\/p>\n<p><span style=\"color: #000000\"><strong>9:00-9:40 hs <\/strong>Acto de apertura de las Jornadas<\/span><\/p>\n<p><span style=\"color: #000000\"><span style=\"font-weight: 400\"><strong>9:40-10:20 hs<\/strong> &#8220;<i>Tres cuestiones en el fog\u00f3n. Reflexiones sobre la producci\u00f3n cer\u00e1mica de Casira&#8221;. <\/i><\/span>Roxana Amarilla &#8211; <span style=\"font-weight: 400\">Mercado de Artesan\u00edas Tradicionales e Innovadoras Argentinas<\/span><\/span><\/p>\n<p><span style=\"font-weight: 400;color: #000000\"><strong>10:20-10:50 hs<\/strong> <em>Pausa para caf\u00e9<\/em><\/span><\/p>\n<p><span style=\"color: #000000\"><strong>10:50-11:15 hs <\/strong><em>&#8220;<\/em><i>Moldeo por Inyecci\u00f3n Cer\u00e1mica (CIM) para el desarrollo y fabricaci\u00f3n de dispositivos m\u00e9dicos. Implantes dentales Y-TZP<\/i><em>&#8220;. <\/em>Bernardo Villares &#8211; <span style=\"font-weight: 400\">MABB Biomateriales<\/span><\/span><\/p>\n<p><span style=\"color: #000000\"><strong>11:15-11:55 hs <\/strong><i><span style=\"font-weight: 400\">&#8220;Mensajes ocultos en las pastas: estudios tecnol\u00f3gicos de cer\u00e1micas arqueol\u00f3gicas<\/span><\/i><span style=\"font-weight: 400\">&#8220;<\/span><strong><span style=\"font-weight: 400\">. <\/span><\/strong>Beatriz Cremonte<span style=\"font-weight: 400\"> &#8211;\u00a0<\/span><span style=\"font-weight: 400\">Instituto de Ecorregiones Andinas \u2013 CONICET, Instituto de Geolog\u00eda y Miner\u00eda &#8211; UNJu\u00a0<\/span><\/span><\/p>\n<p><span style=\"color: #000000\"><strong>11:55-12:20 hs <\/strong><i><span style=\"font-weight: 400\">&#8220;Plataformas cer\u00e1micas el\u00e9ctricamente conductoras con macroporosidad unidireccional para aplicaciones bio-electroqu\u00edmicas&#8221;<\/span><\/i><strong><i><span style=\"font-weight: 400\">. <\/span><\/i><\/strong>Hern\u00e1n Romeo &#8211; Instituto de Investigaciones en Ciencia y Tecnolog\u00eda de Materiales &#8211; CONICET, UNMDP<\/span><\/p>\n<p><span style=\"color: #000000\"><strong>12:20-14:00 hs <\/strong><i><span style=\"font-weight: 400\">Pausa almuerzo libre<\/span><\/i><\/span><\/p>\n<p><span style=\"color: #000000\"><strong>14:00-14:40 hs <\/strong><i>&#8220;Materiales ferroel\u00e9ctricos y sus aplicaciones<\/i>&#8220;<strong><span style=\"font-weight: 400\">. <\/span><\/strong>Marcelo Stachiotti &#8211; <span style=\"font-weight: 400\">Instituto de F\u00edsica de Rosario &#8211; CONICET, UNR<\/span><\/span><\/p>\n<p><span style=\"color: #000000\"><strong>14:40-15:05 hs <\/strong><i><span style=\"font-weight: 400\">&#8220;Evaluaci\u00f3n de los procesos geoqu\u00edmicos en la interacci\u00f3n agua-sedimento en ambientes afectados por residuos mineros-industriales<\/span><\/i><span style=\"font-weight: 400\">&#8220;<\/span><strong><span style=\"font-weight: 400\">.<\/span><\/strong> Eleonora Carol &#8211; <span style=\"font-weight: 400\">Centro de Investigaciones Geol\u00f3gicas &#8211; CONICET, UNLP<\/span><\/span><\/p>\n<p><span style=\"color: #000000\"><strong>15:05-15:45 hs <\/strong><i><span style=\"font-weight: 400\">&#8220;Arte e industria&#8221;<\/span><\/i><strong><i><span style=\"font-weight: 400\">. <\/span><\/i><\/strong>Mart\u00edn Peralta &#8211; <span style=\"font-weight: 400\">Cristaler\u00eda San Carlos<\/span><\/span><\/p>\n<p><span style=\"color: #000000\"><strong>15:45-16:15 hs <\/strong><i><span style=\"font-weight: 400\">Pausa para caf\u00e9<\/span><\/i><\/span><\/p>\n<p><span style=\"color: #000000\"><strong>16:15-17:30 hs <\/strong><i><span style=\"font-weight: 400\">Sesi\u00f3n de p\u00f3sters I<span style=\"color: #ff0000\"> <a style=\"color: #ff0000\" href=\"https:\/\/congresos.unlp.edu.ar\/5jonicer\/wp-content\/uploads\/sites\/33\/2022\/11\/Cronograma-de-las-sesiones-de-posters.pdf\" target=\"_blank\" rel=\"noopener\">(Descargar distribuci\u00f3n)<\/a><\/span><\/span><\/i><\/span><\/p>\n<p><span style=\"color: #000000\"><strong>17:30-17:55 hs <\/strong><i><span style=\"font-weight: 400\">&#8220;Cer\u00e1micas arqueol\u00f3gicas de momentos hist\u00f3ricos: producci\u00f3n, circulaci\u00f3n y uso a partir de casos de estudio de la Puna de Jujuy&#8221;<\/span><\/i><strong><i><span style=\"font-weight: 400\">. <\/span><\/i><\/strong>Josefina Perez Pieroni &#8211; <span style=\"font-weight: 400\">Instituto Superior de Estudios Sociales &#8211; CONICET, UNT<\/span><\/span><\/p>\n<p><span style=\"color: #000000\"><strong>17:55-18:20 hs <\/strong><i><span style=\"font-weight: 400\">&#8220;Dise\u00f1o cer\u00e1mico FADU\/UBA&#8221;. <\/span><\/i><span style=\"font-weight: 400\">Myriam Druetta &#8211; Facultad de Arquitectura, Dise\u00f1o y Urbanismo &#8211; UBA<\/span><\/span><\/p>\n<p><span style=\"color: #000000\"><i><span style=\"font-weight: 400\">\u00a0 \u00a0 \u00a0 \u00a0 \u00a0 \u00a0 \u00a0 \u00a0 \u00a0 \u00a0 \u00a0 \u00a0 \u00a0 &#8220;Presentaci\u00f3n del Prototipo de Dise\u00f1o Cer\u00e1mico FERRUM\/UBA&#8221;<\/span><\/i><strong><i><span style=\"font-weight: 400\">. <\/span><\/i><\/strong>Myriam Druetta &#8211; <span style=\"font-weight: 400\">Facultad de Arquitectura, Dise\u00f1o y Urbanismo &#8211; UBA<\/span><\/span><\/p>\n<hr \/>\n<h3><span style=\"color: #000000\"><b>VIERNES 18<\/b><\/span><\/h3>\n<p><span style=\"color: #000000\"><b>Lugar: CETMIC<\/b><\/span><\/p>\n<p><span style=\"color: #ff0000\"><a style=\"color: #ff0000\" title=\"C\u00f3mo llegar\" href=\"https:\/\/congresos.unlp.edu.ar\/5jonicer\/como-llegar\/\" target=\"_blank\" rel=\"noopener\">C\u00f3mo llegar<\/a><\/span><\/p>\n<p><span style=\"font-weight: 400;color: #000000\"><strong>8:30 hs<\/strong> Acreditaciones a las Jornadas, recepci\u00f3n de p\u00f3sters del d\u00eda<\/span><\/p>\n<p><span style=\"color: #000000\"><strong>9:00-9:40 hs <\/strong><i><span style=\"font-weight: 400\">&#8220;Panorama sobre minerales y rocas industriales nacionales vinculadas a la industria cer\u00e1mica<\/span><\/i><span style=\"font-weight: 400\">&#8220;<\/span><strong><span style=\"font-weight: 400\">.<\/span><\/strong> Ricardo Echeverry &#8211; <span style=\"font-weight: 400\">Facultad de Ciencias Naturales y Museo &#8211; UNLP, CONICET<\/span><\/span><\/p>\n<p><span style=\"color: #000000\"><strong>9:40-10:40 hs\u00a0<\/strong>Mesa redonda: &#8220;<i><span style=\"font-weight: 400\">Formaci\u00f3n de especialistas en cer\u00e1mica: sim<span style=\"color: #000000\">ilitudes y oportunidades en las distintas \u00e1reas del campo disciplinar en Argentina&#8221;. <\/span><\/span><\/i><span style=\"font-weight: 400\">Participantes confirmadxs: Alejandra De Stefano (Escuela Superior de Ense\u00f1anza Art\u00edstica &#8220;Fernando Arranz&#8221;), <\/span>Mar\u00eda Emilia Iucci<span style=\"font-weight: 400\"> (UNLP), <\/span>Esteban Gabriel Such<span style=\"font-weight: 400\"> (UNCuyo) y <\/span>Oscar Vitale<span style=\"font-weight: 400\"> (ATAC). Modera: Nicol\u00e1s Rendtorff.<\/span><\/span><\/p>\n<p><span style=\"color: #000000\"><strong>10:40-11:00 hs <\/strong><i><span style=\"font-weight: 400\">Pausa para caf\u00e9<\/span><\/i><\/span><\/p>\n<p><span style=\"color: #000000\"><strong>11:00-12:00 hs <\/strong><i><span style=\"font-weight: 400\">Sesi\u00f3n de p\u00f3sters II<span style=\"color: #ff0000\"> <a style=\"color: #ff0000\" href=\"https:\/\/congresos.unlp.edu.ar\/5jonicer\/wp-content\/uploads\/sites\/33\/2022\/11\/Cronograma-de-las-sesiones-de-posters.pdf\" target=\"_blank\" rel=\"noopener\">(Descargar distribuci\u00f3n)<\/a><\/span><\/span><\/i><\/span><\/p>\n<p><span style=\"color: #000000\"><strong>12:00-13:30 hs <\/strong><\/span><span style=\"color: #000000\">Mesa redonda<span style=\"font-weight: 400\">: &#8220;<\/span><i><span style=\"font-weight: 400\">Los roles actuales de las mujeres en el \u00e1mbito industrial, cient\u00edfico-acad\u00e9mico y la artesan\u00eda&#8221;. <\/span><\/i><\/span><span style=\"font-weight: 400;color: #000000\">Participantes confirmadas:\u00a0<\/span><span style=\"color: #000000\">Eugenia Ctibor (Cer\u00e1mica Ctibor),\u00a0<\/span><span style=\"color: #000000\">Mar\u00eda Eugenia Garc\u00eda (UNLP) y\u00a0<\/span><span style=\"color: #000000\">Adriana Mart\u00ednez (Olleras Cooperativas). Modera: Florencia Melo.<\/span><\/p>\n<p><span style=\"color: #000000\"><strong>13:30-14:30 hs <\/strong><i><span style=\"font-weight: 400\">Pausa almuerzo<\/span><\/i><\/span><\/p>\n<p><span style=\"font-weight: 400;color: #000000\"><strong>14:30-17:00 hs<\/strong> Quema a cielo abierto<\/span><\/p>\n<p><span style=\"font-weight: 400;color: #000000\"><strong>17:00 hs<\/strong> Entrega de premios y cierre de las Jornadas<\/span><\/p>\n","protected":false},"excerpt":{"rendered":"<p>MI\u00c9RCOLES 16 Lugar: Centro de Posgrado Karakachoff y lugares a visitar C\u00f3mo llegar 8:30-10:30 hs\u00a0Acreditaciones a las Jornadas en el Centro de Posgrado 10:30-12:30 hs Visitas al Museo de Ciencias Naturales y a la F\u00e1brica Ctibor (cupos limitados) 12:30-14:00 hs Pausa almuerzo libre 14:00-17:00 hs Visitas al Museo de Ciencias Naturales 18:00-20:00 hs\u00a0Visita al Museo [&hellip;]<\/p>\n","protected":false},"author":2,"featured_media":0,"parent":0,"menu_order":0,"comment_status":"closed","ping_status":"closed","template":"","meta":{"advgb_blocks_editor_width":"","advgb_blocks_columns_visual_guide":"","footnotes":""},"class_list":["post-30","page","type-page","status-publish","hentry","post"],"aioseo_notices":[],"coauthors":[],"author_meta":{"author_link":"https:\/\/congresos.unlp.edu.ar\/5jonicer\/author\/congresos\/","display_name":"congresos"},"relative_dates":{"created":"Posted 5 a\u00f1os ago","modified":"Updated 3 a\u00f1os ago"},"absolute_dates":{"created":"Posted on 21 abril, 2021","modified":"Updated on 14 noviembre, 2022"},"absolute_dates_time":{"created":"Posted on 21 abril, 2021 10:49 am","modified":"Updated on 14 noviembre, 2022 10:40 am"},"featured_img_caption":"","featured_img":false,"series_order":"","_links":{"self":[{"href":"https:\/\/congresos.unlp.edu.ar\/5jonicer\/wp-json\/wp\/v2\/pages\/30","targetHints":{"allow":["GET"]}}],"collection":[{"href":"https:\/\/congresos.unlp.edu.ar\/5jonicer\/wp-json\/wp\/v2\/pages"}],"about":[{"href":"https:\/\/congresos.unlp.edu.ar\/5jonicer\/wp-json\/wp\/v2\/types\/page"}],"author":[{"embeddable":true,"href":"https:\/\/congresos.unlp.edu.ar\/5jonicer\/wp-json\/wp\/v2\/users\/2"}],"replies":[{"embeddable":true,"href":"https:\/\/congresos.unlp.edu.ar\/5jonicer\/wp-json\/wp\/v2\/comments?post=30"}],"version-history":[{"count":0,"href":"https:\/\/congresos.unlp.edu.ar\/5jonicer\/wp-json\/wp\/v2\/pages\/30\/revisions"}],"wp:attachment":[{"href":"https:\/\/congresos.unlp.edu.ar\/5jonicer\/wp-json\/wp\/v2\/media?parent=30"}],"curies":[{"name":"wp","href":"https:\/\/api.w.org\/{rel}","templated":true}]}}