{"id":24,"date":"2021-04-21T10:48:32","date_gmt":"2021-04-21T13:48:32","guid":{"rendered":"https:\/\/congresos.unlp.edu.ar\/5jonicer\/?page_id=24"},"modified":"2022-11-15T15:47:36","modified_gmt":"2022-11-15T18:47:36","slug":"como-llegar","status":"publish","type":"page","link":"https:\/\/congresos.unlp.edu.ar\/5jonicer\/como-llegar\/","title":{"rendered":"C\u00f3mo llegar"},"content":{"rendered":"<p><b>C\u00f3mo llegar al Centro de Posgrado Karakachoff <\/b><span style=\"font-weight: 400\">(Calle 48, entre calle 6 y avenida 7, La Plata)<\/span><\/p>\n<p><span style=\"font-weight: 400\"><a href=\"https:\/\/www.google.com\/maps\/dir\/\/B1900AMW,+C.+48+551-599,+B1900AMW+La+Plata,+Provincia+de+Buenos+Aires\/@-34.9130377,-58.0208264,12z\/data=!3m1!4b1!4m8!4m7!1m0!1m5!1m1!1s0x95a2e6375deb42a9:0xf80aa4ebe40a2507!2m2!1d-57.9507863!2d-34.9130578\" target=\"_blank\" rel=\"noopener\">Clickear aqu\u00ed<\/a> para localizaci\u00f3n en Google maps<\/span><\/p>\n<p><span style=\"font-weight: 400\">Desde el centro de la ciudad sugerimos caminar hasta el Centro de Posgrado. Igualmente, la mayor\u00eda de las l\u00edneas de \u00f3mnibus tienen parada a menos de 100 metros del Centro de Posgrado.<\/span><\/p>\n<ul>\n<li style=\"font-weight: 400\"><span style=\"font-weight: 400\">Desde la terminal de \u00f3mnibus son 7 cuadras hasta el Centro de Posgrado. Desde la parada de calle 41 pueden tomar los \u00f3mnibus de las l\u00edneas Este o 520<\/span><span style=\"font-weight: 400\"><a href=\"https:\/\/www.omnilineas.com.ar\/la-plata\/colectivos\/bf.2fbagijlte-ulq-1f69-vbe-1fic-v9r-1fjf\" target=\"_blank\" rel=\"noopener\"> (revisar ramales aqu\u00ed)<\/a>.\u00a0<\/span><\/li>\n<li style=\"font-weight: 400\"><span style=\"font-weight: 400\">Desde la estaci\u00f3n de trenes son 7 cuadras hasta el Centro de Posgrado. Desde la parada de avenida 1 pueden tomar los \u00f3mnibus de las <\/span><span style=\"font-weight: 400\">l\u00edneas Este o 520 <a href=\"https:\/\/www.omnilineas.com.ar\/la-plata\/colectivos\/bc.2gf24cf4af-ul5-1fnb-vbe-1fic-wgm-1dfj\" target=\"_blank\" rel=\"noopener\">(revisar ramales aqu\u00ed)<\/a>.<\/span><\/li>\n<\/ul>\n<hr \/>\n<p><b>C\u00f3mo llegar al CETMIC<\/b><span style=\"font-weight: 400\"> (Camino Parque Centenario, entre calles 505 y 508, M. B. Gonnet)<\/span><\/p>\n<p><span style=\"font-weight: 400\"><a href=\"https:\/\/www.google.com\/maps\/dir\/\/CETMIC,+Camino+Parque+Centenario,+Gonnet,+Provincia+de+Buenos+Aires\/@-34.8867887,-58.0759599,12z\/data=!4m8!4m7!1m0!1m5!1m1!1s0x95a2e76015046c3f:0x20c8cde17df1e9bf!2m2!1d-58.0059195!2d-34.8869496\" target=\"_blank\" rel=\"noopener\">Clickear aqu\u00ed<\/a> para localizaci\u00f3n en Google maps<\/span><\/p>\n<p><span style=\"font-weight: 400\">El CETMIC se encuentra a 4 km del casco c\u00e9ntrico de la ciudad de La Plata. Por ello, sugerimos desplazarse en taxi o transporte p\u00fablico para llegar.<\/span><\/p>\n<ul>\n<li style=\"font-weight: 400\"><span style=\"font-weight: 400\">Desde el centro de La Plata, son varios los \u00f3mnibus que nos pueden llevar hasta el CETMIC que pasan por las paradas de la avenida 7 (lateral al Centro de Posgrado). Entre ellos, se destacan los de la l\u00ednea 273 con cartel rojo (BG, D, E, F) Revisar \u00e9stos y otros ramales <a href=\"https:\/\/www.omnilineas.com.ar\/la-plata\/colectivos\/bc.y2vs02i1ld-vba-1fi7-swc-1b63-usv-1ecv\" target=\"_blank\" rel=\"noopener\">aqu\u00ed<\/a><\/span><\/li>\n<\/ul>\n<hr \/>\n<p><strong>C\u00f3mo llegar al Museo de La Plata<\/strong> (Paseo del bosque Ren\u00e9 G. Favaloro)<\/p>\n<p><a href=\"https:\/\/www.google.com\/maps\/dir\/\/Museo+de+La+Plata,+La+Plata,+Provincia+de+Buenos+Aires\/@-34.9087256,-58.005372,12z\/data=!4m8!4m7!1m0!1m5!1m1!1s0x95a2e6143077af85:0xa466b8a8cd326a29!2m2!1d-57.9353316!2d-34.9088865\" target=\"_blank\" rel=\"noopener\">Clickear aqu\u00ed<\/a> para localizaci\u00f3n en Google maps<\/p>\n<ul>\n<li>Este Museo se encuentra en pleno bosque de la ciudad. Sugerimos llegar hasta ah\u00ed caminando o en taxi.<\/li>\n<\/ul>\n<hr \/>\n<p><b>C\u00f3mo llegar al Museo del Ladrillo <\/b><span style=\"font-weight: 400\">(Calle 514 nro 1905, entre Caminos Parque Centenario y General Belgrano,\u00a0 Ringuelet)<\/span><\/p>\n<p><span style=\"font-weight: 400\"><a href=\"https:\/\/www.google.com\/maps\/dir\/\/Museo+Del+Ladrillo,+Calle+514,+Gonnet,+Provincia+de+Buenos+Aires\/@-34.8921597,-58.0671794,12z\/data=!3m1!4b1!4m8!4m7!1m0!1m5!1m1!1s0x95a2e765473e387d:0x16651c4b33107a5f!2m2!1d-57.9971278!2d-34.8923288\" target=\"_blank\" rel=\"noopener\">Clickear aqu\u00ed<\/a> para localizaci\u00f3n en Google maps<\/span><\/p>\n<p><span style=\"font-weight: 400\">Este Museo se encuentra en Ringuelet, a mitad de camino entre el centro de la ciudad de La Plata y el CETMIC. Sugerimos llegar hasta ah\u00ed en taxi o transporte p\u00fablico.<\/span><\/p>\n<ul>\n<li style=\"font-weight: 400\"><span style=\"font-weight: 400\">Desde el centro de La Plata hay \u00f3mnibus que pasan por las paradas de la avenida 7 (lateral al Centro de Posgrado) y luego recorren el Camino Parque Centenario, el cual pasa a 2 cuadras del museo. Entre ellos, est\u00e1n\u00a0 los de la l\u00ednea 273 (ramales 5, 6, BG, D, E, F, I). Revisar \u00e9stas y otras opciones de \u00f3mnibus <a href=\"https:\/\/www.omnilineas.com.ar\/la-plata\/colectivos\/bd.ptxh24myqd-vba-1fi7-tgo-1bvc-tip-1cca\" target=\"_blank\" rel=\"noopener\">aqu\u00ed<\/a><\/span><\/li>\n<\/ul>\n","protected":false},"excerpt":{"rendered":"<p>C\u00f3mo llegar al Centro de Posgrado Karakachoff (Calle 48, entre calle 6 y avenida 7, La Plata) Clickear aqu\u00ed para localizaci\u00f3n en Google maps Desde el centro de la ciudad sugerimos caminar hasta el Centro de Posgrado. Igualmente, la mayor\u00eda de las l\u00edneas de \u00f3mnibus tienen parada a menos de 100 metros del Centro de [&hellip;]<\/p>\n","protected":false},"author":2,"featured_media":0,"parent":0,"menu_order":0,"comment_status":"closed","ping_status":"closed","template":"","meta":{"advgb_blocks_editor_width":"","advgb_blocks_columns_visual_guide":"","footnotes":""},"class_list":["post-24","page","type-page","status-publish","hentry","post"],"aioseo_notices":[],"coauthors":[],"author_meta":{"author_link":"https:\/\/congresos.unlp.edu.ar\/5jonicer\/author\/congresos\/","display_name":"congresos"},"relative_dates":{"created":"Posted 5 a\u00f1os ago","modified":"Updated 3 a\u00f1os ago"},"absolute_dates":{"created":"Posted on 21 abril, 2021","modified":"Updated on 15 noviembre, 2022"},"absolute_dates_time":{"created":"Posted on 21 abril, 2021 10:48 am","modified":"Updated on 15 noviembre, 2022 3:47 pm"},"featured_img_caption":"","featured_img":false,"series_order":"","_links":{"self":[{"href":"https:\/\/congresos.unlp.edu.ar\/5jonicer\/wp-json\/wp\/v2\/pages\/24","targetHints":{"allow":["GET"]}}],"collection":[{"href":"https:\/\/congresos.unlp.edu.ar\/5jonicer\/wp-json\/wp\/v2\/pages"}],"about":[{"href":"https:\/\/congresos.unlp.edu.ar\/5jonicer\/wp-json\/wp\/v2\/types\/page"}],"author":[{"embeddable":true,"href":"https:\/\/congresos.unlp.edu.ar\/5jonicer\/wp-json\/wp\/v2\/users\/2"}],"replies":[{"embeddable":true,"href":"https:\/\/congresos.unlp.edu.ar\/5jonicer\/wp-json\/wp\/v2\/comments?post=24"}],"version-history":[{"count":0,"href":"https:\/\/congresos.unlp.edu.ar\/5jonicer\/wp-json\/wp\/v2\/pages\/24\/revisions"}],"wp:attachment":[{"href":"https:\/\/congresos.unlp.edu.ar\/5jonicer\/wp-json\/wp\/v2\/media?parent=24"}],"curies":[{"name":"wp","href":"https:\/\/api.w.org\/{rel}","templated":true}]}}