{"id":17,"date":"2021-04-21T10:47:20","date_gmt":"2021-04-21T13:47:20","guid":{"rendered":"https:\/\/congresos.unlp.edu.ar\/5jonicer\/?page_id=17"},"modified":"2023-02-13T15:14:33","modified_gmt":"2023-02-13T18:14:33","slug":"libro-de-resumenes","status":"publish","type":"page","link":"https:\/\/congresos.unlp.edu.ar\/5jonicer\/libro-de-resumenes\/","title":{"rendered":"Libro de res\u00famenes"},"content":{"rendered":"<div id=\"pl-17\"  class=\"panel-layout\" ><div id=\"pg-17-0\"  class=\"panel-grid panel-no-style\" ><div id=\"pgc-17-0-0\"  class=\"panel-grid-cell\" ><div id=\"panel-17-0-0-0\" class=\"so-panel widget widget_text panel-first-child panel-last-child\" data-index=\"0\" >\t\t\t<div class=\"textwidget\"><p>La versi\u00f3n definitiva del libro de res\u00famenes de las 5tas JONICER ya ha sido publicada, se encuentra disponible en el Repositorio Institucional de la Universidad Nacional de La Plata, bajo el t\u00edtulo:<\/p>\n<p><strong><em>T\u00f3picos actuales de la cer\u00e1mica: Libro de res\u00famenes de las 5tas Jornadas <\/em><em>Nacionales de Investigaci\u00f3n Cer\u00e1mica<\/em><\/strong> (ISBN 978-950-34-2220-5, DOI 10.35537\/10915\/148605).<\/p>\n<p>Se puede acceder al libro a trav\u00e9s de los siguientes enlaces:<\/p>\n<p><strong><a href=\"http:\/\/sedici.unlp.edu.ar\/handle\/10915\/148605\" target=\"_blank\" rel=\"noopener\">http:\/\/sedici.unlp.edu.ar\/handle\/10915\/148605<\/a><\/strong><\/p>\n<p><strong><a href=\"https:\/\/doi.org\/10.35537\/10915\/148605\" target=\"_blank\" rel=\"noopener\">https:\/\/doi.org\/10.35537\/10915\/148605<\/a><\/strong><\/p>\n<\/div>\n\t\t<\/div><\/div><\/div><\/div>","protected":false},"excerpt":{"rendered":"<p>La versi\u00f3n definitiva del libro de res\u00famenes de las 5tas JONICER ya ha sido publicada, se encuentra disponible en el Repositorio Institucional de la Universidad Nacional de La Plata, bajo el t\u00edtulo: T\u00f3picos actuales de la cer\u00e1mica: Libro de res\u00famenes de las 5tas Jornadas Nacionales de Investigaci\u00f3n Cer\u00e1mica (ISBN 978-950-34-2220-5, DOI 10.35537\/10915\/148605). Se puede acceder [&hellip;]<\/p>\n","protected":false},"author":2,"featured_media":0,"parent":0,"menu_order":0,"comment_status":"closed","ping_status":"closed","template":"","meta":{"advgb_blocks_editor_width":"","advgb_blocks_columns_visual_guide":"","footnotes":""},"class_list":["post-17","page","type-page","status-publish","hentry","post"],"aioseo_notices":[],"coauthors":[],"author_meta":{"author_link":"https:\/\/congresos.unlp.edu.ar\/5jonicer\/author\/congresos\/","display_name":"congresos"},"relative_dates":{"created":"Posted 5 a\u00f1os ago","modified":"Updated 3 a\u00f1os ago"},"absolute_dates":{"created":"Posted on 21 abril, 2021","modified":"Updated on 13 febrero, 2023"},"absolute_dates_time":{"created":"Posted on 21 abril, 2021 10:47 am","modified":"Updated on 13 febrero, 2023 3:14 pm"},"featured_img_caption":"","featured_img":false,"series_order":"","_links":{"self":[{"href":"https:\/\/congresos.unlp.edu.ar\/5jonicer\/wp-json\/wp\/v2\/pages\/17","targetHints":{"allow":["GET"]}}],"collection":[{"href":"https:\/\/congresos.unlp.edu.ar\/5jonicer\/wp-json\/wp\/v2\/pages"}],"about":[{"href":"https:\/\/congresos.unlp.edu.ar\/5jonicer\/wp-json\/wp\/v2\/types\/page"}],"author":[{"embeddable":true,"href":"https:\/\/congresos.unlp.edu.ar\/5jonicer\/wp-json\/wp\/v2\/users\/2"}],"replies":[{"embeddable":true,"href":"https:\/\/congresos.unlp.edu.ar\/5jonicer\/wp-json\/wp\/v2\/comments?post=17"}],"version-history":[{"count":0,"href":"https:\/\/congresos.unlp.edu.ar\/5jonicer\/wp-json\/wp\/v2\/pages\/17\/revisions"}],"wp:attachment":[{"href":"https:\/\/congresos.unlp.edu.ar\/5jonicer\/wp-json\/wp\/v2\/media?parent=17"}],"curies":[{"name":"wp","href":"https:\/\/api.w.org\/{rel}","templated":true}]}}