{"id":15,"date":"2021-04-21T10:47:03","date_gmt":"2021-04-21T13:47:03","guid":{"rendered":"https:\/\/congresos.unlp.edu.ar\/5jonicer\/?page_id=15"},"modified":"2022-08-19T16:08:41","modified_gmt":"2022-08-19T19:08:41","slug":"comite-cientifico","status":"publish","type":"page","link":"https:\/\/congresos.unlp.edu.ar\/5jonicer\/comite-cientifico\/","title":{"rendered":"Comit\u00e9 Cient\u00edfico"},"content":{"rendered":"<blockquote>\n<h3><span style=\"color: #000000\"><u>Dise\u00f1o, arte y artesan\u00eda<\/u><\/span><\/h3>\n<\/blockquote>\n<h6><span style=\"color: #000000\">Dra. Florencia Serra (CETMIC-UNLP-CONICET)<\/span><\/h6>\n<h6><span style=\"color: #000000\">Dra. Mariel Tarela (UNLP)<\/span><\/h6>\n<h6><span style=\"color: #000000\">DI. Andr\u00e9s Ruscitti (UNLa)<\/span><\/h6>\n<h6><span style=\"color: #000000\">Tec. Roxana Amarilla (MATRIA)<\/span><\/h6>\n<h6><span style=\"color: #000000\">Prof. Liliana Sammarco (UNCUYO)<\/span><\/h6>\n<h6><span style=\"color: #000000\">Lic. Graciela Olio (UNA)<\/span><\/h6>\n<h6><span style=\"color: #000000\">Lic. Florencia Melo (UNLP)<\/span><\/h6>\n<blockquote>\n<h3><span style=\"color: #000000\"><u>Avanzada<\/u><\/span><\/h3>\n<\/blockquote>\n<h6><span style=\"color: #000000\">Dr. Gustavo Su\u00e1rez (CETMIC-UNLP-CONICET)<\/span><\/h6>\n<h6><span style=\"color: #000000\">Dra.\u00a0Miriam Castro (INTEMA-UNMDP-CONICET)<\/span><\/h6>\n<h6><span style=\"color: #000000\">Dr.\u00a0Pablo Botta\u00a0(INTEMA-UNMDP-CONICET)<\/span><\/h6>\n<h6><span style=\"color: #000000\">Dr. Rodrigo Parra (INTEMA-UNMDP-CONICET)<\/span><\/h6>\n<h6><span style=\"color: #000000\">Dr. Diego Lamas (UNSAM-CONICET)<\/span><\/h6>\n<h6><span style=\"color: #000000\">Dra. Nadia Mamana (IFIR-CONICET)<\/span><\/h6>\n<blockquote>\n<h3><span style=\"color: #000000\"><u>Industrial<\/u><\/span><\/h3>\n<\/blockquote>\n<h6><span style=\"color: #000000\">Dra. Anabella Mocciaro (CETMIC-UNLP-CONICET)<\/span><\/h6>\n<h6><span style=\"color: #000000\">Dr.\u00a0Alberto\u00a0Scian\u00a0(CETMIC-UNLP-CONICET)<\/span><\/h6>\n<h6><span style=\"color: #000000\">Dr.\u00a0Edgardo\u00a0Benavidez\u00a0(UTN-FRSN)<\/span><\/h6>\n<h6><span style=\"color: #000000\">Dra. Anal\u00eda Tomba (INTEMA-UNMDP-CONICET)<\/span><\/h6>\n<h6><span style=\"color: #000000\">Dra. Alejandra V. Tironi (CIFICEN-UNICEN-CONICET)<\/span><\/h6>\n<h6><span style=\"color: #000000\">Dra. M. Andrea Camerucci (INTEMA-UNMDP-CONICET)<\/span><\/h6>\n<blockquote>\n<h3><span style=\"color: #000000\"><u>Arqueolog\u00eda<\/u><\/span><\/h3>\n<\/blockquote>\n<h6><span style=\"color: #000000\">Dr. Guillermo de la Fuente (UNCAt-CONICET)<\/span><\/h6>\n<h6><span style=\"color: #000000\">Dra.\u00a0Mar\u00eda\u00a0Emilia\u00a0Iucci\u00a0(FCNyM-UNLP-CONICET)<\/span><\/h6>\n<h6><span style=\"color: #000000\">Lic. Guillermina Couso (FCNyM-UNLP)<\/span><\/h6>\n<h6><span style=\"color: #000000\">Dra. Beatriz Cremonte (INECOA-UNJu-CONICET)<\/span><\/h6>\n<h6><span style=\"color: #000000\">Dra. Josefina P\u00e9rez Pieroni (ISES-UNT-CONICET)<\/span><\/h6>\n<blockquote>\n<h3><span style=\"color: #000000\"><u>Aplicaciones no cer\u00e1micas de arcillas y otros minerales industriales<\/u><\/span><\/h3>\n<\/blockquote>\n<h6><span style=\"color: #000000\">Dra. Mariela Fern\u00e1ndez (CETMIC-UNLP-CONICET-)<\/span><\/h6>\n<h6><span style=\"color: #000000\">Lic. Martin Morosi \u00a0(CETMIC-UNLP-CONICET)<\/span><\/h6>\n<h6><span style=\"color: #000000\">Lic. M. Susana Conconi (CETMIC-UNLP)<\/span><\/h6>\n<h6><span style=\"color: #000000\">Dra. Eleonora Carol (CIG-CONICET-UNLP)<\/span><\/h6>\n<h6><span style=\"color: #000000\">Dra. Vera \u00c1lvarez (INTEMA-UNMDP-CONICET)<\/span><\/h6>\n","protected":false},"excerpt":{"rendered":"<p>Dise\u00f1o, arte y artesan\u00eda Dra. Florencia Serra (CETMIC-UNLP-CONICET) Dra. Mariel Tarela (UNLP) DI. Andr\u00e9s Ruscitti (UNLa) Tec. Roxana Amarilla (MATRIA) Prof. Liliana Sammarco (UNCUYO) Lic. Graciela Olio (UNA) Lic. Florencia Melo (UNLP) Avanzada Dr. Gustavo Su\u00e1rez (CETMIC-UNLP-CONICET) Dra.\u00a0Miriam Castro (INTEMA-UNMDP-CONICET) Dr.\u00a0Pablo Botta\u00a0(INTEMA-UNMDP-CONICET) Dr. Rodrigo Parra (INTEMA-UNMDP-CONICET) Dr. Diego Lamas (UNSAM-CONICET) Dra. Nadia Mamana (IFIR-CONICET) Industrial [&hellip;]<\/p>\n","protected":false},"author":2,"featured_media":0,"parent":0,"menu_order":0,"comment_status":"closed","ping_status":"closed","template":"","meta":{"advgb_blocks_editor_width":"","advgb_blocks_columns_visual_guide":"","footnotes":""},"class_list":["post-15","page","type-page","status-publish","hentry","post"],"aioseo_notices":[],"coauthors":[],"author_meta":{"author_link":"https:\/\/congresos.unlp.edu.ar\/5jonicer\/author\/congresos\/","display_name":"congresos"},"relative_dates":{"created":"Posted 5 a\u00f1os ago","modified":"Updated 4 a\u00f1os ago"},"absolute_dates":{"created":"Posted on 21 abril, 2021","modified":"Updated on 19 agosto, 2022"},"absolute_dates_time":{"created":"Posted on 21 abril, 2021 10:47 am","modified":"Updated on 19 agosto, 2022 4:08 pm"},"featured_img_caption":"","featured_img":false,"series_order":"","_links":{"self":[{"href":"https:\/\/congresos.unlp.edu.ar\/5jonicer\/wp-json\/wp\/v2\/pages\/15","targetHints":{"allow":["GET"]}}],"collection":[{"href":"https:\/\/congresos.unlp.edu.ar\/5jonicer\/wp-json\/wp\/v2\/pages"}],"about":[{"href":"https:\/\/congresos.unlp.edu.ar\/5jonicer\/wp-json\/wp\/v2\/types\/page"}],"author":[{"embeddable":true,"href":"https:\/\/congresos.unlp.edu.ar\/5jonicer\/wp-json\/wp\/v2\/users\/2"}],"replies":[{"embeddable":true,"href":"https:\/\/congresos.unlp.edu.ar\/5jonicer\/wp-json\/wp\/v2\/comments?post=15"}],"version-history":[{"count":0,"href":"https:\/\/congresos.unlp.edu.ar\/5jonicer\/wp-json\/wp\/v2\/pages\/15\/revisions"}],"wp:attachment":[{"href":"https:\/\/congresos.unlp.edu.ar\/5jonicer\/wp-json\/wp\/v2\/media?parent=15"}],"curies":[{"name":"wp","href":"https:\/\/api.w.org\/{rel}","templated":true}]}}