{"id":13,"date":"2021-04-21T10:46:53","date_gmt":"2021-04-21T13:46:53","guid":{"rendered":"https:\/\/congresos.unlp.edu.ar\/5jonicer\/?page_id=13"},"modified":"2022-11-08T15:46:25","modified_gmt":"2022-11-08T18:46:25","slug":"comite-organizador","status":"publish","type":"page","link":"https:\/\/congresos.unlp.edu.ar\/5jonicer\/comite-organizador\/","title":{"rendered":"Comit\u00e9 Organizador"},"content":{"rendered":"<hr \/>\n<h5><span style=\"color: #000000\">Dr. Nicol\u00e1s Rendtorff<\/span><\/h5>\n<h5><span style=\"color: #000000\">Dr. Gustavo Su\u00e1rez<\/span><\/h5>\n<h5><span style=\"color: #000000\">Lic. Mar\u00eda Susana Conconi<\/span><\/h5>\n<h5><span style=\"color: #000000\">Dra. Mar\u00eda Florencia Serra<\/span><\/h5>\n<h5><span style=\"color: #000000\">Dra. Anabella Mocciaro<\/span><\/h5>\n<h5><span style=\"color: #000000\">Dra. Mar\u00eda Florencia Hern\u00e1ndez<\/span><\/h5>\n<h5><span style=\"color: #000000\">Dr. Diego Richard<\/span><\/h5>\n<h5><span style=\"color: #000000\">Lic. Paula Virginia L\u00f3pez<\/span><\/h5>\n<h5><span style=\"color: #000000\"><u>Colaboradores<\/u><\/span><\/h5>\n<h5><span style=\"color: #000000\">Lic. Nicol\u00e1s Orsetti<\/span><\/h5>\n<h5><span style=\"color: #000000\">Dr. C\u00e9sar Fern\u00e1ndez<\/span><\/h5>\n<h5><span style=\"color: #000000\">Dra. Martina Gamba<\/span><\/h5>\n<h5><span style=\"color: #000000\">Lic. Mat\u00edas Gauna<\/span><\/h5>\n<h5><span style=\"color: #000000\">Lic. Joaqu\u00edn Salduondo<\/span><\/h5>\n<h5><span style=\"color: #000000\">Lic. Evelin Sosa Fabr\u00e9<\/span><\/h5>\n<h5><span style=\"color: #000000\">Dr. Mat\u00edas Tejerina<\/span><\/h5>\n<h5><span style=\"color: #000000\">Lic. Celeste Legarto<\/span><\/h5>\n<h5><span style=\"color: #000000\">Dra. Yesica Bruni<\/span><\/h5>\n<h5><span style=\"color: #000000\">Dr. Juan Pablo Yasn\u00f3 Gaviria<\/span><\/h5>\n<h5><span style=\"color: #000000\">Lic. Agustina Paltrinieri<\/span><\/h5>\n<h5><span style=\"color: #000000\">Dr. Juan Manuel Mart\u00ednez<\/span><\/h5>\n<h5><span style=\"color: #000000\">Lic. Florencia Urruchua<\/span><\/h5>\n<h5><span style=\"color: #000000\">Lic. Mart\u00edn Morosi<\/span><\/h5>\n<h5><span style=\"color: #000000\">Ing. Clara Soubelet<\/span><\/h5>\n<h5><span style=\"color: #000000\">Lic. Agustina Violini<\/span><\/h5>\n<h5><span style=\"color: #000000\">Lic. Hilda Correa<\/span><\/h5>\n","protected":false},"excerpt":{"rendered":"<p>Dr. Nicol\u00e1s Rendtorff Dr. Gustavo Su\u00e1rez Lic. Mar\u00eda Susana Conconi Dra. Mar\u00eda Florencia Serra Dra. Anabella Mocciaro Dra. Mar\u00eda Florencia Hern\u00e1ndez Dr. Diego Richard Lic. Paula Virginia L\u00f3pez Colaboradores Lic. Nicol\u00e1s Orsetti Dr. C\u00e9sar Fern\u00e1ndez Dra. Martina Gamba Lic. Mat\u00edas Gauna Lic. Joaqu\u00edn Salduondo Lic. Evelin Sosa Fabr\u00e9 Dr. Mat\u00edas Tejerina Lic. Celeste Legarto Dra. [&hellip;]<\/p>\n","protected":false},"author":2,"featured_media":0,"parent":0,"menu_order":0,"comment_status":"closed","ping_status":"closed","template":"","meta":{"advgb_blocks_editor_width":"","advgb_blocks_columns_visual_guide":"","footnotes":""},"class_list":["post-13","page","type-page","status-publish","hentry","post"],"aioseo_notices":[],"coauthors":[],"author_meta":{"author_link":"https:\/\/congresos.unlp.edu.ar\/5jonicer\/author\/congresos\/","display_name":"congresos"},"relative_dates":{"created":"Posted 5 a\u00f1os ago","modified":"Updated 3 a\u00f1os ago"},"absolute_dates":{"created":"Posted on 21 abril, 2021","modified":"Updated on 8 noviembre, 2022"},"absolute_dates_time":{"created":"Posted on 21 abril, 2021 10:46 am","modified":"Updated on 8 noviembre, 2022 3:46 pm"},"featured_img_caption":"","featured_img":false,"series_order":"","_links":{"self":[{"href":"https:\/\/congresos.unlp.edu.ar\/5jonicer\/wp-json\/wp\/v2\/pages\/13","targetHints":{"allow":["GET"]}}],"collection":[{"href":"https:\/\/congresos.unlp.edu.ar\/5jonicer\/wp-json\/wp\/v2\/pages"}],"about":[{"href":"https:\/\/congresos.unlp.edu.ar\/5jonicer\/wp-json\/wp\/v2\/types\/page"}],"author":[{"embeddable":true,"href":"https:\/\/congresos.unlp.edu.ar\/5jonicer\/wp-json\/wp\/v2\/users\/2"}],"replies":[{"embeddable":true,"href":"https:\/\/congresos.unlp.edu.ar\/5jonicer\/wp-json\/wp\/v2\/comments?post=13"}],"version-history":[{"count":0,"href":"https:\/\/congresos.unlp.edu.ar\/5jonicer\/wp-json\/wp\/v2\/pages\/13\/revisions"}],"wp:attachment":[{"href":"https:\/\/congresos.unlp.edu.ar\/5jonicer\/wp-json\/wp\/v2\/media?parent=13"}],"curies":[{"name":"wp","href":"https:\/\/api.w.org\/{rel}","templated":true}]}}