{"id":11,"date":"2021-04-21T10:46:36","date_gmt":"2021-04-21T13:46:36","guid":{"rendered":"https:\/\/congresos.unlp.edu.ar\/5jonicer\/?page_id=11"},"modified":"2022-05-09T16:08:59","modified_gmt":"2022-05-09T19:08:59","slug":"bienvenida","status":"publish","type":"page","link":"https:\/\/congresos.unlp.edu.ar\/5jonicer\/bienvenida\/","title":{"rendered":"Bienvenida"},"content":{"rendered":"<hr \/>\n<h5 style=\"text-align: left\"><span style=\"color: #000000\">Luego de dos a\u00f1os de espera, invitamos a toda la comunidad de investigadorxs, cient\u00edficxs y t\u00e9c<\/span><span style=\"color: #000000\">nicxs de la Rep\u00fablica Argentina a participar de las <strong>5\u00ba Jornadas Nacionales de Investigaci\u00f3n Cer\u00e1mica (5\u00ba JONICER 2022, La Plata Argentina)<\/strong> organizadas por la Asociaci\u00f3n T\u00e9cnica Argentina de Cer\u00e1mica y el Centro de Tecnolog\u00eda de Recursos Minerales y Cer\u00e1mica (CONICET- CIC PBA-UNLP) en modalidad presencial.<\/span><\/h5>\n<h5 style=\"text-align: left\"><span style=\"color: #000000\">Nos proponemos generar un espacio de encuentro con lxs profesionales dedicadxs a la cer\u00e1mica en su m\u00e1s amplia definici\u00f3n, con el fin de articular y compartir los distintos aportes de cada unx de lxs actores del sector, reflejados en la amplitud de las distintas \u00e1reas tem\u00e1ticas que se abordan en las jornadas. Dentro de las que se cuentan la arqueolog\u00eda, el arte, el dise\u00f1o, la tecnolog\u00eda, la ingenier\u00eda, la industria, la qu\u00edmica, la f\u00edsica, entre otras.<\/span><\/h5>\n<h5 style=\"text-align: left\"><span style=\"color: #000000\">Este encuentro acad\u00e9mico cuenta con el apoyo de la ANPCyT y del CONICET, y se realizar\u00e1 en las instalaciones del centro de posgrado de la UNLP y en las del CETMIC, en el campus tecnol\u00f3gico de la CIC-PBA. Tambi\u00e9n contar\u00e1 con actividades satelitales que tendr\u00e1n lugar dentro del casco de la ciudad. Las jornadas comprender\u00e1n un simposio, conferencias plenarias, presentaci\u00f3n de trabajos cient\u00edficos, mesas redondas y actividades culturales.\u00a0<\/span><\/h5>\n<h5 style=\"text-align: left\"><span style=\"color: #000000\">Se convoca la participaci\u00f3n de docentes, investigadorxs, becarixs y ceramistas a enviar res\u00famenes de sus trabajos para ser presentados durante las jornadas.<\/span><\/h5>\n<h5 style=\"text-align: left\"><span style=\"color: #000000\">Estamos segurxs de que lograremos unas jornadas de intercambio, discusi\u00f3n y camarader\u00eda los d\u00edas 16, 17 y 18 de noviembre de este a\u00f1o, esperamos que quieran y puedan sumarse. Se contempla el otorgamiento de becas de inscripci\u00f3n, asimismo cabe destacar que las jornadas son de asistencia gratuita para lxs estudiantes y docentes con inscripci\u00f3n previa.\u00a0<\/span><\/h5>\n<h5 style=\"text-align: left\"><span style=\"color: #000000\">Saludos cordiales<\/span><\/h5>\n<h5 style=\"text-align: right\"><span style=\"color: #000000\"><b>Comit\u00e9 organizador<\/b><\/span><\/h5>\n<h5 style=\"text-align: right\"><span style=\"color: #000000\"><b>5\u00ba JONICER 2022<\/b><\/span><\/h5>\n","protected":false},"excerpt":{"rendered":"<p>Luego de dos a\u00f1os de espera, invitamos a toda la comunidad de investigadorxs, cient\u00edficxs y t\u00e9cnicxs de la Rep\u00fablica Argentina a participar de las 5\u00ba Jornadas Nacionales de Investigaci\u00f3n Cer\u00e1mica (5\u00ba JONICER 2022, La Plata Argentina) organizadas por la Asociaci\u00f3n T\u00e9cnica Argentina de Cer\u00e1mica y el Centro de Tecnolog\u00eda de Recursos Minerales y Cer\u00e1mica (CONICET- [&hellip;]<\/p>\n","protected":false},"author":2,"featured_media":0,"parent":0,"menu_order":0,"comment_status":"closed","ping_status":"closed","template":"","meta":{"advgb_blocks_editor_width":"","advgb_blocks_columns_visual_guide":"","footnotes":""},"class_list":["post-11","page","type-page","status-publish","hentry","post"],"aioseo_notices":[],"coauthors":[],"author_meta":{"author_link":"https:\/\/congresos.unlp.edu.ar\/5jonicer\/author\/congresos\/","display_name":"congresos"},"relative_dates":{"created":"Posted 5 a\u00f1os ago","modified":"Updated 4 a\u00f1os ago"},"absolute_dates":{"created":"Posted on 21 abril, 2021","modified":"Updated on 9 mayo, 2022"},"absolute_dates_time":{"created":"Posted on 21 abril, 2021 10:46 am","modified":"Updated on 9 mayo, 2022 4:08 pm"},"featured_img_caption":"","featured_img":false,"series_order":"","_links":{"self":[{"href":"https:\/\/congresos.unlp.edu.ar\/5jonicer\/wp-json\/wp\/v2\/pages\/11","targetHints":{"allow":["GET"]}}],"collection":[{"href":"https:\/\/congresos.unlp.edu.ar\/5jonicer\/wp-json\/wp\/v2\/pages"}],"about":[{"href":"https:\/\/congresos.unlp.edu.ar\/5jonicer\/wp-json\/wp\/v2\/types\/page"}],"author":[{"embeddable":true,"href":"https:\/\/congresos.unlp.edu.ar\/5jonicer\/wp-json\/wp\/v2\/users\/2"}],"replies":[{"embeddable":true,"href":"https:\/\/congresos.unlp.edu.ar\/5jonicer\/wp-json\/wp\/v2\/comments?post=11"}],"version-history":[{"count":0,"href":"https:\/\/congresos.unlp.edu.ar\/5jonicer\/wp-json\/wp\/v2\/pages\/11\/revisions"}],"wp:attachment":[{"href":"https:\/\/congresos.unlp.edu.ar\/5jonicer\/wp-json\/wp\/v2\/media?parent=11"}],"curies":[{"name":"wp","href":"https:\/\/api.w.org\/{rel}","templated":true}]}}