{"id":23,"date":"2024-02-27T09:42:46","date_gmt":"2024-02-27T12:42:46","guid":{"rendered":"https:\/\/congresos.unlp.edu.ar\/5congresofilosofialiberacion\/?page_id=23"},"modified":"2024-03-04T17:33:32","modified_gmt":"2024-03-04T20:33:32","slug":"informacion-turistica","status":"publish","type":"page","link":"https:\/\/congresos.unlp.edu.ar\/5congresofilosofialiberacion\/informacion-turistica\/","title":{"rendered":"Informaci\u00f3n tur\u00edstica"},"content":{"rendered":"<h4><strong>CIUDAD DE LA PLATA<\/strong><\/h4>\n<h5>Fundada el 19 de noviembre de 1882, La Plata es la capital de la provincia de Buenos Aires y cuenta con una superficie de 940 km2 que abarca el Casco Urbano, o com\u00fanmente denominado \u201cCuadrado Perfecto\u201d, y varias localidades.\u00a0Con m\u00e1s de 900 mil habitantes est\u00e1 ubicada a 56 km de la Ciudad de Buenos Aires, a tan s\u00f3lo unos 40 minutos en auto por autopista.<\/h5>\n<h5>Nuestra ciudad se destaca por su arquitectura, gastronom\u00eda, museos, espacios verdes, cultura y eventos.<\/h5>\n<h5>Conozca mas en\u00a0<a href=\"https:\/\/turismo.laplata.gob.ar\/\" target=\"_blank\" rel=\"noopener\">https:\/\/turismo.laplata.gob.ar\/.<\/a><\/h5>\n<p><img loading=\"lazy\" decoding=\"async\" class=\"alignnone size-medium wp-image-168\" src=\"http:\/\/congresos.unlp.edu.ar\/5congresofilosofialiberacion\/wp-content\/uploads\/sites\/83\/2024\/03\/Catedral-Noche-300x225.jpg\" alt=\"\" width=\"300\" height=\"225\" srcset=\"https:\/\/congresos.unlp.edu.ar\/5congresofilosofialiberacion\/wp-content\/uploads\/sites\/83\/2024\/03\/Catedral-Noche-300x225.jpg 300w, https:\/\/congresos.unlp.edu.ar\/5congresofilosofialiberacion\/wp-content\/uploads\/sites\/83\/2024\/03\/Catedral-Noche.jpg 440w\" sizes=\"auto, (max-width: 300px) 100vw, 300px\" \/><\/p>\n","protected":false},"excerpt":{"rendered":"<p>CIUDAD DE LA PLATA Fundada el 19 de noviembre de 1882, La Plata es la capital de la provincia de Buenos Aires y cuenta con una superficie de 940 km2 que abarca el Casco Urbano, o com\u00fanmente denominado \u201cCuadrado Perfecto\u201d, y varias localidades.\u00a0Con m\u00e1s de 900 mil habitantes est\u00e1 ubicada a 56 km de la [&hellip;]<\/p>\n","protected":false},"author":202,"featured_media":0,"parent":0,"menu_order":0,"comment_status":"closed","ping_status":"closed","template":"","meta":{"advgb_blocks_editor_width":"","advgb_blocks_columns_visual_guide":"","footnotes":""},"class_list":["post-23","page","type-page","status-publish","hentry","post"],"aioseo_notices":[],"coauthors":[],"author_meta":{"author_link":"https:\/\/congresos.unlp.edu.ar\/5congresofilosofialiberacion\/author\/ssoler\/","display_name":"ssoler"},"relative_dates":{"created":"Posted 2 a\u00f1os ago","modified":"Updated 2 a\u00f1os ago"},"absolute_dates":{"created":"Posted on 27 febrero, 2024","modified":"Updated on 4 marzo, 2024"},"absolute_dates_time":{"created":"Posted on 27 febrero, 2024 9:42 am","modified":"Updated on 4 marzo, 2024 5:33 pm"},"featured_img_caption":"","featured_img":false,"series_order":"","_links":{"self":[{"href":"https:\/\/congresos.unlp.edu.ar\/5congresofilosofialiberacion\/wp-json\/wp\/v2\/pages\/23","targetHints":{"allow":["GET"]}}],"collection":[{"href":"https:\/\/congresos.unlp.edu.ar\/5congresofilosofialiberacion\/wp-json\/wp\/v2\/pages"}],"about":[{"href":"https:\/\/congresos.unlp.edu.ar\/5congresofilosofialiberacion\/wp-json\/wp\/v2\/types\/page"}],"author":[{"embeddable":true,"href":"https:\/\/congresos.unlp.edu.ar\/5congresofilosofialiberacion\/wp-json\/wp\/v2\/users\/202"}],"replies":[{"embeddable":true,"href":"https:\/\/congresos.unlp.edu.ar\/5congresofilosofialiberacion\/wp-json\/wp\/v2\/comments?post=23"}],"version-history":[{"count":0,"href":"https:\/\/congresos.unlp.edu.ar\/5congresofilosofialiberacion\/wp-json\/wp\/v2\/pages\/23\/revisions"}],"wp:attachment":[{"href":"https:\/\/congresos.unlp.edu.ar\/5congresofilosofialiberacion\/wp-json\/wp\/v2\/media?parent=23"}],"curies":[{"name":"wp","href":"https:\/\/api.w.org\/{rel}","templated":true}]}}