{"id":22,"date":"2024-02-27T09:42:46","date_gmt":"2024-02-27T12:42:46","guid":{"rendered":"https:\/\/congresos.unlp.edu.ar\/5congresofilosofialiberacion\/?page_id=22"},"modified":"2024-03-04T17:04:14","modified_gmt":"2024-03-04T20:04:14","slug":"sede","status":"publish","type":"page","link":"https:\/\/congresos.unlp.edu.ar\/5congresofilosofialiberacion\/sede\/","title":{"rendered":"Acerca de la Sede"},"content":{"rendered":"<div class=\"entry-header\">\n<h4 class=\"nv-title-meta-wrap\"><strong>El edificio Sergio Karakachoff, declarado de Inter\u00e9s Municipal.<\/strong><\/h4>\n<p><img loading=\"lazy\" decoding=\"async\" class=\"size-full wp-image-159 alignleft\" src=\"http:\/\/congresos.unlp.edu.ar\/5congresofilosofialiberacion\/wp-content\/uploads\/sites\/83\/2024\/03\/Karakachoff.jpg\" alt=\"\" width=\"300\" height=\"168\" \/><\/p>\n<\/div>\n<div class=\"nv-content-wrap entry-content\">\n<h5>El edificio Sergio Karakachoff de la Universidad Nacional de La Plata fue declarado \u201cde Inter\u00e9s Municipal\u201d por el Concejo Deliberante local.<\/h5>\n<h5>La distinci\u00f3n obedece al valor arquitect\u00f3nico del edificio emplazado en la manzana c\u00e9ntrica de 48, entre 6 y 7 y los aportes de casa de estudios platense en la transformaci\u00f3n y jerarquizaci\u00f3n del centro de la ciudad. Su renovada existencia contribuye adem\u00e1s a ordenar el funcionamiento acad\u00e9mico de UNLP y multiplicar las actividades cient\u00edfico-culturales que representan un aporte significativo para la capital bonaerense.<\/h5>\n<h5>Cabe recordar que el emblem\u00e1tico inmueble c\u00e9ntrico -donde funcionaron las Facultades de Humanidades, Derecho y Psicolog\u00eda- actualmente alberga una sede de Posgrado con un total de 60 aulas, y disponible para todas las facultades, un Centro Multimedia donde funciona la TV de la UNLP y tambi\u00e9n Radio Universidad, un Centro de Arte y Cultura sin igual en la regi\u00f3n, y la Editoral universitaria.<\/h5>\n<h5>El 21 de marzo de 2014 la UNLP inici\u00f3 el proceso de demolici\u00f3n de una parte del edificio que ocupara la Facultad de Humanidades en calles c\u00e9ntricas. La mole de cemento dio lugar al Pasaje del Bicentenario, un amplio y luminoso corredor peatonal que jerarquiz\u00f3 la manzana; y el viejo edificio se transform\u00f3 en un imponente complejo universitario para actividades acad\u00e9micas, cient\u00edficas y culturales.<\/h5>\n<h5>Fue el presidente de la UNLP, Fernando Tauber, el encargado de dar aquel martillazo hist\u00f3rico que determin\u00f3 el comienzo de las obras que demolieron m\u00e1s de 4 mil metros cuadrados del contrafrente del ex edificio Tres Facultades, lindero al Rectorado.<\/h5>\n<h5>El proyecto de demolici\u00f3n parcial y refuncionalizaci\u00f3n de esa mole de hormig\u00f3n apunt\u00f3 a recuperar la circulaci\u00f3n perimetral en torno a la sede de la Presidencia (Rectorado) con un espacio de 12 metros de ancho que atraviesa la manzana en forma de L desde avenida 7 hasta calle 47.<\/h5>\n<h5>El edificio hab\u00eda sido inaugurado en el a\u00f1o 1976, iniciada la dictadura militar, y se constituy\u00f3 en uno de los s\u00edmbolos m\u00e1s emblem\u00e1ticos del poder que ejerci\u00f3 el autoritarismo sobre el sistema de educaci\u00f3n superior de la Argentina.\u00a0\u00a0En octubre de 2014, el Consejo Superior de la UNLP aprob\u00f3 la propuesta de renombrar al edificio donde funcionaron Humanidades, Ciencias Jur\u00eddicas y Psicolog\u00eda, como edificio Sergio Karakachoff. El cambio de nombre obedeci\u00f3 en reconocimiento al dirigente reformista que luch\u00f3 en defensa de los derechos humanos.<\/h5>\n<h5>La puesta en valor del Karakachoff junto al Pasaje del Bicentenario representa una de las intervenciones arquitect\u00f3nicas m\u00e1s ambiciosas que se hayan desarrollado en la ciudad.<\/h5>\n<h6>Fuente: <a href=\"https:\/\/unlp.edu.ar\/institucional\/el-edificio-sergio-karakachoff-fue-declarado-de-interes-municipal-16908-21908\/\">https:\/\/unlp.edu.ar\/institucional\/el-edificio-sergio-karakachoff-fue-declarado-de-interes-municipal-16908-21908\/<\/a><\/h6>\n<\/div>\n","protected":false},"excerpt":{"rendered":"<p>El edificio Sergio Karakachoff, declarado de Inter\u00e9s Municipal. El edificio Sergio Karakachoff de la Universidad Nacional de La Plata fue declarado \u201cde Inter\u00e9s Municipal\u201d por el Concejo Deliberante local. La distinci\u00f3n obedece al valor arquitect\u00f3nico del edificio emplazado en la manzana c\u00e9ntrica de 48, entre 6 y 7 y los aportes de casa de estudios [&hellip;]<\/p>\n","protected":false},"author":202,"featured_media":0,"parent":0,"menu_order":0,"comment_status":"closed","ping_status":"closed","template":"","meta":{"advgb_blocks_editor_width":"","advgb_blocks_columns_visual_guide":"","footnotes":""},"class_list":["post-22","page","type-page","status-publish","hentry","post"],"aioseo_notices":[],"coauthors":[],"author_meta":{"author_link":"https:\/\/congresos.unlp.edu.ar\/5congresofilosofialiberacion\/author\/ssoler\/","display_name":"ssoler"},"relative_dates":{"created":"Posted 2 a\u00f1os ago","modified":"Updated 2 a\u00f1os ago"},"absolute_dates":{"created":"Posted on 27 febrero, 2024","modified":"Updated on 4 marzo, 2024"},"absolute_dates_time":{"created":"Posted on 27 febrero, 2024 9:42 am","modified":"Updated on 4 marzo, 2024 5:04 pm"},"featured_img_caption":"","featured_img":false,"series_order":"","_links":{"self":[{"href":"https:\/\/congresos.unlp.edu.ar\/5congresofilosofialiberacion\/wp-json\/wp\/v2\/pages\/22","targetHints":{"allow":["GET"]}}],"collection":[{"href":"https:\/\/congresos.unlp.edu.ar\/5congresofilosofialiberacion\/wp-json\/wp\/v2\/pages"}],"about":[{"href":"https:\/\/congresos.unlp.edu.ar\/5congresofilosofialiberacion\/wp-json\/wp\/v2\/types\/page"}],"author":[{"embeddable":true,"href":"https:\/\/congresos.unlp.edu.ar\/5congresofilosofialiberacion\/wp-json\/wp\/v2\/users\/202"}],"replies":[{"embeddable":true,"href":"https:\/\/congresos.unlp.edu.ar\/5congresofilosofialiberacion\/wp-json\/wp\/v2\/comments?post=22"}],"version-history":[{"count":0,"href":"https:\/\/congresos.unlp.edu.ar\/5congresofilosofialiberacion\/wp-json\/wp\/v2\/pages\/22\/revisions"}],"wp:attachment":[{"href":"https:\/\/congresos.unlp.edu.ar\/5congresofilosofialiberacion\/wp-json\/wp\/v2\/media?parent=22"}],"curies":[{"name":"wp","href":"https:\/\/api.w.org\/{rel}","templated":true}]}}