{"id":14,"date":"2024-02-27T09:42:46","date_gmt":"2024-02-27T12:42:46","guid":{"rendered":"https:\/\/congresos.unlp.edu.ar\/5congresofilosofialiberacion\/?page_id=14"},"modified":"2024-04-06T12:22:29","modified_gmt":"2024-04-06T15:22:29","slug":"convocatoria","status":"publish","type":"page","link":"https:\/\/congresos.unlp.edu.ar\/5congresofilosofialiberacion\/convocatoria\/","title":{"rendered":"Convocatoria"},"content":{"rendered":"<h5>La Asociaci\u00f3n de Filosof\u00eda de la Liberaci\u00f3n Argentina, en conjunto con la Asociaci\u00f3n de Filosof\u00eda Latinoamericana y Ciencias Sociales (ASOFIL), el Instituto Juan Carlos Scannone (USI), la Universidad de San Isidro (USI) y la Facultad de Trabajo Social de la Universidad Nacional de La Plata (FTS-UNLP), convocan al <em>5\u00b0 Congreso Nacional e Internacional de Filosof\u00eda de la Liberaci\u00f3n<\/em>, en el marco de la 6ta cohorte de la <em>Diplomatura Universitaria en Filosof\u00eda de la Liberaci\u00f3n<\/em>.<\/h5>\n<h5>En Noviembre de 2022 realizamos en Viedma, desde AFyL Argentina, el 4too Congreso de Filosof\u00eda de la Liberaci\u00f3n, enmarcado en la quinta cohorte de nuestra Diplomatura Universitaria en Filosof\u00eda de la Liberaci\u00f3n. Con este evento cerramos el proceso de trabajo realizado durante el a\u00f1o de cursada y renovamos el compromiso asumido por una generaci\u00f3n de fil\u00f3sofes que hace 50 a\u00f1os se plante\u00f3 la necesidad de partir de nuestros pueblos para pensar la filosof\u00eda, y no al rev\u00e9s.<\/h5>\n<h5>En 2024 renovamos nuestro compromiso respecto a la formaci\u00f3n filos\u00f3fica, pol\u00edtica y \u00e9tica de agentes del campo acad\u00e9mico y social desde los aportes de la Filosof\u00eda de la Liberaci\u00f3n del maestro Enrique Dussel. Ofrecemos en este nuevo Congreso un espacio para profundizar el estudio de los principales temas y categor\u00edas de la Filosof\u00eda de la Liberaci\u00f3n en su dimensi\u00f3n pol\u00edtica, ante el asedio jur\u00eddico en Am\u00e9rica Latina que pone, sistem\u00e1ticamente, nuestras democracias en riesgo. La Pol\u00edtica de la Liberaci\u00f3n, como cr\u00edtica creadora, demanda una profunda articulaci\u00f3n para cimentar nuestras posiciones en defensa de las Democracias conseguidas, pero tambi\u00e9n nos permiten analizar v\u00edas posibles de construcci\u00f3n de alternativas cr\u00edticas para la concreci\u00f3n de <em>praxis<\/em> liberadoras otras.<\/h5>\n<h5>Consideramos que articular los principios de la Pol\u00edtica de la Liberaci\u00f3n de Enrique Dussel, con las situaciones hist\u00f3ricas de opresi\u00f3n que atraviesa nuestro continente, que persisten en nuestros d\u00edas, puede ser un gran aporte a nuestra comunidad de pensamiento.<\/h5>\n<h5>Latinoam\u00e9rica y El Caribe siguen siendo campo de batalla, tanto al interior de las propias formaciones nacionales, como en referencia a las disputas de poder a nivel global. El contexto geopol\u00edtico\u00a0 posterior a la pandemia ha reconfigurado y profundizado los alcances del poder pol\u00edtico, econ\u00f3mico, financiero, militar, tecnol\u00f3gico y comunicacional en esta disputa hegem\u00f3nica. En los \u00faltimos a\u00f1os se han complejizado las estrategias y\u00a0 dispositivos de intervenci\u00f3n, jur\u00eddicas sobre todo, sin que ello implique el abandono de viejas pr\u00e1cticas golpistas, tal como se ha vivido en Honduras, Bolivia, Per\u00fa o Brasil. Este panorama, se ve agravado recientemente en nuestro pa\u00eds, con el ascenso al poder de un gobierno que promueve un retroceso de la democracia, lapauperizaci\u00f3n de las condiciones de vida de nuestro pueblo, y la erosi\u00f3n de la soberan\u00eda popular y nacional. Las diversas organizaciones sociales de nuestro continente, as\u00ed como los pueblos ancestrales, suman riqueza y complejidad a cada uno de los aspectos planteados. En tal sentido, los pueblos del Abya Yala nos siguen mostrando, desde distintas experiencias organizativas, el rumbo de los caminos al buen vivir.<\/h5>\n<h5>Ante este panorama, proponemos nuestro 5to congreso de Filosof\u00eda de la Liberaci\u00f3n en el marco de la 6ta cohorte de la Diplomatura en Filosof\u00eda de la Liberaci\u00f3n llevada a cabo en la Universidad de San Isidro. Buscamos promover la reflexi\u00f3n desde el enorme campo popular que brega por la liberaci\u00f3n de nuestro pueblo y aspira a la segunda y definitiva independencia.<\/h5>\n<h5>Este Congreso cuenta con los antecedentes de los encuentros con sede en la Universidad Nacional de Jujuy (2017), Universidad Nacional del Comahue (Neuqu\u00e9n-2018), Universidad Nacional de Rosario (2019) y Universidad Nacional del Comahue &#8211; CURZA, (Viedma-2022) donde centenares de participantes docentes, investigadorxs, estudiantes, referentes de movimientos sociales y miembros de la comunidad en general, se dieron cita para debatir en torno a nuestra realidad latinoamericana, desde el enfoque espec\u00edfico de la Filosof\u00eda de la Liberaci\u00f3n.<\/h5>\n<h5>Este a\u00f1o, especialmente, el evento ser\u00e1 en homenaje al querido maestro Enrique Dussel, quien nos deja un gran legado, luego de su fallecimiento, el 5 de noviembre del 2023. La propuesta es reunirnos para pensar y reflexionar desde la Filosof\u00eda y la Pol\u00edtica de la Liberaci\u00f3n, renovando nuestro compromiso con las nuevas generaciones de estudiantes, docentes, militantes del campo popular y todx aquel interesadx en abordar la realidad desde la perspectiva de la Filosof\u00eda de la Liberaci\u00f3n Latinoamericana.<\/h5>\n","protected":false},"excerpt":{"rendered":"<p>La Asociaci\u00f3n de Filosof\u00eda de la Liberaci\u00f3n Argentina, en conjunto con la Asociaci\u00f3n de Filosof\u00eda Latinoamericana y Ciencias Sociales (ASOFIL), el Instituto Juan Carlos Scannone (USI), la Universidad de San Isidro (USI) y la Facultad de Trabajo Social de la Universidad Nacional de La Plata (FTS-UNLP), convocan al 5\u00b0 Congreso Nacional e Internacional de Filosof\u00eda [&hellip;]<\/p>\n","protected":false},"author":202,"featured_media":0,"parent":0,"menu_order":0,"comment_status":"closed","ping_status":"closed","template":"","meta":{"advgb_blocks_editor_width":"","advgb_blocks_columns_visual_guide":"","footnotes":""},"class_list":["post-14","page","type-page","status-publish","hentry","post"],"aioseo_notices":[],"coauthors":[],"author_meta":{"author_link":"https:\/\/congresos.unlp.edu.ar\/5congresofilosofialiberacion\/author\/ssoler\/","display_name":"ssoler"},"relative_dates":{"created":"Posted 2 a\u00f1os ago","modified":"Updated 2 a\u00f1os ago"},"absolute_dates":{"created":"Posted on 27 febrero, 2024","modified":"Updated on 6 abril, 2024"},"absolute_dates_time":{"created":"Posted on 27 febrero, 2024 9:42 am","modified":"Updated on 6 abril, 2024 12:22 pm"},"featured_img_caption":"","featured_img":false,"series_order":"","_links":{"self":[{"href":"https:\/\/congresos.unlp.edu.ar\/5congresofilosofialiberacion\/wp-json\/wp\/v2\/pages\/14","targetHints":{"allow":["GET"]}}],"collection":[{"href":"https:\/\/congresos.unlp.edu.ar\/5congresofilosofialiberacion\/wp-json\/wp\/v2\/pages"}],"about":[{"href":"https:\/\/congresos.unlp.edu.ar\/5congresofilosofialiberacion\/wp-json\/wp\/v2\/types\/page"}],"author":[{"embeddable":true,"href":"https:\/\/congresos.unlp.edu.ar\/5congresofilosofialiberacion\/wp-json\/wp\/v2\/users\/202"}],"replies":[{"embeddable":true,"href":"https:\/\/congresos.unlp.edu.ar\/5congresofilosofialiberacion\/wp-json\/wp\/v2\/comments?post=14"}],"version-history":[{"count":0,"href":"https:\/\/congresos.unlp.edu.ar\/5congresofilosofialiberacion\/wp-json\/wp\/v2\/pages\/14\/revisions"}],"wp:attachment":[{"href":"https:\/\/congresos.unlp.edu.ar\/5congresofilosofialiberacion\/wp-json\/wp\/v2\/media?parent=14"}],"curies":[{"name":"wp","href":"https:\/\/api.w.org\/{rel}","templated":true}]}}