{"id":94,"date":"2022-08-11T09:59:02","date_gmt":"2022-08-11T12:59:02","guid":{"rendered":"https:\/\/congresos.unlp.edu.ar\/1cipmus\/?page_id=94"},"modified":"2023-04-11T00:01:35","modified_gmt":"2023-04-11T03:01:35","slug":"inscripcion","status":"publish","type":"page","link":"https:\/\/congresos.unlp.edu.ar\/1cipmus\/inscripcion\/","title":{"rendered":"Inscripci\u00f3n"},"content":{"rendered":"<h6>\u00ad<\/h6>\n<h1>Inscripci\u00f3n<\/h1>\n<p>El congreso ser\u00e1 GRATUITO para los socios de AEPMIM, SACCoM o ABCM, y para quienes participen en un Panel de Expertos.<br \/>\nPara presentar comunicaciones o asistir al congreso, es indispensable estar asociado a una de las sociedades organizadoras.<br \/>\nLas personas residentes en Europa cuya lengua sea el espa\u00f1ol deber\u00e1n asociarse a AEPMIM: <a href=\"https:\/\/aepmim.org\/ficha-de-inscripcion\/ficha\/\" target=\"_blank\" rel=\"noopener\">https:\/\/aepmim.org\/ficha-de-inscripcion\/ficha\/<\/a><\/p>\n<p>Las personas residentes en Am\u00e9rica cuya lengua sea el espa\u00f1ol deber\u00e1n asociarse a SACCOM: <a href=\"http:\/\/saccom.org.ar\/blog\/membresias\/\" target=\"_blank\" rel=\"noopener\">www.saccom.org.ar\/blog\/membresias\/<\/a><\/p>\n<p>Las personas cuya lengua sea el portugu\u00e9s deber\u00e1n asociarse a ABCM: <a href=\"https:\/\/www.abcogmus.com\/register\/\" target=\"_blank\" rel=\"noopener\">https:\/\/www.abcogmus.com\/register\/<\/a><\/p>\n<p>&nbsp;<\/p>\n<p>La <strong>inscripci\u00f3n para asistentes<\/strong> estar\u00e1 disponible hasta el <strong>10 de abril<\/strong>.<\/p>\n<p>&nbsp;<\/p>\n<h1>Formularios de inscripci\u00f3n<\/h1>\n<p>Inscripci\u00f3n cerrada<\/p>\n<p>&nbsp;<\/p>\n<h1>Env\u00edo de Trabajos<\/h1>\n<p>Ya no es posible enviar trabajos<\/p>\n<p>&nbsp;<\/p>\n<p>&nbsp;<\/p>\n","protected":false},"excerpt":{"rendered":"<p>\u00ad Inscripci\u00f3n El congreso ser\u00e1 GRATUITO para los socios de AEPMIM, SACCoM o ABCM, y para quienes participen en un Panel de Expertos. Para presentar comunicaciones o asistir al congreso, es indispensable estar asociado a una de las sociedades organizadoras. Las personas residentes en Europa cuya lengua sea el espa\u00f1ol deber\u00e1n asociarse a AEPMIM: https:\/\/aepmim.org\/ficha-de-inscripcion\/ficha\/ [&hellip;]<\/p>\n","protected":false},"author":156,"featured_media":0,"parent":0,"menu_order":0,"comment_status":"closed","ping_status":"closed","template":"","meta":{"advgb_blocks_editor_width":"","advgb_blocks_columns_visual_guide":"","footnotes":""},"class_list":["post-94","page","type-page","status-publish","hentry","post"],"aioseo_notices":[],"coauthors":[],"author_meta":{"author_link":"https:\/\/congresos.unlp.edu.ar\/1cipmus\/author\/pereiraghiena\/","display_name":"pereiraghiena"},"relative_dates":{"created":"Publicado 4 a\u00f1os hace","modified":"Actualizado 3 a\u00f1os hace"},"absolute_dates":{"created":"Publicado el 11\/08\/2022","modified":"Actualizado el 11\/04\/2023"},"absolute_dates_time":{"created":"Publicado el 11\/08\/2022 9:59 AM","modified":"Actualizado el 11\/04\/2023 12:01 AM"},"featured_img_caption":"","featured_img":false,"series_order":"","_links":{"self":[{"href":"https:\/\/congresos.unlp.edu.ar\/1cipmus\/wp-json\/wp\/v2\/pages\/94","targetHints":{"allow":["GET"]}}],"collection":[{"href":"https:\/\/congresos.unlp.edu.ar\/1cipmus\/wp-json\/wp\/v2\/pages"}],"about":[{"href":"https:\/\/congresos.unlp.edu.ar\/1cipmus\/wp-json\/wp\/v2\/types\/page"}],"author":[{"embeddable":true,"href":"https:\/\/congresos.unlp.edu.ar\/1cipmus\/wp-json\/wp\/v2\/users\/156"}],"replies":[{"embeddable":true,"href":"https:\/\/congresos.unlp.edu.ar\/1cipmus\/wp-json\/wp\/v2\/comments?post=94"}],"version-history":[{"count":0,"href":"https:\/\/congresos.unlp.edu.ar\/1cipmus\/wp-json\/wp\/v2\/pages\/94\/revisions"}],"wp:attachment":[{"href":"https:\/\/congresos.unlp.edu.ar\/1cipmus\/wp-json\/wp\/v2\/media?parent=94"}],"curies":[{"name":"wp","href":"https:\/\/api.w.org\/{rel}","templated":true}]}}