{"id":46,"date":"2022-08-10T12:18:34","date_gmt":"2022-08-10T15:18:34","guid":{"rendered":"https:\/\/congresos.unlp.edu.ar\/1cipmus\/?page_id=46"},"modified":"2023-03-21T22:00:41","modified_gmt":"2023-03-22T01:00:41","slug":"fechas-clave","status":"publish","type":"page","link":"https:\/\/congresos.unlp.edu.ar\/1cipmus\/fechas-clave\/","title":{"rendered":"Fechas Clave"},"content":{"rendered":"<h6>\u00ad<\/h6>\n<h1>Fechas Clave<\/h1>\n<h3>Plazo para el <strong>env\u00edo de propuestas<\/strong>: del 1 de noviembre de 2022 al 10 de febrero de 2023<\/h3>\n<h3>Informe de <strong>resultados de evaluaci\u00f3n:<\/strong> 6 de marzo de 2023<\/h3>\n<h3><strong>Inscripci\u00f3n al Congreso<\/strong>: a partir del 1\u00ba de marzo de 2023<\/h3>\n<h3><strong>Fecha del Congreso:<\/strong> 12 al 15 de abril de 2023<\/h3>\n<h3>La <strong>inscripci\u00f3n para asistentes<\/strong> estar\u00e1 disponible hasta el <strong>10 de abril<\/strong>.<\/h3>\n<p>&nbsp;<\/p>\n","protected":false},"excerpt":{"rendered":"<p>\u00ad Fechas Clave Plazo para el env\u00edo de propuestas: del 1 de noviembre de 2022 al 10 de febrero de 2023 Informe de resultados de evaluaci\u00f3n: 6 de marzo de 2023 Inscripci\u00f3n al Congreso: a partir del 1\u00ba de marzo de 2023 Fecha del Congreso: 12 al 15 de abril de 2023 La inscripci\u00f3n para [&hellip;]<\/p>\n","protected":false},"author":2,"featured_media":0,"parent":0,"menu_order":0,"comment_status":"closed","ping_status":"closed","template":"","meta":{"advgb_blocks_editor_width":"","advgb_blocks_columns_visual_guide":"","footnotes":""},"class_list":["post-46","page","type-page","status-publish","hentry","post"],"aioseo_notices":[],"coauthors":[],"author_meta":{"author_link":"https:\/\/congresos.unlp.edu.ar\/1cipmus\/author\/congresos\/","display_name":"congresos"},"relative_dates":{"created":"Publicado 4 a\u00f1os hace","modified":"Actualizado 3 a\u00f1os hace"},"absolute_dates":{"created":"Publicado el 10\/08\/2022","modified":"Actualizado el 21\/03\/2023"},"absolute_dates_time":{"created":"Publicado el 10\/08\/2022 12:18 PM","modified":"Actualizado el 21\/03\/2023 10:00 PM"},"featured_img_caption":"","featured_img":false,"series_order":"","_links":{"self":[{"href":"https:\/\/congresos.unlp.edu.ar\/1cipmus\/wp-json\/wp\/v2\/pages\/46","targetHints":{"allow":["GET"]}}],"collection":[{"href":"https:\/\/congresos.unlp.edu.ar\/1cipmus\/wp-json\/wp\/v2\/pages"}],"about":[{"href":"https:\/\/congresos.unlp.edu.ar\/1cipmus\/wp-json\/wp\/v2\/types\/page"}],"author":[{"embeddable":true,"href":"https:\/\/congresos.unlp.edu.ar\/1cipmus\/wp-json\/wp\/v2\/users\/2"}],"replies":[{"embeddable":true,"href":"https:\/\/congresos.unlp.edu.ar\/1cipmus\/wp-json\/wp\/v2\/comments?post=46"}],"version-history":[{"count":0,"href":"https:\/\/congresos.unlp.edu.ar\/1cipmus\/wp-json\/wp\/v2\/pages\/46\/revisions"}],"wp:attachment":[{"href":"https:\/\/congresos.unlp.edu.ar\/1cipmus\/wp-json\/wp\/v2\/media?parent=46"}],"curies":[{"name":"wp","href":"https:\/\/api.w.org\/{rel}","templated":true}]}}