{"id":42,"date":"2022-08-10T12:17:40","date_gmt":"2022-08-10T15:17:40","guid":{"rendered":"https:\/\/congresos.unlp.edu.ar\/1cipmus\/?page_id=42"},"modified":"2022-10-28T18:15:13","modified_gmt":"2022-10-28T21:15:13","slug":"pautas-para-la-presentacion-de-trabajos","status":"publish","type":"page","link":"https:\/\/congresos.unlp.edu.ar\/1cipmus\/pautas-para-la-presentacion-de-trabajos\/","title":{"rendered":"Pautas para la presentaci\u00f3n de trabajos"},"content":{"rendered":"<h6>\u00ad<\/h6>\n<h1>Pautas para la presentaci\u00f3n de trabajos<\/h1>\n<h2>Tipos de propuestas<\/h2>\n<p>Se recibir\u00e1n trabajos de investigaci\u00f3n completos bajo las siguientes consideraciones:<\/p>\n<p><strong>Trabajos de investigaci\u00f3n con orientaci\u00f3n te\u00f3rica: <\/strong>son aquellos trabajos que presentan desarrollos te\u00f3ricos in\u00e9ditos, originales y cr\u00edticos, o bien ofrecen una revisi\u00f3n del marco te\u00f3rico vinculado con un t\u00f3pico puntual de inter\u00e9s. El objetivo de estos trabajos es contribuir a la elaboraci\u00f3n y al est\u00edmulo de discusiones te\u00f3ricas, epistemol\u00f3gicas y metate\u00f3ricas relativas a los diferentes campos de conocimientos que confluyen en el Congreso.<\/p>\n<p><strong>Trabajos de investigaci\u00f3n con orientaci\u00f3n emp\u00edrica:<\/strong> Son trabajos que presentan un conjunto de resultados obtenidos a partir de la observaci\u00f3n de un fen\u00f3meno (descriptivos) o mediante la manipulaci\u00f3n de una variable para evaluar sus efectos sobre otra (explicativos). El objetivo de estos trabajos es contribuir a la elaboraci\u00f3n y est\u00edmulo de discusiones y derivaciones te\u00f3ricas o conceptuales sustentadas en los datos, relativas a los diferentes campos de conocimientos que confluyen en el Congreso.<\/p>\n<p><strong>Trabajos de investigaci\u00f3n con orientaci\u00f3n art\u00edstica: <\/strong>Son trabajos que presentan obras musicales o performances como resultantes del proceso de investigaci\u00f3n. Los autores deben presentar sus obras o performances en di\u00e1logo con una problem\u00e1tica vinculada con la Psicolog\u00eda de la M\u00fasica y Cognici\u00f3n Musical. El objetivo de estos trabajos es contribuir a la elaboraci\u00f3n y est\u00edmulo de discusiones art\u00edsticas, est\u00e9ticas y\/o t\u00e9cnicas relativas a los diferentes campos de conocimientos que confluyen en el Congreso.<\/p>\n<h2>Modalidad de env\u00edo<\/h2>\n<p>Se recibir\u00e1n trabajos completos con una extensi\u00f3n de entre 2000 y 2500 palabras (sin considerar las referencias). De modo orientativo, los trabajos completos tendr\u00e1n formato de art\u00edculo, con apartados: Introducci\u00f3n (marco te\u00f3rico y objetivos), metodolog\u00eda (participantes, instrumentos, variables, procedimiento), an\u00e1lisis\/resultados, conclusiones. Los trabajos de investigaci\u00f3n con orientaci\u00f3n art\u00edstica deber\u00e1n adjuntar adem\u00e1s un enlace a la obra musical resultante del proceso de investigaci\u00f3n.<\/p>\n<p>Los env\u00edos se realizar\u00e1n a trav\u00e9s de una plataforma que estar\u00e1 disponible en la p\u00e1gina web del Congreso.<\/p>\n<h2>Modalidad de presentaci\u00f3n<\/h2>\n<p>La presentaci\u00f3n de los trabajos de investigaci\u00f3n ser\u00e1 virtual. Los autores tendr\u00e1n un encuentro sincr\u00f3nico con una duraci\u00f3n de 15 minutos para la exposici\u00f3n del trabajo y, posteriormente, se dispondr\u00e1 de un tiempo para el debate entre autores y asistentes a las sesiones.<\/p>\n<h2>Aceptaci\u00f3n y publicaci\u00f3n de trabajos<\/h2>\n<p>Los trabajos presentados ser\u00e1n evaluados por un Comit\u00e9 Cient\u00edfico que establecer\u00e1 la pertinencia de la propuesta con relaci\u00f3n a los objetivos y al eje tem\u00e1tico. Finalmente los trabajos ser\u00e1n publicados en las Actas Digitales del Congreso con su correspondiente ISBN.<\/p>\n<p>Durante la evaluaci\u00f3n ser\u00e1n seleccionados hasta 16 trabajos para ser enviados a las revistas <em>EPISTEMUS<\/em> y <em>PERCEPTA<\/em> (hasta 8 art\u00edculos para cada revista). En ambos casos, los autores de los trabajos seleccionados deber\u00e1n adecuar posteriormente el escrito a la extensi\u00f3n y los formatos de estilo de cada revista.<\/p>\n<p>&nbsp;<\/p>\n<p><strong><em>No ser\u00e1 requisito estar asociado al momento del env\u00edo del trabajo. Las inscripciones al congreso junto con el pago de la membres\u00eda podr\u00e1n realizarse a partir del 15 de febrero.<\/em><\/strong><\/p>\n<p>&nbsp;<\/p>\n<p>&nbsp;<\/p>\n","protected":false},"excerpt":{"rendered":"<p>\u00ad Pautas para la presentaci\u00f3n de trabajos Tipos de propuestas Se recibir\u00e1n trabajos de investigaci\u00f3n completos bajo las siguientes consideraciones: Trabajos de investigaci\u00f3n con orientaci\u00f3n te\u00f3rica: son aquellos trabajos que presentan desarrollos te\u00f3ricos in\u00e9ditos, originales y cr\u00edticos, o bien ofrecen una revisi\u00f3n del marco te\u00f3rico vinculado con un t\u00f3pico puntual de inter\u00e9s. El objetivo de [&hellip;]<\/p>\n","protected":false},"author":2,"featured_media":0,"parent":0,"menu_order":0,"comment_status":"closed","ping_status":"closed","template":"","meta":{"advgb_blocks_editor_width":"","advgb_blocks_columns_visual_guide":"","footnotes":""},"class_list":["post-42","page","type-page","status-publish","hentry","post"],"aioseo_notices":[],"coauthors":[],"author_meta":{"author_link":"https:\/\/congresos.unlp.edu.ar\/1cipmus\/author\/congresos\/","display_name":"congresos"},"relative_dates":{"created":"Publicado 4 a\u00f1os hace","modified":"Actualizado 3 a\u00f1os hace"},"absolute_dates":{"created":"Publicado el 10\/08\/2022","modified":"Actualizado el 28\/10\/2022"},"absolute_dates_time":{"created":"Publicado el 10\/08\/2022 12:17 PM","modified":"Actualizado el 28\/10\/2022 6:15 PM"},"featured_img_caption":"","featured_img":false,"series_order":"","_links":{"self":[{"href":"https:\/\/congresos.unlp.edu.ar\/1cipmus\/wp-json\/wp\/v2\/pages\/42","targetHints":{"allow":["GET"]}}],"collection":[{"href":"https:\/\/congresos.unlp.edu.ar\/1cipmus\/wp-json\/wp\/v2\/pages"}],"about":[{"href":"https:\/\/congresos.unlp.edu.ar\/1cipmus\/wp-json\/wp\/v2\/types\/page"}],"author":[{"embeddable":true,"href":"https:\/\/congresos.unlp.edu.ar\/1cipmus\/wp-json\/wp\/v2\/users\/2"}],"replies":[{"embeddable":true,"href":"https:\/\/congresos.unlp.edu.ar\/1cipmus\/wp-json\/wp\/v2\/comments?post=42"}],"version-history":[{"count":0,"href":"https:\/\/congresos.unlp.edu.ar\/1cipmus\/wp-json\/wp\/v2\/pages\/42\/revisions"}],"wp:attachment":[{"href":"https:\/\/congresos.unlp.edu.ar\/1cipmus\/wp-json\/wp\/v2\/media?parent=42"}],"curies":[{"name":"wp","href":"https:\/\/api.w.org\/{rel}","templated":true}]}}