{"id":355,"date":"2022-09-15T08:29:49","date_gmt":"2022-09-15T11:29:49","guid":{"rendered":"https:\/\/congresos.unlp.edu.ar\/1cipmus\/?page_id=355"},"modified":"2022-09-15T08:30:46","modified_gmt":"2022-09-15T11:30:46","slug":"apresentacao-2","status":"publish","type":"page","link":"https:\/\/congresos.unlp.edu.ar\/1cipmus\/apresentacao-2\/?lang=pt-br","title":{"rendered":"Apresenta\u00e7\u00e3o"},"content":{"rendered":"<h6>\u00ad<\/h6>\n<header class=\"entry-header\">\n<h1 class=\"entry-title\">Apresenta\u00e7\u00e3o<\/h1>\n<p class=\"entry-title\">A Associa\u00e7\u00e3o Espanhola de Psicologia da M\u00fasica e Interpreta\u00e7\u00e3o Musical (AEPMIM), a Sociedade Argentina de Ci\u00eancias Cognitivas da M\u00fasica (SACCoM) e a Associa\u00e7\u00e3o Brasileira de Cogni\u00e7\u00e3o e Artes Musicais (ABCM) convidam voc\u00ea a participar do Primeiro Congresso Ibero-Americano de Psicologia da M\u00fasica e Cogni\u00e7\u00e3o Musical, a ser realizado de 12 a 15 de abril de 2023.<\/p>\n<\/header>\n<div class=\"entry-content\">\n<p>O campo da Psicologia Musical e da Cogni\u00e7\u00e3o Musical \u00e9 extremamente amplo, pois estuda os processos mentais, emocionais, biol\u00f3gicos e sociais da experi\u00eancia musical em atividades t\u00e3o complexas quanto a audi\u00e7\u00e3o, a composi\u00e7\u00e3o ou a performance. As pesquisas realizadas neste campo de conhecimento permitem compreender melhor as pr\u00e1ticas musicais e educativas. Por sua vez, compreender o funcionamento da mente humana tamb\u00e9m enriquece m\u00faltiplas disciplinas, como aquelas orientadas para a terapia ou a promo\u00e7\u00e3o do bem-estar.<\/p>\n<p>Este congresso se prop\u00f5e:<\/p>\n<ul>\n<li>incentivar o encontro entre pesquisadores, m\u00fasicos, psic\u00f3logos, neurocientistas e educadores musicais da Iberoam\u00e9rica;<\/li>\n<li>impulsionar a divulga\u00e7\u00e3o das pesquisas emp\u00edricas, te\u00f3ricas e art\u00edsticas;<\/li>\n<li>promover o conhecimento acerca dos diferentes eixos tem\u00e1ticos considerados nesta convocat\u00f3ria.<\/li>\n<\/ul>\n<p>Confiamos que ser\u00e1 uma excelente oportunidade para continuar a promover o desenvolvimento da Psicologia da M\u00fasica e da Cogni\u00e7\u00e3o Musical na nossa regi\u00e3o. Precisamente com esta motiva\u00e7\u00e3o concebemos uma modalidade que combina encontros virtuais, que favorecem a participa\u00e7\u00e3o de participantes de diferentes latitudes, com encontros presenciais, com diferentes atividades organizadas pelos diferentes espa\u00e7os colaboradores.<\/p>\n<p>As l\u00ednguas oficiais s\u00e3o o espanhol e o portugu\u00eas.<\/p>\n<h2>Atividades do congresso<\/h2>\n<p>Este congresso ter\u00e1 atividades virtuais organizadas em:<\/p>\n<ul>\n<li><strong>Confer\u00eancias<\/strong>\u00a0<strong>plen\u00e1rias<\/strong>\u00a0a cargo de especialistas reconhecidos.<\/li>\n<li><strong>Apresenta\u00e7\u00f5es e semin\u00e1rios\u00a0<\/strong>em que temas espec\u00edficos ser\u00e3o desenvolvidos de forma individual ou conjunta.<\/li>\n<li><strong>Comunica\u00e7\u00f5es\u00a0<\/strong>das pesquisas te\u00f3ricas, emp\u00edricas e art\u00edsticas.<\/li>\n<li><strong>Pain\u00e9is e Mesas de discuss\u00e3o\u00a0<\/strong>em que se discutir\u00e3o temas espec\u00edficos.<\/li>\n<\/ul>\n<p>Haver\u00e1 tamb\u00e9m atividades presenciais que ser\u00e3o informadas a partir dos diferentes locais colaboradores.<\/p>\n<\/div>\n<p>&nbsp;<\/p>\n<p>&nbsp;<\/p>\n","protected":false},"excerpt":{"rendered":"<p>\u00ad Apresenta\u00e7\u00e3o A Associa\u00e7\u00e3o Espanhola de Psicologia da M\u00fasica e Interpreta\u00e7\u00e3o Musical (AEPMIM), a Sociedade Argentina de Ci\u00eancias Cognitivas da M\u00fasica (SACCoM) e a Associa\u00e7\u00e3o Brasileira de Cogni\u00e7\u00e3o e Artes Musicais (ABCM) convidam voc\u00ea a participar do Primeiro Congresso Ibero-Americano de Psicologia da M\u00fasica e Cogni\u00e7\u00e3o Musical, a ser realizado de 12 a 15 de [&hellip;]<\/p>\n","protected":false},"author":156,"featured_media":0,"parent":0,"menu_order":0,"comment_status":"closed","ping_status":"closed","template":"","meta":{"advgb_blocks_editor_width":"","advgb_blocks_columns_visual_guide":"","footnotes":""},"class_list":["post-355","page","type-page","status-publish","hentry","post"],"aioseo_notices":[],"coauthors":[],"author_meta":{"author_link":"https:\/\/congresos.unlp.edu.ar\/1cipmus\/author\/pereiraghiena\/","display_name":"pereiraghiena"},"relative_dates":{"created":"Publicado 4 a\u00f1os hace","modified":"Actualizado 4 a\u00f1os hace"},"absolute_dates":{"created":"Publicado el 15\/09\/2022","modified":"Actualizado el 15\/09\/2022"},"absolute_dates_time":{"created":"Publicado el 15\/09\/2022 8:29 AM","modified":"Actualizado el 15\/09\/2022 8:30 AM"},"featured_img_caption":"","featured_img":false,"series_order":"","_links":{"self":[{"href":"https:\/\/congresos.unlp.edu.ar\/1cipmus\/wp-json\/wp\/v2\/pages\/355","targetHints":{"allow":["GET"]}}],"collection":[{"href":"https:\/\/congresos.unlp.edu.ar\/1cipmus\/wp-json\/wp\/v2\/pages"}],"about":[{"href":"https:\/\/congresos.unlp.edu.ar\/1cipmus\/wp-json\/wp\/v2\/types\/page"}],"author":[{"embeddable":true,"href":"https:\/\/congresos.unlp.edu.ar\/1cipmus\/wp-json\/wp\/v2\/users\/156"}],"replies":[{"embeddable":true,"href":"https:\/\/congresos.unlp.edu.ar\/1cipmus\/wp-json\/wp\/v2\/comments?post=355"}],"version-history":[{"count":0,"href":"https:\/\/congresos.unlp.edu.ar\/1cipmus\/wp-json\/wp\/v2\/pages\/355\/revisions"}],"wp:attachment":[{"href":"https:\/\/congresos.unlp.edu.ar\/1cipmus\/wp-json\/wp\/v2\/media?parent=355"}],"curies":[{"name":"wp","href":"https:\/\/api.w.org\/{rel}","templated":true}]}}