{"id":32,"date":"2022-08-10T12:16:32","date_gmt":"2022-08-10T15:16:32","guid":{"rendered":"https:\/\/congresos.unlp.edu.ar\/1cipmus\/?page_id=32"},"modified":"2022-09-07T09:45:46","modified_gmt":"2022-09-07T12:45:46","slug":"comite-organizador","status":"publish","type":"page","link":"https:\/\/congresos.unlp.edu.ar\/1cipmus\/comite-organizador\/","title":{"rendered":"Comit\u00e9 Organizador"},"content":{"rendered":"<h6>\u00ad<\/h6>\n<h1>Comit\u00e9 Organizador<\/h1>\n<h2>Organizadores generales:<\/h2>\n<p>Rael Bertarelli Gimenes Toffolo (ABCM)<\/p>\n<p>Guilherme Bertissolo (ABCM)<\/p>\n<p>Mar\u00eda In\u00e9s Burcet (SACCoM)<\/p>\n<p>Margarita Lorenzo de Reiz\u00e1bal (AEPMIM)<\/p>\n<p>Elsa Perdomo Guevara (AEPMIM)<\/p>\n<p>&nbsp;<\/p>\n<p>&nbsp;<\/p>\n","protected":false},"excerpt":{"rendered":"<p>\u00ad Comit\u00e9 Organizador Organizadores generales: Rael Bertarelli Gimenes Toffolo (ABCM) Guilherme Bertissolo (ABCM) Mar\u00eda In\u00e9s Burcet (SACCoM) Margarita Lorenzo de Reiz\u00e1bal (AEPMIM) Elsa Perdomo Guevara (AEPMIM) &nbsp; &nbsp;<\/p>\n","protected":false},"author":2,"featured_media":0,"parent":0,"menu_order":0,"comment_status":"closed","ping_status":"closed","template":"","meta":{"advgb_blocks_editor_width":"","advgb_blocks_columns_visual_guide":"","footnotes":""},"class_list":["post-32","page","type-page","status-publish","hentry","post"],"aioseo_notices":[],"coauthors":[],"author_meta":{"author_link":"https:\/\/congresos.unlp.edu.ar\/1cipmus\/author\/congresos\/","display_name":"congresos"},"relative_dates":{"created":"Publicado 4 a\u00f1os hace","modified":"Actualizado 4 a\u00f1os hace"},"absolute_dates":{"created":"Publicado el 10\/08\/2022","modified":"Actualizado el 07\/09\/2022"},"absolute_dates_time":{"created":"Publicado el 10\/08\/2022 12:16 PM","modified":"Actualizado el 07\/09\/2022 9:45 AM"},"featured_img_caption":"","featured_img":false,"series_order":"","_links":{"self":[{"href":"https:\/\/congresos.unlp.edu.ar\/1cipmus\/wp-json\/wp\/v2\/pages\/32","targetHints":{"allow":["GET"]}}],"collection":[{"href":"https:\/\/congresos.unlp.edu.ar\/1cipmus\/wp-json\/wp\/v2\/pages"}],"about":[{"href":"https:\/\/congresos.unlp.edu.ar\/1cipmus\/wp-json\/wp\/v2\/types\/page"}],"author":[{"embeddable":true,"href":"https:\/\/congresos.unlp.edu.ar\/1cipmus\/wp-json\/wp\/v2\/users\/2"}],"replies":[{"embeddable":true,"href":"https:\/\/congresos.unlp.edu.ar\/1cipmus\/wp-json\/wp\/v2\/comments?post=32"}],"version-history":[{"count":0,"href":"https:\/\/congresos.unlp.edu.ar\/1cipmus\/wp-json\/wp\/v2\/pages\/32\/revisions"}],"wp:attachment":[{"href":"https:\/\/congresos.unlp.edu.ar\/1cipmus\/wp-json\/wp\/v2\/media?parent=32"}],"curies":[{"name":"wp","href":"https:\/\/api.w.org\/{rel}","templated":true}]}}