{"id":30,"date":"2022-08-10T12:16:14","date_gmt":"2022-08-10T15:16:14","guid":{"rendered":"https:\/\/congresos.unlp.edu.ar\/1cipmus\/?page_id=30"},"modified":"2022-09-07T09:43:41","modified_gmt":"2022-09-07T12:43:41","slug":"presentacion","status":"publish","type":"page","link":"https:\/\/congresos.unlp.edu.ar\/1cipmus\/presentacion\/","title":{"rendered":"Presentaci\u00f3n"},"content":{"rendered":"<h6>\u00ad<\/h6>\n<h1>Presentaci\u00f3n<\/h1>\n<p>La Asociaci\u00f3n Espa\u00f1ola de Psicolog\u00eda de la M\u00fasica y la Interpretaci\u00f3n Musical (AEPMIM), la Sociedad Argentina para las Ciencias Cognitivas de la M\u00fasica (SACCoM) y la Associa\u00e7\u00e3o Brasileira de Cogni\u00e7\u00e3o e Artes Musicais (ABCM) invitan a participar en el Primer Congreso Iberoamericano de Psicolog\u00eda de la M\u00fasica y Cognici\u00f3n Musical, a realizarse los d\u00edas 12 al 15 de abril de 2023.<\/p>\n<p>El campo de la Psicolog\u00eda de la M\u00fasica y de la Cognici\u00f3n Musical es extremadamente amplio, pues estudia los procesos mentales, emocionales, biol\u00f3gicos y sociales de la experiencia musical en actividades tan complejas como son la audici\u00f3n, la composici\u00f3n o la interpretaci\u00f3n. Las investigaciones llevadas a cabo en este campo de conocimiento nos permiten comprender mejor las pr\u00e1cticas musicales y educativas. A su vez, comprender el funcionamiento de la mente humana enriquece tambi\u00e9n m\u00faltiples disciplinas, como pueden ser las orientadas a la terapia o a la promoci\u00f3n del bienestar.<\/p>\n<p>Este congreso se propone:<\/p>\n<ul>\n<li>favorecer el encuentro entre investigadores, m\u00fasicos, psic\u00f3logos, neurocient\u00edficos y educadores de Iberoam\u00e9rica;<\/li>\n<li>impulsar la divulgaci\u00f3n de investigaciones emp\u00edricas, te\u00f3ricas y art\u00edsticas;<\/li>\n<li>promover el conocimiento en torno a los diferentes ejes tem\u00e1ticos convocantes.<\/li>\n<\/ul>\n<p>Confiamos en que ser\u00e1 una excelente oportunidad para continuar impulsando el desarrollo de la Psicolog\u00eda de la M\u00fasica y la Cognici\u00f3n Musical en nuestra regi\u00f3n. Precisamente con esta motivaci\u00f3n hemos dise\u00f1ado una modalidad que combinar\u00e1 <strong>encuentros virtuales<\/strong> los cuales favorecer\u00e1n la participaci\u00f3n de expositores de diferentes latitudes y <strong>encuentros presenciales<\/strong>, con diferentes actividades organizadas en las sedes colaboradoras.<\/p>\n<p>Las lenguas oficiales ser\u00e1n el espa\u00f1ol y el portugu\u00e9s.<\/p>\n<h2>Actividades del congreso<\/h2>\n<p>Este Congreso tendr\u00e1 actividades virtuales organizadas en:<\/p>\n<ul>\n<li><strong>Conferencias<\/strong> a cargo de reconocidos especialistas.<\/li>\n<li><strong>Paneles de expertos<\/strong> en los que se desarrollar\u00e1n tem\u00e1ticas espec\u00edficas.<\/li>\n<li><strong>Comunicaciones<\/strong> en las que se presentar\u00e1n trabajos de investigaci\u00f3n te\u00f3ricos, emp\u00edricos y art\u00edsticos.<\/li>\n<li><strong>Mesas de discusi\u00f3n <\/strong>abiertas en las que se plantear\u00e1n debates a partir de una tem\u00e1tica espec\u00edfica.<\/li>\n<\/ul>\n<p>&nbsp;<\/p>\n<p>&nbsp;<\/p>\n","protected":false},"excerpt":{"rendered":"<p>\u00ad Presentaci\u00f3n La Asociaci\u00f3n Espa\u00f1ola de Psicolog\u00eda de la M\u00fasica y la Interpretaci\u00f3n Musical (AEPMIM), la Sociedad Argentina para las Ciencias Cognitivas de la M\u00fasica (SACCoM) y la Associa\u00e7\u00e3o Brasileira de Cogni\u00e7\u00e3o e Artes Musicais (ABCM) invitan a participar en el Primer Congreso Iberoamericano de Psicolog\u00eda de la M\u00fasica y Cognici\u00f3n Musical, a realizarse los [&hellip;]<\/p>\n","protected":false},"author":2,"featured_media":0,"parent":0,"menu_order":0,"comment_status":"closed","ping_status":"closed","template":"","meta":{"advgb_blocks_editor_width":"","advgb_blocks_columns_visual_guide":"","footnotes":""},"class_list":["post-30","page","type-page","status-publish","hentry","post"],"aioseo_notices":[],"coauthors":[],"author_meta":{"author_link":"https:\/\/congresos.unlp.edu.ar\/1cipmus\/author\/congresos\/","display_name":"congresos"},"relative_dates":{"created":"Publicado 4 a\u00f1os hace","modified":"Actualizado 4 a\u00f1os hace"},"absolute_dates":{"created":"Publicado el 10\/08\/2022","modified":"Actualizado el 07\/09\/2022"},"absolute_dates_time":{"created":"Publicado el 10\/08\/2022 12:16 PM","modified":"Actualizado el 07\/09\/2022 9:43 AM"},"featured_img_caption":"","featured_img":false,"series_order":"","_links":{"self":[{"href":"https:\/\/congresos.unlp.edu.ar\/1cipmus\/wp-json\/wp\/v2\/pages\/30","targetHints":{"allow":["GET"]}}],"collection":[{"href":"https:\/\/congresos.unlp.edu.ar\/1cipmus\/wp-json\/wp\/v2\/pages"}],"about":[{"href":"https:\/\/congresos.unlp.edu.ar\/1cipmus\/wp-json\/wp\/v2\/types\/page"}],"author":[{"embeddable":true,"href":"https:\/\/congresos.unlp.edu.ar\/1cipmus\/wp-json\/wp\/v2\/users\/2"}],"replies":[{"embeddable":true,"href":"https:\/\/congresos.unlp.edu.ar\/1cipmus\/wp-json\/wp\/v2\/comments?post=30"}],"version-history":[{"count":0,"href":"https:\/\/congresos.unlp.edu.ar\/1cipmus\/wp-json\/wp\/v2\/pages\/30\/revisions"}],"wp:attachment":[{"href":"https:\/\/congresos.unlp.edu.ar\/1cipmus\/wp-json\/wp\/v2\/media?parent=30"}],"curies":[{"name":"wp","href":"https:\/\/api.w.org\/{rel}","templated":true}]}}