{"id":290,"date":"2022-09-14T15:53:06","date_gmt":"2022-09-14T18:53:06","guid":{"rendered":"https:\/\/congresos.unlp.edu.ar\/1cipmus\/?page_id=290"},"modified":"2023-03-15T22:56:15","modified_gmt":"2023-03-16T01:56:15","slug":"instituciones-organizadoras","status":"publish","type":"page","link":"https:\/\/congresos.unlp.edu.ar\/1cipmus\/instituciones-organizadoras\/","title":{"rendered":"Instituciones Colaboradoras"},"content":{"rendered":"<h6>\u00ad<\/h6>\n<h1>Instituciones Colaboradoras<\/h1>\n<h2><strong>Instituciones con actividades presenciales<\/strong><\/h2>\n<p><strong>Universidade Federal do Paran\u00e1 (BRASIL)\u00a0<\/strong><\/p>\n<p>Universidade Federal do Paran\u00e1 &#8211; Programa de P\u00f3s-Gradua\u00e7\u00e3o em M\u00fasica<br \/>\nWeb: <a href=\"http:\/\/www.prppg.ufpr.br\/site\/ppgmusica\/pb\/\">http:\/\/www.prppg.ufpr.br\/site\/ppgmusica\/pb\/<\/a><br \/>\nOrganizadora local: <strong>Rosane Cardoso de Ara\u00fajo<\/strong><br \/>\nLocal: Audit\u00f3rio do Departamento de Artes da UFPR (rua Coronel Dulc\u00eddio, 638, Curitiba\/PR)<br \/>\nContacto: <a href=\"mailto:rosanecardoso@ufpr.br\">rosanecardoso@ufpr.br<\/a><\/p>\n<p>&nbsp;<\/p>\n<p><strong>Universidad Nacional de La Plata (ARGENTINA)<\/strong><strong>\u00a0<\/strong><\/p>\n<p>Universidad Nacional de La Plata, Facultad de Artes, Laboratorio para el Estudio de la Experiencia Musical (LEEM) \u2013<br \/>\nWeb:\u00a0 <a href=\"https:\/\/leem.fba.unlp.edu.ar\/\">https:\/\/leem.fba.unlp.edu.ar\/<\/a><br \/>\nOrganizadoras locales:<strong> Dra. Isabel Cecilia Martinez y Dra. Mar\u00eda In\u00e9s Burcet<\/strong><br \/>\nContacto: <a href=\"mailto:leem@fba.unlp.edu.ar\">leem@fba.unlp.edu.ar<\/a><\/p>\n<p>&nbsp;<\/p>\n<p><strong>Universidad Nacional de R\u00edo Negro (ARGENTINA)<\/strong><\/p>\n<p>Universidad Nacional de R\u00edo Negro, Sede Andina, Escuela de Artes.<br \/>\nWeb: <a href=\"http:\/\/www.unrn.edu.ar\">http:\/\/www.unrn.edu.ar<\/a><br \/>\nOrganizadores locales: <strong>Prof. Adri\u00e1n Porcel de Peralta y Mg. Paz Jacquier<\/strong><br \/>\nContacto: <a href=\"mailto:japorceldeperalta@unrn.edu.ar\">japorceldeperalta@unrn.edu.ar<\/a>\u00a0y <a href=\"mailto:pjacquier@unrn.edu.ar\">pjacquier@unrn.edu.ar<\/a><\/p>\n<p>&nbsp;<\/p>\n<p><b>Universidad Pedag\u00f3gica y Tecnol\u00f3gica de Colombia (COLOMBIA)<\/b><\/p>\n<p>Universidad Pedag\u00f3gica y Tecnol\u00f3gica de Colombia, Licenciatura en M\u00fasica, Grupo de investigaci\u00f3n In Crescendo<br \/>\nWeb: <a href=\"http:\/\/www.uptc.edu.co\/facultades\/f_educacion\/pregrado\/musica\/inf_adicional\/invest\/crescendo\/\">http:\/\/www.uptc.edu.co\/facultades\/f_educacion\/pregrado\/musica\/inf_adicional\/invest\/crescendo\/<\/a><br \/>\nOrganizadores locales: <strong>Pilar Jovanna Holgu\u00edn, Efra\u00edn Andr\u00e9s Hoyos, Alexey Barbosa Santos<\/strong><br \/>\nContacto: <a href=\"mailto:increscendo@uptc.edu.co\">increscendo@uptc.edu.co<\/a> y <a href=\"mailto:pilar.holguin@uptc.edu.co\">pilar.holguin@uptc.edu.co<\/a><\/p>\n<p>&nbsp;<\/p>\n<p><b>Centro Superior de M\u00fasica del Pa\u00eds Vasco MUSIKENE (ESPA\u00d1A)\u00a0<\/b><\/p>\n<p>Web: <a href=\"https:\/\/musikene.eus\">https:\/\/musikene.eus<\/a><br \/>\nOrganizadora local: Dra. <strong>Margarita Lorenzo de Reizabal y Maite Bilbao<\/strong><br \/>\nContacto: <a href=\"mailto:mlorenzo@musikene.net\">mlorenzo@musikene.net<\/a><\/p>\n<p>&nbsp;<\/p>\n<p><b>Universidad Aut\u00f3noma de Aguascalientes (M\u00c9XICO)<\/b><\/p>\n<p>Universidad Aut\u00f3noma de Aguascalientes, Departamento de M\u00fasica, Cuerpo Acad\u00e9mico Educaci\u00f3n y Conocimiento de la M\u00fasica (UAA-CA-117)<br \/>\nWeb: <a href=\"https:\/\/www.facebook.com\/UAACA117\/\">https:\/\/www.facebook.com\/UAACA117\/<\/a><br \/>\nOrganizadores locales: <strong>Mtro. Juan Pablo Correa Ortega, Dra. Irma Susanan Carbajal Vaca y Dr. Ra\u00fal Wenceslao Capistr\u00e1n Gracia.<\/strong><br \/>\nContacto:\u00a0 <a href=\"mailto:musica.117@edu.uaa.mx\">musica.117@edu.uaa.mx<\/a><\/p>\n<p>&nbsp;<\/p>\n<p><b>Universidade Federal do R\u00edo de Janeiro (BRASIL)<\/b><\/p>\n<p>Programa de P\u00f3s-Gradua\u00e7\u00e3o em M\u00fasica\/Universidade Federal do Rio de Janeiro<br \/>\nWeb: <a href=\"https:\/\/ppgm.musica.ufrj.br\/\">https:\/\/ppgm.musica.ufrj.br\/<\/a><br \/>\nOrganizador local:<strong> Marcos Nogueira<\/strong><br \/>\nContacto: <a href=\"mailto:mvinicionogueira@gmail.com\">mvinicionogueira@gmail.com<\/a><\/p>\n<p>&nbsp;<\/p>\n<p><b>Universidade Federal da Bahia (BRASIL)<\/b><\/p>\n<p>Programa de P\u00f3s-Gradua\u00e7\u00e3o em M\u00fasica\/Universidade Federal da Bahia<br \/>\nWeb: <a href=\"http:\/\/www.ppgmus.ufba.br\/\">http:\/\/www.ppgmus.ufba.br\/<\/a><br \/>\nOrganizador local: <strong>Guilherme Bertissolo<\/strong><br \/>\nContacto: <a href=\"mailto:guilhermebertissolo@gmail.com\">guilhermebertissolo@gmail.com<\/a><\/p>\n<p>&nbsp;<\/p>\n<p><b>Universidade Federal do ABC (BRASIL)<\/b><\/p>\n<p>N\u00facleo Interdisciplinar de Neuroci\u00eancia Aplicada\/Universidade Federal do ABC<br \/>\nWeb: <a href=\"https:\/\/neuro.ufabc.edu.br\/music\/\">https:\/\/neuro.ufabc.edu.br\/music\/<\/a><br \/>\nOrganizador local:<strong> Patr\u00edcia Vanzella<\/strong><br \/>\nContacto: <a href=\"mailto:pvanzella@yahoo.com\">pvanzella@yahoo.com<\/a><\/p>\n<p>&nbsp;<\/p>\n<p><b>Universidad de Chile (CHILE)<\/b><\/p>\n<p>Universidad de Chile, Facultad de Artes, Departamento de M\u00fasica.<br \/>\nWeb: <a href=\"https:\/\/artes.uchile.cl\/musica\">https:\/\/artes.uchile.cl\/musica<\/a><br \/>\nOrganizadoras locales:<strong> Dra. Fernanda Vera Malhue y Mg. Tania Ib\u00e1\u00f1ez Gericke<\/strong><br \/>\nContacto: Secretar\u00eda Depto de M\u00fasica <a href=\"mailto:pamela.alfaro@uchile.cl\">pamela.alfaro@uchile.cl<\/a><\/p>\n<p>&nbsp;<\/p>\n<p><strong>Universidad Nacional Aut\u00f3noma de M\u00e9xico (MEXICO)<\/strong><\/p>\n<p>Universidad Nacional Aut\u00f3noma de M\u00e9xico &#8211; Posgrado en M\u00fasica.<br \/>\nWeb:\u00a0<a href=\"https:\/\/www.posgrado.unam.mx\/musica\/\">https:\/\/www.posgrado.unam.mx\/musica\/<\/a><br \/>\nOrganizadoras locales:<strong>\u00a0<\/strong><strong>Gabriela P\u00e9rez-Acosta, Coral Guerrero Arenas y Daniel Torres Araiza<\/strong><br \/>\nContacto: <a href=\"mailto:gperez@fam.unam.mx\">gperez@fam.unam.mx<\/a><\/p>\n<p>&nbsp;<\/p>\n<p>&nbsp;<\/p>\n<h2><strong>Instituciones que acompa\u00f1an este proyecto<\/strong><\/h2>\n<p><b>Red Universitaria de Investigaci\u00f3n e Investigaci\u00f3n Art\u00edstica en M\u00fasica (COLOMBIA)<\/b><\/p>\n<p><b>Universidade do Estado do Santa Catarina (BRASIL)<\/b><\/p>\n<p><strong>Universidad de Granada (ESPA\u00d1A)<\/strong><\/p>\n<p><strong>Universidad Complutense de Madrid (ESPA\u00d1A)<\/strong><\/p>\n<p><strong>Universidad de Zaragoza (ESPA\u00d1A)<\/strong><\/p>\n<p>&nbsp;<\/p>\n<h2><strong>Patrocinadores<\/strong><\/h2>\n<p><strong>Alhambra IT<\/strong><\/p>\n<p>&nbsp;<\/p>\n<p>&nbsp;<\/p>\n<p>&nbsp;<\/p>\n<p>&nbsp;<\/p>\n","protected":false},"excerpt":{"rendered":"<p>\u00ad Instituciones Colaboradoras Instituciones con actividades presenciales Universidade Federal do Paran\u00e1 (BRASIL)\u00a0 Universidade Federal do Paran\u00e1 &#8211; Programa de P\u00f3s-Gradua\u00e7\u00e3o em M\u00fasica Web: http:\/\/www.prppg.ufpr.br\/site\/ppgmusica\/pb\/ Organizadora local: Rosane Cardoso de Ara\u00fajo Local: Audit\u00f3rio do Departamento de Artes da UFPR (rua Coronel Dulc\u00eddio, 638, Curitiba\/PR) Contacto: rosanecardoso@ufpr.br &nbsp; Universidad Nacional de La Plata (ARGENTINA)\u00a0 Universidad Nacional de [&hellip;]<\/p>\n","protected":false},"author":156,"featured_media":0,"parent":0,"menu_order":0,"comment_status":"closed","ping_status":"closed","template":"","meta":{"advgb_blocks_editor_width":"","advgb_blocks_columns_visual_guide":"","footnotes":""},"class_list":["post-290","page","type-page","status-publish","hentry","post"],"aioseo_notices":[],"coauthors":[],"author_meta":{"author_link":"https:\/\/congresos.unlp.edu.ar\/1cipmus\/author\/pereiraghiena\/","display_name":"pereiraghiena"},"relative_dates":{"created":"Publicado 4 a\u00f1os hace","modified":"Actualizado 3 a\u00f1os hace"},"absolute_dates":{"created":"Publicado el 14\/09\/2022","modified":"Actualizado el 15\/03\/2023"},"absolute_dates_time":{"created":"Publicado el 14\/09\/2022 3:53 PM","modified":"Actualizado el 15\/03\/2023 10:56 PM"},"featured_img_caption":"","featured_img":false,"series_order":"","_links":{"self":[{"href":"https:\/\/congresos.unlp.edu.ar\/1cipmus\/wp-json\/wp\/v2\/pages\/290","targetHints":{"allow":["GET"]}}],"collection":[{"href":"https:\/\/congresos.unlp.edu.ar\/1cipmus\/wp-json\/wp\/v2\/pages"}],"about":[{"href":"https:\/\/congresos.unlp.edu.ar\/1cipmus\/wp-json\/wp\/v2\/types\/page"}],"author":[{"embeddable":true,"href":"https:\/\/congresos.unlp.edu.ar\/1cipmus\/wp-json\/wp\/v2\/users\/156"}],"replies":[{"embeddable":true,"href":"https:\/\/congresos.unlp.edu.ar\/1cipmus\/wp-json\/wp\/v2\/comments?post=290"}],"version-history":[{"count":0,"href":"https:\/\/congresos.unlp.edu.ar\/1cipmus\/wp-json\/wp\/v2\/pages\/290\/revisions"}],"wp:attachment":[{"href":"https:\/\/congresos.unlp.edu.ar\/1cipmus\/wp-json\/wp\/v2\/media?parent=290"}],"curies":[{"name":"wp","href":"https:\/\/api.w.org\/{rel}","templated":true}]}}