{"id":232,"date":"2022-08-10T12:16:45","date_gmt":"2022-08-10T15:16:45","guid":{"rendered":"https:\/\/congresos.unlp.edu.ar\/1cipmus\/comite-cientifico-2\/"},"modified":"2023-02-06T21:01:32","modified_gmt":"2023-02-07T00:01:32","slug":"comite-cientifico","status":"publish","type":"page","link":"https:\/\/congresos.unlp.edu.ar\/1cipmus\/comite-cientifico\/?lang=pt-br","title":{"rendered":"Comit\u00ea Cient\u00edfico"},"content":{"rendered":"<h6>\u00ad<\/h6>\n<h1 class=\"entry-title\">Comit\u00ea Cient\u00edfico<\/h1>\n<p>Alejandro Pereira Ghiena &#8211; Universidad Nacional de La Plata<\/p>\n<p>Amalia Casas Mas &#8211; Universidad Complutense de Madrid<\/p>\n<p>Ana \u00c1lamo Orellana Real &#8211; Conservatorio Superior de M\u00fasica de Madrid<\/p>\n<p>Ana Lucia Iara Gaborin-Moreira &#8211; Universidade Federal de Mato Grosso do Sul<\/p>\n<p>Ana Luisa Fridman &#8211; Universidade de Sao Paulo-USP<\/p>\n<p>Ana Mercedes Vernia Carrasco &#8211; Universidad Jaume I<\/p>\n<p>Antenor Ferreira Corr\u00eaa &#8211; Universidade de Bras\u00edlia (UnB)<\/p>\n<p>Any Raquel Carvalho &#8211; Universidade Federal do Rio Grande do Sul (UFRGS)<\/p>\n<p>Arantza Lorenzo de Reizabal &#8211; Universidad P\u00fablica de Navarra<\/p>\n<p>Arantza Almoguera Mart\u00f3n &#8211; Universidad P\u00fablica de Navarra<\/p>\n<p>Ar\u00e1nzazu Gonz\u00e1lez Royo &#8211; Universidad Complutense de Madrid<\/p>\n<p>Arthur Faraco &#8211; Universidade de S\u00e3o Paulo &#8211; USP<\/p>\n<p>Basilio Fern\u00e1ndez Morante &#8211; Conservatorio Profesional de M\u00fasica de Valencia<\/p>\n<p>Brasilena Gottschall Pinto Trindade &#8211; Universidade Federal do Maranh\u00e3o<\/p>\n<p>Claudia Regina de Oliveira Zanini &#8211; Uni\u00e3o Brasileira das Associa\u00e7\u00f5es de Musicoterapia (UBAM)<\/p>\n<p>Cristina Rolim Wolffenb\u00fcttel &#8211; UERGS<\/p>\n<p>Daniel Garay Rodr\u00edguez &#8211; Investigador Independiente<\/p>\n<p>Daniel Gonnet &#8211; Universidad Nacional de La Plata<\/p>\n<p>Daniel Junqueira Tarquinio &#8211; Universidade de Bras\u00edlia<\/p>\n<p>Dora Herrera &#8211; Pontificia Universidad Cat\u00f3lica del Per\u00fa<\/p>\n<p>Elsa Perdomo Guevara &#8211; University of Sheffield<\/p>\n<p>Favio Shifres &#8211; Universidad Nacional de La Plata<\/p>\n<p>Fernando Gualda &#8211; Universidade Federal do Rio Grande do Sul<\/p>\n<p>Gabriela Conti &#8211; Asociaci\u00f3n Argentina de Performance Musical<\/p>\n<p>Gabriela P\u00e9rez Acosta &#8211; Universidad Aut\u00f3noma de M\u00e9xico<\/p>\n<p>Genoveva Salazar Hakim &#8211; Universidad Distrital Francisco Jos\u00e9 de Caldas<\/p>\n<p>Gerardo Guzm\u00e1n &#8211; Universidad Nacional de La Plata<\/p>\n<p>Guilherme Bertissolo &#8211; Universidade Federal da Bah\u00eda<\/p>\n<p>Isabel Gutierrez &#8211; Universidad Espa\u00f1ola a Distancia (UNED)<\/p>\n<p>Isabel Cecilia Mart\u00ednez &#8211; Universidad Nacional de La Plata<\/p>\n<p>Javier Dames\u00f3n &#8211; Universidad Nacional de La Plata<\/p>\n<p>Joaqu\u00edn Blas P\u00e9rez &#8211; Universidad Nacional de La Plata<\/p>\n<p>Jordi A. Jauset &#8211; Academia Catalana de la M\u00fasica<\/p>\n<p>Jos\u00e9 Luis Ar\u00f3stegui Plaza &#8211; Universidad de Granada (Espa\u00f1a)<\/p>\n<p>Jos\u00e9 Manuel S\u00e1ez L\u00f3pez &#8211; Universidad Espa\u00f1ola a Distancia (UNED)<\/p>\n<p>Juli\u00e1n C\u00e9spedes Guevara &#8211; Universidad Icesi<\/p>\n<p>Juliette Epele &#8211; Universidad Nacional de La Plata<\/p>\n<p>Laura Moral Bofill &#8211; Escola Superior d&#8217;Estudis Musicals (ESEM, Barcelona)<\/p>\n<p>Luciana Fernandes Hamond &#8211; Universidade Federal do Mato Grosso (UFMT)<\/p>\n<p>Luciane Cardassi &#8211; Pesquisadora independente<\/p>\n<p>Luis Ponce de Le\u00f3n &#8211; Universidad Aut\u00f3noma de Madrid<\/p>\n<p>Maira dos Santos Jaber &#8211; Universidade Federal do Rio de Janeiro<\/p>\n<p>Manuel Benito G\u00f3mez &#8211; Universidad del Pa\u00eds Vasco<\/p>\n<p>Manuel Alejandro Ord\u00e1s &#8211; Universidad Nacional de La Plata<\/p>\n<p>Marcos Mesquita &#8211; Grupo de Pesquisa Cogmus (Unesp)<\/p>\n<p>Margarita Lorenzo de Reizabal &#8211; Centro Superior de M\u00fasica del Pa\u00eds Vasco-MUSIKENE<\/p>\n<p>Mar\u00eda Beatriz Licursi Concei\u00e7\u00e3o &#8211; Universidade Federal do Rio de Janeiro<\/p>\n<p>Mar\u00eda de la Paz Jacquier &#8211; Universidad Nacional de R\u00edo Negro<\/p>\n<p>Mar\u00eda del Se\u00f1or Marchante Gonz\u00e1lez &#8211; Universidad Espa\u00f1ola a Distancia (UNED)<\/p>\n<p>Maria Guadalupe Segalerba &#8211; Universidad Nacional de La Plata<\/p>\n<p>Mar\u00eda In\u00e9s Burcet &#8211; Universidad Nacional de La Plata<\/p>\n<p>Mar\u00eda Jos\u00e9 Aramberri &#8211; Centro Superior de M\u00fasica del Pa\u00eds Vasco-MUSIKENE<\/p>\n<p>Maria Luiza Santos Barbosa &#8211; Universidade Federal de Sergipe<\/p>\n<p>Mariana Moga &#8211; Universidade Federal do ABC<\/p>\n<p>Mariana Bordoni &#8211; Facultad Latinoamericana de Ciencias Sociales<\/p>\n<p>Mauricio Mart\u00ednez &#8211; Facultad Latinoamericana de Ciencias Sociales<\/p>\n<p>Me R\u00e1iden Coelho &#8211; UAB\/UnB e Secret\u00e1ria Municipal da Educa\u00e7\u00e3o (Salvador\/BA)<\/p>\n<p>Mercedes Albaina &#8211; Universidad de Deusto<\/p>\n<p>Michele Rosita Mantovani &#8211; Grupo de Pesquisa EDEPI no PPGMUS\/UFRGS.<\/p>\n<p>Miguel Iago Cavalcanti &#8211; Federal University of Pernambuco (UFPE)<\/p>\n<p>Mikel Mat\u00e9 Ormazabal &#8211; Universidad del Pa\u00eds Vasco<\/p>\n<p>Miren Zubeldia Echeberria &#8211; Universidad Espa\u00f1ola a Distancia (UNED)<\/p>\n<p>Miren Gotzone Higuera Bilbao &#8211; Centro Superior de M\u00fasica del Pa\u00eds vasco- MUSIKENE<\/p>\n<p>Mirian Tu\u00f1ez &#8211; Universidad Nacional de La Plata<\/p>\n<p>Nadia Justel &#8211; Consejo Nacional de Investigaciones Cient\u00edficas y T\u00e9cnicas<\/p>\n<p>Nicol\u00e1s Alessandroni &#8211; Concordia University Montr\u00e9al<\/p>\n<p>Patricia Blanco Pi\u00f1eiro &#8211; Universidad de Vigo<\/p>\n<p>Patricia Vancella &#8211; Universidade Federal do ABC<\/p>\n<p>Paulo Rios Filho &#8211; UFSM<\/p>\n<p>Rael Bertarelli Gimenes Toffolo &#8211; Universidade Estadual de Maring\u00e1<\/p>\n<p>Rafael Valenzuela &#8211; Universitat de Barcelona<\/p>\n<p>Rafael S. Ferronato &#8211; Universidade Federal do Paran\u00e1 (UFPR)<\/p>\n<p>Regina Antunes Teixeira dos Santos &#8211; Universidade Federal do Rio Grande do Sul (UFRGS)<\/p>\n<p>Regina Marcia Sim\u00e3o Santos &#8211; Universidade Federal do Estado do Rio de Janeiro<\/p>\n<p>Rolando Angel Alvarado &#8211; Universidad Alberto Hurtado<\/p>\n<p>Rosane Cardoso de Araujo &#8211; Universidade Federal do Paran\u00e1\/CNPq<\/p>\n<p>Roseane Yampolschi DeArtes &#8211; UFPR<\/p>\n<p>Sergio Barcellona\u00a0 &#8211; Centro Superior de M\u00fasica del Pa\u00eds Vasco<\/p>\n<p>Sonia Albano de Lima &#8211; Instituto de Artes da UNESP<\/p>\n<p>Sonia Ray &#8211; Universidade Federal de Goi\u00e1s<\/p>\n<p>Stefano Scarani &#8211; Universitat Polit\u00e8cnica de Val\u00e8ncia<\/p>\n<p>Thenille Braun Janzen &#8211; Universidade Federal do ABC<\/p>\n<p>Vanessa Souza Oliveira &#8211; Grupo de pesquisa: TABIHUNI<\/p>\n<p>Ver\u00f3nika Diaz Abrahan &#8211; Consejo Nacional de Investigaciones Cient\u00edficas y T\u00e9cnicas<\/p>\n<p>Yuri Behr &#8211; USP<\/p>\n<p>&nbsp;<\/p>\n<p>&nbsp;<\/p>\n<p>&nbsp;<\/p>\n<p>&nbsp;<\/p>\n","protected":false},"excerpt":{"rendered":"<p>\u00ad Comit\u00ea Cient\u00edfico Alejandro Pereira Ghiena &#8211; Universidad Nacional de La Plata Amalia Casas Mas &#8211; Universidad Complutense de Madrid Ana \u00c1lamo Orellana Real &#8211; Conservatorio Superior de M\u00fasica de Madrid Ana Lucia Iara Gaborin-Moreira &#8211; Universidade Federal de Mato Grosso do Sul Ana Luisa Fridman &#8211; Universidade de Sao Paulo-USP Ana Mercedes Vernia Carrasco [&hellip;]<\/p>\n","protected":false},"author":2,"featured_media":0,"parent":0,"menu_order":0,"comment_status":"closed","ping_status":"closed","template":"","meta":{"advgb_blocks_editor_width":"","advgb_blocks_columns_visual_guide":"","footnotes":""},"class_list":["post-232","page","type-page","status-publish","hentry","post"],"aioseo_notices":[],"coauthors":[],"author_meta":{"author_link":"https:\/\/congresos.unlp.edu.ar\/1cipmus\/author\/congresos\/","display_name":"congresos"},"relative_dates":{"created":"Publicado 4 a\u00f1os hace","modified":"Actualizado 3 a\u00f1os hace"},"absolute_dates":{"created":"Publicado el 10\/08\/2022","modified":"Actualizado el 06\/02\/2023"},"absolute_dates_time":{"created":"Publicado el 10\/08\/2022 12:16 PM","modified":"Actualizado el 06\/02\/2023 9:01 PM"},"featured_img_caption":"","featured_img":false,"series_order":"","_links":{"self":[{"href":"https:\/\/congresos.unlp.edu.ar\/1cipmus\/wp-json\/wp\/v2\/pages\/232","targetHints":{"allow":["GET"]}}],"collection":[{"href":"https:\/\/congresos.unlp.edu.ar\/1cipmus\/wp-json\/wp\/v2\/pages"}],"about":[{"href":"https:\/\/congresos.unlp.edu.ar\/1cipmus\/wp-json\/wp\/v2\/types\/page"}],"author":[{"embeddable":true,"href":"https:\/\/congresos.unlp.edu.ar\/1cipmus\/wp-json\/wp\/v2\/users\/2"}],"replies":[{"embeddable":true,"href":"https:\/\/congresos.unlp.edu.ar\/1cipmus\/wp-json\/wp\/v2\/comments?post=232"}],"version-history":[{"count":0,"href":"https:\/\/congresos.unlp.edu.ar\/1cipmus\/wp-json\/wp\/v2\/pages\/232\/revisions"}],"wp:attachment":[{"href":"https:\/\/congresos.unlp.edu.ar\/1cipmus\/wp-json\/wp\/v2\/media?parent=232"}],"curies":[{"name":"wp","href":"https:\/\/api.w.org\/{rel}","templated":true}]}}