{"id":626,"date":"2021-04-23T19:03:19","date_gmt":"2021-04-23T22:03:19","guid":{"rendered":"https:\/\/congresos.unlp.edu.ar\/12caas\/?page_id=626"},"modified":"2021-04-27T16:47:32","modified_gmt":"2021-04-27T19:47:32","slug":"inscripcion-y-pagos","status":"publish","type":"page","link":"https:\/\/congresos.unlp.edu.ar\/12caas\/inscripcion-y-pagos\/","title":{"rendered":"Inscripci\u00f3n y pagos"},"content":{"rendered":"<div id=\"pl-626\"  class=\"panel-layout\" ><div id=\"pg-626-0\"  class=\"panel-grid panel-no-style\" ><div id=\"pgc-626-0-0\"  class=\"panel-grid-cell\" ><div id=\"panel-626-0-0-0\" class=\"so-panel widget widget_circleicon-widget panel-first-child panel-last-child\" data-index=\"0\" >\t\t<div class=\"circle-icon-box circle-icon-position-top circle-icon-hide-box circle-icon-size-small \">\n\t\t\t\t\t\t\t<div class=\"circle-icon-wrapper\">\n\t\t\t\t\t\t\t\t\t\t<a href=\"https:\/\/congresos.unlp.edu.ar\/12caas\/inscripcion-y-pagos\/formulario-de-inscripcion\/\" class=\"link-icon\" >\t\t\t\t\t<div class=\"circle-icon\" >\n\t\t\t\t\t\t\t\t\t\t\t\t\t<div\n\t\t\t\t\t\t\t\tclass=\"fa fa-file-text-o\"\n\t\t\t\t\t\t\t\t\t\t\t\t\t\t\t><\/div>\n\t\t\t\t\t\t\t\t\t\t\t<\/div>\n\t\t\t\t\t<\/a>\t\t\t\t<\/div>\n\t\t\t\n\t\t\t\t\t\t\t<a\n\t\t\t\t\thref=\"https:\/\/congresos.unlp.edu.ar\/12caas\/inscripcion-y-pagos\/formulario-de-inscripcion\/\"\n\t\t\t\t\tclass=\"link-title\" \t\t\t\t>\n\t\t\t\t\t\t\t\t\t\t<h4 >\n\t\t\t\t\tFormulario de inscripci\u00f3n para asistentes\t\t\t\t<\/h4>\n\t\t\t\t\t\t\t\t\t\t<\/a>\n\t\t\t\n\t\t\t\t\t\t\t\t\t\t<a\n\t\t\t\t\thref=\"https:\/\/congresos.unlp.edu.ar\/12caas\/inscripcion-y-pagos\/formulario-de-inscripcion\/\"\n\t\t\t\t\tclass=\"more-button\"\n\t\t\t\t\t\t\t\t\t>\n\t\t\t\t\tM\u00e1s informaci\u00f3n\t\t\t\t\t<i><\/i>\n\t\t\t\t<\/a>\n\t\t\t\t\t<\/div>\n\t\t<\/div><\/div><div id=\"pgc-626-0-1\"  class=\"panel-grid-cell\" ><div id=\"panel-626-0-1-0\" class=\"so-panel widget widget_circleicon-widget panel-first-child panel-last-child\" data-index=\"1\" >\t\t<div class=\"circle-icon-box circle-icon-position-top circle-icon-hide-box circle-icon-size-small \">\n\t\t\t\t\t\t\t<div class=\"circle-icon-wrapper\">\n\t\t\t\t\t\t\t\t\t\t<a href=\"https:\/\/congresos.unlp.edu.ar\/12caas\/inscripcion-y-pagos\/pagos\/\" class=\"link-icon\" >\t\t\t\t\t<div class=\"circle-icon\" >\n\t\t\t\t\t\t\t\t\t\t\t\t\t<div\n\t\t\t\t\t\t\t\tclass=\"fa fa-credit-card\"\n\t\t\t\t\t\t\t\t\t\t\t\t\t\t\t><\/div>\n\t\t\t\t\t\t\t\t\t\t\t<\/div>\n\t\t\t\t\t<\/a>\t\t\t\t<\/div>\n\t\t\t\n\t\t\t\t\t\t\t<a\n\t\t\t\t\thref=\"https:\/\/congresos.unlp.edu.ar\/12caas\/inscripcion-y-pagos\/pagos\/\"\n\t\t\t\t\tclass=\"link-title\" \t\t\t\t>\n\t\t\t\t\t\t\t\t\t\t<h4 >\n\t\t\t\t\tPagos\t\t\t\t<\/h4>\n\t\t\t\t\t\t\t\t\t\t<\/a>\n\t\t\t\n\t\t\t\t\t\t\t\t\t\t<a\n\t\t\t\t\thref=\"https:\/\/congresos.unlp.edu.ar\/12caas\/inscripcion-y-pagos\/pagos\/\"\n\t\t\t\t\tclass=\"more-button\"\n\t\t\t\t\t\t\t\t\t>\n\t\t\t\t\tM\u00e1s informaci\u00f3n\t\t\t\t\t<i><\/i>\n\t\t\t\t<\/a>\n\t\t\t\t\t<\/div>\n\t\t<\/div><\/div><\/div><\/div>","protected":false},"excerpt":{"rendered":"<p>Formulario de inscripci\u00f3n para asistentes M\u00e1s informaci\u00f3n Pagos M\u00e1s informaci\u00f3n<\/p>\n","protected":false},"author":18,"featured_media":0,"parent":0,"menu_order":4,"comment_status":"closed","ping_status":"closed","template":"","meta":{"advgb_blocks_editor_width":"","advgb_blocks_columns_visual_guide":"","footnotes":""},"class_list":["post-626","page","type-page","status-publish","hentry","post"],"aioseo_notices":[],"coauthors":[],"author_meta":{"author_link":"https:\/\/congresos.unlp.edu.ar\/12caas\/author\/jjcueto\/","display_name":"jjcueto"},"relative_dates":{"created":"Publicado 5 a\u00f1os hace","modified":"Actualizado 5 a\u00f1os hace"},"absolute_dates":{"created":"Publicado el 23\/04\/2021","modified":"Actualizado el 27\/04\/2021"},"absolute_dates_time":{"created":"Publicado el 23\/04\/2021 7:03 pm","modified":"Actualizado el 27\/04\/2021 4:47 pm"},"featured_img_caption":"","featured_img":false,"series_order":"","_links":{"self":[{"href":"https:\/\/congresos.unlp.edu.ar\/12caas\/wp-json\/wp\/v2\/pages\/626","targetHints":{"allow":["GET"]}}],"collection":[{"href":"https:\/\/congresos.unlp.edu.ar\/12caas\/wp-json\/wp\/v2\/pages"}],"about":[{"href":"https:\/\/congresos.unlp.edu.ar\/12caas\/wp-json\/wp\/v2\/types\/page"}],"author":[{"embeddable":true,"href":"https:\/\/congresos.unlp.edu.ar\/12caas\/wp-json\/wp\/v2\/users\/18"}],"replies":[{"embeddable":true,"href":"https:\/\/congresos.unlp.edu.ar\/12caas\/wp-json\/wp\/v2\/comments?post=626"}],"version-history":[{"count":0,"href":"https:\/\/congresos.unlp.edu.ar\/12caas\/wp-json\/wp\/v2\/pages\/626\/revisions"}],"wp:attachment":[{"href":"https:\/\/congresos.unlp.edu.ar\/12caas\/wp-json\/wp\/v2\/media?parent=626"}],"curies":[{"name":"wp","href":"https:\/\/api.w.org\/{rel}","templated":true}]}}