{"id":613,"date":"2021-04-23T18:53:23","date_gmt":"2021-04-23T21:53:23","guid":{"rendered":"https:\/\/congresos.unlp.edu.ar\/12caas\/?page_id=613"},"modified":"2021-04-23T19:28:51","modified_gmt":"2021-04-23T22:28:51","slug":"formulario-de-inscripcion","status":"publish","type":"page","link":"https:\/\/congresos.unlp.edu.ar\/12caas\/inscripcion-y-pagos\/formulario-de-inscripcion\/","title":{"rendered":"Formulario de inscripci\u00f3n para Asistentes"},"content":{"rendered":"<div id=\"pl-613\"  class=\"panel-layout\" ><div id=\"pg-613-0\"  class=\"panel-grid panel-no-style\" ><div id=\"pgc-613-0-0\"  class=\"panel-grid-cell\" ><div id=\"panel-613-0-0-0\" class=\"so-panel widget widget_sow-editor panel-first-child panel-last-child\" data-index=\"0\" ><div\n\t\t\t\n\t\t\tclass=\"so-widget-sow-editor so-widget-sow-editor-base\"\n\t\t\t\n\t\t>\n<div class=\"siteorigin-widget-tinymce textwidget\">\n\t<p>Este formulario es para registrar la inscripci\u00f3n de aquellxs que participar\u00e1n solo en calidad de Asistentes, en cualquier condici\u00f3n de titulaci\u00f3n (sean graduadxs en general, estudiantes de posgrado, estudiantes de grado o quienes su \u00fanica participaci\u00f3n es presentar libro).<br \/>\nLes solicitamos completar los siguientes \u00edtems y enviar. Por favor, para graduadxs tener a mano el comprobante de pago porque se solicita lo adjunte.<\/p>\n<table>\n<tbody>\n<tr style=\"height: 30.45pt\">\n<td style=\"border: solid black 1.0pt;padding: 5.0pt 5.0pt 5.0pt 5.0pt;height: 30.45pt\" rowspan=\"2\">\n<p class=\"MsoNormal\" style=\"margin-bottom: 10.0pt;text-align: center;line-height: normal\" align=\"center\"><span style=\"font-size: 10.0pt;font-family: 'Arial',sans-serif;color: black\"><span style=\"color: #ff0000\"><strong>ACLARACI\u00d3N:<\/strong><\/span><\/span><\/p>\n<p>Los participantes como ponentes quedaron inscriptos al enviar su resumen. Recordamos que deben abonar y enviar comprobante de pago a 12caastesoreria@gmail.com.<\/p>\n<\/td>\n<\/tr>\n<\/tbody>\n<\/table>\n<\/div>\n<\/div><\/div><\/div><\/div><div id=\"pg-613-1\"  class=\"panel-grid panel-no-style\" ><div id=\"pgc-613-1-0\"  class=\"panel-grid-cell\" ><div id=\"panel-613-1-0-0\" class=\"so-panel widget widget_circleicon-widget panel-first-child panel-last-child\" data-index=\"1\" >\t\t<div class=\"circle-icon-box circle-icon-position-top circle-icon-hide-box circle-icon-size-small \">\n\t\t\t\t\t\t\t<div class=\"circle-icon-wrapper\">\n\t\t\t\t\t\t\t\t\t\t<div class=\"circle-icon\" >\n\t\t\t\t\t\t\t\t\t\t\t\t\t<div\n\t\t\t\t\t\t\t\tclass=\"fa fa-file-text-o\"\n\t\t\t\t\t\t\t\t\t\t\t\t\t\t\t><\/div>\n\t\t\t\t\t\t\t\t\t\t\t<\/div>\n\t\t\t\t\t\t\t\t\t<\/div>\n\t\t\t\n\t\t\t\t\t\t\t\t\t\t<h4 style=\"color: #00545e\">\n\t\t\t\t\tCompletar formulario\t\t\t\t<\/h4>\n\t\t\t\t\t\t\n\t\t\t\t\t\t\t\t\t\t<a\n\t\t\t\t\thref=\"http:\/\/bit.ly\/12caasInscripci\u00f3n\"\n\t\t\t\t\tclass=\"more-button\"\n\t\t\t\t\ttarget=&quot;_blank&quot;\t\t\t\t>\n\t\t\t\t\tHaga click aqu\u00ed\t\t\t\t\t<i><\/i>\n\t\t\t\t<\/a>\n\t\t\t\t\t<\/div>\n\t\t<\/div><\/div><\/div><\/div>","protected":false},"excerpt":{"rendered":"<p>Este formulario es para registrar la inscripci\u00f3n de aquellxs que participar\u00e1n solo en calidad de Asistentes, en cualquier condici\u00f3n de titulaci\u00f3n (sean graduadxs en general, estudiantes de posgrado, estudiantes de grado o quienes su \u00fanica participaci\u00f3n es presentar libro). Les solicitamos completar los siguientes \u00edtems y enviar. Por favor, para graduadxs tener a mano el [&hellip;]<\/p>\n","protected":false},"author":18,"featured_media":0,"parent":626,"menu_order":1,"comment_status":"closed","ping_status":"closed","template":"","meta":{"advgb_blocks_editor_width":"","advgb_blocks_columns_visual_guide":"","footnotes":""},"class_list":["post-613","page","type-page","status-publish","hentry","post"],"aioseo_notices":[],"coauthors":[],"author_meta":{"author_link":"https:\/\/congresos.unlp.edu.ar\/12caas\/author\/jjcueto\/","display_name":"jjcueto"},"relative_dates":{"created":"Publicado 5 a\u00f1os hace","modified":"Actualizado 5 a\u00f1os hace"},"absolute_dates":{"created":"Publicado el 23\/04\/2021","modified":"Actualizado el 23\/04\/2021"},"absolute_dates_time":{"created":"Publicado el 23\/04\/2021 6:53 pm","modified":"Actualizado el 23\/04\/2021 7:28 pm"},"featured_img_caption":"","featured_img":false,"series_order":"","_links":{"self":[{"href":"https:\/\/congresos.unlp.edu.ar\/12caas\/wp-json\/wp\/v2\/pages\/613","targetHints":{"allow":["GET"]}}],"collection":[{"href":"https:\/\/congresos.unlp.edu.ar\/12caas\/wp-json\/wp\/v2\/pages"}],"about":[{"href":"https:\/\/congresos.unlp.edu.ar\/12caas\/wp-json\/wp\/v2\/types\/page"}],"author":[{"embeddable":true,"href":"https:\/\/congresos.unlp.edu.ar\/12caas\/wp-json\/wp\/v2\/users\/18"}],"replies":[{"embeddable":true,"href":"https:\/\/congresos.unlp.edu.ar\/12caas\/wp-json\/wp\/v2\/comments?post=613"}],"version-history":[{"count":0,"href":"https:\/\/congresos.unlp.edu.ar\/12caas\/wp-json\/wp\/v2\/pages\/613\/revisions"}],"up":[{"embeddable":true,"href":"https:\/\/congresos.unlp.edu.ar\/12caas\/wp-json\/wp\/v2\/pages\/626"}],"wp:attachment":[{"href":"https:\/\/congresos.unlp.edu.ar\/12caas\/wp-json\/wp\/v2\/media?parent=613"}],"curies":[{"name":"wp","href":"https:\/\/api.w.org\/{rel}","templated":true}]}}