{"id":57,"date":"2019-08-29T10:52:29","date_gmt":"2019-08-29T13:52:29","guid":{"rendered":"http:\/\/congresos.unlp.edu.ar\/12caas\/?page_id=57"},"modified":"2021-06-07T11:59:41","modified_gmt":"2021-06-07T14:59:41","slug":"informacion-general","status":"publish","type":"page","link":"https:\/\/congresos.unlp.edu.ar\/12caas\/informacion-general\/","title":{"rendered":"Informaci\u00f3n General"},"content":{"rendered":"<p>Aqu\u00ed se podr\u00e1 obtener informaci\u00f3n acerca de la ciudad de La Plata, hospedajes sugeridos, sistema de transporte, sedes del Congreso y enlaces de inter\u00e9s.<\/p>\n","protected":false},"excerpt":{"rendered":"<p>Aqu\u00ed se podr\u00e1 obtener informaci\u00f3n acerca de la ciudad de La Plata, hospedajes sugeridos, sistema de transporte, sedes del Congreso y enlaces de inter\u00e9s.<\/p>\n","protected":false},"author":18,"featured_media":0,"parent":0,"menu_order":6,"comment_status":"closed","ping_status":"closed","template":"templates\/template-full.php","meta":{"advgb_blocks_editor_width":"","advgb_blocks_columns_visual_guide":"","footnotes":""},"class_list":["post-57","page","type-page","status-publish","hentry","post"],"aioseo_notices":[],"coauthors":[],"author_meta":{"author_link":"https:\/\/congresos.unlp.edu.ar\/12caas\/author\/jjcueto\/","display_name":"jjcueto"},"relative_dates":{"created":"Publicado 7 a\u00f1os hace","modified":"Actualizado 5 a\u00f1os hace"},"absolute_dates":{"created":"Publicado el 29\/08\/2019","modified":"Actualizado el 07\/06\/2021"},"absolute_dates_time":{"created":"Publicado el 29\/08\/2019 10:52 am","modified":"Actualizado el 07\/06\/2021 11:59 am"},"featured_img_caption":"","featured_img":false,"series_order":"","_links":{"self":[{"href":"https:\/\/congresos.unlp.edu.ar\/12caas\/wp-json\/wp\/v2\/pages\/57","targetHints":{"allow":["GET"]}}],"collection":[{"href":"https:\/\/congresos.unlp.edu.ar\/12caas\/wp-json\/wp\/v2\/pages"}],"about":[{"href":"https:\/\/congresos.unlp.edu.ar\/12caas\/wp-json\/wp\/v2\/types\/page"}],"author":[{"embeddable":true,"href":"https:\/\/congresos.unlp.edu.ar\/12caas\/wp-json\/wp\/v2\/users\/18"}],"replies":[{"embeddable":true,"href":"https:\/\/congresos.unlp.edu.ar\/12caas\/wp-json\/wp\/v2\/comments?post=57"}],"version-history":[{"count":0,"href":"https:\/\/congresos.unlp.edu.ar\/12caas\/wp-json\/wp\/v2\/pages\/57\/revisions"}],"wp:attachment":[{"href":"https:\/\/congresos.unlp.edu.ar\/12caas\/wp-json\/wp\/v2\/media?parent=57"}],"curies":[{"name":"wp","href":"https:\/\/api.w.org\/{rel}","templated":true}]}}