{"id":53,"date":"2019-08-29T10:28:21","date_gmt":"2019-08-29T13:28:21","guid":{"rendered":"http:\/\/congresos.unlp.edu.ar\/12caas\/?page_id=53"},"modified":"2021-06-01T20:28:51","modified_gmt":"2021-06-01T23:28:51","slug":"pagos","status":"publish","type":"page","link":"https:\/\/congresos.unlp.edu.ar\/12caas\/inscripcion-y-pagos\/pagos\/","title":{"rendered":"Pagos"},"content":{"rendered":"<div id=\"pl-53\"  class=\"panel-layout\"><div id=\"pg-53-0\"  class=\"panel-grid panel-no-style\"><div id=\"pgc-53-0-0\"  class=\"panel-grid-cell\"><div id=\"panel-53-0-0-0\" class=\"so-panel widget widget_sow-editor panel-first-child panel-last-child\" data-index=\"0\"><div\n\t\t\t\n\t\t\tclass=\"so-widget-sow-editor so-widget-sow-editor-base\">\n<div class=\"siteorigin-widget-tinymce textwidget\">\n\t<h3><strong>Costos de inscripci\u00f3n<\/strong><\/h3>\n<ul>\n<li style=\"font-weight: 400\"><span style=\"font-weight: 400\">Estudiantes de grado GRATUITO (deber\u00e1n presentar libreta o certificado).<\/span><\/li>\n<li style=\"font-weight: 400\"><b><span style=\"font-weight: 400\">Coordinadorxs de GT, Comentaristas de GT, miembrxs del Comit\u00e9 Organizador y del comit\u00e9 honor\u00edfico est\u00e1n exentos de pago de inscripci\u00f3n para certificar esa tarea, <\/span>pero si presentaran ponencia deber\u00e1n abonar como ponente y si s\u00f3lo presentaran libro pagar como asistente.<\/b><\/li>\n<li style=\"font-weight: 400\"><span style=\"font-weight: 400\">Miembrxs del Colegio de Graduados en Antropolog\u00eda, la Asociaci\u00f3n de Antropolog\u00eda de Rosario, la Sociedad Argentina de Antropolog\u00eda y el Colegio de Graduados en Antropolog\u00eda de Jujuy con cuota al d\u00eda poseen descuentos en el costo de inscripci\u00f3n. El descuento de socio\/as de asociaciones profesionales no es acumulable con el descuento por estudiante de posgrado.<\/span><\/li>\n<li style=\"font-weight: 400\"><span style=\"font-weight: 400\">Lxs participantes en Muestra de Cine Antropol\u00f3gico y\/o Muestra Fotogr\u00e1fica corresponde inscripci\u00f3n <\/span><b>como ponentes.<\/b><\/li>\n<li style=\"font-weight: 400\"><span style=\"font-weight: 400\">Quienes presenten libros deber\u00e1n pagar la inscripci\u00f3n como asistentes, si es que no pagan inscripci\u00f3n como ponentes (por presentar trabajo en ese GT o en otro). Si quien\u00a0 presenta el libro es unx coordinadorx de GT exceptuadx de pago por esa funci\u00f3n, debe pagar como asistente para la presentaci\u00f3n del mismo.<\/span><\/li>\n<\/ul>\n<p>&nbsp;<\/p>\n<table class=\"MsoTable15Plain1\" style=\"border-collapse: collapse;border: none\" border=\"1\" cellspacing=\"0\" cellpadding=\"0\">\n<tbody>\n<tr style=\"height: 42.0pt\">\n<td style=\"border: solid #BFBFBF 1.0pt;padding: 0cm 5.4pt 0cm 5.4pt;height: 42.0pt\" valign=\"top\">\n<p class=\"MsoNormal\" style=\"text-align: center;line-height: normal;margin: 0cm 0cm 0cm 5.8pt\" align=\"center\"><b><span style=\"color: black\"><br \/>\nCategor\u00eda<\/span><\/b><b><\/b><\/p>\n<\/td>\n<td style=\"border: solid #BFBFBF 1.0pt;border-left: none;padding: 0cm 5.4pt 0cm 5.4pt;height: 42.0pt\" valign=\"top\">\n<p class=\"MsoNormal\" style=\"text-align: center;line-height: normal;margin: 2.45pt 0cm 0cm 5.4pt\" align=\"center\"><b><span style=\"color: black\">HASTA 30 junio<\/span><\/b><\/p>\n<\/td>\n<td style=\"border: solid #BFBFBF 1.0pt;border-left: none;padding: 0cm 5.4pt 0cm 5.4pt;height: 42.0pt\" valign=\"top\">\n<p class=\"MsoNormal\" style=\"text-align: center;line-height: normal;margin: 2.45pt 0cm 0cm 5.4pt\" align=\"center\"><b><span style=\"color: black\">Desde 1 de julio hasta la finalizaci\u00f3n del evento<\/span><\/b><b><\/b><\/p>\n<\/td>\n<\/tr>\n<tr style=\"height: 109.2pt\">\n<td style=\"border: solid #BFBFBF 1.0pt;border-top: none;background: #F2F2F2;padding: 0cm 5.4pt 0cm 5.4pt;height: 109.2pt\" valign=\"top\">\n<p class=\"MsoNormal\" style=\"text-indent: .75pt;line-height: normal;margin: 0cm 23.65pt 0cm 5.45pt\"><span style=\"color: black\">Ponente, expositor de\u00a0video o en muestra<br \/>\n<\/span><\/p>\n<p class=\"MsoNormal\" style=\"line-height: normal;margin: .6pt 7.75pt 0cm 5.5pt\"><span style=\"color: black\">fotogr\u00e1fica (docentes, investigador, profesional)<\/span><\/p>\n<\/td>\n<td style=\"border-top: none;border-left: none;border-bottom: solid #BFBFBF 1.0pt;border-right: solid #BFBFBF 1.0pt;background: #F2F2F2;padding: 0cm 5.4pt 0cm 5.4pt;height: 109.2pt\" valign=\"top\">\n<p class=\"MsoNormal\" style=\"margin-bottom: 0cm;text-align: center;line-height: normal\" align=\"center\"><span style=\"color: black\">$1900<\/span><\/p>\n<p class=\"MsoNormal\" style=\"text-align: center;line-height: normal;margin: 11.35pt 17.4pt 0cm 0cm\" align=\"center\"><span style=\"color: black\">\u00a0 \u00a0 \u00a0 \u00a0$ 1600<\/span><\/p>\n<p class=\"MsoNormal\" style=\"text-align: center;line-height: normal;margin: 11.35pt 17.4pt 0cm 0cm\" align=\"center\"><span style=\"font-size: 10.0pt;color: black\">Socios:<br \/>\nColegio de Graduados de Antropolog\u00eda\u00a0<\/span><\/p>\n<p class=\"MsoNormal\" style=\"text-align: center;line-height: normal;margin: 11.35pt 17.4pt 0cm 0cm\" align=\"center\"><span style=\"font-size: 10.0pt;color: black\"> Asociaci\u00f3n Antropolog\u00eda<br \/>\nRosario <\/span><\/p>\n<p class=\"MsoNormal\" style=\"text-align: center;line-height: normal;margin: 11.35pt 17.4pt 0cm 0cm\" align=\"center\"><span style=\"font-size: 10.0pt;color: black\">Sociedad Argentina de <\/span><span style=\"font-size: 10.0pt;color: black\">Antropolog\u00eda<\/span><\/p>\n<p class=\"MsoNormal\" style=\"text-align: center;line-height: normal;margin: 11.35pt 17.4pt 0cm 0cm\" align=\"center\"><span style=\"font-size: 10.0pt;color: black\">Colegio<br \/>\nde Graduados en Antropolog\u00eda de Jujuy<\/span><\/p>\n<\/td>\n<td style=\"border-top: none;border-left: none;border-bottom: solid #BFBFBF 1.0pt;border-right: solid #BFBFBF 1.0pt;background: #F2F2F2;padding: 0cm 5.4pt 0cm 5.4pt;height: 109.2pt\" valign=\"top\">\n<p class=\"MsoNormal\" style=\"text-align: center;line-height: normal;margin: 0cm 0cm 0cm 25.95pt\" align=\"center\"><span style=\"color: black\">$ 2500<\/span><\/p>\n<p class=\"MsoNormal\" style=\"text-align: center;line-height: normal;margin: 11.35pt 17.4pt 0cm 0cm\" align=\"center\"><span style=\"color: black\">\u00a0 \u00a0 \u00a0 \u00a0 \u00a0 \u00a0 \u00a0 $ 2200<\/span><\/p>\n<p class=\"MsoNormal\" style=\"text-align: center;line-height: normal;margin: 11.35pt 17.4pt 0cm 0cm\" align=\"center\"><span style=\"font-size: 10.0pt;color: black\">Socios:<br \/>\nColegio de Graduados de Antropolog\u00eda<\/span><\/p>\n<p class=\"MsoNormal\" style=\"text-align: center;line-height: normal;margin: 11.35pt 17.4pt 0cm 0cm\" align=\"center\"><span style=\"font-size: 10.0pt;color: black\">Asociaci\u00f3n Antropolog\u00eda Rosario<\/span><\/p>\n<p class=\"MsoNormal\" style=\"text-align: center;line-height: normal;margin: 11.35pt 17.4pt 0cm 0cm\" align=\"center\"><span style=\"font-size: 10.0pt;color: black\">Sociedad Argentina de Antropolog\u00eda<\/span><\/p>\n<p class=\"MsoNormal\" style=\"text-align: center;line-height: normal;margin: 11.35pt 17.4pt 0cm 0cm\" align=\"center\"><span style=\"font-size: 10.0pt;color: black\">Colegio de Graduados en Antropolog\u00eda<br \/>\nde Jujuy<\/span><\/p>\n<\/td>\n<\/tr>\n<tr style=\"height: 72.5pt\">\n<td style=\"border: solid #BFBFBF 1.0pt;border-top: none;padding: 0cm 5.4pt 0cm 5.4pt;height: 72.5pt\" valign=\"top\">\n<p class=\"MsoNormal\" style=\"text-indent: .75pt;line-height: normal;margin: 0cm 23.65pt 0cm 5.45pt\"><span style=\"color: black\">Ponente, expositor de\u00a0video o en muestra<br \/>\n<\/span><\/p>\n<p class=\"MsoNormal\" style=\"line-height: normal;margin: .5pt 7.85pt 0cm 5.5pt\"><span style=\"color: black\">fotogr\u00e1fica estudiante de posgrado<\/span><\/p>\n<\/td>\n<td style=\"border-top: none;border-left: none;border-bottom: solid #BFBFBF 1.0pt;border-right: solid #BFBFBF 1.0pt;padding: 0cm 5.4pt 0cm 5.4pt;height: 72.5pt\" valign=\"top\">\n<p class=\"MsoNormal\" style=\"margin-bottom: 0cm;text-align: center;line-height: normal\" align=\"center\"><span style=\"color: black\">$ 1300<\/span><\/p>\n<\/td>\n<td style=\"border-top: none;border-left: none;border-bottom: solid #BFBFBF 1.0pt;border-right: solid #BFBFBF 1.0pt;padding: 0cm 5.4pt 0cm 5.4pt;height: 72.5pt\" valign=\"top\">\n<p class=\"MsoNormal\" style=\"margin-bottom: 0cm;text-align: center;line-height: normal\" align=\"center\"><span style=\"color: black\">$ 1700<\/span><\/p>\n<\/td>\n<\/tr>\n<tr style=\"height: 83.5pt\">\n<td style=\"border: solid #BFBFBF 1.0pt;border-top: none;background: #F2F2F2;padding: 0cm 5.4pt 0cm 5.4pt;height: 83.5pt\" valign=\"top\">\n<p class=\"MsoNormal\" style=\"line-height: normal;margin: 0cm 13.85pt 0cm 5.45pt\"><span style=\"color: black\">Asistente (graduados en\u00a0general,\u00a0<\/span><\/p>\n<p class=\"MsoNormal\" style=\"line-height: normal;margin: .65pt 14.35pt 0cm 6.0pt\"><span style=\"color: black\">incluye estudiantes de posgrado y quienes solo presenten<br \/>\nlibro)<\/span><\/p>\n<\/td>\n<td style=\"border-top: none;border-left: none;border-bottom: solid #BFBFBF 1.0pt;border-right: solid #BFBFBF 1.0pt;background: #F2F2F2;padding: 0cm 5.4pt 0cm 5.4pt;height: 83.5pt\" valign=\"top\">\n<p class=\"MsoNormal\" style=\"margin-bottom: 0cm;text-align: center;line-height: normal\" align=\"center\"><span style=\"color: black\">$ 650<\/span><\/p>\n<\/td>\n<td style=\"border-top: none;border-left: none;border-bottom: solid #BFBFBF 1.0pt;border-right: solid #BFBFBF 1.0pt;background: #F2F2F2;padding: 0cm 5.4pt 0cm 5.4pt;height: 83.5pt\" valign=\"top\">\n<p class=\"MsoNormal\" style=\"margin-bottom: 0cm;text-align: center;line-height: normal\" align=\"center\"><span style=\"color: black\">$ 850<\/span><\/p>\n<\/td>\n<\/tr>\n<\/tbody>\n<\/table>\n<p><\/p><\/div><\/div><\/div><\/div><\/div><\/div><p><a class=\"more-link\" href=\"https:\/\/congresos.unlp.edu.ar\/12caas\/inscripcion-y-pagos\/pagos\/\">Leer m\u00e1s<span class=\"meta-nav\">&rarr;<\/span><\/a><\/p>","protected":false},"excerpt":{"rendered":"<p>Costos de inscripci\u00f3n Estudiantes de grado GRATUITO (deber\u00e1n presentar libreta o certificado). Coordinadorxs de GT, Comentaristas de GT, miembrxs del Comit\u00e9 Organizador y del comit\u00e9 honor\u00edfico est\u00e1n exentos de pago de inscripci\u00f3n para certificar esa tarea, pero si presentaran ponencia deber\u00e1n abonar como ponente y si s\u00f3lo presentaran libro pagar como asistente. Miembrxs del Colegio [&hellip;]<\/p>\n","protected":false},"author":18,"featured_media":0,"parent":626,"menu_order":4,"comment_status":"closed","ping_status":"closed","template":"templates\/template-full.php","meta":{"advgb_blocks_editor_width":"","advgb_blocks_columns_visual_guide":"","footnotes":""},"class_list":["post-53","page","type-page","status-publish","hentry","post"],"aioseo_notices":[],"coauthors":[],"author_meta":{"author_link":"https:\/\/congresos.unlp.edu.ar\/12caas\/author\/jjcueto\/","display_name":"jjcueto"},"relative_dates":{"created":"Publicado 7 a\u00f1os hace","modified":"Actualizado 5 a\u00f1os hace"},"absolute_dates":{"created":"Publicado el 29\/08\/2019","modified":"Actualizado el 01\/06\/2021"},"absolute_dates_time":{"created":"Publicado el 29\/08\/2019 10:28 am","modified":"Actualizado el 01\/06\/2021 8:28 pm"},"featured_img_caption":"","featured_img":false,"series_order":"","_links":{"self":[{"href":"https:\/\/congresos.unlp.edu.ar\/12caas\/wp-json\/wp\/v2\/pages\/53","targetHints":{"allow":["GET"]}}],"collection":[{"href":"https:\/\/congresos.unlp.edu.ar\/12caas\/wp-json\/wp\/v2\/pages"}],"about":[{"href":"https:\/\/congresos.unlp.edu.ar\/12caas\/wp-json\/wp\/v2\/types\/page"}],"author":[{"embeddable":true,"href":"https:\/\/congresos.unlp.edu.ar\/12caas\/wp-json\/wp\/v2\/users\/18"}],"replies":[{"embeddable":true,"href":"https:\/\/congresos.unlp.edu.ar\/12caas\/wp-json\/wp\/v2\/comments?post=53"}],"version-history":[{"count":0,"href":"https:\/\/congresos.unlp.edu.ar\/12caas\/wp-json\/wp\/v2\/pages\/53\/revisions"}],"up":[{"embeddable":true,"href":"https:\/\/congresos.unlp.edu.ar\/12caas\/wp-json\/wp\/v2\/pages\/626"}],"wp:attachment":[{"href":"https:\/\/congresos.unlp.edu.ar\/12caas\/wp-json\/wp\/v2\/media?parent=53"}],"curies":[{"name":"wp","href":"https:\/\/api.w.org\/{rel}","templated":true}]}}