{"id":388,"date":"2020-03-31T10:01:55","date_gmt":"2020-03-31T13:01:55","guid":{"rendered":"http:\/\/congresos.unlp.edu.ar\/12caas\/?page_id=388"},"modified":"2021-09-06T17:35:51","modified_gmt":"2021-09-06T20:35:51","slug":"muestra-de-cine-antropologico-y-fotografia","status":"publish","type":"page","link":"https:\/\/congresos.unlp.edu.ar\/12caas\/congreso\/muestra-de-cine-antropologico-y-fotografia\/","title":{"rendered":"Muestra de Cine Etnogr\u00e1fico y Fotograf\u00eda"},"content":{"rendered":"<h2 style=\"text-align: center\"><strong>CONVERSATORIOS <\/strong><\/h2>\n<h2 style=\"text-align: center\"><strong>PRIMERA ETAPA DEL CONGRESO\u00a0<\/strong><strong>&#8211; JUNIO 2021<\/strong><\/h2>\n<h2><span style=\"color: #008080\"><b>Conversatorio de apertura<\/b><\/span><\/h2>\n<h4><mark><b>Mi\u00e9rcoles 9 de junio 11 hs.<\/b><\/mark><\/h4>\n<h4 style=\"padding-left: 40px\"><b>Patr\u00edcia Ferreira \u00a6 Par\u00e1 Yxapy y Sophia Pinheiro<\/b><span style=\"font-weight: 400\">, realizadoras de la pel\u00edcula <\/span><i><span style=\"font-weight: 400\">Teko Haxy<\/span><\/i><span style=\"font-weight: 400\">.\u00a0<\/span><\/h4>\n<h5 style=\"padding-left: 40px\"><b>Coordinadoras: <\/b><span style=\"font-weight: 400\"><strong>Delfina Magnoni\u00a0<\/strong><\/span><strong>y Carolina Soler.<\/strong><\/h5>\n<p style=\"padding-left: 40px\"><i><span style=\"font-weight: 400\">La pel\u00edcula \u201cTeko Haxy\u201d, que abre la Muestra del Cine Etnogr\u00e1fico, estar\u00e1 disponible desde el 4 de junio hasta el 10 de junio en nuestro canal de <a href=\"https:\/\/youtu.be\/w_LlnklG4i4\">YouTube<\/a>.<\/span><\/i><\/p>\n[youtube url=\u00bbhttps:\/\/youtu.be\/9twFbhD-H2c\u00bb width=\u00bb600&#8243; height=\u00bb400&#8243; responsive=\u00bbyes\u00bb autoplay=\u00bbyes\u00bb mute=\u00bbno\u00bb]\n<hr \/>\n<h2><\/h2>\n<h2><span style=\"color: #008080\"><b>Conversatorio 2: <\/b><b>Ejercicios reflexivos y militancias<\/b><\/span><\/h2>\n<h4><mark><b>Mi\u00e9rcoles 16 de junio 11 hs.<\/b><\/mark><\/h4>\n<h4 style=\"padding-left: 40px\"><b>Josefina Cordera<\/b><span style=\"font-weight: 400\"> (<\/span><i><span style=\"font-weight: 400\">Madres<\/span><\/i><span style=\"font-weight: 400\">) \/<\/span><b> Carolina Rimini, Luc\u00eda Salinas y Mar\u00eda Luz Silva <\/b><span style=\"font-weight: 400\">(<\/span><i><span style=\"font-weight: 400\">En lo imposible tambi\u00e9n hay casas<\/span><\/i><span style=\"font-weight: 400\">) \/<\/span><b> Tatiana Ivancovich, Julieta Pestarino y Celeste Jerez <\/b><span style=\"font-weight: 400\">(<\/span><i><span style=\"font-weight: 400\">No solo parto respetado<\/span><\/i><span style=\"font-weight: 400\">) \/<\/span><b> Sandra Avalos, Daniela Rivero Taddeo, Romina Oettinger y Vanesa Suiresz<\/b><span style=\"font-weight: 400\"> (<\/span><i><span style=\"font-weight: 400\">De brujxs, locxs y aborterxs &#8211; Experiencias de feminismos en Posadas-Misiones<\/span><\/i><span style=\"font-weight: 400\">) \/<\/span><b> Juli\u00e1n Caneva <\/b><span style=\"font-weight: 400\">(<\/span><i><span style=\"font-weight: 400\">Tire Cart\u00f3n<\/span><\/i><span style=\"font-weight: 400\">) \/<\/span><b> Emilia Mac Donagh <\/b><span style=\"font-weight: 400\">(<\/span><i><span style=\"font-weight: 400\">Sororas<\/span><\/i><span style=\"font-weight: 400\">) \/ <\/span><b>Francisco Gonzalez, Lucia Brajkovic, Diego Samaniego, Tatiana Messina y Camila Bonetti<\/b><span style=\"font-weight: 400\"> (<\/span><i><span style=\"font-weight: 400\">Chaipe. El camino de la liga<\/span><\/i><span style=\"font-weight: 400\">) \/<\/span><b> Guillermo Gardenal<\/b> <i><span style=\"font-weight: 400\">(El \u00c1rbol y el Pescao<\/span><\/i><span style=\"font-weight: 400\">) \/<\/span><b> Fera Mart\u00ednez <\/b><span style=\"font-weight: 400\">(<\/span><i><span style=\"font-weight: 400\">El Santo de Ocumare<\/span><\/i><span style=\"font-weight: 400\">).<\/span><\/h4>\n<h5 style=\"padding-left: 40px\"><b>Coordinadorxs:<\/b> <b>Franco Passarelli,\u00a0<\/b><span style=\"font-weight: 400\"><strong>Laura Lugano<\/strong> <\/span><b>y Delfina Zarauza<\/b><\/h5>\n<p style=\"padding-left: 40px\"><i><span style=\"font-weight: 400\">Estas pel\u00edculas estar\u00e1n disponibles desde el 11 de junio hasta el 17 de junio en nuestro canal de <a href=\"https:\/\/www.youtube.com\/channel\/UCjpVXDXB_REdK8-jiHEWGyQ\">YouTube<\/a>.<\/span><\/i><\/p>\n[youtube url=\u00bbhttps:\/\/youtu.be\/5kJzbTzOmE0&#8243; width=\u00bb600&#8243; height=\u00bb400&#8243; responsive=\u00bbyes\u00bb autoplay=\u00bbyes\u00bb mute=\u00bbno\u00bb]\n<hr \/>\n<h2><\/h2>\n<h2><span style=\"color: #008080\"><b>Conversatorio 3: Performatividad, montaje y procesos compartidos<\/b><\/span><\/h2>\n<h4><mark><b>Mi\u00e9rcoles 23 de junio 11 hs.<\/b><\/mark><\/h4>\n<h4 style=\"padding-left: 40px\"><b>Nehemias Lencinas, Carolina Soler y Mar\u00eda Eugenia Mora <\/b><span style=\"font-weight: 400\">(<\/span><i><span style=\"font-weight: 400\">El tiempo del nv\u00ffo<\/span><\/i><span style=\"font-weight: 400\">) \/ <\/span><b>Mar\u00eda Luz Roa, Silvia Citro y Josefina Ram\u00edrez Vel\u00e1zquez <\/b><span style=\"font-weight: 400\">(<\/span><i><span style=\"font-weight: 400\">Cuerpos Liminares<\/span><\/i><span style=\"font-weight: 400\">) \/ <\/span><b>Ailin Alvarez, Luciana Ayala y Dami\u00e1n Moore Fern\u00e1ndez <\/b><span style=\"font-weight: 400\">\u00a0(<\/span><i><span style=\"font-weight: 400\">Resistencia Natural Urban<\/span><\/i><span style=\"font-weight: 400\">a) \/ <\/span><b>Mabel Filim\u00f3n y Carolina Soler <\/b><span style=\"font-weight: 400\">(<\/span><i><span style=\"font-weight: 400\">Pa&#8217;iquera na aviac \/ M\u00e1s all\u00e1 del monte<\/span><\/i><span style=\"font-weight: 400\">) \/<\/span><b> M. Felcitas Ciriaco <\/b><span style=\"font-weight: 400\">(<\/span><i><span style=\"font-weight: 400\">Cal y Ferrite<\/span><\/i><span style=\"font-weight: 400\">) \/<\/span><b> Florencia Boasso<\/b><span style=\"font-weight: 400\"> (<\/span><i><span style=\"font-weight: 400\">Mujeres Guaran\u00edes Luchadoras<\/span><\/i><span style=\"font-weight: 400\">) \/ <\/span><b>Delfina Magnoni<\/b><span style=\"font-weight: 400\"> (<\/span><i><span style=\"font-weight: 400\">Federico del R\u00edo Achiyacu<\/span><\/i><span style=\"font-weight: 400\">) \/ <\/span><b>Ana Santilli Lago, Ayel\u00e9n Mart\u00ednez, Laura Lugano y Malena Battista <\/b><span style=\"font-weight: 400\">(<\/span><i><span style=\"font-weight: 400\">Los fuegos internos<\/span><\/i><span style=\"font-weight: 400\">) \/<\/span><b> Ana Santilli Lago <\/b><span style=\"font-weight: 400\">(<\/span><i><span style=\"font-weight: 400\">Ciudad-dispo\u00e9tica<\/span><\/i><span style=\"font-weight: 400\">) \/<\/span><b> Valeria Cotaimich<\/b><span style=\"font-weight: 400\"> (<\/span><i><span style=\"font-weight: 400\">Sagrada Familia<\/span><\/i><span style=\"font-weight: 400\">) \/ <\/span><b>Agustina Zaffaroni <\/b><span style=\"font-weight: 400\">(<\/span><i><span style=\"font-weight: 400\">Epidermia<\/span><\/i><span style=\"font-weight: 400\">) \/ <\/span><b>Alejandra Dino, Ver\u00f3nica Golart y Francisco Maraude<\/b><span style=\"font-weight: 400\"> (<\/span><i><span style=\"font-weight: 400\">Met\u00e1foras del cuerpo<\/span><\/i><span style=\"font-weight: 400\">).<\/span><\/h4>\n<h5 style=\"padding-left: 40px\"><b>Coordinadorxs:<\/b> <b>Ana Sabrina Mora<\/b><span style=\"font-weight: 400\"> y<\/span><b> Franco Passarelli\u00a0<\/b><\/h5>\n<p style=\"padding-left: 40px\"><i><span style=\"font-weight: 400\">Las pel\u00edculas de lxs realizadores estar\u00e1n disponibles desde el 18 de junio hasta el 24 de junio en nuestro canal de <a href=\"https:\/\/www.youtube.com\/channel\/UCjpVXDXB_REdK8-jiHEWGyQ\">YouTube<\/a>.<\/span><\/i><\/p>\n[youtube url=\u00bbhttps:\/\/youtu.be\/JW8L-SkWLHk\u00bb width=\u00bb600&#8243; height=\u00bb400&#8243; responsive=\u00bbyes\u00bb autoplay=\u00bbyes\u00bb mute=\u00bbno\u00bb]\n<hr \/>\n<h2><\/h2>\n<h2><span style=\"color: #008080\"><b>Conversatorio 4:\u00a0 Historias de vida<\/b><\/span><\/h2>\n<h4><mark><b>Mi\u00e9rcoles 30 de junio 11 hs.<\/b><\/mark><\/h4>\n<h4 style=\"padding-left: 40px\"><b>Eduardo Henr\u00edquez <\/b><span style=\"font-weight: 400\">(<\/span><i><span style=\"font-weight: 400\">Criszamver<\/span><\/i><span style=\"font-weight: 400\">) \/<\/span><b> Ignacio Mo\u00f1ino <\/b><span style=\"font-weight: 400\">(<\/span><i><span style=\"font-weight: 400\">Sikuris del Abra de Punta Corral<\/span><\/i><span style=\"font-weight: 400\">) \/ <\/span><b>Manuel Abad <\/b><span style=\"font-weight: 400\">(<\/span><i><span style=\"font-weight: 400\">Cheikh gueye Senegal en diagonal<\/span><\/i><span style=\"font-weight: 400\">) \/<\/span><b> Nicol\u00e1s Ballete, Josefina Ferreyra, Nicol\u00e1s Franco Quiroga y Estefanis Gonz\u00e1lez <\/b><span style=\"font-weight: 400\">(<\/span><i><span style=\"font-weight: 400\">Paralelismos \u2013 Memorias sobre un hermano<\/span><\/i><span style=\"font-weight: 400\">) \/<\/span><b> Gabriel O. \u00c1lvarez <\/b><span style=\"font-weight: 400\">(<\/span><i><span style=\"font-weight: 400\">Chamanismo en Huautla: la abuela Julieta<\/span><\/i><span style=\"font-weight: 400\">) \/<\/span><b> Andr\u00e9s Oseguera Montiel <\/b><span style=\"font-weight: 400\">(<\/span><i><span style=\"font-weight: 400\">La Semana Santa pima. Nostalgia del pasado<\/span><\/i><span style=\"font-weight: 400\">) \/<\/span><b> Francisco Riegler <\/b><span style=\"font-weight: 400\">(<\/span><i><span style=\"font-weight: 400\">Ana Haid\u00e9e<\/span><\/i><span style=\"font-weight: 400\">) \/<\/span><b> Carol A. Cazares Defaz <\/b><span style=\"font-weight: 400\">(<\/span><i><span style=\"font-weight: 400\">Puhi Toprao<\/span><\/i><span style=\"font-weight: 400\">).<\/span><\/h4>\n<h5 style=\"padding-left: 40px\"><strong>Coordinadores: Juan Jos\u00e9 Cascardi y Juan Manuel Di Socio.<\/strong><\/h5>\n<p style=\"padding-left: 40px\"><i><span style=\"font-weight: 400\">Las pel\u00edculas de lxs realizadores estar\u00e1n disponibles desde el 25 de junio hasta el 2 de julio en nuestro canal de <a href=\"https:\/\/www.youtube.com\/channel\/UCjpVXDXB_REdK8-jiHEWGyQ\">YouTube.<\/a><\/span><\/i><\/p>\n[youtube url=\u00bbhttps:\/\/youtu.be\/kVDzDexoTN0&#8243; width=\u00bb600&#8243; height=\u00bb400&#8243; responsive=\u00bbyes\u00bb autoplay=\u00bbyes\u00bb mute=\u00bbno\u00bb]\n","protected":false},"excerpt":{"rendered":"<p>CONVERSATORIOS PRIMERA ETAPA DEL CONGRESO\u00a0&#8211; JUNIO 2021 Conversatorio de apertura Mi\u00e9rcoles 9 de junio 11 hs. Patr\u00edcia Ferreira \u00a6 Par\u00e1 Yxapy y Sophia Pinheiro, realizadoras de la pel\u00edcula Teko Haxy.\u00a0 Coordinadoras: Delfina Magnoni\u00a0y Carolina Soler. La pel\u00edcula \u201cTeko Haxy\u201d, que abre la Muestra del Cine Etnogr\u00e1fico, estar\u00e1 disponible desde el 4 de junio hasta el [&hellip;]<\/p>\n","protected":false},"author":18,"featured_media":0,"parent":398,"menu_order":4,"comment_status":"closed","ping_status":"closed","template":"templates\/template-full-notitle.php","meta":{"advgb_blocks_editor_width":"","advgb_blocks_columns_visual_guide":"","footnotes":""},"class_list":["post-388","page","type-page","status-publish","hentry","post"],"aioseo_notices":[],"coauthors":[],"author_meta":{"author_link":"https:\/\/congresos.unlp.edu.ar\/12caas\/author\/jjcueto\/","display_name":"jjcueto"},"relative_dates":{"created":"Publicado 6 a\u00f1os hace","modified":"Actualizado 5 a\u00f1os hace"},"absolute_dates":{"created":"Publicado el 31\/03\/2020","modified":"Actualizado el 06\/09\/2021"},"absolute_dates_time":{"created":"Publicado el 31\/03\/2020 10:01 am","modified":"Actualizado el 06\/09\/2021 5:35 pm"},"featured_img_caption":"","featured_img":false,"series_order":"","_links":{"self":[{"href":"https:\/\/congresos.unlp.edu.ar\/12caas\/wp-json\/wp\/v2\/pages\/388","targetHints":{"allow":["GET"]}}],"collection":[{"href":"https:\/\/congresos.unlp.edu.ar\/12caas\/wp-json\/wp\/v2\/pages"}],"about":[{"href":"https:\/\/congresos.unlp.edu.ar\/12caas\/wp-json\/wp\/v2\/types\/page"}],"author":[{"embeddable":true,"href":"https:\/\/congresos.unlp.edu.ar\/12caas\/wp-json\/wp\/v2\/users\/18"}],"replies":[{"embeddable":true,"href":"https:\/\/congresos.unlp.edu.ar\/12caas\/wp-json\/wp\/v2\/comments?post=388"}],"version-history":[{"count":0,"href":"https:\/\/congresos.unlp.edu.ar\/12caas\/wp-json\/wp\/v2\/pages\/388\/revisions"}],"up":[{"embeddable":true,"href":"https:\/\/congresos.unlp.edu.ar\/12caas\/wp-json\/wp\/v2\/pages\/398"}],"wp:attachment":[{"href":"https:\/\/congresos.unlp.edu.ar\/12caas\/wp-json\/wp\/v2\/media?parent=388"}],"curies":[{"name":"wp","href":"https:\/\/api.w.org\/{rel}","templated":true}]}}