{"id":192,"date":"2019-11-25T08:38:02","date_gmt":"2019-11-25T11:38:02","guid":{"rendered":"http:\/\/congresos.unlp.edu.ar\/12caas\/?page_id=192"},"modified":"2021-09-04T19:09:59","modified_gmt":"2021-09-04T22:09:59","slug":"unlp","status":"publish","type":"page","link":"https:\/\/congresos.unlp.edu.ar\/12caas\/informacion-general\/unlp\/","title":{"rendered":"UNLP"},"content":{"rendered":"<div id=\"pl-192\"  class=\"panel-layout\" ><div id=\"pg-192-0\"  class=\"panel-grid panel-no-style\" ><div id=\"pgc-192-0-0\"  class=\"panel-grid-cell\" ><div id=\"panel-192-0-0-0\" class=\"so-panel widget widget_sow-editor panel-first-child panel-last-child\" data-index=\"0\" ><div\n\t\t\t\n\t\t\tclass=\"so-widget-sow-editor so-widget-sow-editor-base\"\n\t\t\t\n\t\t>\n<div class=\"siteorigin-widget-tinymce textwidget\">\n\t<p>&nbsp;<\/p>\n<p style=\"text-align: center\"><img loading=\"lazy\" decoding=\"async\" class=\"alignnone size-medium wp-image-698\" src=\"http:\/\/congresos.unlp.edu.ar\/12caas\/wp-content\/uploads\/sites\/10\/2021\/05\/Logo-UNLP-300x88.png\" alt=\"\" width=\"300\" height=\"88\" srcset=\"https:\/\/congresos.unlp.edu.ar\/12caas\/wp-content\/uploads\/sites\/10\/2021\/05\/Logo-UNLP-300x88.png 300w, https:\/\/congresos.unlp.edu.ar\/12caas\/wp-content\/uploads\/sites\/10\/2021\/05\/Logo-UNLP.png 380w\" sizes=\"auto, (max-width: 300px) 100vw, 300px\" \/><\/p>\n<p style=\"text-align: justify\">La decimosegunda edici\u00f3n del CAAS tendr\u00e1 como instituci\u00f3n organizadora a la <strong>Universidad Nacional de La Plata<\/strong>. Pod\u00e9s obtener informaci\u00f3n acerca de la misma desde <strong><a href=\"https:\/\/unlp.edu.ar\/\">su sitio web<\/a><\/strong>.<\/p>\n<\/div>\n<\/div><\/div><\/div><\/div><div id=\"pg-192-1\"  class=\"panel-grid panel-no-style\" ><div id=\"pgc-192-1-0\"  class=\"panel-grid-cell\" ><div id=\"panel-192-1-0-0\" class=\"so-panel widget widget_text panel-first-child panel-last-child\" data-index=\"1\" >\t\t\t<div class=\"textwidget\"><p>Para obtener informaci\u00f3n actualizada sobre la UNLP, segu\u00ed las cuentas oficiales en las redes sociales:<\/p>\n<\/div>\n\t\t<\/div><\/div><\/div><div id=\"pg-192-2\"  class=\"panel-grid panel-no-style\" ><div id=\"pgc-192-2-0\"  class=\"panel-grid-cell\" ><div id=\"panel-192-2-0-0\" class=\"so-panel widget widget_sow-social-media-buttons panel-first-child panel-last-child\" data-index=\"2\" ><div\n\t\t\t\n\t\t\tclass=\"so-widget-sow-social-media-buttons so-widget-sow-social-media-buttons-flat-3930f51384a5-192\"\n\t\t\t\n\t\t>\n\n<div class=\"social-media-button-container\">\n\t\n\t\t<a \n\t\tclass=\"ow-button-hover sow-social-media-button-instagram-0 sow-social-media-button\" title=\"12\u00ba CONGRESO ARGENTINO DE ANTROPOLOG\u00cdA SOCIAL: &quot;El qu\u00e9-hacer antropol\u00f3gico: controversias, di\u00e1logos y compromiso social&quot; en Instagram\" aria-label=\"12\u00ba CONGRESO ARGENTINO DE ANTROPOLOG\u00cdA SOCIAL: &quot;El qu\u00e9-hacer antropol\u00f3gico: controversias, di\u00e1logos y compromiso social&quot; en Instagram\" target=\"_blank\" rel=\"noopener noreferrer\" href=\"https:\/\/instagram.com\/unlpoficial\/?hl=es-la\" \t\t>\n\t\t\t<span>\n\t\t\t\t\t\t\t\t<span class=\"sow-icon-fontawesome sow-fab\" data-sow-icon=\"&#xf16d;\"\n\t\t \n\t\taria-hidden=\"true\"><\/span>\t\t\t\t\t\t\t<\/span>\n\t\t<\/a>\n\t\n\t\t<a \n\t\tclass=\"ow-button-hover sow-social-media-button-x-twitter-0 sow-social-media-button\" title=\"12\u00ba CONGRESO ARGENTINO DE ANTROPOLOG\u00cdA SOCIAL: &quot;El qu\u00e9-hacer antropol\u00f3gico: controversias, di\u00e1logos y compromiso social&quot; en X Twitter\" aria-label=\"12\u00ba CONGRESO ARGENTINO DE ANTROPOLOG\u00cdA SOCIAL: &quot;El qu\u00e9-hacer antropol\u00f3gico: controversias, di\u00e1logos y compromiso social&quot; en X Twitter\" target=\"_blank\" rel=\"noopener noreferrer\" href=\"https:\/\/twitter.com\/unlp\" \t\t>\n\t\t\t<span>\n\t\t\t\t\t\t\t\t<span class=\"sow-icon-fontawesome sow-fab\" data-sow-icon=\"&#xe61b;\"\n\t\t \n\t\taria-hidden=\"true\"><\/span>\t\t\t\t\t\t\t<\/span>\n\t\t<\/a>\n\t\n\t\t<a \n\t\tclass=\"ow-button-hover sow-social-media-button-facebook-0 sow-social-media-button\" title=\"https:\/\/www.facebook.com\/unlp.edu\/\" aria-label=\"https:\/\/www.facebook.com\/unlp.edu\/\" target=\"_blank\" rel=\"noopener noreferrer\" href=\"https:\/\/www.facebook.com\/\" \t\t>\n\t\t\t<span>\n\t\t\t\t\t\t\t\t<span class=\"sow-icon-fontawesome sow-fab\" data-sow-icon=\"&#xf39e;\"\n\t\t \n\t\taria-hidden=\"true\"><\/span>\t\t\t\t\t\t\t<\/span>\n\t\t<\/a>\n\t<\/div>\n<\/div><\/div><\/div><\/div><\/div>","protected":false},"excerpt":{"rendered":"<p>&nbsp; La decimosegunda edici\u00f3n del CAAS tendr\u00e1 como instituci\u00f3n organizadora a la Universidad Nacional de La Plata. Pod\u00e9s obtener informaci\u00f3n acerca de la misma desde su sitio web. Para obtener informaci\u00f3n actualizada sobre la UNLP, segu\u00ed las cuentas oficiales en las redes sociales:<\/p>\n","protected":false},"author":18,"featured_media":0,"parent":57,"menu_order":1,"comment_status":"closed","ping_status":"closed","template":"templates\/template-full-notitle.php","meta":{"advgb_blocks_editor_width":"","advgb_blocks_columns_visual_guide":"","footnotes":""},"class_list":["post-192","page","type-page","status-publish","hentry","post"],"aioseo_notices":[],"coauthors":[],"author_meta":{"author_link":"https:\/\/congresos.unlp.edu.ar\/12caas\/author\/jjcueto\/","display_name":"jjcueto"},"relative_dates":{"created":"Publicado 6 a\u00f1os hace","modified":"Actualizado 5 a\u00f1os hace"},"absolute_dates":{"created":"Publicado el 25\/11\/2019","modified":"Actualizado el 04\/09\/2021"},"absolute_dates_time":{"created":"Publicado el 25\/11\/2019 8:38 am","modified":"Actualizado el 04\/09\/2021 7:09 pm"},"featured_img_caption":"","featured_img":false,"series_order":"","_links":{"self":[{"href":"https:\/\/congresos.unlp.edu.ar\/12caas\/wp-json\/wp\/v2\/pages\/192","targetHints":{"allow":["GET"]}}],"collection":[{"href":"https:\/\/congresos.unlp.edu.ar\/12caas\/wp-json\/wp\/v2\/pages"}],"about":[{"href":"https:\/\/congresos.unlp.edu.ar\/12caas\/wp-json\/wp\/v2\/types\/page"}],"author":[{"embeddable":true,"href":"https:\/\/congresos.unlp.edu.ar\/12caas\/wp-json\/wp\/v2\/users\/18"}],"replies":[{"embeddable":true,"href":"https:\/\/congresos.unlp.edu.ar\/12caas\/wp-json\/wp\/v2\/comments?post=192"}],"version-history":[{"count":0,"href":"https:\/\/congresos.unlp.edu.ar\/12caas\/wp-json\/wp\/v2\/pages\/192\/revisions"}],"up":[{"embeddable":true,"href":"https:\/\/congresos.unlp.edu.ar\/12caas\/wp-json\/wp\/v2\/pages\/57"}],"wp:attachment":[{"href":"https:\/\/congresos.unlp.edu.ar\/12caas\/wp-json\/wp\/v2\/media?parent=192"}],"curies":[{"name":"wp","href":"https:\/\/api.w.org\/{rel}","templated":true}]}}