{"id":1765,"date":"2022-06-21T09:17:03","date_gmt":"2022-06-21T12:17:03","guid":{"rendered":"https:\/\/congresos.unlp.edu.ar\/12caas\/?page_id=1765"},"modified":"2022-06-21T10:03:14","modified_gmt":"2022-06-21T13:03:14","slug":"actas","status":"publish","type":"page","link":"https:\/\/congresos.unlp.edu.ar\/12caas\/actas\/","title":{"rendered":"Actas"},"content":{"rendered":"<div id=\"pl-1765\"  class=\"panel-layout\" ><div id=\"pg-1765-0\"  class=\"panel-grid panel-no-style\" ><div id=\"pgc-1765-0-0\"  class=\"panel-grid-cell\" ><div id=\"panel-1765-0-0-0\" class=\"so-panel widget widget_sow-editor panel-first-child panel-last-child\" data-index=\"0\" ><div\n\t\t\t\n\t\t\tclass=\"so-widget-sow-editor so-widget-sow-editor-base\"\n\t\t\t\n\t\t>\n<div class=\"siteorigin-widget-tinymce textwidget\">\n\t<h1 style=\"text-align: center\"><span style=\"color: #00545e\">Actas del Congreso<\/span><\/h1>\n<\/div>\n<\/div><\/div><\/div><\/div><div id=\"pg-1765-1\"  class=\"panel-grid panel-no-style\" ><div id=\"pgc-1765-1-0\"  class=\"panel-grid-cell\" ><div id=\"panel-1765-1-0-0\" class=\"so-panel widget widget_sow-editor panel-first-child panel-last-child\" data-index=\"1\" ><div\n\t\t\t\n\t\t\tclass=\"so-widget-sow-editor so-widget-sow-editor-base\"\n\t\t\t\n\t\t>\n<div class=\"siteorigin-widget-tinymce textwidget\">\n\t<p align=\"justify\"> Las Actas del 12\u00b0 CAAS se encuentran disponibles en el repositorio institucional de la UNLP, el <strong>SEDICI<\/strong>. De esta forma, ya pod\u00e9s acceder de manera libre a las 603 ponencias completas que se enviaron para su publicaci\u00f3n, as\u00ed como a los discursos inaugurales, conferencias y paneles. <\/p>\n<\/div>\n<\/div><\/div><\/div><div id=\"pgc-1765-1-1\"  class=\"panel-grid-cell\" ><div id=\"panel-1765-1-1-0\" class=\"so-panel widget widget_sow-cta panel-first-child panel-last-child\" data-index=\"2\" ><div\n\t\t\t\n\t\t\tclass=\"so-widget-sow-cta so-widget-sow-cta-default-f5b00a9675d6-1765\"\n\t\t\t\n\t\t><div\n\tclass=\"sow-cta-base\"\n\t>\n\t\n\t<div class=\"sow-cta-wrapper\">\n\n\t\t<div class=\"sow-cta-text\">\n\t\t\t\n\t\t\t\t\t<\/div>\n\n\t\t<div\n\t\t\t\n\t\t\tclass=\"so-widget-sow-button so-widget-sow-button-flat-97378a721772\"\n\t\t\t\n\t\t><div class=\"ow-button-base ow-button-align-center\"\n>\n\t\t\t<a\n\t\t\t\t\thref=\"http:\/\/sedici.unlp.edu.ar\/handle\/10915\/123501\"\n\t\t\t\t\tclass=\"sowb-button ow-icon-placement-left ow-button-hover\" target=\"_blank\" rel=\"noopener noreferrer\" \t>\n\t\t<span>\n\t\t\t<span class=\"sow-icon-icomoon\" data-sow-icon=\"&#xea03;\"\n\t\tstyle=\"color: #00545e\" \n\t\taria-hidden=\"true\"><\/span>\n\t\t\tActas del 12\u00b0 CAAS\t\t<\/span>\n\t\t\t<\/a>\n\t<\/div>\n<\/div>\n\t<\/div>\n\n\t<\/div>\n<\/div><\/div><\/div><\/div><\/div>","protected":false},"excerpt":{"rendered":"<p>Actas del Congreso Las Actas del 12\u00b0 CAAS se encuentran disponibles en el repositorio institucional de la UNLP, el SEDICI. De esta forma, ya pod\u00e9s acceder de manera libre a las 603 ponencias completas que se enviaron para su publicaci\u00f3n, as\u00ed como a los discursos inaugurales, conferencias y paneles.<\/p>\n","protected":false},"author":18,"featured_media":0,"parent":0,"menu_order":0,"comment_status":"closed","ping_status":"closed","template":"templates\/template-full-notitle.php","meta":{"advgb_blocks_editor_width":"","advgb_blocks_columns_visual_guide":"","footnotes":""},"class_list":["post-1765","page","type-page","status-publish","hentry","post"],"aioseo_notices":[],"coauthors":[],"author_meta":{"author_link":"https:\/\/congresos.unlp.edu.ar\/12caas\/author\/jjcueto\/","display_name":"jjcueto"},"relative_dates":{"created":"Publicado 4 a\u00f1os hace","modified":"Actualizado 4 a\u00f1os hace"},"absolute_dates":{"created":"Publicado el 21\/06\/2022","modified":"Actualizado el 21\/06\/2022"},"absolute_dates_time":{"created":"Publicado el 21\/06\/2022 9:17 am","modified":"Actualizado el 21\/06\/2022 10:03 am"},"featured_img_caption":"","featured_img":false,"series_order":"","_links":{"self":[{"href":"https:\/\/congresos.unlp.edu.ar\/12caas\/wp-json\/wp\/v2\/pages\/1765","targetHints":{"allow":["GET"]}}],"collection":[{"href":"https:\/\/congresos.unlp.edu.ar\/12caas\/wp-json\/wp\/v2\/pages"}],"about":[{"href":"https:\/\/congresos.unlp.edu.ar\/12caas\/wp-json\/wp\/v2\/types\/page"}],"author":[{"embeddable":true,"href":"https:\/\/congresos.unlp.edu.ar\/12caas\/wp-json\/wp\/v2\/users\/18"}],"replies":[{"embeddable":true,"href":"https:\/\/congresos.unlp.edu.ar\/12caas\/wp-json\/wp\/v2\/comments?post=1765"}],"version-history":[{"count":0,"href":"https:\/\/congresos.unlp.edu.ar\/12caas\/wp-json\/wp\/v2\/pages\/1765\/revisions"}],"wp:attachment":[{"href":"https:\/\/congresos.unlp.edu.ar\/12caas\/wp-json\/wp\/v2\/media?parent=1765"}],"curies":[{"name":"wp","href":"https:\/\/api.w.org\/{rel}","templated":true}]}}