{"id":1490,"date":"2021-08-25T14:26:32","date_gmt":"2021-08-25T17:26:32","guid":{"rendered":"https:\/\/congresos.unlp.edu.ar\/12caas\/?page_id=1490"},"modified":"2021-08-25T16:45:00","modified_gmt":"2021-08-25T19:45:00","slug":"presentacion-de-revistas-y-dossiers","status":"publish","type":"page","link":"https:\/\/congresos.unlp.edu.ar\/12caas\/congreso\/presentacion-de-revistas-y-dossiers\/","title":{"rendered":"Presentaci\u00f3n de revistas y dossiers"},"content":{"rendered":"<div id=\"pl-1490\"  class=\"panel-layout\" ><div id=\"pg-1490-0\"  class=\"panel-grid panel-no-style\" ><div id=\"pgc-1490-0-0\"  class=\"panel-grid-cell\" ><div id=\"panel-1490-0-0-0\" class=\"so-panel widget widget_headline-widget panel-first-child panel-last-child\" data-index=\"0\" ><div class=\"panel-widget-style panel-widget-style-for-1490-0-0-0\" >\t\t<h1>Mi\u00e9rcoles 8 de septiembre<\/h1>\n\t\t<div class=\"decoration\"><div class=\"decoration-inside\"><\/div><\/div>\n\t\t<h3><\/h3>\n\t\t<\/div><\/div><\/div><\/div><div id=\"pg-1490-1\"  class=\"panel-grid panel-no-style\" ><div id=\"pgc-1490-1-0\"  class=\"panel-grid-cell\" ><div id=\"panel-1490-1-0-0\" class=\"so-panel widget widget_sow-editor panel-first-child panel-last-child\" data-index=\"1\" ><div\n\t\t\t\n\t\t\tclass=\"so-widget-sow-editor so-widget-sow-editor-base\"\n\t\t\t\n\t\t>\n<div class=\"siteorigin-widget-tinymce textwidget\">\n\t<p>&nbsp;<\/p>\n<h3><strong>Dossier: <\/strong><strong>Entre conocimientos, personas y materiales: etnograf\u00edas sobre mundos t\u00e9cnicos desde una perspectiva de cultura material<\/strong><\/h3>\n<p style=\"text-align: center\"><a href=\"http:\/\/congresos.unlp.edu.ar\/12caas\/wp-content\/uploads\/sites\/10\/2021\/08\/GT-17-scaled.jpg\"><img loading=\"lazy\" decoding=\"async\" class=\"alignnone size-medium wp-image-1491\" src=\"http:\/\/congresos.unlp.edu.ar\/12caas\/wp-content\/uploads\/sites\/10\/2021\/08\/GT-17-202x300.jpg\" alt=\"\" width=\"202\" height=\"300\" srcset=\"https:\/\/congresos.unlp.edu.ar\/12caas\/wp-content\/uploads\/sites\/10\/2021\/08\/GT-17-202x300.jpg 202w, https:\/\/congresos.unlp.edu.ar\/12caas\/wp-content\/uploads\/sites\/10\/2021\/08\/GT-17-690x1024.jpg 690w, https:\/\/congresos.unlp.edu.ar\/12caas\/wp-content\/uploads\/sites\/10\/2021\/08\/GT-17-768x1140.jpg 768w, https:\/\/congresos.unlp.edu.ar\/12caas\/wp-content\/uploads\/sites\/10\/2021\/08\/GT-17-1035x1536.jpg 1035w, https:\/\/congresos.unlp.edu.ar\/12caas\/wp-content\/uploads\/sites\/10\/2021\/08\/GT-17-1380x2048.jpg 1380w, https:\/\/congresos.unlp.edu.ar\/12caas\/wp-content\/uploads\/sites\/10\/2021\/08\/GT-17-scaled.jpg 1725w\" sizes=\"auto, (max-width: 202px) 100vw, 202px\" \/><\/a><\/p>\n<p>&nbsp;<\/p>\n<h5><strong>Sebast\u00edan <\/strong><strong>Carenzo <\/strong><strong>y Florencia Trentini (Eds.)<\/strong><\/h5>\n<h5><strong>A\u00f1o:\u00a0<\/strong> 2018<\/h5>\n<h5><strong>Revista: <\/strong><span data-sheets-value=\"{&quot;1&quot;:2,&quot;2&quot;:&quot;Revista REDES&quot;}\" data-sheets-userformat=\"{&quot;2&quot;:47997,&quot;3&quot;:{&quot;1&quot;:0},&quot;5&quot;:{&quot;1&quot;:[{&quot;1&quot;:2,&quot;2&quot;:0,&quot;5&quot;:{&quot;1&quot;:2,&quot;2&quot;:12566463}},{&quot;1&quot;:0,&quot;2&quot;:0,&quot;3&quot;:3},{&quot;1&quot;:1,&quot;2&quot;:0,&quot;4&quot;:1}]},&quot;6&quot;:{&quot;1&quot;:[{&quot;1&quot;:2,&quot;2&quot;:0,&quot;5&quot;:{&quot;1&quot;:2,&quot;2&quot;:12566463}},{&quot;1&quot;:0,&quot;2&quot;:0,&quot;3&quot;:3},{&quot;1&quot;:1,&quot;2&quot;:0,&quot;4&quot;:1}]},&quot;7&quot;:{&quot;1&quot;:[{&quot;1&quot;:2,&quot;2&quot;:0,&quot;5&quot;:{&quot;1&quot;:2,&quot;2&quot;:12566463}},{&quot;1&quot;:0,&quot;2&quot;:0,&quot;3&quot;:3},{&quot;1&quot;:1,&quot;2&quot;:0,&quot;4&quot;:1}]},&quot;8&quot;:{&quot;1&quot;:[{&quot;1&quot;:2,&quot;2&quot;:0,&quot;5&quot;:{&quot;1&quot;:2,&quot;2&quot;:12566463}},{&quot;1&quot;:0,&quot;2&quot;:0,&quot;3&quot;:3},{&quot;1&quot;:1,&quot;2&quot;:0,&quot;4&quot;:1}]},&quot;9&quot;:0,&quot;11&quot;:4,&quot;12&quot;:0,&quot;14&quot;:{&quot;1&quot;:2,&quot;2&quot;:0},&quot;15&quot;:&quot;Calibri, sans-serif&quot;,&quot;16&quot;:12,&quot;18&quot;:1}\">Revista REDES, <\/span><span data-sheets-value=\"{&quot;1&quot;:2,&quot;2&quot;:&quot;Nro. 47, Vol. 24&quot;}\" data-sheets-userformat=\"{&quot;2&quot;:15229,&quot;3&quot;:{&quot;1&quot;:0},&quot;5&quot;:{&quot;1&quot;:[{&quot;1&quot;:2,&quot;2&quot;:0,&quot;5&quot;:{&quot;1&quot;:2,&quot;2&quot;:12566463}},{&quot;1&quot;:0,&quot;2&quot;:0,&quot;3&quot;:3},{&quot;1&quot;:1,&quot;2&quot;:0,&quot;4&quot;:1}]},&quot;6&quot;:{&quot;1&quot;:[{&quot;1&quot;:2,&quot;2&quot;:0,&quot;5&quot;:{&quot;1&quot;:2,&quot;2&quot;:12566463}},{&quot;1&quot;:0,&quot;2&quot;:0,&quot;3&quot;:3},{&quot;1&quot;:1,&quot;2&quot;:0,&quot;4&quot;:1}]},&quot;7&quot;:{&quot;1&quot;:[{&quot;1&quot;:2,&quot;2&quot;:0,&quot;5&quot;:{&quot;1&quot;:2,&quot;2&quot;:12566463}},{&quot;1&quot;:0,&quot;2&quot;:0,&quot;3&quot;:3},{&quot;1&quot;:1,&quot;2&quot;:0,&quot;4&quot;:1}]},&quot;8&quot;:{&quot;1&quot;:[{&quot;1&quot;:2,&quot;2&quot;:0,&quot;5&quot;:{&quot;1&quot;:2,&quot;2&quot;:12566463}},{&quot;1&quot;:0,&quot;2&quot;:0,&quot;3&quot;:3},{&quot;1&quot;:1,&quot;2&quot;:0,&quot;4&quot;:1}]},&quot;9&quot;:0,&quot;11&quot;:4,&quot;12&quot;:0,&quot;14&quot;:{&quot;1&quot;:2,&quot;2&quot;:0},&quot;15&quot;:&quot;Calibri, sans-serif&quot;,&quot;16&quot;:12}\">Nro. 47, Vol. 24<\/span><\/h5>\n<h5><strong><a href=\"https:\/\/revistaredes.unq.edu.ar\/index.php\/redes\/issue\/view\/6\/25\">Enlace aqu\u00ed<\/a>.<\/strong><\/h5>\n<h5><span style=\"color: #00545e\"><em>Se presenta en el GT 17 el mi\u00e9rcoles 8 de septiembre, sesi\u00f3n de 14 a 17hs.<\/em><\/span><\/h5>\n<hr \/>\n<h3><strong>Dossier: <\/strong><strong>Comunicaci\u00f3n de la ciencia y la tecnolog\u00eda: c\u00f3mo crear caminos duraderos, inclusivos y cooperativos en la tecnociencia<\/strong><\/h3>\n<p style=\"text-align: center\"><a href=\"http:\/\/congresos.unlp.edu.ar\/12caas\/wp-content\/uploads\/sites\/10\/2021\/08\/GT51.jpg\"><img loading=\"lazy\" decoding=\"async\" class=\"alignnone size-medium wp-image-1494\" src=\"http:\/\/congresos.unlp.edu.ar\/12caas\/wp-content\/uploads\/sites\/10\/2021\/08\/GT51-212x300.jpg\" alt=\"\" width=\"212\" height=\"300\" srcset=\"https:\/\/congresos.unlp.edu.ar\/12caas\/wp-content\/uploads\/sites\/10\/2021\/08\/GT51-212x300.jpg 212w, https:\/\/congresos.unlp.edu.ar\/12caas\/wp-content\/uploads\/sites\/10\/2021\/08\/GT51-724x1024.jpg 724w, https:\/\/congresos.unlp.edu.ar\/12caas\/wp-content\/uploads\/sites\/10\/2021\/08\/GT51-768x1086.jpg 768w, https:\/\/congresos.unlp.edu.ar\/12caas\/wp-content\/uploads\/sites\/10\/2021\/08\/GT51.jpg 827w\" sizes=\"auto, (max-width: 212px) 100vw, 212px\" \/><\/a><\/p>\n<p>&nbsp;<\/p>\n<h5><strong>Alejandra Dellacasa (Coord.)<\/strong><\/h5>\n<h5><strong>A\u00f1o:\u00a0<\/strong>2021<\/h5>\n<h5><strong>Revista: <\/strong>Revista Ucron\u00edas, <span data-sheets-value=\"{&quot;1&quot;:2,&quot;2&quot;:&quot;Nro. 3&quot;}\" data-sheets-userformat=\"{&quot;2&quot;:15229,&quot;3&quot;:{&quot;1&quot;:0},&quot;5&quot;:{&quot;1&quot;:[{&quot;1&quot;:2,&quot;2&quot;:0,&quot;5&quot;:{&quot;1&quot;:2,&quot;2&quot;:0}},{&quot;1&quot;:0,&quot;2&quot;:0,&quot;3&quot;:3},{&quot;1&quot;:1,&quot;2&quot;:0,&quot;4&quot;:1}]},&quot;6&quot;:{&quot;1&quot;:[{&quot;1&quot;:2,&quot;2&quot;:0,&quot;5&quot;:{&quot;1&quot;:2,&quot;2&quot;:0}},{&quot;1&quot;:0,&quot;2&quot;:0,&quot;3&quot;:3},{&quot;1&quot;:1,&quot;2&quot;:0,&quot;4&quot;:1}]},&quot;7&quot;:{&quot;1&quot;:[{&quot;1&quot;:2,&quot;2&quot;:0,&quot;5&quot;:{&quot;1&quot;:2,&quot;2&quot;:0}},{&quot;1&quot;:0,&quot;2&quot;:0,&quot;3&quot;:3},{&quot;1&quot;:1,&quot;2&quot;:0,&quot;4&quot;:1}]},&quot;8&quot;:{&quot;1&quot;:[{&quot;1&quot;:2,&quot;2&quot;:0,&quot;5&quot;:{&quot;1&quot;:2,&quot;2&quot;:0}},{&quot;1&quot;:0,&quot;2&quot;:0,&quot;3&quot;:3},{&quot;1&quot;:1,&quot;2&quot;:0,&quot;4&quot;:1}]},&quot;9&quot;:1,&quot;11&quot;:4,&quot;12&quot;:0,&quot;14&quot;:{&quot;1&quot;:2,&quot;2&quot;:0},&quot;15&quot;:&quot;Calibri, sans-serif&quot;,&quot;16&quot;:12}\">Nro. 3<\/span><\/h5>\n<h5><strong><a href=\"https:\/\/ucronias.unpaz.edu.ar\/index.php\/ucronias\">Enlace aqu\u00ed<\/a>.<\/strong><\/h5>\n<h5><span style=\"color: #00545e\"><em>Se presenta en el GT 51 el mi\u00e9rcoles 8 de septiembre, sesi\u00f3n 9 a 12hs.<\/em><\/span><\/h5>\n<\/div>\n<\/div><\/div><\/div><\/div><div id=\"pg-1490-2\"  class=\"panel-grid panel-no-style\" ><div id=\"pgc-1490-2-0\"  class=\"panel-grid-cell\" ><div id=\"panel-1490-2-0-0\" class=\"so-panel widget widget_headline-widget panel-first-child panel-last-child\" data-index=\"2\" ><div class=\"panel-widget-style panel-widget-style-for-1490-2-0-0\" >\t\t<h1>Jueves 9 de septiembre<\/h1>\n\t\t<div class=\"decoration\"><div class=\"decoration-inside\"><\/div><\/div>\n\t\t<h3><\/h3>\n\t\t<\/div><\/div><\/div><\/div><div id=\"pg-1490-3\"  class=\"panel-grid panel-no-style\" ><div id=\"pgc-1490-3-0\"  class=\"panel-grid-cell\" ><div id=\"panel-1490-3-0-0\" class=\"so-panel widget widget_sow-editor panel-first-child panel-last-child\" data-index=\"3\" ><div\n\t\t\t\n\t\t\tclass=\"so-widget-sow-editor so-widget-sow-editor-base\"\n\t\t\t\n\t\t>\n<div class=\"siteorigin-widget-tinymce textwidget\">\n\t<p>&nbsp;<\/p>\n<h3><strong>Dossier: <\/strong><strong><span data-sheets-value=\"{&quot;1&quot;:2,&quot;2&quot;:&quot;Dossier Pueblos Originarios y Covid-19: Experiencias ind\u00edgenas frente a la pandemia en Am\u00e9rica Latina.&quot;}\" data-sheets-userformat=\"{&quot;2&quot;:15229,&quot;3&quot;:{&quot;1&quot;:0},&quot;5&quot;:{&quot;1&quot;:[{&quot;1&quot;:2,&quot;2&quot;:0,&quot;5&quot;:{&quot;1&quot;:2,&quot;2&quot;:0}},{&quot;1&quot;:0,&quot;2&quot;:0,&quot;3&quot;:3},{&quot;1&quot;:1,&quot;2&quot;:0,&quot;4&quot;:1}]},&quot;6&quot;:{&quot;1&quot;:[{&quot;1&quot;:2,&quot;2&quot;:0,&quot;5&quot;:{&quot;1&quot;:2,&quot;2&quot;:0}},{&quot;1&quot;:0,&quot;2&quot;:0,&quot;3&quot;:3},{&quot;1&quot;:1,&quot;2&quot;:0,&quot;4&quot;:1}]},&quot;7&quot;:{&quot;1&quot;:[{&quot;1&quot;:2,&quot;2&quot;:0,&quot;5&quot;:{&quot;1&quot;:2,&quot;2&quot;:0}},{&quot;1&quot;:0,&quot;2&quot;:0,&quot;3&quot;:3},{&quot;1&quot;:1,&quot;2&quot;:0,&quot;4&quot;:1}]},&quot;8&quot;:{&quot;1&quot;:[{&quot;1&quot;:2,&quot;2&quot;:0,&quot;5&quot;:{&quot;1&quot;:2,&quot;2&quot;:0}},{&quot;1&quot;:0,&quot;2&quot;:0,&quot;3&quot;:3},{&quot;1&quot;:1,&quot;2&quot;:0,&quot;4&quot;:1}]},&quot;9&quot;:0,&quot;11&quot;:4,&quot;12&quot;:0,&quot;14&quot;:{&quot;1&quot;:2,&quot;2&quot;:0},&quot;15&quot;:&quot;Calibri, sans-serif&quot;,&quot;16&quot;:12}\">Pueblos Originarios y Covid-19: Experiencias ind\u00edgenas frente a la pandemia en Am\u00e9rica Latina<\/span><\/strong><\/h3>\n<p style=\"text-align: center\"><a href=\"http:\/\/congresos.unlp.edu.ar\/12caas\/wp-content\/uploads\/sites\/10\/2021\/08\/GT-7.png\"><img loading=\"lazy\" decoding=\"async\" class=\"alignnone size-medium wp-image-1497\" src=\"http:\/\/congresos.unlp.edu.ar\/12caas\/wp-content\/uploads\/sites\/10\/2021\/08\/GT-7-212x300.png\" alt=\"\" width=\"212\" height=\"300\" srcset=\"https:\/\/congresos.unlp.edu.ar\/12caas\/wp-content\/uploads\/sites\/10\/2021\/08\/GT-7-212x300.png 212w, https:\/\/congresos.unlp.edu.ar\/12caas\/wp-content\/uploads\/sites\/10\/2021\/08\/GT-7-725x1024.png 725w, https:\/\/congresos.unlp.edu.ar\/12caas\/wp-content\/uploads\/sites\/10\/2021\/08\/GT-7-768x1085.png 768w, https:\/\/congresos.unlp.edu.ar\/12caas\/wp-content\/uploads\/sites\/10\/2021\/08\/GT-7.png 794w\" sizes=\"auto, (max-width: 212px) 100vw, 212px\" \/><\/a><\/p>\n<p>&nbsp;<\/p>\n<h5><strong>Juan Manuel <\/strong><strong>Engelman<\/strong><strong>, Mariana Schmidt y Ana Carolina Hetch (Coords.)<\/strong><\/h5>\n<h5><strong>A\u00f1o:\u00a0<\/strong>2021<\/h5>\n<h5><strong>Revista: <\/strong>Albuquerque Revista de Historia, Nro. 25, Vol. 13<\/h5>\n<h5><strong><a href=\"https:\/\/periodicos.ufms.br\/index.php\/AlbRHis\/issue\/view\/649\/v.%2013,%20v.%2025%20(2021)\">Enlace aqu\u00ed<\/a>.<\/strong><\/h5>\n<h5><span style=\"color: #00545e\"><em>Se presenta en el GT 7 el jueves 9 de septiembre, sesi\u00f3n de 9 a 12hs.<\/em><\/span><\/h5>\n<hr \/>\n<h3><strong>Dossier: <\/strong><strong>La administraci\u00f3n de la infancia y la adolescencia hoy. Etnografiando acciones estatales orientadas a la protecci\u00f3n y vigilancia de ni\u00f1as, ni\u00f1os y adolescentes<\/strong><\/h3>\n<p style=\"text-align: center\"><a href=\"http:\/\/congresos.unlp.edu.ar\/12caas\/wp-content\/uploads\/sites\/10\/2021\/08\/GT-18.png\"><img loading=\"lazy\" decoding=\"async\" class=\"alignnone size-medium wp-image-1500\" src=\"http:\/\/congresos.unlp.edu.ar\/12caas\/wp-content\/uploads\/sites\/10\/2021\/08\/GT-18-213x300.png\" alt=\"\" width=\"213\" height=\"300\" srcset=\"https:\/\/congresos.unlp.edu.ar\/12caas\/wp-content\/uploads\/sites\/10\/2021\/08\/GT-18-213x300.png 213w, https:\/\/congresos.unlp.edu.ar\/12caas\/wp-content\/uploads\/sites\/10\/2021\/08\/GT-18.png 643w\" sizes=\"auto, (max-width: 213px) 100vw, 213px\" \/><\/a><\/p>\n<p>&nbsp;<\/p>\n<h5><strong>Florencia Graziano y Julieta Grinberg (Coords.)<\/strong><\/h5>\n<h5><strong>A\u00f1o:\u00a0<\/strong>2021<\/h5>\n<h5><strong>Revista: <\/strong>Cuadernos de Antropolog\u00eda Social, Nro. 53<\/h5>\n<h5><strong><a href=\"http:\/\/revistascientificas.filo.uba.ar\/index.php\/CAS\/issue\/view\/693\">Enlace aqu\u00ed<\/a>.<\/strong><\/h5>\n<h5><span style=\"color: #00545e\"><em>Se presenta en el GT 18 el jueves 9 de septiembre, sesi\u00f3n de 14 a 17hs.<\/em><\/span><\/h5>\n<hr \/>\n<h3><strong>Dossier: Management, cuerpo y subjetividad<\/strong><\/h3>\n<p style=\"text-align: center\"><a href=\"http:\/\/congresos.unlp.edu.ar\/12caas\/wp-content\/uploads\/sites\/10\/2021\/08\/GT-42.jpg\"><img loading=\"lazy\" decoding=\"async\" class=\"alignnone size-medium wp-image-1503\" src=\"http:\/\/congresos.unlp.edu.ar\/12caas\/wp-content\/uploads\/sites\/10\/2021\/08\/GT-42-300x206.jpg\" alt=\"\" width=\"300\" height=\"206\" srcset=\"https:\/\/congresos.unlp.edu.ar\/12caas\/wp-content\/uploads\/sites\/10\/2021\/08\/GT-42-300x206.jpg 300w, https:\/\/congresos.unlp.edu.ar\/12caas\/wp-content\/uploads\/sites\/10\/2021\/08\/GT-42-1024x702.jpg 1024w, https:\/\/congresos.unlp.edu.ar\/12caas\/wp-content\/uploads\/sites\/10\/2021\/08\/GT-42-768x527.jpg 768w, https:\/\/congresos.unlp.edu.ar\/12caas\/wp-content\/uploads\/sites\/10\/2021\/08\/GT-42-1536x1054.jpg 1536w, https:\/\/congresos.unlp.edu.ar\/12caas\/wp-content\/uploads\/sites\/10\/2021\/08\/GT-42-2048x1405.jpg 2048w\" sizes=\"auto, (max-width: 300px) 100vw, 300px\" \/><\/a><\/p>\n<p>&nbsp;<\/p>\n<h5><strong>Mar\u00eda In\u00e9s Landa, Nemasia Hij\u00f3s, David Rodr\u00edguez Mu\u00f1oz y Ana Luc\u00eda Castro (Coords.)<\/strong><\/h5>\n<h5><strong>A\u00f1o: <\/strong>2020<\/h5>\n<h5><strong>Revista: <\/strong>Arxius de Cienc\u00e8s Socials, Nro. 42<\/h5>\n<h5><strong><a href=\"https:\/\/roderic.uv.es\/handle\/10550\/76688\">Enlace aqu\u00ed<\/a>.<\/strong><\/h5>\n<h5><em>S<span style=\"color: #00545e\">e presenta en el GT 42 el jueves 9 de septiembre, sesi\u00f3n de 9 a 12hs.<\/span><\/em><\/h5>\n<hr \/>\n<h3><strong>Revista: Etc\u00e9tera. Revista del \u00c1rea de Ciencias Sociales del CIFFyH<\/strong><\/h3>\n<p style=\"text-align: center\"><a href=\"http:\/\/congresos.unlp.edu.ar\/12caas\/wp-content\/uploads\/sites\/10\/2021\/08\/GT-72.jpg\"><img loading=\"lazy\" decoding=\"async\" class=\"alignnone size-medium wp-image-1506\" src=\"http:\/\/congresos.unlp.edu.ar\/12caas\/wp-content\/uploads\/sites\/10\/2021\/08\/GT-72-212x300.jpg\" alt=\"\" width=\"212\" height=\"300\" srcset=\"https:\/\/congresos.unlp.edu.ar\/12caas\/wp-content\/uploads\/sites\/10\/2021\/08\/GT-72-212x300.jpg 212w, https:\/\/congresos.unlp.edu.ar\/12caas\/wp-content\/uploads\/sites\/10\/2021\/08\/GT-72-725x1024.jpg 725w, https:\/\/congresos.unlp.edu.ar\/12caas\/wp-content\/uploads\/sites\/10\/2021\/08\/GT-72-768x1085.jpg 768w, https:\/\/congresos.unlp.edu.ar\/12caas\/wp-content\/uploads\/sites\/10\/2021\/08\/GT-72-1087x1536.jpg 1087w, https:\/\/congresos.unlp.edu.ar\/12caas\/wp-content\/uploads\/sites\/10\/2021\/08\/GT-72.jpg 1125w\" sizes=\"auto, (max-width: 212px) 100vw, 212px\" \/><\/a><\/p>\n<p>&nbsp;<\/p>\n<h5><strong>Sof\u00eda Ambrogi, Camila Pilatti, Santiago Romero, Mar\u00eda Cecilia D\u00edaz y Mar\u00eda Luc\u00eda Tamagnini<\/strong><\/h5>\n<h5><strong>A\u00f1o:\u00a0<\/strong>2021<\/h5>\n<h5><strong>Pertenencia institucional:\u00a0<\/strong><span data-sheets-value=\"{&quot;1&quot;:2,&quot;2&quot;:&quot;FfyH, UNC&quot;}\" data-sheets-userformat=\"{&quot;2&quot;:15229,&quot;3&quot;:{&quot;1&quot;:0},&quot;5&quot;:{&quot;1&quot;:[{&quot;1&quot;:2,&quot;2&quot;:0,&quot;5&quot;:{&quot;1&quot;:2,&quot;2&quot;:0}},{&quot;1&quot;:0,&quot;2&quot;:0,&quot;3&quot;:3},{&quot;1&quot;:1,&quot;2&quot;:0,&quot;4&quot;:1}]},&quot;6&quot;:{&quot;1&quot;:[{&quot;1&quot;:2,&quot;2&quot;:0,&quot;5&quot;:{&quot;1&quot;:2,&quot;2&quot;:0}},{&quot;1&quot;:0,&quot;2&quot;:0,&quot;3&quot;:3},{&quot;1&quot;:1,&quot;2&quot;:0,&quot;4&quot;:1}]},&quot;7&quot;:{&quot;1&quot;:[{&quot;1&quot;:2,&quot;2&quot;:0,&quot;5&quot;:{&quot;1&quot;:2,&quot;2&quot;:0}},{&quot;1&quot;:0,&quot;2&quot;:0,&quot;3&quot;:3},{&quot;1&quot;:1,&quot;2&quot;:0,&quot;4&quot;:1}]},&quot;8&quot;:{&quot;1&quot;:[{&quot;1&quot;:2,&quot;2&quot;:0,&quot;5&quot;:{&quot;1&quot;:2,&quot;2&quot;:0}},{&quot;1&quot;:0,&quot;2&quot;:0,&quot;3&quot;:3},{&quot;1&quot;:1,&quot;2&quot;:0,&quot;4&quot;:1}]},&quot;9&quot;:0,&quot;11&quot;:4,&quot;12&quot;:0,&quot;14&quot;:{&quot;1&quot;:2,&quot;2&quot;:0},&quot;15&quot;:&quot;Calibri, sans-serif&quot;,&quot;16&quot;:12}\">FfyH, UNC<\/span><\/h5>\n<h5><strong>Lugar:\u00a0<\/strong><span data-sheets-value=\"{&quot;1&quot;:2,&quot;2&quot;:&quot;C\u00f3rdoba, Argentina&quot;}\" data-sheets-userformat=\"{&quot;2&quot;:15229,&quot;3&quot;:{&quot;1&quot;:0},&quot;5&quot;:{&quot;1&quot;:[{&quot;1&quot;:2,&quot;2&quot;:0,&quot;5&quot;:{&quot;1&quot;:2,&quot;2&quot;:0}},{&quot;1&quot;:0,&quot;2&quot;:0,&quot;3&quot;:3},{&quot;1&quot;:1,&quot;2&quot;:0,&quot;4&quot;:1}]},&quot;6&quot;:{&quot;1&quot;:[{&quot;1&quot;:2,&quot;2&quot;:0,&quot;5&quot;:{&quot;1&quot;:2,&quot;2&quot;:0}},{&quot;1&quot;:0,&quot;2&quot;:0,&quot;3&quot;:3},{&quot;1&quot;:1,&quot;2&quot;:0,&quot;4&quot;:1}]},&quot;7&quot;:{&quot;1&quot;:[{&quot;1&quot;:2,&quot;2&quot;:0,&quot;5&quot;:{&quot;1&quot;:2,&quot;2&quot;:0}},{&quot;1&quot;:0,&quot;2&quot;:0,&quot;3&quot;:3},{&quot;1&quot;:1,&quot;2&quot;:0,&quot;4&quot;:1}]},&quot;8&quot;:{&quot;1&quot;:[{&quot;1&quot;:2,&quot;2&quot;:0,&quot;5&quot;:{&quot;1&quot;:2,&quot;2&quot;:0}},{&quot;1&quot;:0,&quot;2&quot;:0,&quot;3&quot;:3},{&quot;1&quot;:1,&quot;2&quot;:0,&quot;4&quot;:1}]},&quot;9&quot;:0,&quot;11&quot;:4,&quot;12&quot;:0,&quot;14&quot;:{&quot;1&quot;:2,&quot;2&quot;:0},&quot;15&quot;:&quot;Calibri, sans-serif&quot;,&quot;16&quot;:12}\">C\u00f3rdoba, Argentina<\/span><\/h5>\n<h5><strong><a href=\"https:\/\/revistas.unc.edu.ar\/index.php\/etcetera\/issue\/view\/2333\">Enlace aqu\u00ed<\/a>.<\/strong><\/h5>\n<h5><span style=\"color: #00545e\"><em>Se presenta en el GT 72 el jueves 9 de septiembre, sesi\u00f3n de 9 a 12hs.<\/em><\/span><\/h5>\n<p>&nbsp;<\/p>\n<\/div>\n<\/div><\/div><\/div><\/div><\/div>","protected":false},"excerpt":{"rendered":"<p>&nbsp; Dossier: Entre conocimientos, personas y materiales: etnograf\u00edas sobre mundos t\u00e9cnicos desde una perspectiva de cultura material &nbsp; Sebast\u00edan Carenzo y Florencia Trentini (Eds.) A\u00f1o:\u00a0 2018 Revista: Revista REDES, Nro. 47, Vol. 24 Enlace aqu\u00ed. Se presenta en el GT 17 el mi\u00e9rcoles 8 de septiembre, sesi\u00f3n de 14 a 17hs. Dossier: Comunicaci\u00f3n de la [&hellip;]<\/p>\n","protected":false},"author":18,"featured_media":0,"parent":398,"menu_order":0,"comment_status":"closed","ping_status":"closed","template":"templates\/template-full-notitle.php","meta":{"advgb_blocks_editor_width":"","advgb_blocks_columns_visual_guide":"","footnotes":""},"class_list":["post-1490","page","type-page","status-publish","hentry","post"],"aioseo_notices":[],"coauthors":[],"author_meta":{"author_link":"https:\/\/congresos.unlp.edu.ar\/12caas\/author\/jjcueto\/","display_name":"jjcueto"},"relative_dates":{"created":"Publicado 5 a\u00f1os hace","modified":"Actualizado 5 a\u00f1os hace"},"absolute_dates":{"created":"Publicado el 25\/08\/2021","modified":"Actualizado el 25\/08\/2021"},"absolute_dates_time":{"created":"Publicado el 25\/08\/2021 2:26 pm","modified":"Actualizado el 25\/08\/2021 4:45 pm"},"featured_img_caption":"","featured_img":false,"series_order":"","_links":{"self":[{"href":"https:\/\/congresos.unlp.edu.ar\/12caas\/wp-json\/wp\/v2\/pages\/1490","targetHints":{"allow":["GET"]}}],"collection":[{"href":"https:\/\/congresos.unlp.edu.ar\/12caas\/wp-json\/wp\/v2\/pages"}],"about":[{"href":"https:\/\/congresos.unlp.edu.ar\/12caas\/wp-json\/wp\/v2\/types\/page"}],"author":[{"embeddable":true,"href":"https:\/\/congresos.unlp.edu.ar\/12caas\/wp-json\/wp\/v2\/users\/18"}],"replies":[{"embeddable":true,"href":"https:\/\/congresos.unlp.edu.ar\/12caas\/wp-json\/wp\/v2\/comments?post=1490"}],"version-history":[{"count":0,"href":"https:\/\/congresos.unlp.edu.ar\/12caas\/wp-json\/wp\/v2\/pages\/1490\/revisions"}],"up":[{"embeddable":true,"href":"https:\/\/congresos.unlp.edu.ar\/12caas\/wp-json\/wp\/v2\/pages\/398"}],"wp:attachment":[{"href":"https:\/\/congresos.unlp.edu.ar\/12caas\/wp-json\/wp\/v2\/media?parent=1490"}],"curies":[{"name":"wp","href":"https:\/\/api.w.org\/{rel}","templated":true}]}}