{"id":1334,"date":"2021-08-24T17:00:25","date_gmt":"2021-08-24T20:00:25","guid":{"rendered":"https:\/\/congresos.unlp.edu.ar\/12caas\/?page_id=1334"},"modified":"2022-06-21T09:30:39","modified_gmt":"2022-06-21T12:30:39","slug":"cronograma-de-funcionamiento-de-grupos-de-trabajo","status":"publish","type":"page","link":"https:\/\/congresos.unlp.edu.ar\/12caas\/cronograma-de-funcionamiento-de-grupos-de-trabajo\/","title":{"rendered":"Cronograma de funcionamiento de Grupos de Trabajo"},"content":{"rendered":"<div id=\"pl-1334\"  class=\"panel-layout\" ><div id=\"pg-1334-0\"  class=\"panel-grid panel-no-style\" ><div id=\"pgc-1334-0-0\"  class=\"panel-grid-cell\" ><div id=\"panel-1334-0-0-0\" class=\"so-panel widget widget_sow-editor panel-first-child panel-last-child\" data-index=\"0\" ><div\n\t\t\t\n\t\t\tclass=\"so-widget-sow-editor so-widget-sow-editor-base\"\n\t\t\t\n\t\t>\n<div class=\"siteorigin-widget-tinymce textwidget\">\n\t<h3><strong>Cronograma de Grupos de Trabajo por d\u00eda<\/strong><\/h3>\n<\/div>\n<\/div><\/div><\/div><div id=\"pgc-1334-0-1\"  class=\"panel-grid-cell\" ><div id=\"panel-1334-0-1-0\" class=\"so-panel widget widget_sow-editor panel-first-child panel-last-child\" data-index=\"1\" ><div\n\t\t\t\n\t\t\tclass=\"so-widget-sow-editor so-widget-sow-editor-base\"\n\t\t\t\n\t\t>\n<div class=\"siteorigin-widget-tinymce textwidget\">\n\t<ul>\n<li><a href=\"https:\/\/congresos.unlp.edu.ar\/12caas\/lunes-6-de-septiembre\/\">LUNES 6 DE SEPTIEMBRE<\/a><\/li>\n<li><a href=\"https:\/\/congresos.unlp.edu.ar\/12caas\/martes-7-de-septiembre\/\">MARTES 7 DE SEPTIEMBRE<\/a><\/li>\n<li><a href=\"https:\/\/congresos.unlp.edu.ar\/12caas\/miercoles-8-de-septiemrbre\/\">MI\u00c9RCOLES 8 DE SEPTIEMBRE<\/a><\/li>\n<li><a href=\"https:\/\/congresos.unlp.edu.ar\/12caas\/jueves-9-de-septiembre\/\">JUEVES 9 DE SEPTIEMBRE<\/a><\/li>\n<li><a href=\"https:\/\/congresos.unlp.edu.ar\/12caas\/viernes-10-de-septiembre\/\">VIERNES 10 DE SEPTIEMBRE<\/a><\/li>\n<\/ul>\n<\/div>\n<\/div><\/div><\/div><\/div><div id=\"pg-1334-1\"  class=\"panel-grid panel-no-style\" ><div id=\"pgc-1334-1-0\"  class=\"panel-grid-cell\" ><div id=\"panel-1334-1-0-0\" class=\"so-panel widget widget_sow-editor panel-first-child panel-last-child\" data-index=\"2\" ><div\n\t\t\t\n\t\t\tclass=\"so-widget-sow-editor so-widget-sow-editor-base\"\n\t\t\t\n\t\t>\n<div class=\"siteorigin-widget-tinymce textwidget\">\n\t<h3><strong>D\u00eda, horario y espacio de funcionamiento de cada Grupo de Trabajo<\/strong><\/h3>\n<\/div>\n<\/div><\/div><\/div><div id=\"pgc-1334-1-1\"  class=\"panel-grid-cell\" ><div id=\"panel-1334-1-1-0\" class=\"so-panel widget widget_sow-cta panel-first-child panel-last-child\" data-index=\"3\" ><div\n\t\t\t\n\t\t\tclass=\"so-widget-sow-cta so-widget-sow-cta-default-5459c66b4461-1334\"\n\t\t\t\n\t\t><div\n\tclass=\"sow-cta-base\"\n\t>\n\t\n\t<div class=\"sow-cta-wrapper\">\n\n\t\t<div class=\"sow-cta-text\">\n\t\t\t\n\t\t\t\t\t<\/div>\n\n\t\t<div\n\t\t\t\n\t\t\tclass=\"so-widget-sow-button so-widget-sow-button-wire-8c01176409b7\"\n\t\t\t\n\t\t><div class=\"ow-button-base ow-button-align-center\"\n>\n\t\t\t<a\n\t\t\t\t\thref=\"https:\/\/congresos.unlp.edu.ar\/12caas\/espacio-de-funcionamiento-de-gts\/\"\n\t\t\t\t\tclass=\"sowb-button ow-icon-placement-left ow-button-hover\" target=\"_blank\" rel=\"noopener noreferrer\" \t>\n\t\t<span>\n\t\t\t<span class=\"sow-icon-fontawesome sow-far\" data-sow-icon=\"&#xf0a6;\"\n\t\tstyle=\"color: #00545e\" \n\t\taria-hidden=\"true\"><\/span>\n\t\t\tAcceder a la informaci\u00f3n detallada\t\t<\/span>\n\t\t\t<\/a>\n\t<\/div>\n<\/div>\n\t<\/div>\n\n\t<\/div>\n<\/div><\/div><\/div><\/div><div id=\"pg-1334-2\"  class=\"panel-grid panel-no-style\" ><div id=\"pgc-1334-2-0\"  class=\"panel-grid-cell\" ><div id=\"panel-1334-2-0-0\" class=\"so-panel widget widget_sow-editor panel-first-child panel-last-child\" data-index=\"4\" ><div\n\t\t\t\n\t\t\tclass=\"so-widget-sow-editor so-widget-sow-editor-base\"\n\t\t\t\n\t\t>\n<div class=\"siteorigin-widget-tinymce textwidget\">\n\t<h3>Detalle de Ponencias en cada Grupo de Trabajo<\/h3>\n<\/div>\n<\/div><\/div><\/div><div id=\"pgc-1334-2-1\"  class=\"panel-grid-cell\" ><div id=\"panel-1334-2-1-0\" class=\"so-panel widget widget_sow-cta panel-first-child panel-last-child\" data-index=\"5\" ><div\n\t\t\t\n\t\t\tclass=\"so-widget-sow-cta so-widget-sow-cta-default-f5b00a9675d6-1334\"\n\t\t\t\n\t\t><div\n\tclass=\"sow-cta-base\"\n\t>\n\t\n\t<div class=\"sow-cta-wrapper\">\n\n\t\t<div class=\"sow-cta-text\">\n\t\t\t\n\t\t\t\t\t<\/div>\n\n\t\t<div\n\t\t\t\n\t\t\tclass=\"so-widget-sow-button so-widget-sow-button-wire-8c01176409b7\"\n\t\t\t\n\t\t><div class=\"ow-button-base ow-button-align-center\"\n>\n\t\t\t<a\n\t\t\t\t\thref=\"https:\/\/congresos.unlp.edu.ar\/12caas\/congreso\/programa\/\"\n\t\t\t\t\tclass=\"sowb-button ow-icon-placement-left ow-button-hover\" target=\"_blank\" rel=\"noopener noreferrer\" \t>\n\t\t<span>\n\t\t\t<span class=\"sow-icon-fontawesome sow-far\" data-sow-icon=\"&#xf0a6;\"\n\t\tstyle=\"color: #00545e\" \n\t\taria-hidden=\"true\"><\/span>\n\t\t\tAcceder al Programa\t\t<\/span>\n\t\t\t<\/a>\n\t<\/div>\n<\/div>\n\t<\/div>\n\n\t<\/div>\n<\/div><\/div><\/div><\/div><\/div>","protected":false},"excerpt":{"rendered":"<p>Cronograma de Grupos de Trabajo por d\u00eda LUNES 6 DE SEPTIEMBRE MARTES 7 DE SEPTIEMBRE MI\u00c9RCOLES 8 DE SEPTIEMBRE JUEVES 9 DE SEPTIEMBRE VIERNES 10 DE SEPTIEMBRE D\u00eda, horario y espacio de funcionamiento de cada Grupo de Trabajo<\/p>\n","protected":false},"author":17,"featured_media":0,"parent":0,"menu_order":0,"comment_status":"closed","ping_status":"closed","template":"","meta":{"advgb_blocks_editor_width":"","advgb_blocks_columns_visual_guide":"","footnotes":""},"class_list":["post-1334","page","type-page","status-publish","hentry","post"],"aioseo_notices":[],"coauthors":[],"author_meta":{"author_link":"https:\/\/congresos.unlp.edu.ar\/12caas\/author\/elenaberge\/","display_name":"elenaberge"},"relative_dates":{"created":"Publicado 5 a\u00f1os hace","modified":"Actualizado 4 a\u00f1os hace"},"absolute_dates":{"created":"Publicado el 24\/08\/2021","modified":"Actualizado el 21\/06\/2022"},"absolute_dates_time":{"created":"Publicado el 24\/08\/2021 5:00 pm","modified":"Actualizado el 21\/06\/2022 9:30 am"},"featured_img_caption":"","featured_img":false,"series_order":"","_links":{"self":[{"href":"https:\/\/congresos.unlp.edu.ar\/12caas\/wp-json\/wp\/v2\/pages\/1334","targetHints":{"allow":["GET"]}}],"collection":[{"href":"https:\/\/congresos.unlp.edu.ar\/12caas\/wp-json\/wp\/v2\/pages"}],"about":[{"href":"https:\/\/congresos.unlp.edu.ar\/12caas\/wp-json\/wp\/v2\/types\/page"}],"author":[{"embeddable":true,"href":"https:\/\/congresos.unlp.edu.ar\/12caas\/wp-json\/wp\/v2\/users\/17"}],"replies":[{"embeddable":true,"href":"https:\/\/congresos.unlp.edu.ar\/12caas\/wp-json\/wp\/v2\/comments?post=1334"}],"version-history":[{"count":0,"href":"https:\/\/congresos.unlp.edu.ar\/12caas\/wp-json\/wp\/v2\/pages\/1334\/revisions"}],"wp:attachment":[{"href":"https:\/\/congresos.unlp.edu.ar\/12caas\/wp-json\/wp\/v2\/media?parent=1334"}],"curies":[{"name":"wp","href":"https:\/\/api.w.org\/{rel}","templated":true}]}}