{"id":1293,"date":"2021-08-24T11:18:36","date_gmt":"2021-08-24T14:18:36","guid":{"rendered":"https:\/\/congresos.unlp.edu.ar\/12caas\/?page_id=1293"},"modified":"2021-08-24T11:18:36","modified_gmt":"2021-08-24T14:18:36","slug":"viernes-10-de-septiembre","status":"publish","type":"page","link":"https:\/\/congresos.unlp.edu.ar\/12caas\/viernes-10-de-septiembre\/","title":{"rendered":"Viernes 10 de septiembre"},"content":{"rendered":"<h4>Descripci\u00f3n de los <a href=\"https:\/\/congresos.unlp.edu.ar\/12caas\/congreso\/grupos-de-trabajo\/\">Grupos de Trabajo<\/a><\/h4>\n<h3>9 a 12 hs.<\/h3>\n<p class=\"p1\">GT 7: Indigenas en la ciudad: procesos de organizaci\u00f3n etnopol\u00edtica y participaci\u00f3n estatal en el marco de una antropolog\u00eda colaborativa.<\/p>\n<p class=\"p1\">GT 9: Lo Urbano en sus l\u00edmites: Antropolog\u00eda de las Ciudades Medianas y Peque\u00f1as.<\/p>\n<p class=\"p1\">GT 16: La cultura como coartada: pr\u00e1cticas hegem\u00f3nicas y subalternas en las ciudades contemporaneas.<\/p>\n<p class=\"p1\">GT 22: Antropolog\u00eda pol\u00edtica de la sexualidad: procesos organizativos y pol\u00edticas p\u00fablicas en debate.GT 25: La expansi\u00f3n global de China: nuevos encuentros, actores y escenarios.<\/p>\n<p class=\"p1\">GT 25: La expansi\u00f3n global de China: nuevos encuentros, actores y escenarios.<\/p>\n<p class=\"p1\">GT 26: Pol\u00edticas y espacios de la memoria: tramas institucionales, saberes y militancias en torno al pasado reciente.<\/p>\n<p class=\"p1\">GT 33: Antropolog\u00eda de y desde los cuerpos.<\/p>\n<p class=\"p1\">GT 43: Antropolog\u00eda sobre los deportes y las pr\u00e1cticas del tiempo libre: el qu\u00e9(-)hacer antropol\u00f3gico en cuesti\u00f3n.<\/p>\n<p class=\"p1\">GT 50: Antropologxs y arqueologxs en proyectos de extensi\u00f3n universitaria y de comunicaci\u00f3n cient\u00edfica. Redes, apropiaciones y tensiones.<\/p>\n<p class=\"p1\">GT 52 Proyecciones sociopol\u00edticas del patrimonio en contextos neoliberales.<\/p>\n<p class=\"p1\">GT 54: Estudios y modos de abordar \u201clo pol\u00edtico\u201d en la vida social en el marco de procesos de organizaci\u00f3n y estatalizaci\u00f3n de los sectores subalternos.<\/p>\n<p class=\"p1\">GT 63: Experiencias interdisciplinarias en el desarrollo e implementaci\u00f3n de pol\u00edticas p\u00fablicas ind\u00edgenas.<\/p>\n<p class=\"p1\">GT 66: Etnograf\u00eda, Educaci\u00f3n y Colaboraci\u00f3n en la Investigaci\u00f3n.<\/p>\n<p class=\"p1\">GT 70: Antropolg\u00eda audiovisual.<\/p>\n<p class=\"p1\">GT 71: Perspectivas antropol\u00f3gicas en los estudios sobre cultura escrita y mundo impreso.<\/p>\n<p class=\"p1\">GT 75: Experiencias formativas en contextos de desigualdad y diversidad sociocutural<\/p>\n<h3>14 a 17 hs.<\/h3>\n<p class=\"p1\">GT 13: \u00bfQu\u00e9 o qui\u00e9n es un no humano para los debates contemporaneos?<\/p>\n<p class=\"p1\">GT 16: La cultura como coartada: pr\u00e1cticas hegem\u00f3nicas y subalternas en las ciudades contempor\u00e1neas.<\/p>\n<p class=\"p1\">GT 22: Antropolog\u00eda pol\u00edtica de la sexualidad: procesos organizativos y pol\u00edticas p\u00fablicas en debate.<\/p>\n<p class=\"p1\">GT 25: La expansi\u00f3n global de China: nuevos encuentros, actores y escenarios.<\/p>\n<p class=\"p1\">GT 50: Antropologxs y arqueologxs en proyectos de extensi\u00f3n universitaria y de comunicaci\u00f3n cient\u00edfica. Redes, apropiaciones y tensiones.<\/p>\n<p class=\"p1\">GT 52 Proyecciones sociopol\u00edticas del patrimonio en contextos neoliberales.<\/p>\n<p class=\"p1\">GT 54: Estudios y modos de abordar \u201clo pol\u00edtico\u201d en la vida social en el marco de procesos de organizaci\u00f3n y estatalizaci\u00f3n de los sectores subalternos.<\/p>\n<p class=\"p1\">GT 71: Perspectivas antropol\u00f3gicas en los estudios sobre cultura escrita y mundo impreso.<\/p>\n","protected":false},"excerpt":{"rendered":"<p>Descripci\u00f3n de los Grupos de Trabajo 9 a 12 hs. GT 7: Indigenas en la ciudad: procesos de organizaci\u00f3n etnopol\u00edtica y participaci\u00f3n estatal en el marco de una antropolog\u00eda colaborativa. GT 9: Lo Urbano en sus l\u00edmites: Antropolog\u00eda de las Ciudades Medianas y Peque\u00f1as. GT 16: La cultura como coartada: pr\u00e1cticas hegem\u00f3nicas y subalternas en [&hellip;]<\/p>\n","protected":false},"author":17,"featured_media":0,"parent":0,"menu_order":0,"comment_status":"closed","ping_status":"closed","template":"","meta":{"advgb_blocks_editor_width":"","advgb_blocks_columns_visual_guide":"","footnotes":""},"class_list":["post-1293","page","type-page","status-publish","hentry","post"],"aioseo_notices":[],"coauthors":[],"author_meta":{"author_link":"https:\/\/congresos.unlp.edu.ar\/12caas\/author\/elenaberge\/","display_name":"elenaberge"},"relative_dates":{"created":"Publicado 5 a\u00f1os hace","modified":"Actualizado 5 a\u00f1os hace"},"absolute_dates":{"created":"Publicado el 24\/08\/2021","modified":"Actualizado el 24\/08\/2021"},"absolute_dates_time":{"created":"Publicado el 24\/08\/2021 11:18 am","modified":"Actualizado el 24\/08\/2021 11:18 am"},"featured_img_caption":"","featured_img":false,"series_order":"","_links":{"self":[{"href":"https:\/\/congresos.unlp.edu.ar\/12caas\/wp-json\/wp\/v2\/pages\/1293","targetHints":{"allow":["GET"]}}],"collection":[{"href":"https:\/\/congresos.unlp.edu.ar\/12caas\/wp-json\/wp\/v2\/pages"}],"about":[{"href":"https:\/\/congresos.unlp.edu.ar\/12caas\/wp-json\/wp\/v2\/types\/page"}],"author":[{"embeddable":true,"href":"https:\/\/congresos.unlp.edu.ar\/12caas\/wp-json\/wp\/v2\/users\/17"}],"replies":[{"embeddable":true,"href":"https:\/\/congresos.unlp.edu.ar\/12caas\/wp-json\/wp\/v2\/comments?post=1293"}],"version-history":[{"count":0,"href":"https:\/\/congresos.unlp.edu.ar\/12caas\/wp-json\/wp\/v2\/pages\/1293\/revisions"}],"wp:attachment":[{"href":"https:\/\/congresos.unlp.edu.ar\/12caas\/wp-json\/wp\/v2\/media?parent=1293"}],"curies":[{"name":"wp","href":"https:\/\/api.w.org\/{rel}","templated":true}]}}