{"id":1291,"date":"2021-08-24T11:15:57","date_gmt":"2021-08-24T14:15:57","guid":{"rendered":"https:\/\/congresos.unlp.edu.ar\/12caas\/?page_id=1291"},"modified":"2021-08-24T11:15:57","modified_gmt":"2021-08-24T14:15:57","slug":"jueves-9-de-septiembre","status":"publish","type":"page","link":"https:\/\/congresos.unlp.edu.ar\/12caas\/jueves-9-de-septiembre\/","title":{"rendered":"Jueves 9 de septiembre"},"content":{"rendered":"<h4>Descripci\u00f3n de los <a href=\"https:\/\/congresos.unlp.edu.ar\/12caas\/congreso\/grupos-de-trabajo\/\">Grupos de Trabajo<\/a><\/h4>\n<h3>9 a 12 hs.<\/h3>\n<p class=\"p1\">GT 1: Antropolog\u00eda y grandes proyectos de Desarrollo: poblaciones afectadas, conflictos sociales y dilemas ambientales.<\/p>\n<p class=\"p1\">GT 2: Teorizar lo emotivo: antropolog\u00eda y emoci\u00f3n en la esfera profesional, institucional y p\u00fablica.<\/p>\n<p class=\"p1\">GT 5: Antropolog\u00eda de la muerte: dilemas de un campo en expansi\u00f3n<\/p>\n<p class=\"p1\">GT 7: Indigenas en la ciudad: procesos de organizaci\u00f3n etnopol\u00edtica y participaci\u00f3n estatal en el marco de una antropolog\u00eda colaborativa.<\/p>\n<p class=\"p1\">GT 8: Cultura y envejecimiento. El qu\u00e9-hacer antropologico y gerontologico en el abordaje de las trayectorias vitales.<\/p>\n<p class=\"p1\">GT 9: Lo Urbano en sus l\u00edmites: Antropolog\u00eda de las Ciudades Medianas y Peque\u00f1as.<\/p>\n<p class=\"p1\">GT 14: La antropolog\u00eda de la ciencia y el \u00abgiro colaborativo\u00bb inter\/transdisciplinario.<\/p>\n<p class=\"p1\">GT 18: Antropolog\u00eda de las intervenciones estatales y judiciales en el campo de la infancia, la familia y el parentesco: burocracias, derechos y activismo.<\/p>\n<p class=\"p1\">GT 22: Antropolog\u00eda pol\u00edtica de la sexualidad: procesos organizativos y pol\u00edticas p\u00fablicas en debate.<\/p>\n<p class=\"p1\">GT 26: Pol\u00edticas y espacios de la memoria: tramas institucionales, saberes y militancias en torno al pasado reciente.<\/p>\n<p class=\"p1\">GT 33: Antropolog\u00eda de y desde los cuerpos.<\/p>\n<p class=\"p1\">GT 34: Migraci\u00f3n y Educaci\u00f3n: experiencias formativas, identificaciones y relaciones generacionales en contextos de movilidad.<\/p>\n<p class=\"p1\">GT 38: Proceso salud-enfermedad-atenci\u00f3n-cuidados en migrantes y refugiados\/as.<\/p>\n<p class=\"p1\">GT 42: Tramas culturales en tensi\u00f3n: gesti\u00f3n del cuerpo y procesos de subjetivaci\u00f3n contempor\u00e1neos.<\/p>\n<p class=\"p1\">GT 43: Antropolog\u00eda sobre los deportes y las pr\u00e1cticas del tiempo libre: el qu\u00e9(-)hacer antropol\u00f3gico en cuesti\u00f3n.<\/p>\n<p class=\"p1\">GT 46: Di\u00e1logos entre Arqueolog\u00eda y Antropolog\u00eda Social: tensiones ontol\u00f3gicas, pluralismo epistemol\u00f3gico y transdisciplinariedad.<\/p>\n<p class=\"p1\">GT 47: Poder policial: burocracias, pol\u00edticas p\u00fablicas, activismos y militancias. Lenguajes y moralidades de la pol\u00edtica.<\/p>\n<p class=\"p1\">GT 48: Pr\u00e1cticas sonoro-musicales, corporalidades y nuevas subjetividades.<\/p>\n<p class=\"p1\">GT 49: Por una antropolog\u00eda de las pol\u00edticas p\u00fablicas: perspectivas de an\u00e1lisis y cambios de signo de las pol\u00edticas en la regi\u00f3n.<\/p>\n<p class=\"p1\">GT 50: Antropologxs y arqueologxs en proyectos de extensi\u00f3n universitaria y de comunicaci\u00f3n cient\u00edfica. Redes, apropiaciones y tensiones.<\/p>\n<p class=\"p1\">GT 53: Controversias, v\u00edctimas y activismos: procesos regionales y locales.<\/p>\n<p class=\"p1\">GT 54: Estudios y modos de abordar \u201clo pol\u00edtico\u201d en la vida social en el marco de procesos de organizaci\u00f3n y estatalizaci\u00f3n de los sectores subalternos.<\/p>\n<p class=\"p1\">GT 62: Debates actuales de la antropolog\u00eda rural: transformaciones territoriales, desigualdades y conflictos.<\/p>\n<p class=\"p1\">GT 66: Etnograf\u00eda, Educaci\u00f3n y Colaboraci\u00f3n en la Investigaci\u00f3n.<\/p>\n<p class=\"p1\">GT 70: Antropolg\u00eda audiovisual.<\/p>\n<p class=\"p1\">GT 72: Antropolog\u00eda de las gestiones y de las pr\u00e1cticas de gobierno.<\/p>\n<p class=\"p1\">GT 74: Antropolog\u00eda de los museos: problemas y desaf\u00edos en la construcci\u00f3n de la alteridad.<\/p>\n<p>&nbsp;<\/p>\n<h3>14 a 17 hs.<\/h3>\n<p class=\"p1\">GT 1: Antropolog\u00eda y grandes proyectos de Desarrollo: poblaciones afectadas, conflictos sociales y dilemas ambientales.<\/p>\n<p class=\"p1\">GT 2: Teorizar lo emotivo: antropolog\u00eda y emoci\u00f3n en la esfera profesional, institucional y p\u00fablica.<\/p>\n<p class=\"p1\">GT 5: Antropolog\u00eda de la muerte: dilemas de un campo en expansi\u00f3n.<\/p>\n<p class=\"p1\">GT 7: Indigenas en la ciudad: procesos de organizaci\u00f3n etnopol\u00edtica y participaci\u00f3n estatal en el marco de una antropolog\u00eda colaborativa.<\/p>\n<p class=\"p1\">GT 9: Lo Urbano en sus l\u00edmites: Antropolog\u00eda de las Ciudades Medianas y Peque\u00f1as.<\/p>\n<p class=\"p1\">GT 13: \u00bfQu\u00e9 o qui\u00e9n es un no humano para los debates contemporaneos?<\/p>\n<p class=\"p1\">GT 18: Antropolog\u00eda de las intervenciones estatales y judiciales en el campo de la infancia, la familia y el parentesco: burocracias, derechos y activismo.<\/p>\n<p class=\"p1\">GT 20: Antropolog\u00eda, memoria y performance. Un debate en torno a la educaci\u00f3n, las producciones est\u00e9ticas y los derechos humanos.<\/p>\n<p class=\"p1\">GT 25: La expansi\u00f3n global de China: nuevos encuentros, actores y escenarios.<\/p>\n<p class=\"p1\">GT 26: Pol\u00edticas y espacios de la memoria: tramas institucionales, saberes y militancias en torno al pasado reciente.<\/p>\n<p class=\"p1\">GT 33: Antropolog\u00eda de y desde los cuerpos.<\/p>\n<p class=\"p1\">GT 34: Migraci\u00f3n y Educaci\u00f3n: experiencias formativas, identificaciones y relaciones generacionales en contextos de<\/p>\n<p class=\"p1\">movilidad.<\/p>\n<p class=\"p1\">GT 38: Proceso salud-enfermedad-atenci\u00f3n-cuidados en migrantes y refugiados\/as.<\/p>\n<p class=\"p1\">GT 43: Antropolog\u00eda sobre los deportes y las pr\u00e1cticas del tiempo libre: el qu\u00e9(-)hacer antropol\u00f3gico en cuesti\u00f3n.<\/p>\n<p class=\"p1\">GT 46: Di\u00e1logos entre Arqueolog\u00eda y Antropolog\u00eda Social: tensiones ontol\u00f3gicas, pluralismo epistemol\u00f3gico y transdisciplinariedad.<\/p>\n<p class=\"p1\">GT 48: Pr\u00e1cticas sonoro-musicales, corporalidades y nuevas subjetividades.<\/p>\n<p class=\"p1\">GT 50: Antropologxs y arqueologxs en proyectos de extensi\u00f3n universitaria y de comunicaci\u00f3n cient\u00edfica. Redes, apropiaciones y tensiones.<\/p>\n<p class=\"p1\">GT 53: Controversias, v\u00edctimas y activismos: procesos regionales y locales.<\/p>\n<p class=\"p1\">GT 54: Estudios y modos de abordar \u201clo pol\u00edtico\u201d en la vida social en el marco de procesos de organizaci\u00f3n y estatalizaci\u00f3n de los sectores subalternos.<\/p>\n<p class=\"p1\">GT 66: Etnograf\u00eda, Educaci\u00f3n y Colaboraci\u00f3n en la Investigaci\u00f3n.<\/p>\n<p class=\"p1\">GT 71: Perspectivas antropol\u00f3gicas en los estudios sobre cultura escrita y mundo impreso.<\/p>\n<p class=\"p1\">GT 75: Experiencias formativas en contextos de desigualdad y diversidad sociocutural.<\/p>\n","protected":false},"excerpt":{"rendered":"<p>Descripci\u00f3n de los Grupos de Trabajo 9 a 12 hs. GT 1: Antropolog\u00eda y grandes proyectos de Desarrollo: poblaciones afectadas, conflictos sociales y dilemas ambientales. GT 2: Teorizar lo emotivo: antropolog\u00eda y emoci\u00f3n en la esfera profesional, institucional y p\u00fablica. GT 5: Antropolog\u00eda de la muerte: dilemas de un campo en expansi\u00f3n GT 7: Indigenas [&hellip;]<\/p>\n","protected":false},"author":17,"featured_media":0,"parent":0,"menu_order":0,"comment_status":"closed","ping_status":"closed","template":"","meta":{"advgb_blocks_editor_width":"","advgb_blocks_columns_visual_guide":"","footnotes":""},"class_list":["post-1291","page","type-page","status-publish","hentry","post"],"aioseo_notices":[],"coauthors":[],"author_meta":{"author_link":"https:\/\/congresos.unlp.edu.ar\/12caas\/author\/elenaberge\/","display_name":"elenaberge"},"relative_dates":{"created":"Publicado 5 a\u00f1os hace","modified":"Actualizado 5 a\u00f1os hace"},"absolute_dates":{"created":"Publicado el 24\/08\/2021","modified":"Actualizado el 24\/08\/2021"},"absolute_dates_time":{"created":"Publicado el 24\/08\/2021 11:15 am","modified":"Actualizado el 24\/08\/2021 11:15 am"},"featured_img_caption":"","featured_img":false,"series_order":"","_links":{"self":[{"href":"https:\/\/congresos.unlp.edu.ar\/12caas\/wp-json\/wp\/v2\/pages\/1291","targetHints":{"allow":["GET"]}}],"collection":[{"href":"https:\/\/congresos.unlp.edu.ar\/12caas\/wp-json\/wp\/v2\/pages"}],"about":[{"href":"https:\/\/congresos.unlp.edu.ar\/12caas\/wp-json\/wp\/v2\/types\/page"}],"author":[{"embeddable":true,"href":"https:\/\/congresos.unlp.edu.ar\/12caas\/wp-json\/wp\/v2\/users\/17"}],"replies":[{"embeddable":true,"href":"https:\/\/congresos.unlp.edu.ar\/12caas\/wp-json\/wp\/v2\/comments?post=1291"}],"version-history":[{"count":0,"href":"https:\/\/congresos.unlp.edu.ar\/12caas\/wp-json\/wp\/v2\/pages\/1291\/revisions"}],"wp:attachment":[{"href":"https:\/\/congresos.unlp.edu.ar\/12caas\/wp-json\/wp\/v2\/media?parent=1291"}],"curies":[{"name":"wp","href":"https:\/\/api.w.org\/{rel}","templated":true}]}}