{"id":1289,"date":"2021-08-24T11:11:39","date_gmt":"2021-08-24T14:11:39","guid":{"rendered":"https:\/\/congresos.unlp.edu.ar\/12caas\/?page_id=1289"},"modified":"2021-09-02T11:52:36","modified_gmt":"2021-09-02T14:52:36","slug":"miercoles-8-de-septiemrbre","status":"publish","type":"page","link":"https:\/\/congresos.unlp.edu.ar\/12caas\/miercoles-8-de-septiemrbre\/","title":{"rendered":"Mi\u00e9rcoles 8 de septiemrbre"},"content":{"rendered":"<h4>Descripci\u00f3n de los <a href=\"https:\/\/congresos.unlp.edu.ar\/12caas\/congreso\/grupos-de-trabajo\/\">Grupos de Trabajo<\/a><\/h4>\n<h3>9 a 12 hs.<\/h3>\n<p class=\"p1\">GT 5: Antropolog\u00eda de la muerte: dilemas de un campo en expansi\u00f3n.<\/p>\n<p class=\"p1\">GT 6: Antropolog\u00eda del Desarrollo y Cuesti\u00f3n Ambiental: sentidos, pr\u00e1cticas y territorios en disputa.<\/p>\n<p class=\"p1\">GT 8: Cultura y envejecimiento. El qu\u00e9 -hacer antropol\u00f3gico y gerontol\u00f3gico en el abordaje de las trayectorias vitales.<\/p>\n<p class=\"p1\">GT 10: Etnograf\u00edas en contextos de encierro. Herramientas antropol\u00f3gicas para pensar las c\u00e1rceles.<\/p>\n<p class=\"p1\">GT 11: Estado, pol\u00edticas p\u00fablicas y cultura: Agendas institucionales y sus desaf\u00edos actuales.<\/p>\n<p class=\"p1\">GT 14: La antropolog\u00eda de la ciencia y el \u00abgiro colaborativo\u00bb inter\/transdisciplinario.<\/p>\n<p class=\"p1\">GT 15: Antropolog\u00edas latinoamericanas del trabajo: problemas, enfoques y perspectivas.<\/p>\n<p class=\"p1\">GT 17: Antropolog\u00eda de las t\u00e9cnicas y del saber hacer: materiales, m\u00e1quinas, organismos y procesos de conocimiento.<\/p>\n<p class=\"p1\">GT 18: Antropolog\u00eda de las intervenciones estatales y judiciales en el campo de la infancia, la familia y el parentesco: burocracias, derechos y activismo.<\/p>\n<p class=\"p1\">GT 19: Antropolog\u00eda y Educaci\u00f3n.<\/p>\n<p class=\"p1\">GT 21: Ruralidades en transformaci\u00f3nen el marco del capitalismo global: Trabajo, pol\u00edticas p\u00fablicas, medio ambiente, mercados y alimentaci\u00f3n.<\/p>\n<p class=\"p1\">GT 24: Abordajes antropol\u00f3gicos sobre la ciudad y lo urbano.<\/p>\n<p class=\"p1\">GT 26: Pol\u00edticas y espacios de la memoria: tramas institucionales, saberes y militancias en torno al pasado reciente.<\/p>\n<p class=\"p1\">GT 28: Agro negocios y conflictividad social vida cotidiana y procesos pol\u00edticos colectivos en torno a problem\u00e1ticas ambientales vinculadas al modelo productivo agropecuario.<\/p>\n<p class=\"p1\">GT 33: Antropolog\u00eda de y desde los cuerpos.<\/p>\n<p class=\"p1\">GT 34: Migraci\u00f3n y Educaci\u00f3n: experiencias formativas, identificaciones y relaciones generacionales en contextos de<\/p>\n<p class=\"p1\">movilidad.<\/p>\n<p class=\"p1\">GT 35: Etnografia de la comunicaci\u00f3n: procesos medi\u00e1ticos y no medi\u00e1ticos.<\/p>\n<p class=\"p1\">GT 36: Religi\u00f3n y cultura en la Argentina contempor\u00e1nea: aportes te\u00f3ricos y etnogr\u00e1ficos.<\/p>\n<p class=\"p1\">GT 39: Experiencias Interculturales: di\u00e1logos, tensiones y desaf\u00edos en la educaci\u00f3n superior.<\/p>\n<p class=\"p1\">GT 40: Sexualidades y parentesco en clave de g\u00e9nero. Politizaciones feministas.<\/p>\n<p class=\"p1\">GT 42: Tramas culturales en tensi\u00f3n: gesti\u00f3n del cuerpo y procesos de subjetivaci\u00f3n contempor\u00e1neos.<\/p>\n<p class=\"p1\">GT 45: Antropolog\u00eda de la Alimentaci\u00f3n: aportes y debates actuales.<\/p>\n<p class=\"p1\">GT 47: Poder policial: burocracias, pol\u00edticas p\u00fablicas, activismos y militancias. Lenguajes y moralidades de la pol\u00edtica.<\/p>\n<p class=\"p1\">GT 51: Antropolog\u00eda, biociencias y tecnolog\u00eda.<\/p>\n<p class=\"p1\">GT 58: Aproximaciones relacionales a la producci\u00f3n sociocultural de las desigualdades en el qu\u00e9-hacer de la antropolog\u00eda.<\/p>\n<p class=\"p1\">GT 62: Debates actuales de la antropolog\u00eda rural: transformaciones territoriales, desigualdades y conflictos.<\/p>\n<p class=\"p1\">GT 64: Antropolog\u00eda de las pr\u00e1cticas art\u00edsticas.<\/p>\n<p class=\"p1\">GT 68: Abriendo la antropolog\u00eda en Argentina y Am\u00e9rica Latina: actores, ideas y pr\u00e1cticas en circulaci\u00f3n (siglo XIX-XXI).<\/p>\n<p class=\"p1\">GT 69: Antropolog\u00eda aplicada y modelos complejos: expandiendo la frontera metodol\u00f3gica.<\/p>\n<p class=\"p1\">GT 72: Antropolog\u00eda de las gestiones y de las pr\u00e1cticas de gobierno.<\/p>\n<h3><\/h3>\n<h3>14 a 17 hs.<\/h3>\n<p class=\"p1\">GT 5: Antropolog\u00eda de la muerte: dilemas de un campo en expansi\u00f3n<\/p>\n<p class=\"p1\">GT 6: Antropolog\u00eda del Desarrollo y Cuesti\u00f3n Ambiental: sentidos, pr\u00e1cticas y territorios en disputa.<\/p>\n<p class=\"p1\">GT 11: Estado, pol\u00edticas p\u00fablicas y cultura: Agendas institucionales y sus desaf\u00edos actuales.<\/p>\n<p class=\"p1\">GT 13: \u00bfQu\u00e9 o qui\u00e9n es un no humano para los debates contemporaneos?<\/p>\n<p class=\"p1\">GT 14:La antropolog\u00eda de la ciencia y el \u00abgiro colaborativo\u00bb inter\/transdisciplinario.<\/p>\n<p class=\"p1\">GT 15: Antropolog\u00edas latinoamericanas del trabajo: problemas, enfoques y perspectivas.<\/p>\n<p class=\"p1\">GT 17: Antropolog\u00eda de las t\u00e9cnicas y del saber hacer: materiales, m\u00e1quinas, organismos y procesos de conocimiento.<\/p>\n<p class=\"p1\">GT 18: Antropolog\u00eda de las intervenciones estatales y judiciales en el campo de la infancia, la familia y el parentesco: burocracias, derechos y activismo.<\/p>\n<p class=\"p1\">GT 19: Antropolog\u00eda y Educaci\u00f3n.<\/p>\n<p class=\"p1\">GT 21: Ruralidades en transformaci\u00f3nen el marco del capitalismo global: Trabajo, pol\u00edticas p\u00fablicas, medio ambiente, mercados y alimentaci\u00f3n.<\/p>\n<p class=\"p1\">GT 26: Pol\u00edticas y espacios de la memoria: tramas institucionales, saberes y militancias en torno al pasado reciente.<\/p>\n<p class=\"p1\">GT 28: Agro negocios y conflictividad socialvida cotidiana y procesos pol\u00edticos colectivos en torno a problem\u00e1ticas ambientales vinculadas al modelo productivo agropecuario.<\/p>\n<p class=\"p1\">GT 33: Antropolog\u00eda de y desde los cuerpos.<\/p>\n<p class=\"p1\">GT 34: Migraci\u00f3n y Educaci\u00f3n: experiencias formativas, identificaciones y relaciones generacionales en contextos de<\/p>\n<p class=\"p1\">movilidad.<\/p>\n<p class=\"p1\">GT 39: Experiencias Interculturales: di\u00e1logos, tensiones y desaf\u00edos en la educaci\u00f3n superior.<\/p>\n<p class=\"p1\">GT 42: Tramas culturales en tensi\u00f3n: gesti\u00f3n del cuerpo y procesos de subjetivaci\u00f3n contempor\u00e1neos.<\/p>\n<p class=\"p1\">GT 45: Antropolog\u00eda de la Alimentaci\u00f3n: aportes y debates actuales.<\/p>\n<p class=\"p1\">GT 55: Miradas antropol\u00f3gicas sobre la ni\u00f1ez.<\/p>\n<p class=\"p1\">GT 62: Debates actuales de la antropolog\u00eda rural: transformaciones territoriales, desigualdades y conflictos.<\/p>\n<p class=\"p1\">GT 64: Antropolog\u00eda de las pr\u00e1cticas art\u00edsticas.<\/p>\n<p class=\"p1\">GT 72: Antropolog\u00eda de las gestiones y de las pr\u00e1cticas de gobierno<\/p>\n","protected":false},"excerpt":{"rendered":"<p>Descripci\u00f3n de los Grupos de Trabajo 9 a 12 hs. GT 5: Antropolog\u00eda de la muerte: dilemas de un campo en expansi\u00f3n. GT 6: Antropolog\u00eda del Desarrollo y Cuesti\u00f3n Ambiental: sentidos, pr\u00e1cticas y territorios en disputa. GT 8: Cultura y envejecimiento. El qu\u00e9 -hacer antropol\u00f3gico y gerontol\u00f3gico en el abordaje de las trayectorias vitales. GT [&hellip;]<\/p>\n","protected":false},"author":17,"featured_media":0,"parent":0,"menu_order":0,"comment_status":"closed","ping_status":"closed","template":"","meta":{"advgb_blocks_editor_width":"","advgb_blocks_columns_visual_guide":"","footnotes":""},"class_list":["post-1289","page","type-page","status-publish","hentry","post"],"aioseo_notices":[],"coauthors":[],"author_meta":{"author_link":"https:\/\/congresos.unlp.edu.ar\/12caas\/author\/elenaberge\/","display_name":"elenaberge"},"relative_dates":{"created":"Publicado 5 a\u00f1os hace","modified":"Actualizado 5 a\u00f1os hace"},"absolute_dates":{"created":"Publicado el 24\/08\/2021","modified":"Actualizado el 02\/09\/2021"},"absolute_dates_time":{"created":"Publicado el 24\/08\/2021 11:11 am","modified":"Actualizado el 02\/09\/2021 11:52 am"},"featured_img_caption":"","featured_img":false,"series_order":"","_links":{"self":[{"href":"https:\/\/congresos.unlp.edu.ar\/12caas\/wp-json\/wp\/v2\/pages\/1289","targetHints":{"allow":["GET"]}}],"collection":[{"href":"https:\/\/congresos.unlp.edu.ar\/12caas\/wp-json\/wp\/v2\/pages"}],"about":[{"href":"https:\/\/congresos.unlp.edu.ar\/12caas\/wp-json\/wp\/v2\/types\/page"}],"author":[{"embeddable":true,"href":"https:\/\/congresos.unlp.edu.ar\/12caas\/wp-json\/wp\/v2\/users\/17"}],"replies":[{"embeddable":true,"href":"https:\/\/congresos.unlp.edu.ar\/12caas\/wp-json\/wp\/v2\/comments?post=1289"}],"version-history":[{"count":0,"href":"https:\/\/congresos.unlp.edu.ar\/12caas\/wp-json\/wp\/v2\/pages\/1289\/revisions"}],"wp:attachment":[{"href":"https:\/\/congresos.unlp.edu.ar\/12caas\/wp-json\/wp\/v2\/media?parent=1289"}],"curies":[{"name":"wp","href":"https:\/\/api.w.org\/{rel}","templated":true}]}}